{"id":5892,"date":"2021-12-16T03:43:15","date_gmt":"2021-12-16T08:43:15","guid":{"rendered":"https:\/\/puyapeptide.net\/termenii-serviciului\/"},"modified":"2022-07-09T11:30:49","modified_gmt":"2022-07-09T15:30:49","slug":"termenii-serviciului","status":"publish","type":"page","link":"https:\/\/puyapeptide.net\/ro\/termenii-serviciului\/","title":{"rendered":"Termenii serviciului"},"content":{"rendered":"\t\t<div data-elementor-type=\"wp-page\" data-elementor-id=\"5892\" class=\"elementor elementor-5892\">\n\t\t\t\t\t\t<section class=\"elementor-section elementor-top-section elementor-element elementor-element-11542c42 elementor-section-boxed elementor-section-height-default elementor-section-height-default\" data-id=\"11542c42\" data-element_type=\"section\" data-e-type=\"section\">\n\t\t\t\t\t\t<div class=\"elementor-container elementor-column-gap-default\">\n\t\t\t\t\t<div class=\"elementor-column elementor-col-100 elementor-top-column elementor-element elementor-element-2c981488\" data-id=\"2c981488\" data-element_type=\"column\" data-e-type=\"column\">\n\t\t\t<div class=\"elementor-widget-wrap elementor-element-populated\">\n\t\t\t\t\t\t<div class=\"elementor-element elementor-element-1d3c05d5 elementor-widget elementor-widget-text-editor\" data-id=\"1d3c05d5\" data-element_type=\"widget\" data-e-type=\"widget\" data-widget_type=\"text-editor.default\">\n\t\t\t\t<div class=\"elementor-widget-container\">\n\t\t\t\t\t\t\t\t\t<\/p>\n<h3>Prezentare general\u0103<\/h3>\n<\/p>\n<p> Acest site web este operat de puyapeptide.net pentru a oferi servicii de v\u00e2nz\u0103ri online.<\/p>\n<p> Pe \u00eentregul site, termenii \u201enoi\u201d, \u201enoi\u201d \u0219i \u201enostru\u201d se refer\u0103 la <span style=\"color: var(--ast-global-color-3); font-size: 1rem;\">puyapeptide.net<\/span><\/p>\n<p> V\u0103 oferim acest magazin online puyapeptide.net, inclusiv toate informa\u021biile, instrumentele \u0219i serviciile disponibile pe acest site pentru dvs., utilizator, condi\u021bionat de acceptarea tuturor termenilor, condi\u021biilor, politicilor \u0219i notific\u0103rilor men\u021bionate aici.<\/p>\n<p> Vizit\u00e2nd site-ul nostru \u0219i sau cump\u0103r\u00e2nd ceva de la noi, v\u0103 implica\u021bi \u00een \u201eServiciul\u201d nostru \u0219i sunte\u021bi de acord s\u0103 respecta\u021bi urm\u0103torii termeni \u0219i condi\u021bii (\u201eTermeni \u0219i condi\u021bii\u201d), inclusiv ace\u0219ti termeni \u0219i condi\u021bii \u0219i politici suplimentare.<\/p>\n<p> Ne rezerv\u0103m dreptul de a actualiza, modifica sau \u00eenlocui orice parte a acestor Termeni \u0219i condi\u021bii prin postarea de actualiz\u0103ri \u0219i sau modific\u0103ri pe site-ul nostru.<br \/> <strong>SEC\u021aIUNEA 1 \u2013 TERMENI puyapeptide.net<\/strong><\/p>\n<p> Fiind de acord cu ace\u0219ti Termeni \u0219i condi\u021bii, nu pute\u021bi folosi produsele noastre \u00een niciun scop ilegal sau neautorizat \u0219i nici nu pute\u021bi, \u00een utilizarea Serviciului, s\u0103 \u00eenc\u0103lca\u021bi orice lege din jurisdic\u021bia dumneavoastr\u0103 (inclusiv, dar f\u0103r\u0103 a se limita la legile privind drepturile de autor).<\/p>\n<p> <strong>SEC\u021aIUNEA 2 \u2013 CONDI\u021aII GENERALE<\/strong><\/p>\n<p> \u00cen\u021belege\u021bi c\u0103 con\u021binutul dvs. (f\u0103r\u0103 a include informa\u021biile despre cardul de credit) poate fi transferat necriptat \u0219i poate implica (a) transmisii prin diferite re\u021bele; \u0219i (b) modific\u0103ri pentru a se conforma \u0219i adapta la cerin\u021bele tehnice de conectare a re\u021belelor sau dispozitivelor. A\u0219a cum comentezi pe blogurile noastre.<\/p>\n<p> (Informa\u021biile cardului de credit sunt \u00eentotdeauna criptate \u00een timpul transferului prin re\u021bele.)<\/p>\n<p> <strong>SEC\u021aIUNEA 3 \u2013 MODIFIC\u0102RI LA SERVICIUL \u0218I PRE\u021aURI<\/strong><\/p>\n<p> Pre\u021burile pentru produsele noastre pot fi modificate f\u0103r\u0103 notificare.<\/p>\n<p> Ne rezerv\u0103m dreptul de a modifica \u00een orice moment Serviciul (sau orice parte sau con\u021binutul acestuia) f\u0103r\u0103 notificare \u00een orice moment.<\/p>\n<p> <strong>SEC\u021aIUNEA 4 \u2013 PRODUSE SAU SERVICII (dac\u0103 este cazul)<\/strong><\/p>\n<p> Am depus toate eforturile pentru a afi\u0219a c\u00e2t mai fidel culorile \u0219i imaginile produselor noastre care apar \u00een magazin. Nu putem garanta c\u0103 afi\u0219area monitorului computerului dumneavoastr\u0103 de orice culoare va fi exact\u0103.<\/p>\n<p> Ne rezerv\u0103m dreptul, dar nu suntem obliga\u021bi, de a limita v\u00e2nz\u0103rile produselor sau serviciilor noastre la orice persoan\u0103, regiune geografic\u0103 sau jurisdic\u021bie. Putem exercita acest drept de la caz la caz. Ne rezerv\u0103m dreptul de a limita cantit\u0103\u021bile oric\u0103ror produse sau servicii pe care le oferim.<\/p>\n<p> Nu garant\u0103m c\u0103 calitatea oric\u0103ror produse, servicii, informa\u021bii sau alte materiale achizi\u021bionate sau ob\u021binute de dvs. va \u00eendeplini a\u0219tept\u0103rile dumneavoastr\u0103 100% sau c\u0103 orice erori din Serviciu vor fi corectate.<\/p>\n<p> <strong>SEC\u021aIUNEA 5 \u2013 ACURATEA INFORMA\u021aIILOR DE FACTURARE \u0218I CONT<\/strong><\/p>\n<p> Ne rezerv\u0103m dreptul de a refuza orice comand\u0103 pe care o plasa\u021bi la noi. Putem, la discre\u021bia noastr\u0103, s\u0103 limit\u0103m sau s\u0103 anul\u0103m cantit\u0103\u021bile achizi\u021bionate per persoan\u0103, pe gospod\u0103rie sau pe comand\u0103. Aceste restric\u021bii pot include comenzi plasate de c\u0103tre sau \u00een cadrul aceluia\u0219i cont de client, acela\u0219i card de credit \u0219i sau comenzi care utilizeaz\u0103 aceea\u0219i adres\u0103 de facturare \u0219i de expediere. \u00cen cazul \u00een care facem o modificare sau anul\u0103m o comand\u0103, putem \u00eencerca s\u0103 v\u0103 notific\u0103m prin contactarea e-mailului sau a adresei de facturare la num\u0103rul de telefon furnizat la momentul efectu\u0103rii comenzii.<\/p>\n<p> Sunte\u021bi de acord s\u0103 furniza\u021bi informa\u021bii actuale, complete \u0219i exacte despre achizi\u021bie \u0219i cont pentru toate achizi\u021biile efectuate la magazinul nostru. Sunte\u021bi de acord s\u0103 v\u0103 actualiza\u021bi imediat contul \u0219i alte informa\u021bii, inclusiv adresa de e-mail \u0219i numerele cardului de credit \u0219i datele de expirare, astfel \u00eenc\u00e2t s\u0103 v\u0103 putem finaliza tranzac\u021biile \u0219i s\u0103 v\u0103 contactam dup\u0103 cum este necesar<\/p>\n<p> <strong>SEC\u021aIUNEA 6 \u2013 LINK-URI DE LA TER\u021aI P\u0102R\u021aI<\/strong><\/p>\n<p> Anumite con\u021binuturi, produse \u0219i servicii disponibile prin intermediul Serviciului nostru pot include materiale de la ter\u021bi.<\/p>\n<p> Con\u021binutul ter\u021b\u0103 parte va fi legat cel mai mult de re\u021belele noastre sociale, care sunt postate c\u00e2teva informa\u021bii mai detaliate. dintre produsele noastre puyapeptide.net \u0219i, \u00een mare parte, sunt de \u00eencredere.<\/p>\n<p> <strong>SEC\u021aIUNEA 9 \u2013 COMENTARIILE UTILIZATORULUI, FEEDBACK \u0218I ALTE TRIMITERI<\/strong><\/p>\n<p> Dac\u0103, la cererea noastr\u0103, trimite\u021bi anumite trimiteri specifice (de exemplu, \u00eenscrieri la concurs) sau f\u0103r\u0103 o solicitare din partea noastr\u0103, trimite\u021bi idei creative, sugestii, propuneri, planuri sau alte materiale, fie online, prin e-mail, prin po\u0219t\u0103 sau \u00een alt mod (colectiv, \u201ecomentarii\u201d), sunte\u021bi de acord c\u0103 putem, \u00een orice moment, f\u0103r\u0103 restric\u021bii, s\u0103 edit\u0103m, s\u0103 copiam, s\u0103 public\u0103m, s\u0103 distribuim, s\u0103 traducem \u0219i s\u0103 folosim \u00een orice mod pe orice mediu orice comentarii pe care ni le transmite\u021bi.<\/p>\n<p> Nu suntem \u0219i nu vom avea nicio obliga\u021bie<\/p>\n<p> (1) s\u0103 p\u0103streze orice comentarii \u00een mod confiden\u021bial;<\/p>\n<p> (2) s\u0103 pl\u0103teasc\u0103 compensa\u021bii pentru orice comentarii;<\/p>\n<p> (3) s\u0103 r\u0103spund\u0103 oric\u0103ror comentarii.<\/p>\n<p> Putem, dar nu avem nicio obliga\u021bie, s\u0103 monitoriz\u0103m, s\u0103 edit\u0103m sau s\u0103 eliminam con\u021binutul pe care \u00eel consider\u0103m, la discre\u021bia noastr\u0103 exclusiv\u0103, c\u0103 este ilegal, ofensator, amenin\u021b\u0103tor, calomnios, def\u0103im\u0103tor, pornografic, obscen sau \u00een orice alt mod inacceptabil sau care \u00eencalc\u0103 proprietatea intelectual\u0103 a oric\u0103rei p\u0103r\u021bi sau ace\u0219ti Termeni \u0219i condi\u021bii. .<\/p>\n<p> Sunte\u021bi de acord c\u0103 comentariile dvs. nu vor \u00eenc\u0103lca niciun drept al vreunei ter\u021be p\u0103r\u021bi, inclusiv drepturi de autor, m\u0103rci comerciale, confiden\u021bialitate, personalitate sau alt drept personal sau de proprietate. \u00cen plus, sunte\u021bi de acord c\u0103 comentariile dvs. nu vor con\u021bine materiale calomnioase sau ilegale, abuzive sau obscene \u0219i nici nu vor con\u021bine niciun virus informatic sau alt program malware care ar putea afecta \u00een vreun fel func\u021bionarea Serviciului sau a oric\u0103rui site web asociat.<\/p>\n<p> Nu ave\u021bi voie s\u0103 utiliza\u021bi o adres\u0103 de e-mail fals\u0103, s\u0103 pretinde\u021bi c\u0103 sunte\u021bi altcineva dec\u00e2t dvs. sau s\u0103 ne induce\u021bi \u00een eroare \u00een alt mod pe noi sau pe ter\u021bi cu privire la originea oric\u0103ror comentarii. Sunte\u021bi singurul responsabil pentru orice comentarii pe care le face\u021bi \u0219i pentru acurate\u021bea lor. Nu ne asum\u0103m nicio responsabilitate \u0219i nu ne asum\u0103m nicio responsabilitate pentru comentariile postate de dvs. sau de orice ter\u021b\u0103 parte.<\/p>\n<p> <strong>SEC\u021aIUNEA 7 \u2013 INFORMA\u021aII PERSONALE<\/strong><\/p>\n<p> Trimiterea informa\u021biilor personale prin intermediul magazinului este guvernat\u0103 de Politica noastr\u0103 de confiden\u021bialitate.<\/p>\n<p> <strong>SEC\u021aIUNEA 8 \u2013 ERORI, INEXACTITU\u021aI \u0218I OMISIUNI<\/strong><\/p>\n<p> Ocazional, pe site-ul nostru sau \u00een Serviciu pot exista informa\u021bii care s\u0103 con\u021bin\u0103 erori de tipar, inexactit\u0103\u021bi sau omisiuni care pot avea leg\u0103tur\u0103 cu descrierile produselor, pre\u021burile, promo\u021biile, ofertele, taxele de livrare a produselor, timpii de tranzit \u0219i disponibilitatea.<\/p>\n<p> Ne rezerv\u0103m dreptul de a corecta orice erori, inexactit\u0103\u021bi sau omisiuni \u0219i de a modifica sau actualiza informa\u021bii \u00een cazul \u00een care orice informa\u021bie din Serviciu sau de pe orice site web aferent este incorect\u0103 \u00een orice moment, f\u0103r\u0103 notificare prealabil\u0103.<\/p>\n<p> Ne asum\u0103m obliga\u021bia de a actualiza, modifica sau clarifica informa\u021biile din Serviciu sau de pe orice site web aferent, inclusiv, f\u0103r\u0103 limitare, informa\u021bii despre pre\u021buri.<\/p>\n<p> Nicio dat\u0103 specificat\u0103 de actualizare sau de re\u00eemprosp\u0103tare aplicat\u0103 \u00een Serviciu sau pe orice site web asociat nu ar trebui s\u0103 fie luat\u0103 pentru a indica faptul c\u0103 toate informa\u021biile din Serviciu sau de pe orice site web aferent au fost modificate sau actualizate.<\/p>\n<p> <strong>SEC\u021aIUNEA 9 \u2013 UTILIZ\u0102RI INTERZISE<\/strong><\/p>\n<p> Pe l\u00e2ng\u0103 alte interdic\u021bii prev\u0103zute \u00een Termenii \u0219i condi\u021biile, vi se interzice utilizarea produselor noastre.<\/p>\n<p> (a) pentru orice scop ilegal;<\/p>\n<p> (b) s\u0103 solicite altora s\u0103 efectueze sau s\u0103 participe la orice acte ilegale;<\/p>\n<p> (c) pentru a \u00eenc\u0103lca orice reglement\u0103ri interna\u021bionale, federale, provinciale sau de stat, reguli, legi sau locale<br \/> ordonante;<\/p>\n<p> (d) s\u0103 h\u0103r\u021buiasc\u0103, s\u0103 abuzeze, s\u0103 insulte, s\u0103 v\u0103t\u0103meze, s\u0103 def\u0103imeze, s\u0103 def\u0103imeze, s\u0103 denigreze, s\u0103 intimideze sau s\u0103 discrimineze pe criterii de gen, orientare sexual\u0103, religie, etnie, ras\u0103, v\u00e2rst\u0103, origine na\u021bional\u0103 sau dizabilitate;<\/p>\n<p> (e) pentru a colecta sau urm\u0103ri informa\u021biile personale ale altora;<\/p>\n<p> (f) pentru orice scop obscen sau imoral;<\/p>\n<p> <strong>SEC\u021aIUNEA 10 \u2013<\/strong> DREPTURILE DE IMPORT \u0218I TAXA DE IMPORT<\/p>\n<p> \u00cenainte de a cump\u0103ra produsul de la noi, trebuie s\u0103 verifica\u021bi cu autorit\u0103\u021bile locale pentru a v\u0103 asigura c\u0103 sunte\u021bi eligibil s\u0103 achizi\u021biona\u021bi acest produs. V\u0103 rug\u0103m s\u0103 re\u021bine\u021bi c\u0103 departamentul vamal al \u021b\u0103rii dumneavoastr\u0103 v\u0103 poate percepe taxele de import. \u00cen calitate de cump\u0103r\u0103tor, ve\u021bi fi responsabil s\u0103 pl\u0103ti\u021bi aceste taxe de import. \u00cen cazul \u00een care nu pute\u021bi \u0219terge produsele \u0219i produsele ne sunt returnate, ve\u021bi fi responsabil pentru taxa de retur.<\/p>\n<p> <strong>SEC\u021aIUNEA 11 \u2013 LEGEA APLICABIL\u0102<\/strong><\/p>\n<p> Ace\u0219ti Termeni \u0219i condi\u021bii \u0219i orice acorduri separate prin care v\u0103 oferim Servicii vor fi guvernate \u0219i interpretate \u00een conformitate cu legile.<\/p><\/p>\n\t\t\t\t\t\t\t\t<\/div>\n\t\t\t\t<\/div>\n\t\t\t\t\t<\/div>\n\t\t<\/div>\n\t\t\t\t\t<\/div>\n\t\t<\/section>\n\t\t\t\t<\/div>\n\t\t","protected":false},"excerpt":{"rendered":"<p>Prezentare general\u0103 Acest site web este operat de puyapeptide.net pentru a oferi servicii de v\u00e2nz\u0103ri online. Pe \u00eentregul site, termenii \u201enoi\u201d, \u201enoi\u201d \u0219i \u201enostru\u201d se refer\u0103 la puyapeptide.net V\u0103 oferim acest magazin online puyapeptide.net, inclusiv toate informa\u021biile, instrumentele \u0219i serviciile disponibile pe acest site pentru dvs., utilizator, condi\u021bionat de acceptarea tuturor termenilor, condi\u021biilor, politicilor \u0219i [&hellip;]<\/p>\n","protected":false},"author":1,"featured_media":0,"parent":0,"menu_order":0,"comment_status":"closed","ping_status":"closed","template":"elementor_header_footer","meta":{"om_disable_all_campaigns":false,"_monsterinsights_skip_tracking":false,"_monsterinsights_sitenote_active":false,"_monsterinsights_sitenote_note":"","_monsterinsights_sitenote_category":0,"site-sidebar-layout":"default","site-content-layout":"","ast-site-content-layout":"default","site-content-style":"default","site-sidebar-style":"default","ast-global-header-display":"","ast-banner-title-visibility":"","ast-main-header-display":"","ast-hfb-above-header-display":"","ast-hfb-below-header-display":"","ast-hfb-mobile-header-display":"","site-post-title":"","ast-breadcrumbs-content":"","ast-featured-img":"","footer-sml-layout":"","ast-disable-related-posts":"","theme-transparent-header-meta":"","adv-header-id-meta":"","stick-header-meta":"","header-above-stick-meta":"","header-main-stick-meta":"","header-below-stick-meta":"","astra-migrate-meta-layouts":"default","ast-page-background-enabled":"default","ast-page-background-meta":{"desktop":{"background-color":"","background-image":"","background-repeat":"repeat","background-position":"center center","background-size":"auto","background-attachment":"scroll","background-type":"","background-media":"","overlay-type":"","overlay-color":"","overlay-opacity":"","overlay-gradient":""},"tablet":{"background-color":"","background-image":"","background-repeat":"repeat","background-position":"center center","background-size":"auto","background-attachment":"scroll","background-type":"","background-media":"","overlay-type":"","overlay-color":"","overlay-opacity":"","overlay-gradient":""},"mobile":{"background-color":"","background-image":"","background-repeat":"repeat","background-position":"center center","background-size":"auto","background-attachment":"scroll","background-type":"","background-media":"","overlay-type":"","overlay-color":"","overlay-opacity":"","overlay-gradient":""}},"ast-content-background-meta":{"desktop":{"background-color":"var(--ast-global-color-5)","background-image":"","background-repeat":"repeat","background-position":"center center","background-size":"auto","background-attachment":"scroll","background-type":"","background-media":"","overlay-type":"","overlay-color":"","overlay-opacity":"","overlay-gradient":""},"tablet":{"background-color":"var(--ast-global-color-5)","background-image":"","background-repeat":"repeat","background-position":"center center","background-size":"auto","background-attachment":"scroll","background-type":"","background-media":"","overlay-type":"","overlay-color":"","overlay-opacity":"","overlay-gradient":""},"mobile":{"background-color":"var(--ast-global-color-5)","background-image":"","background-repeat":"repeat","background-position":"center center","background-size":"auto","background-attachment":"scroll","background-type":"","background-media":"","overlay-type":"","overlay-color":"","overlay-opacity":"","overlay-gradient":""}},"footnotes":""},"class_list":["post-5892","page","type-page","status-publish","hentry"],"_links":{"self":[{"href":"https:\/\/puyapeptide.net\/ro\/wp-json\/wp\/v2\/pages\/5892","targetHints":{"allow":["GET"]}}],"collection":[{"href":"https:\/\/puyapeptide.net\/ro\/wp-json\/wp\/v2\/pages"}],"about":[{"href":"https:\/\/puyapeptide.net\/ro\/wp-json\/wp\/v2\/types\/page"}],"author":[{"embeddable":true,"href":"https:\/\/puyapeptide.net\/ro\/wp-json\/wp\/v2\/users\/1"}],"replies":[{"embeddable":true,"href":"https:\/\/puyapeptide.net\/ro\/wp-json\/wp\/v2\/comments?post=5892"}],"version-history":[{"count":14,"href":"https:\/\/puyapeptide.net\/ro\/wp-json\/wp\/v2\/pages\/5892\/revisions"}],"predecessor-version":[{"id":9612,"href":"https:\/\/puyapeptide.net\/ro\/wp-json\/wp\/v2\/pages\/5892\/revisions\/9612"}],"wp:attachment":[{"href":"https:\/\/puyapeptide.net\/ro\/wp-json\/wp\/v2\/media?parent=5892"}],"curies":[{"name":"wp","href":"https:\/\/api.w.org\/{rel}","templated":true}]}}