{"id":6291,"date":"2021-12-16T04:23:41","date_gmt":"2021-12-16T09:23:41","guid":{"rendered":"https:\/\/puyapeptide.net\/product\/acetil-hexapeptid-37-cas-1447824-16-9-pentru-hidratarea-pielii\/"},"modified":"2021-12-16T04:23:41","modified_gmt":"2021-12-16T09:23:41","slug":"acetil-hexapeptid-37-cas-1447824-16-9-pentru-hidratarea-pielii","status":"publish","type":"product","link":"https:\/\/puyapeptide.net\/ro\/product\/acetil-hexapeptid-37-cas-1447824-16-9-pentru-hidratarea-pielii\/","title":{"rendered":"Acetil Hexapeptid-37 CAS 1447824-16-9 pentru hidratarea pielii"},"content":{"rendered":"<h2><strong>Acetil Hexapeptid-37 CAS 1447824-16-9 pentru hidratarea pielii<\/strong><\/h2>\n<p>Nume produs: Acetil Hexapeptid\u0103-37, Diffuporine<br \/>\nNr CAS: N\/A<br \/>\nPuritate: \u226598%<br \/>\nGreutate molecular\u0103: 539,55g\/mol<br \/>\nFormul\u0103 molecular\u0103: C22H33N7O9<br \/>\n Aspect: pulbere alb\u0103<br \/>\nCondi\u021bie de depozitare: 2 \u2103\uff5e8 \u2103<br \/>\nSpecifica\u021bii de ambalare (pulbere): 1g, 10g, 100g<br \/>\nAplicare: materii prime cosmetice<\/p>\n<p>Acetil hexapeptid\u0103-37, o ap\u0103 Crema hidratant\u0103 pentru celule de proteine canal, este o nou\u0103 hexapeptid\u0103 compus\u0103 din aminoacizi naturali, care poate cre\u0219te efectiv expresia AQP3 \u00een corpul uman la nivelul ARNm, cresc\u00e2nd astfel con\u021binutul de AQP3 \u00een piele. Promoveaz\u0103 sinteza colagenului de tip I \u00een celulele progenitoare de fibroblaste dermice umane \u0219i proliferarea celulelor keratinizate.<\/p>\n<p> <strong>Func\u021bia acetil hexapeptidei-37 CAS 1447824-16-9<\/strong><br \/>\n1. Acetyl Hexapeptide-37 poate antirid \u0219i anti-\u00eemb\u0103tr\u00e2nire \u0219i pentru hidratarea pielii<br \/>\n2. \u00cembun\u0103t\u0103\u021bi\u021bi calitatea pielii<br \/>\n3. \u00cengrijirea fe\u021bei \u0219i a corpului<br \/>\n4. Produse de \u00eengrijire a fe\u021bei, g\u00e2tului \u0219i m\u00e2inilor<br \/>\n5. Poate fi ad\u0103ugat la produsele de \u00eengrijire a frumuse\u021bii, cum ar fi lo\u021biuni, creme de diminea\u021b\u0103 \u0219i de sear\u0103, <strong>seruri<\/strong> pentru ochi, etc. \u00een corpul uman la nivelul ARNm, cresc\u00e2nd astfel con\u021binutul de AQP3 din piele. Are caracteristicile de a intensifica hidratarea \u0219i este un bun ingredient activ hidratant. De asemenea, poate promova tipul I \u00een fibroblastele dermice umane. Sinteza colagenului \u0219i proliferarea keratinocitelor. Peptida hidratant\u0103 acetil hexapeptid\u0103-37 este un ingredient activ anti-\u00eemb\u0103tr\u00e2nire nou \u0219i cuprinz\u0103tor.<\/p>\n","protected":false},"excerpt":{"rendered":"<p>Nume produs: Acetil Hexapeptide-37, Diffuporine<br \/>\nPuritate: \u226598%<br \/>\nGreutate molecular\u0103: 539,55g\/mol<br \/>\nFormul\u0103 molecular\u0103: C22H33N7O9<br \/>\nAspect: pulbere alb\u0103<br \/>\nAplicare: Materii prime cosmetice<\/p>\n","protected":false},"featured_media":2214,"comment_status":"open","ping_status":"closed","template":"","meta":{"om_disable_all_campaigns":false,"_monsterinsights_skip_tracking":false,"_monsterinsights_sitenote_active":false,"_monsterinsights_sitenote_note":"","_monsterinsights_sitenote_category":0,"site-sidebar-layout":"default","site-content-layout":"default","ast-site-content-layout":"default","site-content-style":"default","site-sidebar-style":"default","ast-global-header-display":"","ast-banner-title-visibility":"","ast-main-header-display":"","ast-hfb-above-header-display":"","ast-hfb-below-header-display":"","ast-hfb-mobile-header-display":"","site-post-title":"","ast-breadcrumbs-content":"","ast-featured-img":"","footer-sml-layout":"","ast-disable-related-posts":"","theme-transparent-header-meta":"default","adv-header-id-meta":"","stick-header-meta":"","header-above-stick-meta":"","header-main-stick-meta":"","header-below-stick-meta":"","astra-migrate-meta-layouts":"default","ast-page-background-enabled":"default","ast-page-background-meta":{"desktop":{"background-color":"","background-image":"","background-repeat":"repeat","background-position":"center center","background-size":"auto","background-attachment":"scroll","background-type":"","background-media":"","overlay-type":"","overlay-color":"","overlay-opacity":"","overlay-gradient":""},"tablet":{"background-color":"","background-image":"","background-repeat":"repeat","background-position":"center center","background-size":"auto","background-attachment":"scroll","background-type":"","background-media":"","overlay-type":"","overlay-color":"","overlay-opacity":"","overlay-gradient":""},"mobile":{"background-color":"","background-image":"","background-repeat":"repeat","background-position":"center center","background-size":"auto","background-attachment":"scroll","background-type":"","background-media":"","overlay-type":"","overlay-color":"","overlay-opacity":"","overlay-gradient":""}},"ast-content-background-meta":{"desktop":{"background-color":"var(--ast-global-color-5)","background-image":"","background-repeat":"repeat","background-position":"center center","background-size":"auto","background-attachment":"scroll","background-type":"","background-media":"","overlay-type":"","overlay-color":"","overlay-opacity":"","overlay-gradient":""},"tablet":{"background-color":"var(--ast-global-color-5)","background-image":"","background-repeat":"repeat","background-position":"center center","background-size":"auto","background-attachment":"scroll","background-type":"","background-media":"","overlay-type":"","overlay-color":"","overlay-opacity":"","overlay-gradient":""},"mobile":{"background-color":"var(--ast-global-color-5)","background-image":"","background-repeat":"repeat","background-position":"center center","background-size":"auto","background-attachment":"scroll","background-type":"","background-media":"","overlay-type":"","overlay-color":"","overlay-opacity":"","overlay-gradient":""}}},"product_brand":[],"product_cat":[721],"product_tag":[3603],"class_list":{"0":"post-6291","1":"product","2":"type-product","3":"status-publish","4":"has-post-thumbnail","6":"product_cat-peptide-antioxidante-hidratante","7":"product_tag-acetyl-hexapeptide-37-cas-1447824-16-9-for-skin-moisturizing-ro","8":"desktop-align-left","9":"tablet-align-left","10":"mobile-align-left","12":"first","13":"instock","14":"shipping-taxable","15":"product-type-simple"},"_links":{"self":[{"href":"https:\/\/puyapeptide.net\/ro\/wp-json\/wp\/v2\/product\/6291","targetHints":{"allow":["GET"]}}],"collection":[{"href":"https:\/\/puyapeptide.net\/ro\/wp-json\/wp\/v2\/product"}],"about":[{"href":"https:\/\/puyapeptide.net\/ro\/wp-json\/wp\/v2\/types\/product"}],"replies":[{"embeddable":true,"href":"https:\/\/puyapeptide.net\/ro\/wp-json\/wp\/v2\/comments?post=6291"}],"wp:featuredmedia":[{"embeddable":true,"href":"https:\/\/puyapeptide.net\/ro\/wp-json\/wp\/v2\/media\/2214"}],"wp:attachment":[{"href":"https:\/\/puyapeptide.net\/ro\/wp-json\/wp\/v2\/media?parent=6291"}],"wp:term":[{"taxonomy":"product_brand","embeddable":true,"href":"https:\/\/puyapeptide.net\/ro\/wp-json\/wp\/v2\/product_brand?post=6291"},{"taxonomy":"product_cat","embeddable":true,"href":"https:\/\/puyapeptide.net\/ro\/wp-json\/wp\/v2\/product_cat?post=6291"},{"taxonomy":"product_tag","embeddable":true,"href":"https:\/\/puyapeptide.net\/ro\/wp-json\/wp\/v2\/product_tag?post=6291"}],"curies":[{"name":"wp","href":"https:\/\/api.w.org\/{rel}","templated":true}]}}