{"id":6317,"date":"2021-12-16T04:27:31","date_gmt":"2021-12-16T09:27:31","guid":{"rendered":"https:\/\/puyapeptide.net\/product\/palmitoyl-tripeptide-36-dermapep-m330-poate-inhiba-bacteriile-si-ciupercile-precum-staphylococcus-aureus\/"},"modified":"2021-12-16T04:27:31","modified_gmt":"2021-12-16T09:27:31","slug":"palmitoyl-tripeptide-36-dermapep-m330-poate-inhiba-bacteriile-si-ciupercile-precum-staphylococcus-aureus","status":"publish","type":"product","link":"https:\/\/puyapeptide.net\/ro\/product\/palmitoyl-tripeptide-36-dermapep-m330-poate-inhiba-bacteriile-si-ciupercile-precum-staphylococcus-aureus\/","title":{"rendered":"Palmitoyl Tripeptide-36\/ Dermapep M330 poate inhiba bacteriile \u0219i ciupercile precum Staphylococcus aureus"},"content":{"rendered":"<h2><strong>Palmitoyl Tripeptide-36\/ Dermapep M330 poate inhiba bacteriile \u0219i ciupercile precum Staphylococcus aureus<\/strong><\/h2>\n<p>Numele produsului: Palmitoyl Tripeptide-36<br \/>\nNr. CAS:<br \/>\nMolecular: 402,53<br \/>\nMF: C18H38N6O4<br \/>\nMSDS \u0219i COA: disponibile pentru referin\u021b\u0103<br \/>\nPuritate: 95%<br \/>\nGrad : cosmetic<br \/>\nSolubilitate: usor solubil in apa<br \/>\nStabilitate: stabil<br \/>\nSursa:<br \/>\nMiros: nu<br \/>\nCapacitate: 600g pe luna<br \/>\nAspect: pulbere alba<\/p>\n<p>YSPep -PT36 este palmitoyl tripeptide-36 (Dermapep M330), o tripeptid\u0103 compus\u0103 din trei aminoacizi.<br \/>\nEste un agent activ antimicrobian \u0219i antiseptic. Inhib\u0103 Staphylococcus aureus \u0219i alte bacterii, ciuperci de pe suprafa\u021ba pielii pacien\u021bilor cu AD.<br \/>\nPropionibacterium acnes, cunoscut \u0219i sub denumirea de Acinetobacter \u0219i Propionibacterium, este un bacil scurt anaerob Gram-pozitiv imobil care secret\u0103 metaboli\u021bi precum esterazele care degradeaz\u0103 pielea. keratina \u0219i componente asem\u0103n\u0103toare lipidelor, ceea ce o face una dintre cele mai importante cauze ale acneei. Propionibacterium acnes tr\u0103ie\u0219te pe acizii gra\u0219i din porii pielii. C\u00e2nd porii sunt bloca\u021bi, ace\u0219tia cresc s\u0103lbatic, descompun\u00e2nd acizii gra\u0219i saturati \u0219i produc\u00e2nd cantit\u0103\u021bi mari de acizi gra\u0219i liberi, care se infiltreaz\u0103 \u00een piele prin pori, provoc\u00e2nd un r\u0103spuns la stres al pielii, produc\u00e2nd acnee, ro\u0219ea\u021b\u0103 etc. Bacteriile precum stafilococii se lipesc de pielea prin scurgerea puroiului, provoc\u00e2nd leziuni ale \u021besutului pielii. Propionibacterium acnes, care secret\u0103 metaboli\u021bi precum esterazele care pot degrada cheratina pielii \u0219i componentele asem\u0103n\u0103toare lipidelor, este una dintre cele mai importante cauze ale acneei.<\/p>\n<p> <strong>Utilizarea Palmitoyl Tripeptide-36\/ Dermapep M330<\/strong><br \/>\n&lt;&amp; &gt; Palmitoil Tripeptide-36. Este un agent activ antimicrobian \u0219i conservant. Inhib\u0103 S.aureus \u0219i alte bacterii, ciuperci de pe suprafa\u021ba pielii pacien\u021bilor cu AD. Aplica\u021biile includ antimicrobiene \u0219i conservan\u021bi.<\/p>\n","protected":false},"excerpt":{"rendered":"<p>Nume produs: Palmitoyl Tripeptide-36<br \/>\nMolecular: 402,53<br \/>\nMF: C18H38N6O4<br \/>\nPuritate: 95%<br \/>\nGrad: cosmetic<br \/>\nStabilitate: stabil<\/p>\n","protected":false},"featured_media":2130,"comment_status":"open","ping_status":"closed","template":"","meta":{"om_disable_all_campaigns":false,"_monsterinsights_skip_tracking":false,"_monsterinsights_sitenote_active":false,"_monsterinsights_sitenote_note":"","_monsterinsights_sitenote_category":0,"site-sidebar-layout":"default","site-content-layout":"default","ast-site-content-layout":"default","site-content-style":"default","site-sidebar-style":"default","ast-global-header-display":"","ast-banner-title-visibility":"","ast-main-header-display":"","ast-hfb-above-header-display":"","ast-hfb-below-header-display":"","ast-hfb-mobile-header-display":"","site-post-title":"","ast-breadcrumbs-content":"","ast-featured-img":"","footer-sml-layout":"","ast-disable-related-posts":"","theme-transparent-header-meta":"default","adv-header-id-meta":"","stick-header-meta":"","header-above-stick-meta":"","header-main-stick-meta":"","header-below-stick-meta":"","astra-migrate-meta-layouts":"default","ast-page-background-enabled":"default","ast-page-background-meta":{"desktop":{"background-color":"","background-image":"","background-repeat":"repeat","background-position":"center center","background-size":"auto","background-attachment":"scroll","background-type":"","background-media":"","overlay-type":"","overlay-color":"","overlay-opacity":"","overlay-gradient":""},"tablet":{"background-color":"","background-image":"","background-repeat":"repeat","background-position":"center center","background-size":"auto","background-attachment":"scroll","background-type":"","background-media":"","overlay-type":"","overlay-color":"","overlay-opacity":"","overlay-gradient":""},"mobile":{"background-color":"","background-image":"","background-repeat":"repeat","background-position":"center center","background-size":"auto","background-attachment":"scroll","background-type":"","background-media":"","overlay-type":"","overlay-color":"","overlay-opacity":"","overlay-gradient":""}},"ast-content-background-meta":{"desktop":{"background-color":"var(--ast-global-color-5)","background-image":"","background-repeat":"repeat","background-position":"center center","background-size":"auto","background-attachment":"scroll","background-type":"","background-media":"","overlay-type":"","overlay-color":"","overlay-opacity":"","overlay-gradient":""},"tablet":{"background-color":"var(--ast-global-color-5)","background-image":"","background-repeat":"repeat","background-position":"center center","background-size":"auto","background-attachment":"scroll","background-type":"","background-media":"","overlay-type":"","overlay-color":"","overlay-opacity":"","overlay-gradient":""},"mobile":{"background-color":"var(--ast-global-color-5)","background-image":"","background-repeat":"repeat","background-position":"center center","background-size":"auto","background-attachment":"scroll","background-type":"","background-media":"","overlay-type":"","overlay-color":"","overlay-opacity":"","overlay-gradient":""}}},"product_brand":[],"product_cat":[703],"product_tag":[3585],"class_list":{"0":"post-6317","1":"product","2":"type-product","3":"status-publish","4":"has-post-thumbnail","6":"product_cat-peptida-anti-acneica","7":"product_tag-palmitoyl-tripeptide-36-dermapep-m330-can-inhibit-bacteria-and-fungi-such-as-staphylococcus-aureus-ro","8":"desktop-align-left","9":"tablet-align-left","10":"mobile-align-left","12":"first","13":"instock","14":"shipping-taxable","15":"product-type-simple"},"_links":{"self":[{"href":"https:\/\/puyapeptide.net\/ro\/wp-json\/wp\/v2\/product\/6317","targetHints":{"allow":["GET"]}}],"collection":[{"href":"https:\/\/puyapeptide.net\/ro\/wp-json\/wp\/v2\/product"}],"about":[{"href":"https:\/\/puyapeptide.net\/ro\/wp-json\/wp\/v2\/types\/product"}],"replies":[{"embeddable":true,"href":"https:\/\/puyapeptide.net\/ro\/wp-json\/wp\/v2\/comments?post=6317"}],"wp:featuredmedia":[{"embeddable":true,"href":"https:\/\/puyapeptide.net\/ro\/wp-json\/wp\/v2\/media\/2130"}],"wp:attachment":[{"href":"https:\/\/puyapeptide.net\/ro\/wp-json\/wp\/v2\/media?parent=6317"}],"wp:term":[{"taxonomy":"product_brand","embeddable":true,"href":"https:\/\/puyapeptide.net\/ro\/wp-json\/wp\/v2\/product_brand?post=6317"},{"taxonomy":"product_cat","embeddable":true,"href":"https:\/\/puyapeptide.net\/ro\/wp-json\/wp\/v2\/product_cat?post=6317"},{"taxonomy":"product_tag","embeddable":true,"href":"https:\/\/puyapeptide.net\/ro\/wp-json\/wp\/v2\/product_tag?post=6317"}],"curies":[{"name":"wp","href":"https:\/\/api.w.org\/{rel}","templated":true}]}}