{"id":6359,"date":"2021-12-16T04:34:44","date_gmt":"2021-12-16T09:34:44","guid":{"rendered":"https:\/\/puyapeptide.net\/product\/acetil-tetrapeptide-40-telangy-cas-1472633-28-5-reduce-roseata-fetei-cauzata-de-o-reactie-inflamatorie\/"},"modified":"2021-12-16T04:34:44","modified_gmt":"2021-12-16T09:34:44","slug":"acetil-tetrapeptide-40-telangy-cas-1472633-28-5-reduce-roseata-fetei-cauzata-de-o-reactie-inflamatorie","status":"publish","type":"product","link":"https:\/\/puyapeptide.net\/ro\/product\/acetil-tetrapeptide-40-telangy-cas-1472633-28-5-reduce-roseata-fetei-cauzata-de-o-reactie-inflamatorie\/","title":{"rendered":"Acetil Tetrapeptide-40\/ Telangy CAS 1472633-28-5 reduce ro\u0219ea\u021ba fe\u021bei cauzat\u0103 de o reac\u021bie inflamatorie"},"content":{"rendered":"<h2><strong>Acetil Tetrapeptide-40\/ Telangy CAS 1472633-28-5 reduce ro\u0219ea\u021ba fe\u021bei cauzat\u0103 de o reac\u021bie inflamatorie<\/strong><\/h2>\n<p>Nume produs: Acetil Tetrapeptide-40<br \/>\nSinome: Acetil Tetrapeptide-40;Telangyn;L-Treonin\u0103, N-acetil-L-alanil-L-treonil-L-asparaginil-<br \/>\nCAS: 1472633-28 -5<br \/>\nMF: C17H29N5O9<br \/>\nMW: 447,44<br \/>\nEINECS:<br \/>\nCategorii de produse:<br \/>\nMol File: 1472633-28-5.mol<\/p>\n<p>Acetil Tetrapeptide-40 inhib\u0103 efectul inflamator al LL-37 prin reducerea eliber\u0103rii de interleukine (IL-6 \u0219i IL-8), cauzat de supraactivarea LL-37. De asemenea, are un efect fotoprotector care reduce deteriorarea celulelor \u0219i efectele nocive ale inflama\u021biei pielii.<\/p>\n<p> <strong>Acetil Tetrapeptide-40\/ Telangy CAS 1472633-28-5 Beneficii ale peptidei<\/strong><br \/>\nAcetil Tetrapeptide-40 reduce ro\u0219ea\u021ba fe\u021bei cauzat\u0103 printr-o reac\u021bie inflamatorie. Efectele adverse ale inflama\u021biei: ro\u0219ea\u021ba, dilatarea vaselor de s\u00e2nge \u0219i hiperpigmentarea, sunt vizibil reduse. Zonele ro\u0219ii sunt mai pu\u021bin numeroase \u0219i mari, iar intensitatea ei este sl\u0103bit\u0103. Pielea este mai uniform\u0103 \u0219i mai pu\u021bin marcat\u0103.<\/p>\n<p> <strong>Func\u021bia acetil tetrapeptidei-40\/Telangy CAS 1472633-28-5<\/strong><br \/>\nAceast\u0103 tetrapeptid\u0103 reduce ro\u0219ea\u021ba fe\u021bei cauzat\u0103 de o reac\u021bie inflamatorie.Efecte adverse ale inflama\u021biei: ro\u0219ea\u021b\u0103 , vasele de s\u00e2nge dilatate \u0219i hiperpigmentarea, sunt vizibil reduse. Zonele ro\u0219ii sunt mai pu\u021bin numeroase \u0219i mari, iar intensitatea ei este sl\u0103bit\u0103. Pielea este mai uniform\u0103 \u0219i mai pu\u021bin marcat\u0103.<\/p>\n<p> <strong>Aplicarea Acetyl Tetrapeptide-40\/ Telangy CAS 1472633-28-5<\/strong><br \/>\n1. tratamentul pielii cu rozacee u\u0219oar\u0103<br \/>\n 2.ro\u0219ea\u021b\u0103<br \/>\n3.Anti-colagenaz\u0103<br \/>\n4.Anti-tirozinaze<br \/>\n5.Inhibarea melanogenezei<br \/>\n6.Fotoprotec\u021bia fibroblastelor umane<\/p>\n","protected":false},"excerpt":{"rendered":"<p>Nume produs: Acetil Tetrapeptide-40<br \/>\nCAS: 1472633-28-5<br \/>\nMF: C17H29N5O9<br \/>\nMW: 447,44<br \/>\nMol Fi\u0219ier: 1472633-28-5.mol<\/p>\n","protected":false},"featured_media":2214,"comment_status":"open","ping_status":"closed","template":"","meta":{"om_disable_all_campaigns":false,"_monsterinsights_skip_tracking":false,"_monsterinsights_sitenote_active":false,"_monsterinsights_sitenote_note":"","_monsterinsights_sitenote_category":0,"site-sidebar-layout":"default","site-content-layout":"default","ast-site-content-layout":"default","site-content-style":"default","site-sidebar-style":"default","ast-global-header-display":"","ast-banner-title-visibility":"","ast-main-header-display":"","ast-hfb-above-header-display":"","ast-hfb-below-header-display":"","ast-hfb-mobile-header-display":"","site-post-title":"","ast-breadcrumbs-content":"","ast-featured-img":"","footer-sml-layout":"","ast-disable-related-posts":"","theme-transparent-header-meta":"default","adv-header-id-meta":"","stick-header-meta":"","header-above-stick-meta":"","header-main-stick-meta":"","header-below-stick-meta":"","astra-migrate-meta-layouts":"default","ast-page-background-enabled":"default","ast-page-background-meta":{"desktop":{"background-color":"","background-image":"","background-repeat":"repeat","background-position":"center center","background-size":"auto","background-attachment":"scroll","background-type":"","background-media":"","overlay-type":"","overlay-color":"","overlay-opacity":"","overlay-gradient":""},"tablet":{"background-color":"","background-image":"","background-repeat":"repeat","background-position":"center center","background-size":"auto","background-attachment":"scroll","background-type":"","background-media":"","overlay-type":"","overlay-color":"","overlay-opacity":"","overlay-gradient":""},"mobile":{"background-color":"","background-image":"","background-repeat":"repeat","background-position":"center center","background-size":"auto","background-attachment":"scroll","background-type":"","background-media":"","overlay-type":"","overlay-color":"","overlay-opacity":"","overlay-gradient":""}},"ast-content-background-meta":{"desktop":{"background-color":"var(--ast-global-color-5)","background-image":"","background-repeat":"repeat","background-position":"center center","background-size":"auto","background-attachment":"scroll","background-type":"","background-media":"","overlay-type":"","overlay-color":"","overlay-opacity":"","overlay-gradient":""},"tablet":{"background-color":"var(--ast-global-color-5)","background-image":"","background-repeat":"repeat","background-position":"center center","background-size":"auto","background-attachment":"scroll","background-type":"","background-media":"","overlay-type":"","overlay-color":"","overlay-opacity":"","overlay-gradient":""},"mobile":{"background-color":"var(--ast-global-color-5)","background-image":"","background-repeat":"repeat","background-position":"center center","background-size":"auto","background-attachment":"scroll","background-type":"","background-media":"","overlay-type":"","overlay-color":"","overlay-opacity":"","overlay-gradient":""}}},"product_brand":[],"product_cat":[679],"product_tag":[3539],"class_list":{"0":"post-6359","1":"product","2":"type-product","3":"status-publish","4":"has-post-thumbnail","6":"product_cat-peptida-antialergica-si-antiinflamatoare","7":"product_tag-acetyl-tetrapeptide-40-telangy-cas-1472633-28-5-reduces-redness-of-face-caused-by-an-inflammatory-reaction-ro","8":"desktop-align-left","9":"tablet-align-left","10":"mobile-align-left","12":"first","13":"instock","14":"shipping-taxable","15":"product-type-simple"},"_links":{"self":[{"href":"https:\/\/puyapeptide.net\/ro\/wp-json\/wp\/v2\/product\/6359","targetHints":{"allow":["GET"]}}],"collection":[{"href":"https:\/\/puyapeptide.net\/ro\/wp-json\/wp\/v2\/product"}],"about":[{"href":"https:\/\/puyapeptide.net\/ro\/wp-json\/wp\/v2\/types\/product"}],"replies":[{"embeddable":true,"href":"https:\/\/puyapeptide.net\/ro\/wp-json\/wp\/v2\/comments?post=6359"}],"wp:featuredmedia":[{"embeddable":true,"href":"https:\/\/puyapeptide.net\/ro\/wp-json\/wp\/v2\/media\/2214"}],"wp:attachment":[{"href":"https:\/\/puyapeptide.net\/ro\/wp-json\/wp\/v2\/media?parent=6359"}],"wp:term":[{"taxonomy":"product_brand","embeddable":true,"href":"https:\/\/puyapeptide.net\/ro\/wp-json\/wp\/v2\/product_brand?post=6359"},{"taxonomy":"product_cat","embeddable":true,"href":"https:\/\/puyapeptide.net\/ro\/wp-json\/wp\/v2\/product_cat?post=6359"},{"taxonomy":"product_tag","embeddable":true,"href":"https:\/\/puyapeptide.net\/ro\/wp-json\/wp\/v2\/product_tag?post=6359"}],"curies":[{"name":"wp","href":"https:\/\/api.w.org\/{rel}","templated":true}]}}