{"id":6467,"date":"2021-12-16T05:01:47","date_gmt":"2021-12-16T10:01:47","guid":{"rendered":"https:\/\/puyapeptide.net\/product\/pentapeptide-25-pentru-celulita-si-slabire\/"},"modified":"2021-12-16T05:01:47","modified_gmt":"2021-12-16T10:01:47","slug":"pentapeptide-25-pentru-celulita-si-slabire","status":"publish","type":"product","link":"https:\/\/puyapeptide.net\/ro\/product\/pentapeptide-25-pentru-celulita-si-slabire\/","title":{"rendered":"Pentapeptide-25 pentru celulit\u0103 \u0219i sl\u0103bire"},"content":{"rendered":"<h2><strong>Pentapeptide-25 pentru celulit\u0103 \u0219i sl\u0103bire<\/strong><\/h2>\n<p>Denumire produs: PENTAPEPTIDE-25<br \/>\nReferin\u021b\u0103: UCPEPTIDE V<br \/>\nPuritate: &gt;95%<br \/>\nSursa: sintetic<br \/>\nGrad: cosmetic<br \/>\nStabilitate: stabil<br \/>\nSolubilitate: solubil \u00een ap\u0103<br \/>\nMiros: nu<br \/>\nFormulare: disponibil\u0103 pentru referin\u021b\u0103, v\u0103 rug\u0103m s\u0103 ne contacta\u021bi.<br \/>\nMSDS \u0219i COA: disponibile pentru referin\u021b\u0103, v\u0103 rug\u0103m s\u0103 ne contacta\u021bi.<br \/>\nLivrare: prompt din stoc<br \/>\nDoza recomandat\u0103: 50 PPM<br \/>\nCapacitate: 500g pe lun\u0103<br \/>\nAspect: pulbere alb\u0103<\/p>\n<p>Pentapeptide-25 este o peptid\u0103 cu efect de sl\u0103bire, care poate limita acumularea de gr\u0103sime \u00een organism, reduce volumul veziculelor din celulele adipoase, precum \u0219i reducerea volumului celulelor adipoase pentru a ob\u021bine efectul de sl\u0103bire, sl\u0103bire \u0219i sl\u0103bire a fe\u021bei.<\/p>\n<p>Pentapeptide-25 este o peptid\u0103 asem\u0103n\u0103toare UCP ob\u021binut\u0103 prin sintez\u0103 \u0219i conceput\u0103 pentru sl\u0103birea produselor de \u00eengrijire a pielii .Secven\u021ba UCPEPTIDE V este similar\u0103 cu o secven\u021b\u0103 comun\u0103 \u00een proteinele de decuplare (UCP), o familie universal\u0103 de transportatori mitocondriali care permit eliberarea energiei sub form\u0103 de c\u0103ldur\u0103.<\/p>\n<p> <strong>Utilizarea Pentapeptidei-25<\/strong> &lt; &amp;&gt;1 &#8211; Biomimetic\u0103 peptidic\u0103 sintetic\u0103 a UCP-urilor (proteine de decuplare)<br \/>\n2- PENTAPEPTIDE-25 Restric\u021bioneaz\u0103 depozitarea lipidelor<br \/>\n3- PENTAPEPTIDE-25 Reduce volumul vacuolelor din adipocite \u0219i dimensiunea adipocitelor<\/p>\n","protected":false},"excerpt":{"rendered":"<p>Nume produs: PENTAPEPTIDE-25<br \/>\nReferin\u021b\u0103: UCPEPTIDE V<br \/>\nPuritate: &gt;95%<br \/>\nSursa: sintetic<br \/>\nGrad: cosmetic<br \/>\nSolubilitate: solubil \u00een ap\u0103<\/p>\n","protected":false},"featured_media":2172,"comment_status":"open","ping_status":"closed","template":"","meta":{"om_disable_all_campaigns":false,"_monsterinsights_skip_tracking":false,"_monsterinsights_sitenote_active":false,"_monsterinsights_sitenote_note":"","_monsterinsights_sitenote_category":0,"site-sidebar-layout":"default","site-content-layout":"default","ast-site-content-layout":"default","site-content-style":"default","site-sidebar-style":"default","ast-global-header-display":"","ast-banner-title-visibility":"","ast-main-header-display":"","ast-hfb-above-header-display":"","ast-hfb-below-header-display":"","ast-hfb-mobile-header-display":"","site-post-title":"","ast-breadcrumbs-content":"","ast-featured-img":"","footer-sml-layout":"","ast-disable-related-posts":"","theme-transparent-header-meta":"default","adv-header-id-meta":"","stick-header-meta":"","header-above-stick-meta":"","header-main-stick-meta":"","header-below-stick-meta":"","astra-migrate-meta-layouts":"default","ast-page-background-enabled":"default","ast-page-background-meta":{"desktop":{"background-color":"","background-image":"","background-repeat":"repeat","background-position":"center center","background-size":"auto","background-attachment":"scroll","background-type":"","background-media":"","overlay-type":"","overlay-color":"","overlay-opacity":"","overlay-gradient":""},"tablet":{"background-color":"","background-image":"","background-repeat":"repeat","background-position":"center center","background-size":"auto","background-attachment":"scroll","background-type":"","background-media":"","overlay-type":"","overlay-color":"","overlay-opacity":"","overlay-gradient":""},"mobile":{"background-color":"","background-image":"","background-repeat":"repeat","background-position":"center center","background-size":"auto","background-attachment":"scroll","background-type":"","background-media":"","overlay-type":"","overlay-color":"","overlay-opacity":"","overlay-gradient":""}},"ast-content-background-meta":{"desktop":{"background-color":"var(--ast-global-color-5)","background-image":"","background-repeat":"repeat","background-position":"center center","background-size":"auto","background-attachment":"scroll","background-type":"","background-media":"","overlay-type":"","overlay-color":"","overlay-opacity":"","overlay-gradient":""},"tablet":{"background-color":"var(--ast-global-color-5)","background-image":"","background-repeat":"repeat","background-position":"center center","background-size":"auto","background-attachment":"scroll","background-type":"","background-media":"","overlay-type":"","overlay-color":"","overlay-opacity":"","overlay-gradient":""},"mobile":{"background-color":"var(--ast-global-color-5)","background-image":"","background-repeat":"repeat","background-position":"center center","background-size":"auto","background-attachment":"scroll","background-type":"","background-media":"","overlay-type":"","overlay-color":"","overlay-opacity":"","overlay-gradient":""}}},"product_brand":[],"product_cat":[665],"product_tag":[3459],"class_list":{"0":"post-6467","1":"product","2":"type-product","3":"status-publish","4":"has-post-thumbnail","6":"product_cat-peptida-de-pierdere-a-grasimilor","7":"product_tag-pentapeptide-25-for-cellulite-and-slimming-ro","8":"desktop-align-left","9":"tablet-align-left","10":"mobile-align-left","12":"first","13":"instock","14":"shipping-taxable","15":"product-type-simple"},"_links":{"self":[{"href":"https:\/\/puyapeptide.net\/ro\/wp-json\/wp\/v2\/product\/6467","targetHints":{"allow":["GET"]}}],"collection":[{"href":"https:\/\/puyapeptide.net\/ro\/wp-json\/wp\/v2\/product"}],"about":[{"href":"https:\/\/puyapeptide.net\/ro\/wp-json\/wp\/v2\/types\/product"}],"replies":[{"embeddable":true,"href":"https:\/\/puyapeptide.net\/ro\/wp-json\/wp\/v2\/comments?post=6467"}],"wp:featuredmedia":[{"embeddable":true,"href":"https:\/\/puyapeptide.net\/ro\/wp-json\/wp\/v2\/media\/2172"}],"wp:attachment":[{"href":"https:\/\/puyapeptide.net\/ro\/wp-json\/wp\/v2\/media?parent=6467"}],"wp:term":[{"taxonomy":"product_brand","embeddable":true,"href":"https:\/\/puyapeptide.net\/ro\/wp-json\/wp\/v2\/product_brand?post=6467"},{"taxonomy":"product_cat","embeddable":true,"href":"https:\/\/puyapeptide.net\/ro\/wp-json\/wp\/v2\/product_cat?post=6467"},{"taxonomy":"product_tag","embeddable":true,"href":"https:\/\/puyapeptide.net\/ro\/wp-json\/wp\/v2\/product_tag?post=6467"}],"curies":[{"name":"wp","href":"https:\/\/api.w.org\/{rel}","templated":true}]}}