{"id":6477,"date":"2021-12-16T05:02:51","date_gmt":"2021-12-16T10:02:51","guid":{"rendered":"https:\/\/puyapeptide.net\/product\/acetil-hexapeptida-39-pentru-slabire\/"},"modified":"2021-12-16T05:02:51","modified_gmt":"2021-12-16T10:02:51","slug":"acetil-hexapeptida-39-pentru-slabire","status":"publish","type":"product","link":"https:\/\/puyapeptide.net\/ro\/product\/acetil-hexapeptida-39-pentru-slabire\/","title":{"rendered":"Acetil Hexapeptid\u0103-39 pentru sl\u0103bire"},"content":{"rendered":"<h2><strong>Acetil Hexapeptid\u0103-39 pentru sl\u0103bire<\/strong><\/h2>\n<p>Denumire \u00een englez\u0103: Acetyl Hexapeptide-39, Silusyne<br \/>\nFormul\u0103 molecular\u0103: C14H24N6O4<br \/>\nGreutate molecular\u0103: 340,80g\/mol<br \/>\nAspect: Pulbere alb\u0103<\/p>\n<p>Noul ingredient Silusyne con\u021bine hexapeptide \u00eentr-un sistem de livrare nou (nume INCI: acetil hexapeptid-39) care reduce expresia PGC-1\u03b2, ob\u021bin\u00e2nd efectul opus \u0219i scurt\u00e2nd leg\u0103tura dermo-subcutanat\u0103, duc\u00e2nd la sl\u0103bire \u0219i antirid. Tratament adipos. Pentru a investiga rolul s\u0103u \u00een exprimarea PGC-1\u03b1 \u0219i acumularea de lipide, precum \u0219i efectele sale macroscopice, s-au efectuat teste in vitro \u0219i in vivo pe ambele componente.<\/p>\n<p>Acetil Hexapeptide-39 reduce receptorul activat de proliferatorul peroxizomal Gamma coactivator 1a (PGC-1a) \u0219i scade adipogeneza. Este folosit ca agent de slabit.<\/p>\n<p>Acetil Hexapeptide-39 (peptida de slabit) este o noua peptida activa de slabire si slabire care contine sase aminoacizi, care are ca efect reducerea celulitei, celulitei, celulitei si slabit. <\/p>\n<p>Acetil hexapeptid\u0103-39 (peptid\u0103 de sl\u0103bire) scade diferen\u021bierea \u0219i rata de maturare a celulelor adipoase, reduce acumularea de lipide \u00een \u021besutul adipos \u0219i are ca efect reducerea celulitei, celulitei, celulitei \u0219i sl\u0103birii.<\/p>\n<p> <strong>Aplicarea Acetyl Hexapeptide-39<\/strong><br \/>\nAcetil Hexapeptide-39 este un ingredient perfect pentru tratamentele anticelulitice \u0219i de sl\u0103bire \u0219i ca o completare \u00een orice tip de formul\u0103ri de \u00eengrijire corporal\u0103.<\/p>\n<p> <strong>Utilizarea de Acetil Hexapeptide-39<\/strong><br \/>\nAcetil Hexapeptide-39 Reduce adipogeneza (gr\u0103simi noi) prin sc\u0103derea activit\u0103\u021bii PGC-1\u03b1<\/p>\n<p> <strong>Acetil Hexapeptide-39 Beneficii<\/strong><br \/>\nAcetil Hexapeptide-39 este un ingredient perfect pentru anticelulit\u0103 \u0219i tratamente de sl\u0103bire \u0219i ca o completare \u00een orice tip de formul\u0103ri de \u00eengrijire corporal\u0103.<\/p>\n<p>Acetil Hexa peptida-39 Reduce adipogeneza (gr\u0103simile noi) prin sc\u0103derea activit\u0103\u021bii PGC-1\u03b1.<br \/>\n\u0218tiin\u021ba a demonstrat c\u0103 peptidele pot ajuta la gestionarea ridurilor din piele \u0219i la inversarea semnelor de \u00eemb\u0103tr\u00e2nire.<br \/>\nPielea uman\u0103 este compus\u0103 \u00een principal din colagen. Colagenul este o protein\u0103 format\u0103 din segmente lungi de aminoacizi aranjate ca un lan\u021b. Colagenul ofer\u0103 o baz\u0103 de ten \u0219i o grosime pentru piele.<br \/>\nFemeile sub 30 de ani au colagen din abunden\u021b\u0103, ceea ce are ca rezultat o piele fin\u0103 \u0219i str\u00e2ns\u0103.<br \/>\nCeilal\u021bi dintre noi avem mai pu\u021bin colagen &#8211; pielea tinde s\u0103 fie mai sub\u021bire, dezv\u0103luind mai multe riduri.&lt;&amp; &gt;C\u00e2nd colagenul se descompune, se formeaz\u0103 segmente scurte de aminoacizi. Acestea sunt proteinele mici \u0219i moleculele active cunoscute sub numele de peptide. Peptidele din \u00eengrijirea pielii pot oferi beneficii anti-\u00eemb\u0103tr\u00e2nire semnificative.<\/p>\n","protected":false},"excerpt":{"rendered":"<p>Denumire englez\u0103: Acetyl Hexapeptide-39, Silusyne<br \/>\nFormul\u0103 molecular\u0103: C14H24N6O4<br \/>\nGreutate molecular\u0103: 340,80g\/mol<br \/>\nAspect: pulbere alb\u0103<\/p>\n","protected":false},"featured_media":2109,"comment_status":"open","ping_status":"closed","template":"","meta":{"om_disable_all_campaigns":false,"_monsterinsights_skip_tracking":false,"_monsterinsights_sitenote_active":false,"_monsterinsights_sitenote_note":"","_monsterinsights_sitenote_category":0,"site-sidebar-layout":"default","site-content-layout":"default","ast-site-content-layout":"default","site-content-style":"default","site-sidebar-style":"default","ast-global-header-display":"","ast-banner-title-visibility":"","ast-main-header-display":"","ast-hfb-above-header-display":"","ast-hfb-below-header-display":"","ast-hfb-mobile-header-display":"","site-post-title":"","ast-breadcrumbs-content":"","ast-featured-img":"","footer-sml-layout":"","ast-disable-related-posts":"","theme-transparent-header-meta":"default","adv-header-id-meta":"","stick-header-meta":"","header-above-stick-meta":"","header-main-stick-meta":"","header-below-stick-meta":"","astra-migrate-meta-layouts":"default","ast-page-background-enabled":"default","ast-page-background-meta":{"desktop":{"background-color":"","background-image":"","background-repeat":"repeat","background-position":"center center","background-size":"auto","background-attachment":"scroll","background-type":"","background-media":"","overlay-type":"","overlay-color":"","overlay-opacity":"","overlay-gradient":""},"tablet":{"background-color":"","background-image":"","background-repeat":"repeat","background-position":"center center","background-size":"auto","background-attachment":"scroll","background-type":"","background-media":"","overlay-type":"","overlay-color":"","overlay-opacity":"","overlay-gradient":""},"mobile":{"background-color":"","background-image":"","background-repeat":"repeat","background-position":"center center","background-size":"auto","background-attachment":"scroll","background-type":"","background-media":"","overlay-type":"","overlay-color":"","overlay-opacity":"","overlay-gradient":""}},"ast-content-background-meta":{"desktop":{"background-color":"var(--ast-global-color-5)","background-image":"","background-repeat":"repeat","background-position":"center center","background-size":"auto","background-attachment":"scroll","background-type":"","background-media":"","overlay-type":"","overlay-color":"","overlay-opacity":"","overlay-gradient":""},"tablet":{"background-color":"var(--ast-global-color-5)","background-image":"","background-repeat":"repeat","background-position":"center center","background-size":"auto","background-attachment":"scroll","background-type":"","background-media":"","overlay-type":"","overlay-color":"","overlay-opacity":"","overlay-gradient":""},"mobile":{"background-color":"var(--ast-global-color-5)","background-image":"","background-repeat":"repeat","background-position":"center center","background-size":"auto","background-attachment":"scroll","background-type":"","background-media":"","overlay-type":"","overlay-color":"","overlay-opacity":"","overlay-gradient":""}}},"product_brand":[],"product_cat":[665],"product_tag":[3437],"class_list":{"0":"post-6477","1":"product","2":"type-product","3":"status-publish","4":"has-post-thumbnail","6":"product_cat-peptida-de-pierdere-a-grasimilor","7":"product_tag-acetyl-hexapeptide-39-for-slimming-ro","8":"desktop-align-left","9":"tablet-align-left","10":"mobile-align-left","12":"first","13":"instock","14":"shipping-taxable","15":"product-type-simple"},"_links":{"self":[{"href":"https:\/\/puyapeptide.net\/ro\/wp-json\/wp\/v2\/product\/6477","targetHints":{"allow":["GET"]}}],"collection":[{"href":"https:\/\/puyapeptide.net\/ro\/wp-json\/wp\/v2\/product"}],"about":[{"href":"https:\/\/puyapeptide.net\/ro\/wp-json\/wp\/v2\/types\/product"}],"replies":[{"embeddable":true,"href":"https:\/\/puyapeptide.net\/ro\/wp-json\/wp\/v2\/comments?post=6477"}],"wp:featuredmedia":[{"embeddable":true,"href":"https:\/\/puyapeptide.net\/ro\/wp-json\/wp\/v2\/media\/2109"}],"wp:attachment":[{"href":"https:\/\/puyapeptide.net\/ro\/wp-json\/wp\/v2\/media?parent=6477"}],"wp:term":[{"taxonomy":"product_brand","embeddable":true,"href":"https:\/\/puyapeptide.net\/ro\/wp-json\/wp\/v2\/product_brand?post=6477"},{"taxonomy":"product_cat","embeddable":true,"href":"https:\/\/puyapeptide.net\/ro\/wp-json\/wp\/v2\/product_cat?post=6477"},{"taxonomy":"product_tag","embeddable":true,"href":"https:\/\/puyapeptide.net\/ro\/wp-json\/wp\/v2\/product_tag?post=6477"}],"curies":[{"name":"wp","href":"https:\/\/api.w.org\/{rel}","templated":true}]}}