{"id":6490,"date":"2021-12-16T05:04:03","date_gmt":"2021-12-16T10:04:03","guid":{"rendered":"https:\/\/puyapeptide.net\/product\/acetil-hexapeptida-38-adifyline-cas-1400634-44-7-poate-creste-volumul-sanilor-sau-obrajilor\/"},"modified":"2021-12-16T05:04:03","modified_gmt":"2021-12-16T10:04:03","slug":"acetil-hexapeptida-38-adifyline-cas-1400634-44-7-poate-creste-volumul-sanilor-sau-obrajilor","status":"publish","type":"product","link":"https:\/\/puyapeptide.net\/ro\/product\/acetil-hexapeptida-38-adifyline-cas-1400634-44-7-poate-creste-volumul-sanilor-sau-obrajilor\/","title":{"rendered":"Acetil hexapeptid\u0103 38\/ Adifyline CAS 1400634-44-7 poate cre\u0219te volumul s\u00e2nilor sau obrajilor"},"content":{"rendered":"<h2><strong>Acetil hexapeptid\u0103 38\/ Adifyline CAS 1400634-44-7 poate cre\u0219te volumul s\u00e2nilor sau obrajilor<\/strong><\/h2>\n<p>Denumire produs: Acetil hexapeptid\u0103 38<br \/>\n Sinonime: Acetil hexapeptid\u0103 38;adifyline;PAW-\u03b2;Acetil Hexapeptide-38, Adifyline;Acetil \u015fase peptide;Acetil hexapeptid\u0103-38 pulbere;Acetil Hexapeptide-38Phexapeptide-38 USP; \/EP\/BP<br \/>\nCAS: 1400634-44-7<br \/>\nMF:<br \/>\nMW: 0<br \/>\nEINECS: 000-000-0<br \/>\nCategorii de produse:<br \/>\nFi\u0219ier Mol: Fi\u0219ier Mol&lt; &amp;&gt;Termen de plat\u0103: Trade Assurance, T\/T, Western Union, L\/C<\/p>\n<p>Acetil Hexapeptide-38 (Adifyline) care m\u0103resc volumul \u021besutului adipos \u00een anumite zone, \u00eembun\u0103t\u0103\u021bind aspectul facial \u0219i oferind curbe atractive ale corpului .Stimuleaz\u0103 expresia receptorului activat de proliferatorul peroxizomului Gamma coactivator 1a(PGC-1a), sporind rata adipogenezei. Acest lucru duce la o acumulare mai mare de lipide \u0219i la cre\u0219terea volumului \u00een zonele dorite precum s\u00e2nul \u0219i obrajii.<br \/>\nHexapeptide38 cre\u0219te volumul local \u00eembun\u0103t\u0103\u021bind aspectul facial \u0219i oferind o siluet\u0103 curbat\u0103, prin promovarea expresiei PGC-1a \u0219i a acumul\u0103rii de lipide \u00een \u021besutul adipos.<\/p>\n<p> <strong>Func\u021bia \u0219i aplicarea acetil hexapeptidei 38 \/ Adifyline CAS 1400634-44-7<\/strong> <\/p>\n<p>1. Cre\u0219terea ratei adipogenezei.<\/p>\n<p>2. Conduce la acumularea mai mare de lipide \u0219i cre\u0219terea volumului \u00een zonele dorite, cum ar fi s\u00e2nul \u0219i obrajii.<\/p>\n<p>3. \u00cembun\u0103t\u0103\u021be\u0219te aspectul fe\u021bei \u0219i ofer\u0103 curbe atractive ale corpului.<\/p>\n<p> <strong>Utilizarea acetil hexapeptidei 38\/ Adifyline CAS 1400634-44-7<\/strong><br \/>\ncre\u0219te volumul local \u00eembun\u0103t\u0103\u021bind aspectul facial \u0219i oferind o siluet\u0103 curbat\u0103, prin promovarea expresiei PGC-1a \u0219i acumularea de lipide \u00een \u021besutul adipos.<\/p>\n","protected":false},"excerpt":{"rendered":"<p>Nume produs: Acetil hexapeptid\u0103 38<br \/>\nCAS: 1400634-44-7<br \/>\nFi\u0219ier Mol: fi\u0219ier Mol<\/p>\n","protected":false},"featured_media":2130,"comment_status":"open","ping_status":"closed","template":"","meta":{"om_disable_all_campaigns":false,"_monsterinsights_skip_tracking":false,"_monsterinsights_sitenote_active":false,"_monsterinsights_sitenote_note":"","_monsterinsights_sitenote_category":0,"site-sidebar-layout":"default","site-content-layout":"default","ast-site-content-layout":"default","site-content-style":"default","site-sidebar-style":"default","ast-global-header-display":"","ast-banner-title-visibility":"","ast-main-header-display":"","ast-hfb-above-header-display":"","ast-hfb-below-header-display":"","ast-hfb-mobile-header-display":"","site-post-title":"","ast-breadcrumbs-content":"","ast-featured-img":"","footer-sml-layout":"","ast-disable-related-posts":"","theme-transparent-header-meta":"default","adv-header-id-meta":"","stick-header-meta":"","header-above-stick-meta":"","header-main-stick-meta":"","header-below-stick-meta":"","astra-migrate-meta-layouts":"default","ast-page-background-enabled":"default","ast-page-background-meta":{"desktop":{"background-color":"","background-image":"","background-repeat":"repeat","background-position":"center center","background-size":"auto","background-attachment":"scroll","background-type":"","background-media":"","overlay-type":"","overlay-color":"","overlay-opacity":"","overlay-gradient":""},"tablet":{"background-color":"","background-image":"","background-repeat":"repeat","background-position":"center center","background-size":"auto","background-attachment":"scroll","background-type":"","background-media":"","overlay-type":"","overlay-color":"","overlay-opacity":"","overlay-gradient":""},"mobile":{"background-color":"","background-image":"","background-repeat":"repeat","background-position":"center center","background-size":"auto","background-attachment":"scroll","background-type":"","background-media":"","overlay-type":"","overlay-color":"","overlay-opacity":"","overlay-gradient":""}},"ast-content-background-meta":{"desktop":{"background-color":"var(--ast-global-color-5)","background-image":"","background-repeat":"repeat","background-position":"center center","background-size":"auto","background-attachment":"scroll","background-type":"","background-media":"","overlay-type":"","overlay-color":"","overlay-opacity":"","overlay-gradient":""},"tablet":{"background-color":"var(--ast-global-color-5)","background-image":"","background-repeat":"repeat","background-position":"center center","background-size":"auto","background-attachment":"scroll","background-type":"","background-media":"","overlay-type":"","overlay-color":"","overlay-opacity":"","overlay-gradient":""},"mobile":{"background-color":"var(--ast-global-color-5)","background-image":"","background-repeat":"repeat","background-position":"center center","background-size":"auto","background-attachment":"scroll","background-type":"","background-media":"","overlay-type":"","overlay-color":"","overlay-opacity":"","overlay-gradient":""}}},"product_brand":[],"product_cat":[634],"product_tag":[3406],"class_list":{"0":"post-6490","1":"product","2":"type-product","3":"status-publish","4":"has-post-thumbnail","6":"product_cat-peptida-de-crestere-a-grasimilor-si-a-sanilor","7":"product_tag-acetyl-hexapeptide-38-adifyline-cas-1400634-44-7-can-increase-the-volume-of-the-breasts-or-cheeks-ro","8":"desktop-align-left","9":"tablet-align-left","10":"mobile-align-left","12":"first","13":"instock","14":"shipping-taxable","15":"product-type-simple"},"_links":{"self":[{"href":"https:\/\/puyapeptide.net\/ro\/wp-json\/wp\/v2\/product\/6490","targetHints":{"allow":["GET"]}}],"collection":[{"href":"https:\/\/puyapeptide.net\/ro\/wp-json\/wp\/v2\/product"}],"about":[{"href":"https:\/\/puyapeptide.net\/ro\/wp-json\/wp\/v2\/types\/product"}],"replies":[{"embeddable":true,"href":"https:\/\/puyapeptide.net\/ro\/wp-json\/wp\/v2\/comments?post=6490"}],"wp:featuredmedia":[{"embeddable":true,"href":"https:\/\/puyapeptide.net\/ro\/wp-json\/wp\/v2\/media\/2130"}],"wp:attachment":[{"href":"https:\/\/puyapeptide.net\/ro\/wp-json\/wp\/v2\/media?parent=6490"}],"wp:term":[{"taxonomy":"product_brand","embeddable":true,"href":"https:\/\/puyapeptide.net\/ro\/wp-json\/wp\/v2\/product_brand?post=6490"},{"taxonomy":"product_cat","embeddable":true,"href":"https:\/\/puyapeptide.net\/ro\/wp-json\/wp\/v2\/product_cat?post=6490"},{"taxonomy":"product_tag","embeddable":true,"href":"https:\/\/puyapeptide.net\/ro\/wp-json\/wp\/v2\/product_tag?post=6490"}],"curies":[{"name":"wp","href":"https:\/\/api.w.org\/{rel}","templated":true}]}}