{"id":6608,"date":"2021-12-16T05:09:41","date_gmt":"2021-12-16T10:09:41","guid":{"rendered":"https:\/\/puyapeptide.net\/product\/myristoyl-pentapeptide-17-cas-959610-30-1-este-un-ingredient-cosmetic-eficient-pentru-a-promova-cresterea-genelor\/"},"modified":"2021-12-16T05:09:41","modified_gmt":"2021-12-16T10:09:41","slug":"myristoyl-pentapeptide-17-cas-959610-30-1-este-un-ingredient-cosmetic-eficient-pentru-a-promova-cresterea-genelor","status":"publish","type":"product","link":"https:\/\/puyapeptide.net\/ro\/product\/myristoyl-pentapeptide-17-cas-959610-30-1-este-un-ingredient-cosmetic-eficient-pentru-a-promova-cresterea-genelor\/","title":{"rendered":"Myristoyl Pentapeptide-17 CAS 959610-30-1 este un ingredient cosmetic eficient pentru a promova cre\u0219terea genelor"},"content":{"rendered":"<h2><strong>Myristoyl Pentapeptide-17 CAS 959610-30-1 este un ingredient cosmetic eficient pentru a promova cre\u0219terea genelor<\/strong><\/h2>\n<p>Numele produsului: Myristoyl Pentapeptide-17<br \/>\n Sinonime: Myristoyl Pentapeptide-17;sympeptide226;N2-(1-Oxotetradecil)-L-lysil-L-leucil-L-alanil-L-lysil-L-lizinamida; Nuc\u0219oar\u0103 cinci peptid\u0103 17;Myr-KLAKK-NH2;N-[(2S)-6-amino-1-[[(2S)-1-[[(2S)-1-[[(2S)-6-amino- 1-[[(2S)-1,6-diamino-1-oxohexan-2-il]amino]-1-oxohexan-2-il]amino]-1-oxopropan-2-il]amino]-4-metil -1-oxopentan-2-il]amino]-1-oxohexan-2-il]tetradecanamid\u0103;N2-(1-oxotetradecil)-L-lizil-L-leucil-L-alanil-L-lisil-L-lis; Sympeptide 235<br \/>\nCAS: 959610-30-1<br \/>\nMF: C41H81N9O6<br \/>\nMW: 796,14<br \/>\nEINECS:<br \/>\nCategorii de produse:<br \/>\nFi\u0219ier Mol: 959610-30-1.mol&lt;&amp; &gt;<br \/>\nMyristoyl pentapeptide-17\/peptida pentru gene este un ingredient cosmetic eficient pentru a promova cre\u0219terea genelor, care poate stimula eficient sinteza cheratinei firelor de p\u0103r, poate promova cre\u0219terea firelor de p\u0103r (gene, spr\u00e2ncene, p\u0103r) \u0219i le poate face mai groase \u0219i mai dure. .<\/p>\n<p>Unul dintre rolurile principale ale Myristoyl Pentapeptide-17 este un antioxidant. La fel ca to\u021bi antioxidan\u021bii, Myristoyl Pentapeptide-17 are rolul de a proteja pielea de radicalii liberi d\u0103un\u0103tori, care sunt rezultatul expunerii excesive la soare sau a poluan\u021bilor din mediu. Ace\u0219ti radicali liberi d\u0103uneaz\u0103 celulelor individuale ale pielii, dar pericolul lor real este c\u0103 pot provoca \u00eemb\u0103tr\u00e2nirea prematur\u0103. Cauza radicalilor liberi poate \u00eencuraja celulele pielii s\u0103 \u00eenceap\u0103 s\u0103 se \u00eenmul\u021beasc\u0103 rapid \u0219i necontrolat. Nu numai c\u0103 protejeaz\u0103 celulele pielii de antioxidan\u021bi, dar ajut\u0103 \u0219i la neutralizarea acestora, astfel \u00eenc\u00e2t s\u0103 poat\u0103 fi \u00eendep\u0103rtate. Fa\u021ba poate \u00eencepe s\u0103 fie din nou s\u0103n\u0103toas\u0103. Acest lucru \u00eel face unul dintre cei mai benefici antioxidan\u021bi de pe pia\u021b\u0103.<\/p>\n<p> <strong>Myristoyl Pentapeptide-17 CAS 959610-30-1 Propriet\u0103\u021bi chimice<\/strong><br \/>\nPunctul de fierbere 1071,6\u00b165,0 \u00b0C (Previzual)<br \/>\n densitate 1,062\u00b10,06 g\/cm3(Previzual)<br \/>\ntemp. Sigilat \u00een uscat, temperatura camerei<br \/>\npka 13,42\u00b10,46(prev\u0103zut)<\/p>\n<p> <strong>Aplicarea \u0219i utilizarea Myristoyl Pentapeptide-17 CAS 959610-30-1<\/strong><br \/>\n1. \u00cembun\u0103t\u0103\u021birea extraordinar\u0103 a aspectului genelor \u0219i spr\u00e2ncenelor<br \/>\n2.Ofer\u0103 gene superbe, dense \u0219i luxuriante<br \/>\n3.Tehnologie non-prostaglandine<br \/>\n4.F\u0103r\u0103 irita\u021bie a ochilor sau risc de decolorare<br \/>\n5.Siguran\u021ba dermatologului \u0219i oftalmologului a fost testat\u0103.<\/p>\n","protected":false},"excerpt":{"rendered":"<p>Nume produs: Myristoyl Pentapeptide-17<br \/>\nCAS: 959610-30-1<br \/>\nMF: C41H81N9O6<br \/>\nMW: 796,14<br \/>\nMol Fi\u0219ier: 959610-30-1.mol<\/p>\n","protected":false},"featured_media":2109,"comment_status":"open","ping_status":"closed","template":"","meta":{"om_disable_all_campaigns":false,"_monsterinsights_skip_tracking":false,"_monsterinsights_sitenote_active":false,"_monsterinsights_sitenote_note":"","_monsterinsights_sitenote_category":0,"site-sidebar-layout":"default","site-content-layout":"default","ast-site-content-layout":"default","site-content-style":"default","site-sidebar-style":"default","ast-global-header-display":"","ast-banner-title-visibility":"","ast-main-header-display":"","ast-hfb-above-header-display":"","ast-hfb-below-header-display":"","ast-hfb-mobile-header-display":"","site-post-title":"","ast-breadcrumbs-content":"","ast-featured-img":"","footer-sml-layout":"","ast-disable-related-posts":"","theme-transparent-header-meta":"default","adv-header-id-meta":"","stick-header-meta":"","header-above-stick-meta":"","header-main-stick-meta":"","header-below-stick-meta":"","astra-migrate-meta-layouts":"default","ast-page-background-enabled":"default","ast-page-background-meta":{"desktop":{"background-color":"","background-image":"","background-repeat":"repeat","background-position":"center center","background-size":"auto","background-attachment":"scroll","background-type":"","background-media":"","overlay-type":"","overlay-color":"","overlay-opacity":"","overlay-gradient":""},"tablet":{"background-color":"","background-image":"","background-repeat":"repeat","background-position":"center center","background-size":"auto","background-attachment":"scroll","background-type":"","background-media":"","overlay-type":"","overlay-color":"","overlay-opacity":"","overlay-gradient":""},"mobile":{"background-color":"","background-image":"","background-repeat":"repeat","background-position":"center center","background-size":"auto","background-attachment":"scroll","background-type":"","background-media":"","overlay-type":"","overlay-color":"","overlay-opacity":"","overlay-gradient":""}},"ast-content-background-meta":{"desktop":{"background-color":"var(--ast-global-color-5)","background-image":"","background-repeat":"repeat","background-position":"center center","background-size":"auto","background-attachment":"scroll","background-type":"","background-media":"","overlay-type":"","overlay-color":"","overlay-opacity":"","overlay-gradient":""},"tablet":{"background-color":"var(--ast-global-color-5)","background-image":"","background-repeat":"repeat","background-position":"center center","background-size":"auto","background-attachment":"scroll","background-type":"","background-media":"","overlay-type":"","overlay-color":"","overlay-opacity":"","overlay-gradient":""},"mobile":{"background-color":"var(--ast-global-color-5)","background-image":"","background-repeat":"repeat","background-position":"center center","background-size":"auto","background-attachment":"scroll","background-type":"","background-media":"","overlay-type":"","overlay-color":"","overlay-opacity":"","overlay-gradient":""}}},"product_brand":[],"product_cat":[598],"product_tag":[3282],"class_list":{"0":"post-6608","1":"product","2":"type-product","3":"status-publish","4":"has-post-thumbnail","6":"product_cat-peptide-pentru-ingrijirea-ochilor","7":"product_tag-myristoyl-pentapeptide-17-cas-959610-30-1-is-an-effective-cosmetic-ingredient-to-promote-eyelash-growth-ro","8":"desktop-align-left","9":"tablet-align-left","10":"mobile-align-left","12":"first","13":"instock","14":"shipping-taxable","15":"product-type-simple"},"_links":{"self":[{"href":"https:\/\/puyapeptide.net\/ro\/wp-json\/wp\/v2\/product\/6608","targetHints":{"allow":["GET"]}}],"collection":[{"href":"https:\/\/puyapeptide.net\/ro\/wp-json\/wp\/v2\/product"}],"about":[{"href":"https:\/\/puyapeptide.net\/ro\/wp-json\/wp\/v2\/types\/product"}],"replies":[{"embeddable":true,"href":"https:\/\/puyapeptide.net\/ro\/wp-json\/wp\/v2\/comments?post=6608"}],"wp:featuredmedia":[{"embeddable":true,"href":"https:\/\/puyapeptide.net\/ro\/wp-json\/wp\/v2\/media\/2109"}],"wp:attachment":[{"href":"https:\/\/puyapeptide.net\/ro\/wp-json\/wp\/v2\/media?parent=6608"}],"wp:term":[{"taxonomy":"product_brand","embeddable":true,"href":"https:\/\/puyapeptide.net\/ro\/wp-json\/wp\/v2\/product_brand?post=6608"},{"taxonomy":"product_cat","embeddable":true,"href":"https:\/\/puyapeptide.net\/ro\/wp-json\/wp\/v2\/product_cat?post=6608"},{"taxonomy":"product_tag","embeddable":true,"href":"https:\/\/puyapeptide.net\/ro\/wp-json\/wp\/v2\/product_tag?post=6608"}],"curies":[{"name":"wp","href":"https:\/\/api.w.org\/{rel}","templated":true}]}}