{"id":6663,"date":"2021-12-16T05:41:00","date_gmt":"2021-12-16T10:41:00","guid":{"rendered":"https:\/\/puyapeptide.net\/product\/tetrapeptida-16-inhiba-lumina-ultravioleta-uv\/"},"modified":"2021-12-16T05:41:00","modified_gmt":"2021-12-16T10:41:00","slug":"tetrapeptida-16-inhiba-lumina-ultravioleta-uv","status":"publish","type":"product","link":"https:\/\/puyapeptide.net\/ro\/product\/tetrapeptida-16-inhiba-lumina-ultravioleta-uv\/","title":{"rendered":"Tetrapeptida-16 inhib\u0103 lumina ultraviolet\u0103 (UV)"},"content":{"rendered":"<h2><strong>Tetrapeptida-16 inhib\u0103 lumina ultraviolet\u0103 (UV)<\/strong><\/h2>\n<p>Nume produs: Tetrapeptide-16<br \/>\nSursa: sintetice<br \/>\nGrad: cosmetic<br \/>\nFormulare: disponibil\u0103 pentru referin\u021b\u0103, v\u0103 rug\u0103m s\u0103 ne contacta\u021bi.<br \/>\nMSDS \u0219i COA: disponibile pentru referin\u021b\u0103, v\u0103 rug\u0103m s\u0103 ne contacta\u021bi<br \/>\nLivrare: prompt din stoc<br \/>\nMiros: caracteristic<br \/>\nStabilitate: stabil<br \/>\nSolubilitate: solubil \u00een ap\u0103<br \/>\nCapacitate: 800g pe lun\u0103<br \/>\nAspect: pulbere alb\u0103<\/p>\n<p>Acest lucru Tetrapeptida-16 inhib\u0103 expresia indus\u0103 de lumina ultraviolet\u0103 (UV) a citokinei proinflamatorii interleukin-6 (IL-6) de c\u0103tre celulele epiteliale ale pielii \u0219i fibroblastele. \u00cen plus, tetrapeptidele reprim\u0103 reglarea \u00een sus a metaloproteinazei-1 matricei (MMP-1) de c\u0103tre fibroblastele pielii induse fie de expunerea direct\u0103 la razele UV, fie de tratamentul cu mediu condi\u021bionat de cheratinocite tratate cu UV. Dimensiunea redus\u0103 \u0219i bio-activitatea tetrapeptidelor le fac potrivite pentru utilizare \u00een terapii direc\u021bionate \u00eempotriva bolilor inflamatorii ale pielii \u0219i ca ingrediente active \u00een produsele de \u00eengrijire a pielii.<\/p>\n","protected":false},"excerpt":{"rendered":"<p>Nume produs: Tetrapeptide-16<br \/>\nSursa: sintetic<br \/>\nGrad: cosmetic<br \/>\nSolubilitate: solubil \u00een ap\u0103<br \/>\nAspect: pulbere alb\u0103<\/p>\n","protected":false},"featured_media":2109,"comment_status":"open","ping_status":"closed","template":"","meta":{"om_disable_all_campaigns":false,"_monsterinsights_skip_tracking":false,"_monsterinsights_sitenote_active":false,"_monsterinsights_sitenote_note":"","_monsterinsights_sitenote_category":0,"site-sidebar-layout":"default","site-content-layout":"default","ast-site-content-layout":"default","site-content-style":"default","site-sidebar-style":"default","ast-global-header-display":"","ast-banner-title-visibility":"","ast-main-header-display":"","ast-hfb-above-header-display":"","ast-hfb-below-header-display":"","ast-hfb-mobile-header-display":"","site-post-title":"","ast-breadcrumbs-content":"","ast-featured-img":"","footer-sml-layout":"","ast-disable-related-posts":"","theme-transparent-header-meta":"default","adv-header-id-meta":"","stick-header-meta":"","header-above-stick-meta":"","header-main-stick-meta":"","header-below-stick-meta":"","astra-migrate-meta-layouts":"default","ast-page-background-enabled":"default","ast-page-background-meta":{"desktop":{"background-color":"","background-image":"","background-repeat":"repeat","background-position":"center center","background-size":"auto","background-attachment":"scroll","background-type":"","background-media":"","overlay-type":"","overlay-color":"","overlay-opacity":"","overlay-gradient":""},"tablet":{"background-color":"","background-image":"","background-repeat":"repeat","background-position":"center center","background-size":"auto","background-attachment":"scroll","background-type":"","background-media":"","overlay-type":"","overlay-color":"","overlay-opacity":"","overlay-gradient":""},"mobile":{"background-color":"","background-image":"","background-repeat":"repeat","background-position":"center center","background-size":"auto","background-attachment":"scroll","background-type":"","background-media":"","overlay-type":"","overlay-color":"","overlay-opacity":"","overlay-gradient":""}},"ast-content-background-meta":{"desktop":{"background-color":"var(--ast-global-color-5)","background-image":"","background-repeat":"repeat","background-position":"center center","background-size":"auto","background-attachment":"scroll","background-type":"","background-media":"","overlay-type":"","overlay-color":"","overlay-opacity":"","overlay-gradient":""},"tablet":{"background-color":"var(--ast-global-color-5)","background-image":"","background-repeat":"repeat","background-position":"center center","background-size":"auto","background-attachment":"scroll","background-type":"","background-media":"","overlay-type":"","overlay-color":"","overlay-opacity":"","overlay-gradient":""},"mobile":{"background-color":"var(--ast-global-color-5)","background-image":"","background-repeat":"repeat","background-position":"center center","background-size":"auto","background-attachment":"scroll","background-type":"","background-media":"","overlay-type":"","overlay-color":"","overlay-opacity":"","overlay-gradient":""}}},"product_brand":[],"product_cat":[598],"product_tag":[3162],"class_list":{"0":"post-6663","1":"product","2":"type-product","3":"status-publish","4":"has-post-thumbnail","6":"product_cat-peptide-pentru-ingrijirea-ochilor","7":"product_tag-tetrapeptide-16-inhibit-ultraviolet-light-uv-ro","8":"desktop-align-left","9":"tablet-align-left","10":"mobile-align-left","12":"first","13":"instock","14":"shipping-taxable","15":"product-type-simple"},"_links":{"self":[{"href":"https:\/\/puyapeptide.net\/ro\/wp-json\/wp\/v2\/product\/6663","targetHints":{"allow":["GET"]}}],"collection":[{"href":"https:\/\/puyapeptide.net\/ro\/wp-json\/wp\/v2\/product"}],"about":[{"href":"https:\/\/puyapeptide.net\/ro\/wp-json\/wp\/v2\/types\/product"}],"replies":[{"embeddable":true,"href":"https:\/\/puyapeptide.net\/ro\/wp-json\/wp\/v2\/comments?post=6663"}],"wp:featuredmedia":[{"embeddable":true,"href":"https:\/\/puyapeptide.net\/ro\/wp-json\/wp\/v2\/media\/2109"}],"wp:attachment":[{"href":"https:\/\/puyapeptide.net\/ro\/wp-json\/wp\/v2\/media?parent=6663"}],"wp:term":[{"taxonomy":"product_brand","embeddable":true,"href":"https:\/\/puyapeptide.net\/ro\/wp-json\/wp\/v2\/product_brand?post=6663"},{"taxonomy":"product_cat","embeddable":true,"href":"https:\/\/puyapeptide.net\/ro\/wp-json\/wp\/v2\/product_cat?post=6663"},{"taxonomy":"product_tag","embeddable":true,"href":"https:\/\/puyapeptide.net\/ro\/wp-json\/wp\/v2\/product_tag?post=6663"}],"curies":[{"name":"wp","href":"https:\/\/api.w.org\/{rel}","templated":true}]}}