{"id":6681,"date":"2021-12-16T05:41:50","date_gmt":"2021-12-16T10:41:50","guid":{"rendered":"https:\/\/puyapeptide.net\/product\/tetrapeptide-14-efecte-anti-imbatranire-lifting-si-antirid\/"},"modified":"2021-12-16T05:41:50","modified_gmt":"2021-12-16T10:41:50","slug":"tetrapeptide-14-efecte-anti-imbatranire-lifting-si-antirid","status":"publish","type":"product","link":"https:\/\/puyapeptide.net\/ro\/product\/tetrapeptide-14-efecte-anti-imbatranire-lifting-si-antirid\/","title":{"rendered":"Tetrapeptide-14 Efecte anti-\u00eemb\u0103tr\u00e2nire, lifting \u0219i antirid"},"content":{"rendered":"<h2><strong>Tetrapeptide-14 Efecte anti-\u00eemb\u0103tr\u00e2nire, lifting \u0219i antirid<\/strong><\/h2>\n<p>Numele produsului: Tetrapeptide-14<br \/>\nSursa: sintetic<br \/>\nGrad: cosmetic<br \/>\nFormulare: disponibil\u0103 pentru referin\u021b\u0103, v\u0103 rug\u0103m s\u0103 ne contacta\u021bi.<br \/>\nMSDS \u0219i COA: disponibile pentru referin\u021b\u0103, v\u0103 rug\u0103m s\u0103 ne contacta\u021bi<br \/>\nLivrare: prompt din stoc<br \/>\nMiros: caracteristic<br \/>\nStabilitate: stabil<br \/>\nSolubilitate: solubil \u00een ap\u0103<br \/>\nCapacitate: 600g pe lun\u0103<br \/>\nAspect: pulbere alb\u0103<\/p>\n<p>Tetrapeptid\u0103 -14 este o secven\u021b\u0103 specific\u0103 de peptide care poate fi utilizat\u0103 \u00een tratamentele cosmetice pentru a atenua ro\u0219ea\u021ba asociat\u0103 cu rozacee sau expunerea u\u0219oar\u0103 la soare<br \/>\n-Ac\u0163ioneaz\u0103 prin reglarea \u00een jos a interleukinei-6 (IL-6) pentru a preveni inflamarea, care<br \/>\n\u00een la r\u00e2ndul s\u0103u, reduce daunele MMP-1 cu efectul net al unui aspect luminos \u0219i uniform al pielii<br \/>\naspectului<br \/>\n-Reduce, de asemenea, probabilitatea de pigmentare postinflamatoare, \u00eempreun\u0103 cu<br \/>\n\u00eembun\u0103t\u0103\u021birea s\u0103n\u0103t\u0103\u021bii generale a pielii<\/p>\n<p> <strong>Utiliz\u0103ri de tetrapeptide- 14<\/strong><br \/>\nTetrapeptide-14 este o matrice unic\u0103 de livrare care combin\u0103 o ro\u0219ea\u021b\u0103 \u0219i o peptid\u0103 de diminuare a inflama\u021biei cu propriet\u0103\u021bile antioxidante ale ceaiului, propriet\u0103\u021bile calmante ale b. oswellia serrata \u0219i calitatea lini\u0219titoare a mierii.<\/p>\n","protected":false},"excerpt":{"rendered":"<p>Nume produs: Tetrapeptide-14<br \/>\nSursa: sintetic<br \/>\nGrad: cosmetic<br \/>\nLivrare: prompt din stoc<br \/>\nMiros: caracteristic<br \/>\nAspect: pulbere alb\u0103<\/p>\n","protected":false},"featured_media":2172,"comment_status":"open","ping_status":"closed","template":"","meta":{"om_disable_all_campaigns":false,"_monsterinsights_skip_tracking":false,"_monsterinsights_sitenote_active":false,"_monsterinsights_sitenote_note":"","_monsterinsights_sitenote_category":0,"site-sidebar-layout":"default","site-content-layout":"default","ast-site-content-layout":"default","site-content-style":"default","site-sidebar-style":"default","ast-global-header-display":"","ast-banner-title-visibility":"","ast-main-header-display":"","ast-hfb-above-header-display":"","ast-hfb-below-header-display":"","ast-hfb-mobile-header-display":"","site-post-title":"","ast-breadcrumbs-content":"","ast-featured-img":"","footer-sml-layout":"","ast-disable-related-posts":"","theme-transparent-header-meta":"default","adv-header-id-meta":"","stick-header-meta":"","header-above-stick-meta":"","header-main-stick-meta":"","header-below-stick-meta":"","astra-migrate-meta-layouts":"default","ast-page-background-enabled":"default","ast-page-background-meta":{"desktop":{"background-color":"","background-image":"","background-repeat":"repeat","background-position":"center center","background-size":"auto","background-attachment":"scroll","background-type":"","background-media":"","overlay-type":"","overlay-color":"","overlay-opacity":"","overlay-gradient":""},"tablet":{"background-color":"","background-image":"","background-repeat":"repeat","background-position":"center center","background-size":"auto","background-attachment":"scroll","background-type":"","background-media":"","overlay-type":"","overlay-color":"","overlay-opacity":"","overlay-gradient":""},"mobile":{"background-color":"","background-image":"","background-repeat":"repeat","background-position":"center center","background-size":"auto","background-attachment":"scroll","background-type":"","background-media":"","overlay-type":"","overlay-color":"","overlay-opacity":"","overlay-gradient":""}},"ast-content-background-meta":{"desktop":{"background-color":"var(--ast-global-color-5)","background-image":"","background-repeat":"repeat","background-position":"center center","background-size":"auto","background-attachment":"scroll","background-type":"","background-media":"","overlay-type":"","overlay-color":"","overlay-opacity":"","overlay-gradient":""},"tablet":{"background-color":"var(--ast-global-color-5)","background-image":"","background-repeat":"repeat","background-position":"center center","background-size":"auto","background-attachment":"scroll","background-type":"","background-media":"","overlay-type":"","overlay-color":"","overlay-opacity":"","overlay-gradient":""},"mobile":{"background-color":"var(--ast-global-color-5)","background-image":"","background-repeat":"repeat","background-position":"center center","background-size":"auto","background-attachment":"scroll","background-type":"","background-media":"","overlay-type":"","overlay-color":"","overlay-opacity":"","overlay-gradient":""}}},"product_brand":[],"product_cat":[598],"product_tag":[3138,3116],"class_list":{"0":"post-6681","1":"product","2":"type-product","3":"status-publish","4":"has-post-thumbnail","6":"product_cat-peptide-pentru-ingrijirea-ochilor","7":"product_tag-lifting-and-anti-wrinkle-effects-ro","8":"product_tag-tetrapeptide-14-anti-aging-ro","9":"desktop-align-left","10":"tablet-align-left","11":"mobile-align-left","13":"first","14":"instock","15":"shipping-taxable","16":"product-type-simple"},"_links":{"self":[{"href":"https:\/\/puyapeptide.net\/ro\/wp-json\/wp\/v2\/product\/6681","targetHints":{"allow":["GET"]}}],"collection":[{"href":"https:\/\/puyapeptide.net\/ro\/wp-json\/wp\/v2\/product"}],"about":[{"href":"https:\/\/puyapeptide.net\/ro\/wp-json\/wp\/v2\/types\/product"}],"replies":[{"embeddable":true,"href":"https:\/\/puyapeptide.net\/ro\/wp-json\/wp\/v2\/comments?post=6681"}],"wp:featuredmedia":[{"embeddable":true,"href":"https:\/\/puyapeptide.net\/ro\/wp-json\/wp\/v2\/media\/2172"}],"wp:attachment":[{"href":"https:\/\/puyapeptide.net\/ro\/wp-json\/wp\/v2\/media?parent=6681"}],"wp:term":[{"taxonomy":"product_brand","embeddable":true,"href":"https:\/\/puyapeptide.net\/ro\/wp-json\/wp\/v2\/product_brand?post=6681"},{"taxonomy":"product_cat","embeddable":true,"href":"https:\/\/puyapeptide.net\/ro\/wp-json\/wp\/v2\/product_cat?post=6681"},{"taxonomy":"product_tag","embeddable":true,"href":"https:\/\/puyapeptide.net\/ro\/wp-json\/wp\/v2\/product_tag?post=6681"}],"curies":[{"name":"wp","href":"https:\/\/api.w.org\/{rel}","templated":true}]}}