{"id":6712,"date":"2021-12-16T05:42:42","date_gmt":"2021-12-16T10:42:42","guid":{"rendered":"https:\/\/puyapeptide.net\/product\/dipeptide-2-eyeliss-h-val-trp-oh-cas-24587-37-9-pentru-indepartarea-pungii-oculare-si-netezirea-ridurilor\/"},"modified":"2021-12-16T05:42:42","modified_gmt":"2021-12-16T10:42:42","slug":"dipeptide-2-eyeliss-h-val-trp-oh-cas-24587-37-9-pentru-indepartarea-pungii-oculare-si-netezirea-ridurilor","status":"publish","type":"product","link":"https:\/\/puyapeptide.net\/ro\/product\/dipeptide-2-eyeliss-h-val-trp-oh-cas-24587-37-9-pentru-indepartarea-pungii-oculare-si-netezirea-ridurilor\/","title":{"rendered":"Dipeptide-2\/ Eyeliss\/ H-VAL-TRP-OH CAS 24587-37-9 Pentru \u00eendep\u0103rtarea pungii oculare \u0219i netezirea ridurilor"},"content":{"rendered":"<h2><strong>Dipeptide-2\/ Eyeliss\/ H-VAL-TRP-OH CAS 24587-37-9 Pentru \u00eendep\u0103rtarea pungii oculare \u0219i netezirea ridurilor<\/strong><\/h2>\n<p>Nume produs: Dipeptide-2\/ Eyeliss\/ H-VAL-TRP-OH<br \/>\nSinome: L-VALYL-L-TRIPTOPHAN;H-VAL-TRP-OH;L-Valil-L-tirozin\u0103;Dipeptide Val -Try;VW-2;eyeliss;VW;Dipeptide-2 \/ Dipeptide Val-Try<br \/>\nCAS: 24587-37-9<br \/>\nMF: C16H21N3O3<br \/>\nMW: 303,36<br \/>\nEINECS:<br \/>\nProdus Categorii: Deriva\u021bi de aminoacizi<br \/>\nMol File: 24587-37-9.mol<\/p>\n<p>Dipeptide-2 este o peptid\u0103 alc\u0103tuit\u0103 din doi aminoacizi: valin\u0103 \u0219i triptofan. De exemplu, se produc o varietate de peptide de c\u0103tre organism unde controleaz\u0103 procesele fiziologice. Ei fac acest lucru func\u021bion\u00e2nd ca enzime sau modific\u00e2nd func\u021bia celulelor.<\/p>\n<p> <strong>Func\u021bia \u0219i aplicarea Dipeptidei-2\/ Eyeliss\/ H-VAL-TRP-OH CAS 24587-37-9<\/strong> <\/p>\n<p> Dipeptida-2 ajut\u0103 la reducerea umfl\u0103turilor \u0219i pungilor de sub ochi. Ochii umfla\u021bi se datoreaz\u0103 acumul\u0103rii de lichid cauzate de drenaj slab, capilare fragile \u0219i pierderea elasticit\u0103\u021bii. Lichidul se scurge \u00een \u021besuturile \u00eenconjur\u0103toare \u0219i produce \u201epungi pentru ochi\u201d.<\/p>\n<p>Vizeaz\u0103 toate cele trei condi\u021bii prin \u00eembun\u0103t\u0103\u021birea drenajului, reducerea fragilit\u0103\u021bii capilare \u0219i reducerea irita\u021biei \u0219i sl\u0103birii pielii, sporind \u00een acela\u0219i timp fermitatea \u0219i elasticitatea pielii.<\/p>\n<p>1. . sc\u0103pa\u021bi rapid de pungile de sub ochi, efectul de drenaj al dipeptidei-2 poate ob\u021bine efectul de reducere a pungilor de sub ochi \u00een 15 zile.<\/p>\n<p>2. se adaug\u0103 la formul\u0103rile cosmetice precum lo\u021biuni, geluri, seruri etc. pentru a ob\u021bine efectul ideal de \u00eendep\u0103rtare a pungilor de sub ochi.<\/p>\n<p>3. ajut\u0103 la prevenirea \u0219i eliminarea umfl\u0103turii de sub ochi, \u00een timp ce fermizeaz\u0103 \u0219i regleaz\u0103 pielea pentru a netezi ridurile.<\/p>\n","protected":false},"excerpt":{"rendered":"<p>Nume produs: Dipeptide-2\/ Eyeliss\/ H-VAL-TRP-OH<br \/>\nCAS: 24587-37-9<br \/>\nMF: C16H21N3O3<br \/>\nMW: 303,36<br \/>\nMol File: 24587-37-9. mol<\/p>\n","protected":false},"featured_media":2130,"comment_status":"open","ping_status":"closed","template":"","meta":{"om_disable_all_campaigns":false,"_monsterinsights_skip_tracking":false,"_monsterinsights_sitenote_active":false,"_monsterinsights_sitenote_note":"","_monsterinsights_sitenote_category":0,"site-sidebar-layout":"default","site-content-layout":"default","ast-site-content-layout":"default","site-content-style":"default","site-sidebar-style":"default","ast-global-header-display":"","ast-banner-title-visibility":"","ast-main-header-display":"","ast-hfb-above-header-display":"","ast-hfb-below-header-display":"","ast-hfb-mobile-header-display":"","site-post-title":"","ast-breadcrumbs-content":"","ast-featured-img":"","footer-sml-layout":"","ast-disable-related-posts":"","theme-transparent-header-meta":"default","adv-header-id-meta":"","stick-header-meta":"","header-above-stick-meta":"","header-main-stick-meta":"","header-below-stick-meta":"","astra-migrate-meta-layouts":"default","ast-page-background-enabled":"default","ast-page-background-meta":{"desktop":{"background-color":"","background-image":"","background-repeat":"repeat","background-position":"center center","background-size":"auto","background-attachment":"scroll","background-type":"","background-media":"","overlay-type":"","overlay-color":"","overlay-opacity":"","overlay-gradient":""},"tablet":{"background-color":"","background-image":"","background-repeat":"repeat","background-position":"center center","background-size":"auto","background-attachment":"scroll","background-type":"","background-media":"","overlay-type":"","overlay-color":"","overlay-opacity":"","overlay-gradient":""},"mobile":{"background-color":"","background-image":"","background-repeat":"repeat","background-position":"center center","background-size":"auto","background-attachment":"scroll","background-type":"","background-media":"","overlay-type":"","overlay-color":"","overlay-opacity":"","overlay-gradient":""}},"ast-content-background-meta":{"desktop":{"background-color":"var(--ast-global-color-5)","background-image":"","background-repeat":"repeat","background-position":"center center","background-size":"auto","background-attachment":"scroll","background-type":"","background-media":"","overlay-type":"","overlay-color":"","overlay-opacity":"","overlay-gradient":""},"tablet":{"background-color":"var(--ast-global-color-5)","background-image":"","background-repeat":"repeat","background-position":"center center","background-size":"auto","background-attachment":"scroll","background-type":"","background-media":"","overlay-type":"","overlay-color":"","overlay-opacity":"","overlay-gradient":""},"mobile":{"background-color":"var(--ast-global-color-5)","background-image":"","background-repeat":"repeat","background-position":"center center","background-size":"auto","background-attachment":"scroll","background-type":"","background-media":"","overlay-type":"","overlay-color":"","overlay-opacity":"","overlay-gradient":""}}},"product_brand":[],"product_cat":[598],"product_tag":[],"class_list":{"0":"post-6712","1":"product","2":"type-product","3":"status-publish","4":"has-post-thumbnail","6":"product_cat-peptide-pentru-ingrijirea-ochilor","7":"desktop-align-left","8":"tablet-align-left","9":"mobile-align-left","11":"first","12":"instock","13":"shipping-taxable","14":"product-type-simple"},"_links":{"self":[{"href":"https:\/\/puyapeptide.net\/ro\/wp-json\/wp\/v2\/product\/6712","targetHints":{"allow":["GET"]}}],"collection":[{"href":"https:\/\/puyapeptide.net\/ro\/wp-json\/wp\/v2\/product"}],"about":[{"href":"https:\/\/puyapeptide.net\/ro\/wp-json\/wp\/v2\/types\/product"}],"replies":[{"embeddable":true,"href":"https:\/\/puyapeptide.net\/ro\/wp-json\/wp\/v2\/comments?post=6712"}],"wp:featuredmedia":[{"embeddable":true,"href":"https:\/\/puyapeptide.net\/ro\/wp-json\/wp\/v2\/media\/2130"}],"wp:attachment":[{"href":"https:\/\/puyapeptide.net\/ro\/wp-json\/wp\/v2\/media?parent=6712"}],"wp:term":[{"taxonomy":"product_brand","embeddable":true,"href":"https:\/\/puyapeptide.net\/ro\/wp-json\/wp\/v2\/product_brand?post=6712"},{"taxonomy":"product_cat","embeddable":true,"href":"https:\/\/puyapeptide.net\/ro\/wp-json\/wp\/v2\/product_cat?post=6712"},{"taxonomy":"product_tag","embeddable":true,"href":"https:\/\/puyapeptide.net\/ro\/wp-json\/wp\/v2\/product_tag?post=6712"}],"curies":[{"name":"wp","href":"https:\/\/api.w.org\/{rel}","templated":true}]}}