{"id":6735,"date":"2021-12-16T06:01:46","date_gmt":"2021-12-16T11:01:46","guid":{"rendered":"https:\/\/puyapeptide.net\/product\/acetil-tetrapeptide-5-eyeseryl-cas-820959-17-9-poate-ajuta-la-reducerea-umflaturii-ochilor\/"},"modified":"2021-12-16T06:01:46","modified_gmt":"2021-12-16T11:01:46","slug":"acetil-tetrapeptide-5-eyeseryl-cas-820959-17-9-poate-ajuta-la-reducerea-umflaturii-ochilor","status":"publish","type":"product","link":"https:\/\/puyapeptide.net\/ro\/product\/acetil-tetrapeptide-5-eyeseryl-cas-820959-17-9-poate-ajuta-la-reducerea-umflaturii-ochilor\/","title":{"rendered":"Acetil tetrapeptide-5\/ Eyeseryl CAS 820959-17-9 poate ajuta la reducerea umfl\u0103turii ochilor"},"content":{"rendered":"<h2><strong>Acetil tetrapeptide-5\/ Eyeseryl CAS 820959-17-9 poate ajuta la reducerea umfl\u0103turii ochilor<\/strong><\/h2>\n<p>Numele produsului: Acetil tetrapeptide-5\/ Eyeseryl<br \/>\nSinome: (2S)-2-[[(2S)-2-[[(2S)-2-(3-acetamidopropanoilamino)-3-(1H- acid imidazol-5-il)propanoil]amino]-3-hidroxipropanoil]amino]-3-(1H-imidazol-5-il)propanoic;N-acetil-beta-alanil-L-histidil-L-seril-L- histidin\u0103; acetil tetrapeptid\u0103-5; acetil tetrapeptid\u0103; depuffin\u0103\/acetil tetrapeptid\u0103-5; acetil tetrapeptid\u0103-5\/eyeseryl; depuffin\u0103; tetrapeptid\u0103<br \/>\nCAS: 820959-17-9<br \/>\nMF: C20H28N8O4<br \/>\nM4O7<br \/>\n &amp;&gt;EINECS: 1312995-182-4<br \/>\nCategorii de produse: PEPTIDE DE FRUMUSE\u021aE<br \/>\nFi\u0219ier Mol: 820959-17-9.mol<\/p>\n<p>Acetil tetrapeptide-5\/ Eyeseryl este o peptid\u0103 activ\u0103 cu anti-edem func\u021bia \u0219i utilizat pe scar\u0103 larg\u0103 \u00een capacitatea de a sc\u0103pa de pungi de ochi, de a sc\u0103pa de pungi de ochi \u0219i de cearc\u0103nele, de a lupta \u00eempotriva edemului, antiglicozilare \u0219i poate ameliora \u00een mod semnificativ simptomele pungilor de ochi de tip edem. Eye Silk Amino Peptide este considerat un agent hidratant Chemicalbook sau un agent de absorb\u021bie a umidit\u0103\u021bii care poate ajuta la reducerea umfl\u0103turii ochilor \u0219i la \u00eembun\u0103t\u0103\u021birea elasticit\u0103\u021bii pielii, precum \u0219i la netezimea general\u0103. Utilizeaz\u0103 propriet\u0103\u021bile higroscopice ale acestui compus pentru a reduce umflarea prin atragerea umezelii din ad\u00e2ncul pielii c\u0103tre stratul exterior al pielii (stratul cornos).<\/p>\n<p>Acetil Tetrapeptid-5 este considerat un agent hidratant sau higroscopic, care poate ajuta la reducerea umfl\u0103turii ochilor, la \u00eembun\u0103t\u0103\u021birea elasticit\u0103\u021bii pielii \u0219i a netezirii generale. Utilizeaz\u0103 higroscopicitatea acestui compus pentru a absorbi umezeala din partea profund\u0103 a pielii p\u00e2n\u0103 \u00een stratul exterior al pielii (stratul cornos), reduc\u00e2nd astfel umflarea. Func\u021bia sa de hidratare \u00eei permite s\u0103 fie utilizat \u00een mod eficient pentru a trata pielea uscat\u0103.<\/p>\n<p> <strong>Func\u021bia acetil tetrapeptidei-5 CAS 820959-17-9<\/strong><br \/>\n1. \u00cembun\u0103t\u0103\u021be\u0219te microcircula\u021bia pielii oculare prin inhibarea enzimei de conversie a angiotensinei I<br \/>\n2. Cre\u0219te activitatea SOD \u0219i inhib\u0103 glicozilarea acestuia<br \/>\n3. Reduce permeabilitatea vaselor de s\u00e2nge \u0219i reduce exsuda\u021bia apei<\/p>\n","protected":false},"excerpt":{"rendered":"<p>Nume produs: Acetil tetrapeptide-5\/ Eyeseryl<br \/>\nCAS: 820959-17-9<br \/>\nMF: C20H28N8O7<br \/>\nMW: 492,49<br \/>\nEINECS: 1312995-182-4<br \/>\nMol File: 82095 -9.mol<\/p>\n","protected":false},"featured_media":2214,"comment_status":"open","ping_status":"closed","template":"","meta":{"om_disable_all_campaigns":false,"_monsterinsights_skip_tracking":false,"_monsterinsights_sitenote_active":false,"_monsterinsights_sitenote_note":"","_monsterinsights_sitenote_category":0,"site-sidebar-layout":"default","site-content-layout":"default","ast-site-content-layout":"default","site-content-style":"default","site-sidebar-style":"default","ast-global-header-display":"","ast-banner-title-visibility":"","ast-main-header-display":"","ast-hfb-above-header-display":"","ast-hfb-below-header-display":"","ast-hfb-mobile-header-display":"","site-post-title":"","ast-breadcrumbs-content":"","ast-featured-img":"","footer-sml-layout":"","ast-disable-related-posts":"","theme-transparent-header-meta":"default","adv-header-id-meta":"","stick-header-meta":"","header-above-stick-meta":"","header-main-stick-meta":"","header-below-stick-meta":"","astra-migrate-meta-layouts":"default","ast-page-background-enabled":"default","ast-page-background-meta":{"desktop":{"background-color":"","background-image":"","background-repeat":"repeat","background-position":"center center","background-size":"auto","background-attachment":"scroll","background-type":"","background-media":"","overlay-type":"","overlay-color":"","overlay-opacity":"","overlay-gradient":""},"tablet":{"background-color":"","background-image":"","background-repeat":"repeat","background-position":"center center","background-size":"auto","background-attachment":"scroll","background-type":"","background-media":"","overlay-type":"","overlay-color":"","overlay-opacity":"","overlay-gradient":""},"mobile":{"background-color":"","background-image":"","background-repeat":"repeat","background-position":"center center","background-size":"auto","background-attachment":"scroll","background-type":"","background-media":"","overlay-type":"","overlay-color":"","overlay-opacity":"","overlay-gradient":""}},"ast-content-background-meta":{"desktop":{"background-color":"var(--ast-global-color-5)","background-image":"","background-repeat":"repeat","background-position":"center center","background-size":"auto","background-attachment":"scroll","background-type":"","background-media":"","overlay-type":"","overlay-color":"","overlay-opacity":"","overlay-gradient":""},"tablet":{"background-color":"var(--ast-global-color-5)","background-image":"","background-repeat":"repeat","background-position":"center center","background-size":"auto","background-attachment":"scroll","background-type":"","background-media":"","overlay-type":"","overlay-color":"","overlay-opacity":"","overlay-gradient":""},"mobile":{"background-color":"var(--ast-global-color-5)","background-image":"","background-repeat":"repeat","background-position":"center center","background-size":"auto","background-attachment":"scroll","background-type":"","background-media":"","overlay-type":"","overlay-color":"","overlay-opacity":"","overlay-gradient":""}}},"product_brand":[],"product_cat":[598],"product_tag":[3101],"class_list":{"0":"post-6735","1":"product","2":"type-product","3":"status-publish","4":"has-post-thumbnail","6":"product_cat-peptide-pentru-ingrijirea-ochilor","7":"product_tag-acetyl-tetrapeptide-5-eyeseryl-cas-820959-17-9-can-help-reduce-eye-puffiness-ro","8":"desktop-align-left","9":"tablet-align-left","10":"mobile-align-left","12":"first","13":"instock","14":"shipping-taxable","15":"product-type-simple"},"_links":{"self":[{"href":"https:\/\/puyapeptide.net\/ro\/wp-json\/wp\/v2\/product\/6735","targetHints":{"allow":["GET"]}}],"collection":[{"href":"https:\/\/puyapeptide.net\/ro\/wp-json\/wp\/v2\/product"}],"about":[{"href":"https:\/\/puyapeptide.net\/ro\/wp-json\/wp\/v2\/types\/product"}],"replies":[{"embeddable":true,"href":"https:\/\/puyapeptide.net\/ro\/wp-json\/wp\/v2\/comments?post=6735"}],"wp:featuredmedia":[{"embeddable":true,"href":"https:\/\/puyapeptide.net\/ro\/wp-json\/wp\/v2\/media\/2214"}],"wp:attachment":[{"href":"https:\/\/puyapeptide.net\/ro\/wp-json\/wp\/v2\/media?parent=6735"}],"wp:term":[{"taxonomy":"product_brand","embeddable":true,"href":"https:\/\/puyapeptide.net\/ro\/wp-json\/wp\/v2\/product_brand?post=6735"},{"taxonomy":"product_cat","embeddable":true,"href":"https:\/\/puyapeptide.net\/ro\/wp-json\/wp\/v2\/product_cat?post=6735"},{"taxonomy":"product_tag","embeddable":true,"href":"https:\/\/puyapeptide.net\/ro\/wp-json\/wp\/v2\/product_tag?post=6735"}],"curies":[{"name":"wp","href":"https:\/\/api.w.org\/{rel}","templated":true}]}}