{"id":6862,"date":"2021-12-16T06:09:09","date_gmt":"2021-12-16T11:09:09","guid":{"rendered":"https:\/\/puyapeptide.net\/product\/nonapeptide-1-melitane-cas-158563-45-2-este-o-peptida-de-iluminare-a-pielii\/"},"modified":"2021-12-16T06:09:09","modified_gmt":"2021-12-16T11:09:09","slug":"nonapeptide-1-melitane-cas-158563-45-2-este-o-peptida-de-iluminare-a-pielii","status":"publish","type":"product","link":"https:\/\/puyapeptide.net\/ro\/product\/nonapeptide-1-melitane-cas-158563-45-2-este-o-peptida-de-iluminare-a-pielii\/","title":{"rendered":"Nonapeptide-1\/ Melitane CAS 158563-45-2 este o peptid\u0103 de iluminare a pielii"},"content":{"rendered":"<h2><strong>Nonapeptide-1\/ Melitane CAS 158563-45-2 este o peptid\u0103 de iluminare a pielii<\/strong><\/h2>\n<p>Nume produs: Nonapeptide-1<br \/>\nSinonime: L-Metionil-L-prolil-D-fenilalanil-L-arginil-D-triptofil-L-fenilalanil-L-lizil-L-prolil-L-valinamid\u0103; Melanostatina-5;Melanostatin-5(nonpeptida-1);melanostatina;Met-Pro-D-Phe-Arg-D-Trp-Phe-Lys-Pro-Val-NH2;Melitane\/Nonapeptide-1;Nonapeptide-1, Melanostatine -5, Melanostatine;Melitan<br \/>\nCAS: 158563-45-2<br \/>\nMF: C61H87N15O9S<br \/>\nMW: 1206,5<br \/>\nEINECS:<br \/>\nCategorii de produse:<br \/>\nMol File: 158563-45-2 .mol<\/p>\n<p>Nonapeptide-1, cunoscut \u0219i sub numele de Meritide, este o non-peptid\u0103 de albire care con\u021bine nou\u0103 aminoacizi. Este folosit \u00een principal pentru albirea \u0219i str\u0103lucirea pielii \u0219i pentru \u00eendep\u0103rtarea petelor. Prin inhibarea MSH (melanotropina), reducerea produc\u021biei de melanin\u0103 \u0219i prevenirea produc\u021biei excesive de melanin\u0103.<br \/>\nNonapeptide-1 este o peptid\u0103 de iluminare a pielii, derivat\u0103 din hormonul stimulator al melanocitelor (MSH). ). Previne activitatea tirozinei \u00een melanocite, inhibarea sintezei melaninei \u0219i ajut\u0103 la uniformizarea nuan\u021bei pielii prin reducerea hiperpigment\u0103rii. Acest proces reduce formarea de pigmentare nedorit\u0103, permi\u021b\u00e2nd controlul asupra nuan\u021bei pielii \u0219i a petelor maro.<\/p>\n<p> <strong>Func\u021bia Nonapeptide-1\/ Melitane CAS 158563-45-2<\/strong><br \/>\n1. Nonapeptida-1 blocheaz\u0103 legarea \u03b1-MSH cu receptorul s\u0103u MC1R pe membrana celular\u0103 a melanocitelor. Procesul succesiv de producere a melaninei este oprit.<br \/>\n2. Un agent de albire care ac\u021bioneaz\u0103 \u00een stadiul ini\u021bial al mecanismului de \u00eentunecare a pielii. Foarte eficient.<br \/>\n3. Nonapeptide-1 Previne activarea ulterioar\u0103 a tirozinazei \u0219i blocheaz\u0103 astfel sinteza melaninei pentru un control mai bun asupra nuan\u021bei pielii \u0219i a petelor maro.<br \/>\n4. Nonapeptida-1 Previne hiperproduc\u021bia de melanin\u0103<br \/>\n5. Activitate de albire dovedit\u0103 pe pielea asiatic\u0103<\/p>\n<p> <strong>Aplica\u021bieNonapeptide-1\/ Melitane CAS 158563-45-2<\/strong><br \/>\nStr\u0103lucire a pielii \/ Iluminare a pielii-albire \/ Anti-pat\u0103 \u00eentunecat\u0103<\/p>\n","protected":false},"excerpt":{"rendered":"<p>Nume produs: Nonapeptide-1<br \/>\nCAS: 158563-45-2<br \/>\nMF: C61H87N15O9S<br \/>\nMW: 1206,5<br \/>\nMol Fi\u0219ier: 158563-45-2.mol<\/p>\n","protected":false},"featured_media":2109,"comment_status":"open","ping_status":"closed","template":"","meta":{"om_disable_all_campaigns":false,"_monsterinsights_skip_tracking":false,"_monsterinsights_sitenote_active":false,"_monsterinsights_sitenote_note":"","_monsterinsights_sitenote_category":0,"site-sidebar-layout":"default","site-content-layout":"default","ast-site-content-layout":"default","site-content-style":"default","site-sidebar-style":"default","ast-global-header-display":"","ast-banner-title-visibility":"","ast-main-header-display":"","ast-hfb-above-header-display":"","ast-hfb-below-header-display":"","ast-hfb-mobile-header-display":"","site-post-title":"","ast-breadcrumbs-content":"","ast-featured-img":"","footer-sml-layout":"","ast-disable-related-posts":"","theme-transparent-header-meta":"default","adv-header-id-meta":"","stick-header-meta":"","header-above-stick-meta":"","header-main-stick-meta":"","header-below-stick-meta":"","astra-migrate-meta-layouts":"default","ast-page-background-enabled":"default","ast-page-background-meta":{"desktop":{"background-color":"","background-image":"","background-repeat":"repeat","background-position":"center center","background-size":"auto","background-attachment":"scroll","background-type":"","background-media":"","overlay-type":"","overlay-color":"","overlay-opacity":"","overlay-gradient":""},"tablet":{"background-color":"","background-image":"","background-repeat":"repeat","background-position":"center center","background-size":"auto","background-attachment":"scroll","background-type":"","background-media":"","overlay-type":"","overlay-color":"","overlay-opacity":"","overlay-gradient":""},"mobile":{"background-color":"","background-image":"","background-repeat":"repeat","background-position":"center center","background-size":"auto","background-attachment":"scroll","background-type":"","background-media":"","overlay-type":"","overlay-color":"","overlay-opacity":"","overlay-gradient":""}},"ast-content-background-meta":{"desktop":{"background-color":"var(--ast-global-color-5)","background-image":"","background-repeat":"repeat","background-position":"center center","background-size":"auto","background-attachment":"scroll","background-type":"","background-media":"","overlay-type":"","overlay-color":"","overlay-opacity":"","overlay-gradient":""},"tablet":{"background-color":"var(--ast-global-color-5)","background-image":"","background-repeat":"repeat","background-position":"center center","background-size":"auto","background-attachment":"scroll","background-type":"","background-media":"","overlay-type":"","overlay-color":"","overlay-opacity":"","overlay-gradient":""},"mobile":{"background-color":"var(--ast-global-color-5)","background-image":"","background-repeat":"repeat","background-position":"center center","background-size":"auto","background-attachment":"scroll","background-type":"","background-media":"","overlay-type":"","overlay-color":"","overlay-opacity":"","overlay-gradient":""}}},"product_brand":[],"product_cat":[576],"product_tag":[2942],"class_list":{"0":"post-6862","1":"product","2":"type-product","3":"status-publish","4":"has-post-thumbnail","6":"product_cat-peptida-de-albire","7":"product_tag-nonapeptide-1-melitane-cas-158563-45-2-is-a-skin-lightening-peptide-ro","8":"desktop-align-left","9":"tablet-align-left","10":"mobile-align-left","12":"first","13":"instock","14":"shipping-taxable","15":"product-type-simple"},"_links":{"self":[{"href":"https:\/\/puyapeptide.net\/ro\/wp-json\/wp\/v2\/product\/6862","targetHints":{"allow":["GET"]}}],"collection":[{"href":"https:\/\/puyapeptide.net\/ro\/wp-json\/wp\/v2\/product"}],"about":[{"href":"https:\/\/puyapeptide.net\/ro\/wp-json\/wp\/v2\/types\/product"}],"replies":[{"embeddable":true,"href":"https:\/\/puyapeptide.net\/ro\/wp-json\/wp\/v2\/comments?post=6862"}],"wp:featuredmedia":[{"embeddable":true,"href":"https:\/\/puyapeptide.net\/ro\/wp-json\/wp\/v2\/media\/2109"}],"wp:attachment":[{"href":"https:\/\/puyapeptide.net\/ro\/wp-json\/wp\/v2\/media?parent=6862"}],"wp:term":[{"taxonomy":"product_brand","embeddable":true,"href":"https:\/\/puyapeptide.net\/ro\/wp-json\/wp\/v2\/product_brand?post=6862"},{"taxonomy":"product_cat","embeddable":true,"href":"https:\/\/puyapeptide.net\/ro\/wp-json\/wp\/v2\/product_cat?post=6862"},{"taxonomy":"product_tag","embeddable":true,"href":"https:\/\/puyapeptide.net\/ro\/wp-json\/wp\/v2\/product_tag?post=6862"}],"curies":[{"name":"wp","href":"https:\/\/api.w.org\/{rel}","templated":true}]}}