{"id":6930,"date":"2021-12-16T06:11:36","date_gmt":"2021-12-16T11:11:36","guid":{"rendered":"https:\/\/puyapeptide.net\/product\/palmitoyl-dipeptide-7-cas-911813-90-6-este-o-peptida-asemanatoare-semnalului-care-promoveaza-sinteza-proteinelor-matriceale-si-a-colagenului\/"},"modified":"2021-12-16T06:11:36","modified_gmt":"2021-12-16T11:11:36","slug":"palmitoyl-dipeptide-7-cas-911813-90-6-este-o-peptida-asemanatoare-semnalului-care-promoveaza-sinteza-proteinelor-matriceale-si-a-colagenului","status":"publish","type":"product","link":"https:\/\/puyapeptide.net\/ro\/product\/palmitoyl-dipeptide-7-cas-911813-90-6-este-o-peptida-asemanatoare-semnalului-care-promoveaza-sinteza-proteinelor-matriceale-si-a-colagenului\/","title":{"rendered":"Palmitoyl dipeptide-7 CAS 911813-90-6 este o peptid\u0103 asem\u0103n\u0103toare semnalului care promoveaz\u0103 sinteza proteinelor matriceale \u0219i a colagenului"},"content":{"rendered":"<h2><strong>Palmitoyl dipeptide-7 CAS 911813-90-6 este o peptid\u0103 asem\u0103n\u0103toare semnalului care promoveaz\u0103 sinteza proteinelor matriceale \u0219i a colagenului<\/strong><\/h2>\n<p>Numele produsului: Palmitoyl dipeptide-7\/ (2S,3R)-2-[[(2S)-6-amino-2-(hexadecanoilamino)hexanoil]amino]-3-hidroxibutanoic acid<br \/>\n Sinonime: Palmitoyl Dipeptide Acid -7;PAL-KT;(2S,3R)-2-[[(2S)-6-amino-2-(hexadecanoilamino)hexanoil]amino]-3-hidroxibutanoic;Palmitoil Dipeptide-7 palestrina<br \/>\nCAS: 911813-90-6<br \/>\nMF: C26H51N3O5<br \/>\nMW: 485,7<br \/>\nEINECS:<br \/>\nCategorii de produse:<br \/>\nMol File: 911813-90-6.mol<\/p>\n<p>Palmitoyl dipeptide- 7 este o peptid\u0103 asem\u0103n\u0103toare semnalului care promoveaz\u0103 proteinele matricei, promoveaz\u0103 sinteza colagenului \u0219i poate cre\u0219te, de asemenea, produc\u021bia de elastin\u0103, acid hialuronic, glicozaminoglican \u0219i fibronectin\u0103. Promoveaz\u0103 sinteza colagenului prin cre\u0219terea activit\u0103\u021bii celulelor stromale, f\u0103c\u00e2nd pielea s\u0103 arate mai elastic\u0103 \u0219i mai t\u00e2n\u0103r\u0103.<\/p>\n<p>Palmitoyl Dipeptide-7 este una dintre cele mai scurte peptide. C\u00e2nd a fost testat cu echivalente de piele uman\u0103, s-a descoperit c\u0103 \u00eembun\u0103t\u0103\u021be\u0219te diferen\u021bierea epidermei, a zonei membranei bazale \u0219i a fibroblastelor dermice. \u00cen fibroblastele dermice, Palmitoyl Dipeptide-7 a crescut colagenul I, colagenul IV \u0219i fibronectina. Utilizarea peptidelor pentru aplicare local\u0103 este limitat\u0103 de natura ionic\u0103 a lan\u021burilor de aminoacizi. Cu toate acestea, aceasta poate fi ocolit\u0103 prin \u00eencorporarea unui derivat lipofil, cum ar fi palmitoil.<\/p>\n<p> <strong>Func\u021bia Palmitoyl dipeptide-7 CAS 911813 -90-6<\/strong><br \/>\nAnti-imbatranire; peptide cosmetice<\/p>\n","protected":false},"excerpt":{"rendered":"<p>Nume produs: acid palmitoil dipeptid-7\/(2S,3R)-2-[[(2S)-6-amino-2-(hexadecanoilamino)hexanoil]amino]-3-hidroxibutanoic<br \/>\nCAS: 911813-90-6<br \/>\nMF: C26H51N3O5<br \/>\nMW: 485,7<br \/>\nMol File: 911813-90-6.mol<\/p>\n","protected":false},"featured_media":2298,"comment_status":"open","ping_status":"closed","template":"","meta":{"om_disable_all_campaigns":false,"_monsterinsights_skip_tracking":false,"_monsterinsights_sitenote_active":false,"_monsterinsights_sitenote_note":"","_monsterinsights_sitenote_category":0,"site-sidebar-layout":"default","site-content-layout":"default","ast-site-content-layout":"default","site-content-style":"default","site-sidebar-style":"default","ast-global-header-display":"","ast-banner-title-visibility":"","ast-main-header-display":"","ast-hfb-above-header-display":"","ast-hfb-below-header-display":"","ast-hfb-mobile-header-display":"","site-post-title":"","ast-breadcrumbs-content":"","ast-featured-img":"","footer-sml-layout":"","ast-disable-related-posts":"","theme-transparent-header-meta":"default","adv-header-id-meta":"","stick-header-meta":"","header-above-stick-meta":"","header-main-stick-meta":"","header-below-stick-meta":"","astra-migrate-meta-layouts":"default","ast-page-background-enabled":"default","ast-page-background-meta":{"desktop":{"background-color":"","background-image":"","background-repeat":"repeat","background-position":"center center","background-size":"auto","background-attachment":"scroll","background-type":"","background-media":"","overlay-type":"","overlay-color":"","overlay-opacity":"","overlay-gradient":""},"tablet":{"background-color":"","background-image":"","background-repeat":"repeat","background-position":"center center","background-size":"auto","background-attachment":"scroll","background-type":"","background-media":"","overlay-type":"","overlay-color":"","overlay-opacity":"","overlay-gradient":""},"mobile":{"background-color":"","background-image":"","background-repeat":"repeat","background-position":"center center","background-size":"auto","background-attachment":"scroll","background-type":"","background-media":"","overlay-type":"","overlay-color":"","overlay-opacity":"","overlay-gradient":""}},"ast-content-background-meta":{"desktop":{"background-color":"var(--ast-global-color-5)","background-image":"","background-repeat":"repeat","background-position":"center center","background-size":"auto","background-attachment":"scroll","background-type":"","background-media":"","overlay-type":"","overlay-color":"","overlay-opacity":"","overlay-gradient":""},"tablet":{"background-color":"var(--ast-global-color-5)","background-image":"","background-repeat":"repeat","background-position":"center center","background-size":"auto","background-attachment":"scroll","background-type":"","background-media":"","overlay-type":"","overlay-color":"","overlay-opacity":"","overlay-gradient":""},"mobile":{"background-color":"var(--ast-global-color-5)","background-image":"","background-repeat":"repeat","background-position":"center center","background-size":"auto","background-attachment":"scroll","background-type":"","background-media":"","overlay-type":"","overlay-color":"","overlay-opacity":"","overlay-gradient":""}}},"product_brand":[],"product_cat":[541],"product_tag":[2882],"class_list":{"0":"post-6930","1":"product","2":"type-product","3":"status-publish","4":"has-post-thumbnail","6":"product_cat-peptida-antirid-si-anti-imbatranire","7":"product_tag-palmitoyl-dipeptide-7-cas-911813-90-6-is-a-signal-like-peptide-that-promotes-matrix-protein-and-collagen-synthesis-ro","8":"desktop-align-left","9":"tablet-align-left","10":"mobile-align-left","12":"first","13":"instock","14":"shipping-taxable","15":"product-type-simple"},"_links":{"self":[{"href":"https:\/\/puyapeptide.net\/ro\/wp-json\/wp\/v2\/product\/6930","targetHints":{"allow":["GET"]}}],"collection":[{"href":"https:\/\/puyapeptide.net\/ro\/wp-json\/wp\/v2\/product"}],"about":[{"href":"https:\/\/puyapeptide.net\/ro\/wp-json\/wp\/v2\/types\/product"}],"replies":[{"embeddable":true,"href":"https:\/\/puyapeptide.net\/ro\/wp-json\/wp\/v2\/comments?post=6930"}],"wp:featuredmedia":[{"embeddable":true,"href":"https:\/\/puyapeptide.net\/ro\/wp-json\/wp\/v2\/media\/2298"}],"wp:attachment":[{"href":"https:\/\/puyapeptide.net\/ro\/wp-json\/wp\/v2\/media?parent=6930"}],"wp:term":[{"taxonomy":"product_brand","embeddable":true,"href":"https:\/\/puyapeptide.net\/ro\/wp-json\/wp\/v2\/product_brand?post=6930"},{"taxonomy":"product_cat","embeddable":true,"href":"https:\/\/puyapeptide.net\/ro\/wp-json\/wp\/v2\/product_cat?post=6930"},{"taxonomy":"product_tag","embeddable":true,"href":"https:\/\/puyapeptide.net\/ro\/wp-json\/wp\/v2\/product_tag?post=6930"}],"curies":[{"name":"wp","href":"https:\/\/api.w.org\/{rel}","templated":true}]}}