{"id":6954,"date":"2021-12-16T06:34:03","date_gmt":"2021-12-16T11:34:03","guid":{"rendered":"https:\/\/puyapeptide.net\/product\/tripeptide-29-colagen-tripeptide-h-gly-pro-hyp-oh-cas-2239-67-0-este-un-ingredient-cosmetic-eficient-antirid\/"},"modified":"2021-12-16T06:34:03","modified_gmt":"2021-12-16T11:34:03","slug":"tripeptide-29-colagen-tripeptide-h-gly-pro-hyp-oh-cas-2239-67-0-este-un-ingredient-cosmetic-eficient-antirid","status":"publish","type":"product","link":"https:\/\/puyapeptide.net\/ro\/product\/tripeptide-29-colagen-tripeptide-h-gly-pro-hyp-oh-cas-2239-67-0-este-un-ingredient-cosmetic-eficient-antirid\/","title":{"rendered":"Tripeptide-29\/ Colagen Tripeptide\/ H-Gly-Pro-Hyp-OH CAS 2239-67-0 este un ingredient cosmetic eficient antirid"},"content":{"rendered":"<h2><strong>Tripeptide-29\/ Colagen Tripeptide\/ H-Gly-Pro-Hyp-OH CAS 2239-67-0 este un ingredient cosmetic eficient antirid<\/strong><\/h2>\n<p>Numele produsului: Tripeptide-29\/ Colagen Tripeptide\/ H-Gly-Pro-Hyp-OH<br \/>\n Sinonime: (2S,4R)-1-((S)-1-(2-aMinoacetil)pirolidin\u0103-2 -carbonil)-4-hidroxipirolidin-2-carboxilic acid;Gly-Pro-Hyp;Tripeptide-29;ColagenTripeptide;GLY-PRO-HYDROXY-PRO;H-GLY-PRO-HYP-OH;gly-pro-hidroxi-pro W\/aprox.*6% izopropanol; Glicilprolilhidroxiprolin\u0103<br \/>\nCAS: 2239-67-0<br \/>\nMF: C12H19N3O5<br \/>\nMW: 285,3<br \/>\nEINECS: 207-843-5<br \/>\nCategorii de produse: &lt;&amp; &gt;Mol File: 2239-67-0.mol<\/p>\n<p>Tripeptide-29 poate cre\u0219te semnificativ sinteza de colagen \u0219i poate repara pielea. Este ideal\u0103 pentru aplica\u021biile de \u00eengrijire a pielii anti-\u00eemb\u0103tr\u00e2nire \u00een care se dore\u0219te promovarea reducerii ridurilor, a fermit\u0103\u021bii \u0219i a beneficiilor de umflare.<\/p>\n<p>Colagen Tripeptide (CTP) este cea mai mic\u0103 unitate structural\u0103 de colagen preparat\u0103 din piele de porc \u0219i piele de pe\u0219te folosind bioinginerie avansat\u0103. tehnologie. Este un fel de colagen care con\u021bine glicin\u0103, valin\u0103 (sau hidroxiprolin\u0103). Plus o alt\u0103 tripeptid\u0103 de aminoacizi. \u00cen termeni simpli, tripeptidele de colagen folosesc de fapt tehnici avansate de bioinginerie pentru a intercepta molecule mari de colagen care sunt utile pentru piele. Structura sa poate fi pur \u0219i simplu exprimat\u0103 ca Gly-xy. Greutatea sa molecular\u0103 medie este de 280 Daltoni. Deoarece greutatea molecular\u0103 a tripeptidelor de colagen este mic\u0103, acestea pot fi absorbite pe deplin de organism. \u00cen acela\u0219i timp, tripeptidele de colagen pot p\u0103trunde eficient \u0219i \u00een stratul cornos, derm \u0219i celulele r\u0103d\u0103cinii p\u0103rului.<\/p>\n<p> <strong>Tripeptide-29\/ Tripeptide de colagen\/ H-Gly-Pro-Hyp-OH CAS 2239-67-0 Propriet\u0103\u021bi chimice<\/strong><br \/>\nPunctul de fierbere 629,8\u00b155,0 \u00b0C(Predic\u021bie)<br \/>\ndensitate 1,493\u00b10,06 g\/cm3(Predic\u021bie)<br \/>\ntemp. -15\u00b0C<br \/>\npka 3,18\u00b10,40(Previzual)<\/p>\n<p> <strong>Tripeptide-29\/ Tripeptide de colagen\/ H-Gly-Pro-Hyp-OH CAS 2239-67-0 au \u00een principal urm\u0103toarele func\u021bii majore<\/strong> &lt;&amp; &gt; 1. Hidratare: Tripeptida de colagen con\u021bine factor de hidratare natural hidrofil, iar structura stabil\u0103 a triple helix poate bloca puternic umiditatea \u0219i poate men\u021bine pielea umed\u0103 \u0219i supl\u0103! Colagenul \u0219i peptidele de colagen au efect hidratant. CTP con\u021bine o por\u021biune cu greutate molecular\u0103 mic\u0103 \u0219i o por\u021biune cu greutate molecular\u0103 mare. Prin urmare, nu numai c\u0103 are acela\u0219i efect de \u00eengrijire a pielii, dar este \u0219i mai stabil \u0219i mai distinct. Un contor de impedan\u021b\u0103 a fost utilizat pentru a determina valoarea conductan\u021bei pentru a caracteriza con\u021binutul de umiditate al stratului cornos. Rezultatele arat\u0103 c\u0103 aplicarea CTP nu numai c\u0103 men\u021bine umiditatea, dar cre\u0219te \u0219i con\u021binutul de umiditate, care joac\u0103 un rol \u00een hidratare.<\/p>\n<p>2.Hr\u0103nire: Tripeptidele de colagen p\u0103trund \u00een piele mai puternic dec\u00e2t colagenul. Se leag\u0103 de celulele epiteliale ale pielii prin stratul cornos, particip\u0103 \u0219i \u00eembun\u0103t\u0103\u021be\u0219te metabolismul celulelor pielii, \u00eent\u0103re\u0219te activitatea colagenului din piele \u0219i men\u021bine umiditatea \u00een stratul cornos. Integritatea structurii fibrelor \u00eembun\u0103t\u0103\u021be\u0219te mediul de via\u021b\u0103 al celulelor pielii \u0219i promoveaz\u0103 metabolismul \u021besutului pielii, \u00eembun\u0103t\u0103\u021be\u0219te circula\u021bia s\u00e2ngelui \u0219i atinge scopul de a hr\u0103ni pielea.<\/p>\n<p>3.Iluminare: str\u0103lucirea pielii. pielea depinde de con\u021binutul de umiditate. Capacitatea bun\u0103 de re\u021binere a apei a tripeptidului de colagen face pielea umed\u0103 \u0219i lucioas\u0103 \u0219i ofer\u0103 o str\u0103lucire s\u0103n\u0103toas\u0103.<\/p>\n<p>4.Firming: C\u00e2nd tripeptidul de colagen este absorbit de piele, se umple \u00eentre derma pielii. , cresc\u00e2nd etan\u0219eitatea pielii, cre\u00e2nd tensiune cutanat\u0103, mic\u0219or\u00e2nd porii, f\u0103c\u00e2nd pielea str\u00e2ns\u0103 \u0219i plin\u0103 de elasticitate!<\/p>\n<p>5.Antirid: Derma con\u021bine un strat de colagen plin \u0219i supliment\u00e2nd tripeptidul de colagen poate sus\u021bine mai eficient celulele pielii, combina efectele de hidratare \u0219i inhibare a ridurilor \u0219i poate ob\u021bine \u00eempreun\u0103 efectul de \u00eentindere a liniilor aspre \u0219i de diluare a liniilor fine!<\/p>\n<p>6.Reparare: Tripeptidul de colagen poate p\u0103trunde direct \u00een piele. strat inferior \u0219i are afinitate bun\u0103 cu \u021besuturile din jur. Poate ajuta celulele s\u0103 produc\u0103 colagen \u0219i s\u0103 promoveze cre\u0219terea normal\u0103 a celulelor pielii.<\/p>\n<p>7.Nutri\u021bie: Tripeptidul de colagen este foarte permeabil la piele \u0219i se leag\u0103 de celulele epiteliale ale pielii prin stratul cornos. Particip\u0103 \u0219i \u00eembun\u0103t\u0103\u021be\u0219te metabolismul celulelor pielii \u0219i \u00eent\u0103re\u0219te activitatea colagenului din piele. Poate men\u021bine integritatea stratului cornos al apei \u0219i structurii fibrelor, poate \u00eembun\u0103t\u0103\u021bi mediul de via\u021b\u0103 al celulelor pielii \u0219i poate promova metabolismul \u021besuturilor pielii, poate \u00eembun\u0103t\u0103\u021bi circula\u021bia s\u00e2ngelui \u0219i poate atinge scopul de a hr\u0103ni pielea.<\/p>\n<p>8.Breast: The Hidroxiprolina unic\u0103 din tripeptida de colagen are func\u021bia de a str\u00e2nge \u021besutul conjunctiv, ceea ce poate face \u021besutul liber ferm, sus\u021bine s\u00e2nul l\u0103sat, face s\u00e2nul drept, plinu\u021b \u0219i elastic.<\/p>\n","protected":false},"excerpt":{"rendered":"<p>Nume produs: Tripeptide-29\/ Tripeptid\u0103 de colagen\/ H-Gly-Pro-Hyp-OH<br \/>\nCAS: 2239-67-0<br \/>\nMF: C12H19N3O5<br \/>\nMW: 285,3<br \/>\nEINECS: 207-843- 5<br \/>\nMol File: 2239-67-0.mol<\/p>\n","protected":false},"featured_media":2130,"comment_status":"open","ping_status":"closed","template":"","meta":{"om_disable_all_campaigns":false,"_monsterinsights_skip_tracking":false,"_monsterinsights_sitenote_active":false,"_monsterinsights_sitenote_note":"","_monsterinsights_sitenote_category":0,"site-sidebar-layout":"default","site-content-layout":"default","ast-site-content-layout":"default","site-content-style":"default","site-sidebar-style":"default","ast-global-header-display":"","ast-banner-title-visibility":"","ast-main-header-display":"","ast-hfb-above-header-display":"","ast-hfb-below-header-display":"","ast-hfb-mobile-header-display":"","site-post-title":"","ast-breadcrumbs-content":"","ast-featured-img":"","footer-sml-layout":"","ast-disable-related-posts":"","theme-transparent-header-meta":"default","adv-header-id-meta":"","stick-header-meta":"","header-above-stick-meta":"","header-main-stick-meta":"","header-below-stick-meta":"","astra-migrate-meta-layouts":"default","ast-page-background-enabled":"default","ast-page-background-meta":{"desktop":{"background-color":"","background-image":"","background-repeat":"repeat","background-position":"center center","background-size":"auto","background-attachment":"scroll","background-type":"","background-media":"","overlay-type":"","overlay-color":"","overlay-opacity":"","overlay-gradient":""},"tablet":{"background-color":"","background-image":"","background-repeat":"repeat","background-position":"center center","background-size":"auto","background-attachment":"scroll","background-type":"","background-media":"","overlay-type":"","overlay-color":"","overlay-opacity":"","overlay-gradient":""},"mobile":{"background-color":"","background-image":"","background-repeat":"repeat","background-position":"center center","background-size":"auto","background-attachment":"scroll","background-type":"","background-media":"","overlay-type":"","overlay-color":"","overlay-opacity":"","overlay-gradient":""}},"ast-content-background-meta":{"desktop":{"background-color":"var(--ast-global-color-5)","background-image":"","background-repeat":"repeat","background-position":"center center","background-size":"auto","background-attachment":"scroll","background-type":"","background-media":"","overlay-type":"","overlay-color":"","overlay-opacity":"","overlay-gradient":""},"tablet":{"background-color":"var(--ast-global-color-5)","background-image":"","background-repeat":"repeat","background-position":"center center","background-size":"auto","background-attachment":"scroll","background-type":"","background-media":"","overlay-type":"","overlay-color":"","overlay-opacity":"","overlay-gradient":""},"mobile":{"background-color":"var(--ast-global-color-5)","background-image":"","background-repeat":"repeat","background-position":"center center","background-size":"auto","background-attachment":"scroll","background-type":"","background-media":"","overlay-type":"","overlay-color":"","overlay-opacity":"","overlay-gradient":""}}},"product_brand":[],"product_cat":[541],"product_tag":[2858],"class_list":{"0":"post-6954","1":"product","2":"type-product","3":"status-publish","4":"has-post-thumbnail","6":"product_cat-peptida-antirid-si-anti-imbatranire","7":"product_tag-tripeptide-29-collagen-tripeptide-h-gly-pro-hyp-oh-cas-2239-67-0-is-an-effective-anti-wrinkle-cosmetic-ingredient-ro","8":"desktop-align-left","9":"tablet-align-left","10":"mobile-align-left","12":"first","13":"instock","14":"shipping-taxable","15":"product-type-simple"},"_links":{"self":[{"href":"https:\/\/puyapeptide.net\/ro\/wp-json\/wp\/v2\/product\/6954","targetHints":{"allow":["GET"]}}],"collection":[{"href":"https:\/\/puyapeptide.net\/ro\/wp-json\/wp\/v2\/product"}],"about":[{"href":"https:\/\/puyapeptide.net\/ro\/wp-json\/wp\/v2\/types\/product"}],"replies":[{"embeddable":true,"href":"https:\/\/puyapeptide.net\/ro\/wp-json\/wp\/v2\/comments?post=6954"}],"wp:featuredmedia":[{"embeddable":true,"href":"https:\/\/puyapeptide.net\/ro\/wp-json\/wp\/v2\/media\/2130"}],"wp:attachment":[{"href":"https:\/\/puyapeptide.net\/ro\/wp-json\/wp\/v2\/media?parent=6954"}],"wp:term":[{"taxonomy":"product_brand","embeddable":true,"href":"https:\/\/puyapeptide.net\/ro\/wp-json\/wp\/v2\/product_brand?post=6954"},{"taxonomy":"product_cat","embeddable":true,"href":"https:\/\/puyapeptide.net\/ro\/wp-json\/wp\/v2\/product_cat?post=6954"},{"taxonomy":"product_tag","embeddable":true,"href":"https:\/\/puyapeptide.net\/ro\/wp-json\/wp\/v2\/product_tag?post=6954"}],"curies":[{"name":"wp","href":"https:\/\/api.w.org\/{rel}","templated":true}]}}