{"id":7033,"date":"2021-12-16T06:39:43","date_gmt":"2021-12-16T11:39:43","guid":{"rendered":"https:\/\/puyapeptide.net\/product\/palmitoyl-tetrapeptide-3-palmitoyl-tetrapeptide-7-cas-221227-05-0-are-efecte-anti-umflare-si-antiinflamatoare-semnificative-asupra-pleoapelor\/"},"modified":"2021-12-16T06:39:43","modified_gmt":"2021-12-16T11:39:43","slug":"palmitoyl-tetrapeptide-3-palmitoyl-tetrapeptide-7-cas-221227-05-0-are-efecte-anti-umflare-si-antiinflamatoare-semnificative-asupra-pleoapelor","status":"publish","type":"product","link":"https:\/\/puyapeptide.net\/ro\/product\/palmitoyl-tetrapeptide-3-palmitoyl-tetrapeptide-7-cas-221227-05-0-are-efecte-anti-umflare-si-antiinflamatoare-semnificative-asupra-pleoapelor\/","title":{"rendered":"Palmitoyl tetrapeptide-3\/ Palmitoyl tetrapeptide-7 CAS 221227-05-0 are efecte anti-umflare \u0219i antiinflamatoare semnificative asupra pleoapelor."},"content":{"rendered":"<h2><strong>Palmitoyl tetrapeptide-3\/ Palmitoyl tetrapeptide-7 CAS 221227-05-0 are anti-umflare semnificativ\u0103 \u0219i Nume produs: PALMITOYL TETRAPEPTIDE 3<br \/>\n Sinonime: Matrixyl 3000\/Palmitoyl Tetrapeptide-3;N-Palmitoyl-rigin; GQPR;(S)-2-[(S)-1-[(S)-5-amino-5-oxo-2-(2-palmitamidoacetamido)pentanoil]pirolidin-2-carboxamido]-5-[(diaminometilen) acid amino]pentanoic;L-arginina, N-(1-oxohexadecil)glicil-L-glutaminil-L-prolil-;Pal-tetrapeptide-3(7)+ Dipeptide-2;Palmitoil Tetrapeptide-7(Pal-GQPR)&lt; &amp;&gt;CAS: 221227-05-0<br \/>\nMF: C34H62N8O7<br \/>\nMW: 694,91<br \/>\nEINECS:<br \/>\nCategorii de produse: PEPTIDE DE FRUMUSE\u021aE<br \/>\nFi\u0219ier Mol: 221227-05-0.mol<br \/>\n Palmitoyl Tetrapeptide-3 poate suprima produc\u021bia de interleukine \u00een exces, inhib\u00e2nd astfel r\u0103spunsurile inflamatorii inadecvate inutile \u0219i deteriorarea glica\u021biei. Ca peptid\u0103 mesager, palmitoyl tetrapeptide-7\/palmitoyl tetrapeptide-3 stimuleaz\u0103 sinteza \u0219i dezvoltarea colagenului (tip I, tip II, tip IV) \u0219i elastin\u0103 \u00een derma pielii.<\/p>\n<p> <strong>Palmitoyl tetrapeptide-3 \/ Palmitoyl tetrapeptide-7 CAS 221227-05-0 Propriet\u0103\u021bi chimice<\/strong><br \/>\ndensitate 1,26\u00b10,1 g\/cm3(Predic\u021bie)<br \/>\ntemp. Atmosfer\u0103 inert\u0103, 2-8\u00b0C<br \/>\npka 3,60\u00b10,21(Predic\u021bie)<br \/>\nCAS DataBase Reference 221227-05-0<\/p>\n<p> <strong>Func\u021bia \u0219i aplicarea Palmitoyl tetrapeptide-3\/ Palmitoyl tetrapeptide-7 CAS 221227 -05-0<\/strong><br \/>\n1.Anti-umflarea pleoapelor, eliminarea pungilor de ochi, antiinflama\u021bie<br \/>\n2.Poate \u00eembun\u0103t\u0103\u021bi fermitatea \u0219i elasticitatea pielii. Este folosit mai ales pe cremele de ochi pentru a sc\u0103pa de pungile de ochi<br \/>\n3.\u00cembun\u0103t\u0103\u021birea toleran\u021bei pielii la mediul extern \u0219i cre\u0219terea ap\u0103r\u0103rii \u00eempotriva polu\u0103rii<br \/>\n4.Hidrateaz\u0103, \u00eembun\u0103t\u0103\u021be\u0219te circula\u021bia limfatic\u0103, previne pierderea elastinei<br \/>\n 5.Ajut\u0103 la prevenirea \u0219i \u00eendep\u0103rtarea pungilor oculare \u00een timp ce str\u00e2nge \u0219i regleaz\u0103 pielea pentru a netezi ridurile.<br \/>\n6.Stimuleaz\u0103 sinteza de colagen (tip I, tip II, tip IV) \u0219i elastin\u0103 \u00een derma pielii<\/strong><\/p>\n","protected":false},"excerpt":{"rendered":"<p>Nume produs: PALMITOYL TETRAPEPTIDE 3<br \/>\nCAS: 221227-05-0<br \/>\nMF: C34H62N8O7<br \/>\nMW: 694,91<br \/>\nMol Fi\u0219ier: 221227-05-0.mol<\/p>\n","protected":false},"featured_media":2172,"comment_status":"open","ping_status":"closed","template":"","meta":{"om_disable_all_campaigns":false,"_monsterinsights_skip_tracking":false,"_monsterinsights_sitenote_active":false,"_monsterinsights_sitenote_note":"","_monsterinsights_sitenote_category":0,"site-sidebar-layout":"default","site-content-layout":"default","ast-site-content-layout":"default","site-content-style":"default","site-sidebar-style":"default","ast-global-header-display":"","ast-banner-title-visibility":"","ast-main-header-display":"","ast-hfb-above-header-display":"","ast-hfb-below-header-display":"","ast-hfb-mobile-header-display":"","site-post-title":"","ast-breadcrumbs-content":"","ast-featured-img":"","footer-sml-layout":"","ast-disable-related-posts":"","theme-transparent-header-meta":"default","adv-header-id-meta":"","stick-header-meta":"","header-above-stick-meta":"","header-main-stick-meta":"","header-below-stick-meta":"","astra-migrate-meta-layouts":"default","ast-page-background-enabled":"default","ast-page-background-meta":{"desktop":{"background-color":"","background-image":"","background-repeat":"repeat","background-position":"center center","background-size":"auto","background-attachment":"scroll","background-type":"","background-media":"","overlay-type":"","overlay-color":"","overlay-opacity":"","overlay-gradient":""},"tablet":{"background-color":"","background-image":"","background-repeat":"repeat","background-position":"center center","background-size":"auto","background-attachment":"scroll","background-type":"","background-media":"","overlay-type":"","overlay-color":"","overlay-opacity":"","overlay-gradient":""},"mobile":{"background-color":"","background-image":"","background-repeat":"repeat","background-position":"center center","background-size":"auto","background-attachment":"scroll","background-type":"","background-media":"","overlay-type":"","overlay-color":"","overlay-opacity":"","overlay-gradient":""}},"ast-content-background-meta":{"desktop":{"background-color":"var(--ast-global-color-5)","background-image":"","background-repeat":"repeat","background-position":"center center","background-size":"auto","background-attachment":"scroll","background-type":"","background-media":"","overlay-type":"","overlay-color":"","overlay-opacity":"","overlay-gradient":""},"tablet":{"background-color":"var(--ast-global-color-5)","background-image":"","background-repeat":"repeat","background-position":"center center","background-size":"auto","background-attachment":"scroll","background-type":"","background-media":"","overlay-type":"","overlay-color":"","overlay-opacity":"","overlay-gradient":""},"mobile":{"background-color":"var(--ast-global-color-5)","background-image":"","background-repeat":"repeat","background-position":"center center","background-size":"auto","background-attachment":"scroll","background-type":"","background-media":"","overlay-type":"","overlay-color":"","overlay-opacity":"","overlay-gradient":""}}},"product_brand":[],"product_cat":[541],"product_tag":[],"class_list":{"0":"post-7033","1":"product","2":"type-product","3":"status-publish","4":"has-post-thumbnail","6":"product_cat-peptida-antirid-si-anti-imbatranire","7":"desktop-align-left","8":"tablet-align-left","9":"mobile-align-left","11":"first","12":"instock","13":"shipping-taxable","14":"product-type-simple"},"_links":{"self":[{"href":"https:\/\/puyapeptide.net\/ro\/wp-json\/wp\/v2\/product\/7033","targetHints":{"allow":["GET"]}}],"collection":[{"href":"https:\/\/puyapeptide.net\/ro\/wp-json\/wp\/v2\/product"}],"about":[{"href":"https:\/\/puyapeptide.net\/ro\/wp-json\/wp\/v2\/types\/product"}],"replies":[{"embeddable":true,"href":"https:\/\/puyapeptide.net\/ro\/wp-json\/wp\/v2\/comments?post=7033"}],"wp:featuredmedia":[{"embeddable":true,"href":"https:\/\/puyapeptide.net\/ro\/wp-json\/wp\/v2\/media\/2172"}],"wp:attachment":[{"href":"https:\/\/puyapeptide.net\/ro\/wp-json\/wp\/v2\/media?parent=7033"}],"wp:term":[{"taxonomy":"product_brand","embeddable":true,"href":"https:\/\/puyapeptide.net\/ro\/wp-json\/wp\/v2\/product_brand?post=7033"},{"taxonomy":"product_cat","embeddable":true,"href":"https:\/\/puyapeptide.net\/ro\/wp-json\/wp\/v2\/product_cat?post=7033"},{"taxonomy":"product_tag","embeddable":true,"href":"https:\/\/puyapeptide.net\/ro\/wp-json\/wp\/v2\/product_tag?post=7033"}],"curies":[{"name":"wp","href":"https:\/\/api.w.org\/{rel}","templated":true}]}}