{"id":7085,"date":"2021-12-16T06:43:00","date_gmt":"2021-12-16T11:43:00","guid":{"rendered":"https:\/\/puyapeptide.net\/product\/puya-supply-acetil-pentapeptide-1-poate-imbunatati-proteinele-de-colagen-si-elastina\/"},"modified":"2021-12-16T06:43:00","modified_gmt":"2021-12-16T11:43:00","slug":"puya-supply-acetil-pentapeptide-1-poate-imbunatati-proteinele-de-colagen-si-elastina","status":"publish","type":"product","link":"https:\/\/puyapeptide.net\/ro\/product\/puya-supply-acetil-pentapeptide-1-poate-imbunatati-proteinele-de-colagen-si-elastina\/","title":{"rendered":"Puya Supply Acetil Pentapeptide-1 poate \u00eembun\u0103t\u0103\u021bi proteinele de colagen \u0219i elastina"},"content":{"rendered":"<h2><strong>Puya Supply Acetil Pentapeptide-1 poate \u00eembun\u0103t\u0103\u021bi proteinele de colagen \u0219i elastina<\/strong><\/h2>\n<p>Numele produsului: Acetil Pentapeptide-1<br \/>\nMolecular:720<br \/>\nAspect: pulbere alb\u0103 sau aproape alb\u0103<br \/>\nCOA \u0219i MSDS: disponibile pentru referin\u021b\u0103<br \/>\nPuritate: 95%<br \/>\nGrad: cosmetic<br \/>\nSursa: sintetice<br \/>\nCapacitate: 300g pe lun\u0103<br \/>\nAspect: pudr\u0103 alb\u0103<\/p>\n<p>Acetil pentapeptid-1 este un ingredient ideal pentru a \u00eembun\u0103t\u0103\u021bi fermitatea pielii prin poten\u021barea elementelor naturale care reu\u0219esc s\u0103 men\u021bin\u0103 aceste propriet\u0103\u021bi \u00een piele, inclusiv elastina \u0219i colagenul. Astfel, poate fi \u00eencorporat \u00een formul\u0103ri de fermitate \u0219i anti-\u00eemb\u0103tr\u00e2nire at\u00e2t pentru \u00eengrijirea fe\u021bei, c\u00e2t \u0219i a corpului, unde coeziunea \u0219i rezisten\u021ba pielii dore\u0219te s\u0103 fie crescute pentru a minimiza sl\u0103birea \u0219i flacciditatea. Mai mult, ar fi de asemenea util s\u0103 ad\u0103uga\u021bi \u00een formul\u0103ri de sl\u0103bire pentru a evita flaciditatea dup\u0103 pierderea \u00een greutate.<\/p>\n<p> <strong>Func\u021bia acetil pentapeptidei-1<\/strong><br \/>\nPromovarea produc\u021biei de colagen, repararea pielii deteriorate, anti-\u00eemb\u0103tr\u00e2nire, \u00eembun\u0103t\u0103\u021birea pielii elasticitate, \u00eembun\u0103t\u0103\u021be\u0219te vitalitatea pielii.<br \/>\n1. \u00cembun\u0103t\u0103\u021birea sintezei proteinelor de colagen \u0219i elastine, antirid;<br \/>\n2.Ajut\u0103 la grosimea \u0219i fermitatea pielii, face pielea ferm\u0103.<\/p>\n<p> <strong>Utilizarea acetil pentapeptidei- 1<\/strong><br \/>\nAcetil Pentapeptide-1 poate \u00eembun\u0103t\u0103\u021bi sinteza proteinei de colagen \u0219i elastine<br \/>\n, antirid; Ajut\u0103 la grosimea \u0219i fermitatea pielii, face pielea ferm\u0103.<\/p>\n","protected":false},"excerpt":{"rendered":"<p>Nume produs: Acetil Pentapeptide-1<br \/>\nMolecular:720<br \/>\nAspect: pulbere alb\u0103 sau aproape alb\u0103<br \/>\nPuritate: 95%<br \/>\nGrad: cosmetic<br \/>\nSursa: sintetic<br \/>\nAspect: pulbere alb\u0103<\/p>\n","protected":false},"featured_media":2130,"comment_status":"open","ping_status":"closed","template":"","meta":{"om_disable_all_campaigns":false,"_monsterinsights_skip_tracking":false,"_monsterinsights_sitenote_active":false,"_monsterinsights_sitenote_note":"","_monsterinsights_sitenote_category":0,"site-sidebar-layout":"default","site-content-layout":"default","ast-site-content-layout":"default","site-content-style":"default","site-sidebar-style":"default","ast-global-header-display":"","ast-banner-title-visibility":"","ast-main-header-display":"","ast-hfb-above-header-display":"","ast-hfb-below-header-display":"","ast-hfb-mobile-header-display":"","site-post-title":"","ast-breadcrumbs-content":"","ast-featured-img":"","footer-sml-layout":"","ast-disable-related-posts":"","theme-transparent-header-meta":"default","adv-header-id-meta":"","stick-header-meta":"","header-above-stick-meta":"","header-main-stick-meta":"","header-below-stick-meta":"","astra-migrate-meta-layouts":"default","ast-page-background-enabled":"default","ast-page-background-meta":{"desktop":{"background-color":"","background-image":"","background-repeat":"repeat","background-position":"center center","background-size":"auto","background-attachment":"scroll","background-type":"","background-media":"","overlay-type":"","overlay-color":"","overlay-opacity":"","overlay-gradient":""},"tablet":{"background-color":"","background-image":"","background-repeat":"repeat","background-position":"center center","background-size":"auto","background-attachment":"scroll","background-type":"","background-media":"","overlay-type":"","overlay-color":"","overlay-opacity":"","overlay-gradient":""},"mobile":{"background-color":"","background-image":"","background-repeat":"repeat","background-position":"center center","background-size":"auto","background-attachment":"scroll","background-type":"","background-media":"","overlay-type":"","overlay-color":"","overlay-opacity":"","overlay-gradient":""}},"ast-content-background-meta":{"desktop":{"background-color":"var(--ast-global-color-5)","background-image":"","background-repeat":"repeat","background-position":"center center","background-size":"auto","background-attachment":"scroll","background-type":"","background-media":"","overlay-type":"","overlay-color":"","overlay-opacity":"","overlay-gradient":""},"tablet":{"background-color":"var(--ast-global-color-5)","background-image":"","background-repeat":"repeat","background-position":"center center","background-size":"auto","background-attachment":"scroll","background-type":"","background-media":"","overlay-type":"","overlay-color":"","overlay-opacity":"","overlay-gradient":""},"mobile":{"background-color":"var(--ast-global-color-5)","background-image":"","background-repeat":"repeat","background-position":"center center","background-size":"auto","background-attachment":"scroll","background-type":"","background-media":"","overlay-type":"","overlay-color":"","overlay-opacity":"","overlay-gradient":""}}},"product_brand":[],"product_cat":[541],"product_tag":[2681],"class_list":{"0":"post-7085","1":"product","2":"type-product","3":"status-publish","4":"has-post-thumbnail","6":"product_cat-peptida-antirid-si-anti-imbatranire","7":"product_tag-puya-supply-acetyl-pentapeptide-1-can-improve-collagen-protein-and-elastin-protein-ro","8":"desktop-align-left","9":"tablet-align-left","10":"mobile-align-left","12":"first","13":"instock","14":"shipping-taxable","15":"product-type-simple"},"_links":{"self":[{"href":"https:\/\/puyapeptide.net\/ro\/wp-json\/wp\/v2\/product\/7085","targetHints":{"allow":["GET"]}}],"collection":[{"href":"https:\/\/puyapeptide.net\/ro\/wp-json\/wp\/v2\/product"}],"about":[{"href":"https:\/\/puyapeptide.net\/ro\/wp-json\/wp\/v2\/types\/product"}],"replies":[{"embeddable":true,"href":"https:\/\/puyapeptide.net\/ro\/wp-json\/wp\/v2\/comments?post=7085"}],"wp:featuredmedia":[{"embeddable":true,"href":"https:\/\/puyapeptide.net\/ro\/wp-json\/wp\/v2\/media\/2130"}],"wp:attachment":[{"href":"https:\/\/puyapeptide.net\/ro\/wp-json\/wp\/v2\/media?parent=7085"}],"wp:term":[{"taxonomy":"product_brand","embeddable":true,"href":"https:\/\/puyapeptide.net\/ro\/wp-json\/wp\/v2\/product_brand?post=7085"},{"taxonomy":"product_cat","embeddable":true,"href":"https:\/\/puyapeptide.net\/ro\/wp-json\/wp\/v2\/product_cat?post=7085"},{"taxonomy":"product_tag","embeddable":true,"href":"https:\/\/puyapeptide.net\/ro\/wp-json\/wp\/v2\/product_tag?post=7085"}],"curies":[{"name":"wp","href":"https:\/\/api.w.org\/{rel}","templated":true}]}}