{"id":7137,"date":"2021-12-16T06:47:53","date_gmt":"2021-12-16T11:47:53","guid":{"rendered":"https:\/\/puyapeptide.net\/product\/acetil-hexapeptid-1-melitan-acetil-hexapeptid-1-cas-448944-47-6-intareste-apararea-pielii-impotriva-efectelor-nocive-ale-uv\/"},"modified":"2021-12-16T06:47:53","modified_gmt":"2021-12-16T11:47:53","slug":"acetil-hexapeptid-1-melitan-acetil-hexapeptid-1-cas-448944-47-6-intareste-apararea-pielii-impotriva-efectelor-nocive-ale-uv","status":"publish","type":"product","link":"https:\/\/puyapeptide.net\/ro\/product\/acetil-hexapeptid-1-melitan-acetil-hexapeptid-1-cas-448944-47-6-intareste-apararea-pielii-impotriva-efectelor-nocive-ale-uv\/","title":{"rendered":"Acetil Hexapeptid-1\/ Melitan (Acetil Hexapeptid-1) CAS 448944-47-6 \u00cent\u0103re\u0219te ap\u0103rarea pielii \u00eempotriva efectelor nocive ale UV"},"content":{"rendered":"<h2><strong>Acetil Hexapeptid-1\/ Melitan (Acetil Hexapeptid-1) CAS 448944-47-6 \u00cent\u0103re\u0219te ap\u0103rarea pielii \u00eempotriva efectelor nocive ale UV<\/strong><\/h2>\n<p>Numele produsului: Acetil Hexapeptid-1\/ Melitan (Acetil Hexapeptid-1)<br \/>\nSinonime: N-Acetil-L-norleucil-L-alanil-L-histidyl-D-fenilalanil-L-arginil-L-triptofanamid\u0103 ;melitan;melitan\/acetilhexapeptid-1;peptide Acetil Hexapeptid-1;L-Triptofanamid\u0103, N-acetil-L-norleucil-L-alanil-L-histidil-D-fenilalanil-L-arginil-;N-acetil-L- norleucil-L-alanil-L-histidil-D-fenilalanil-L-arginil-L-triptofanamid\u0103 USP\/EP\/BP<br \/>\nCAS: 448944-47-6<br \/>\nMF: C43H59N13O7<br \/>\nMW: 870,01&lt;&amp; &gt;EINECS:<br \/>\nCategorii de produse:<br \/>\nMol File: 448944-47-6.mol<\/p>\n<p>Acetil Hexapeptid-1 este produsul de reac\u021bie al alaninei, argininei, histidinei, leucinei, fenilalaninei \u0219i hexapeptidei triptofan cu acid acetic.<br \/>\nActiveaz\u0103 reglarea sintezei melaninei, rela\u021bion\u00e2nd protec\u021bia luminii naturale \u0219i regulatorul inflamator.<\/p>\n<p>Acetil Hexapeptid-1 func\u021bioneaz\u0103 ca un analog peptidic bio-\u03b1-MSH. Stimuleaz\u0103 pigmentarea p\u0103rului, \u00eentunec\u0103 p\u0103rul \u0219i inverseaz\u0103 procesul de p\u0103r gri. De asemenea, poate ajuta la repararea daunelor ADN cauzate de expunerea la UV \u0219i la reducerea eritemului pielii.<\/p>\n<p> <strong>Acetil Hexapeptid-1\/ Melitan (Acetil Hexapeptid-1) CAS 448944-47-6 Propriet\u0103\u021bi chimice<\/strong><br \/>\ndensitate 1,39\u00b10,1 g\/cm3(Prevista)<br \/>\npka 13,36\u00b10,46(Prevista)<\/p>\n<p> <strong>Aplica\u021bii ale acetil hexapeptidei-1 CAS 448944-47-6<\/strong><br \/>\n1. Acetyl Hexapeptide-1 Stimuleaz\u0103 pigmentarea p\u0103rului \u0219i inverseaz\u0103 procesul de p\u0103r gri.<br \/>\n2. Acetil Hexapeptid-1 Induce pigmentarea pielii.<br \/>\n3. Acetil Hexapeptid-1 \u00cent\u0103re\u0219te ap\u0103rarea pielii \u00eempotriva efectelor nocive ale UV<br \/>\n4. Acetil Hexapeptid-1 Reduce eritemul pielii.<br \/>\n5. Acetil Hexapeptid-1 Protejeaz\u0103 \u0219i repar\u0103 daunele ADN cauzate de expunerea la UV (UVA \u0219i UVB).<br \/>\n6. Acetil Hexapeptid-1 Reduce r\u0103spunsul inflamator.<\/p>\n<p> <strong>Acetil Hexapeptid-1 CAS 448944-47-6 Beneficii<\/strong><br \/>\n\u0218tiin\u021ba a demonstrat c\u0103 peptidele pot ajuta la gestionarea ridurilor din piele \u0219i la inversarea semnelor de \u00eemb\u0103tr\u00e2nire.&lt;&amp; &gt; Pielea uman\u0103 este compus\u0103 \u00een mare parte din colagen. Colagenul este o protein\u0103 format\u0103 din segmente lungi de aminoacizi aranjate ca un lan\u021b. Colagenul ofer\u0103 o baz\u0103 de ten \u0219i o grosime pentru piele.<br \/>\nFemeile sub 30 de ani au colagen din abunden\u021b\u0103, ceea ce are ca rezultat o piele fin\u0103 \u0219i str\u00e2ns\u0103.<br \/>\nCeilal\u021bi dintre noi avem mai pu\u021bin colagen &#8211; pielea tinde s\u0103 fie mai sub\u021bire, dezv\u0103luind mai multe riduri.&lt;&amp; &gt;C\u00e2nd colagenul se descompune, se formeaz\u0103 segmente scurte de aminoacizi. Acestea sunt proteinele mici \u0219i moleculele active cunoscute sub numele de peptide. Peptidele din \u00eengrijirea pielii pot oferi beneficii anti-\u00eemb\u0103tr\u00e2nire semnificative.<\/p>\n","protected":false},"excerpt":{"rendered":"<p>Nume produs: Acetil Hexapeptid-1\/ Melitan (Acetil Hexapeptid-1)<br \/>\nCAS: 448944-47-6<br \/>\nMF: C43H59N13O7<br \/>\nMW: 870,01<br \/>\nMol File: 448944-47-6.mol<\/p>\n","protected":false},"featured_media":2130,"comment_status":"open","ping_status":"closed","template":"","meta":{"om_disable_all_campaigns":false,"_monsterinsights_skip_tracking":false,"_monsterinsights_sitenote_active":false,"_monsterinsights_sitenote_note":"","_monsterinsights_sitenote_category":0,"site-sidebar-layout":"default","site-content-layout":"default","ast-site-content-layout":"default","site-content-style":"default","site-sidebar-style":"default","ast-global-header-display":"","ast-banner-title-visibility":"","ast-main-header-display":"","ast-hfb-above-header-display":"","ast-hfb-below-header-display":"","ast-hfb-mobile-header-display":"","site-post-title":"","ast-breadcrumbs-content":"","ast-featured-img":"","footer-sml-layout":"","ast-disable-related-posts":"","theme-transparent-header-meta":"default","adv-header-id-meta":"","stick-header-meta":"","header-above-stick-meta":"","header-main-stick-meta":"","header-below-stick-meta":"","astra-migrate-meta-layouts":"default","ast-page-background-enabled":"default","ast-page-background-meta":{"desktop":{"background-color":"","background-image":"","background-repeat":"repeat","background-position":"center center","background-size":"auto","background-attachment":"scroll","background-type":"","background-media":"","overlay-type":"","overlay-color":"","overlay-opacity":"","overlay-gradient":""},"tablet":{"background-color":"","background-image":"","background-repeat":"repeat","background-position":"center center","background-size":"auto","background-attachment":"scroll","background-type":"","background-media":"","overlay-type":"","overlay-color":"","overlay-opacity":"","overlay-gradient":""},"mobile":{"background-color":"","background-image":"","background-repeat":"repeat","background-position":"center center","background-size":"auto","background-attachment":"scroll","background-type":"","background-media":"","overlay-type":"","overlay-color":"","overlay-opacity":"","overlay-gradient":""}},"ast-content-background-meta":{"desktop":{"background-color":"var(--ast-global-color-5)","background-image":"","background-repeat":"repeat","background-position":"center center","background-size":"auto","background-attachment":"scroll","background-type":"","background-media":"","overlay-type":"","overlay-color":"","overlay-opacity":"","overlay-gradient":""},"tablet":{"background-color":"var(--ast-global-color-5)","background-image":"","background-repeat":"repeat","background-position":"center center","background-size":"auto","background-attachment":"scroll","background-type":"","background-media":"","overlay-type":"","overlay-color":"","overlay-opacity":"","overlay-gradient":""},"mobile":{"background-color":"var(--ast-global-color-5)","background-image":"","background-repeat":"repeat","background-position":"center center","background-size":"auto","background-attachment":"scroll","background-type":"","background-media":"","overlay-type":"","overlay-color":"","overlay-opacity":"","overlay-gradient":""}}},"product_brand":[],"product_cat":[750],"product_tag":[],"class_list":{"0":"post-7137","1":"product","2":"type-product","3":"status-publish","4":"has-post-thumbnail","6":"product_cat-alte-peptide-cosmetice","7":"desktop-align-left","8":"tablet-align-left","9":"mobile-align-left","11":"first","12":"instock","13":"shipping-taxable","14":"product-type-simple"},"_links":{"self":[{"href":"https:\/\/puyapeptide.net\/ro\/wp-json\/wp\/v2\/product\/7137","targetHints":{"allow":["GET"]}}],"collection":[{"href":"https:\/\/puyapeptide.net\/ro\/wp-json\/wp\/v2\/product"}],"about":[{"href":"https:\/\/puyapeptide.net\/ro\/wp-json\/wp\/v2\/types\/product"}],"replies":[{"embeddable":true,"href":"https:\/\/puyapeptide.net\/ro\/wp-json\/wp\/v2\/comments?post=7137"}],"wp:featuredmedia":[{"embeddable":true,"href":"https:\/\/puyapeptide.net\/ro\/wp-json\/wp\/v2\/media\/2130"}],"wp:attachment":[{"href":"https:\/\/puyapeptide.net\/ro\/wp-json\/wp\/v2\/media?parent=7137"}],"wp:term":[{"taxonomy":"product_brand","embeddable":true,"href":"https:\/\/puyapeptide.net\/ro\/wp-json\/wp\/v2\/product_brand?post=7137"},{"taxonomy":"product_cat","embeddable":true,"href":"https:\/\/puyapeptide.net\/ro\/wp-json\/wp\/v2\/product_cat?post=7137"},{"taxonomy":"product_tag","embeddable":true,"href":"https:\/\/puyapeptide.net\/ro\/wp-json\/wp\/v2\/product_tag?post=7137"}],"curies":[{"name":"wp","href":"https:\/\/api.w.org\/{rel}","templated":true}]}}