{"id":7155,"date":"2021-12-16T06:50:49","date_gmt":"2021-12-16T11:50:49","guid":{"rendered":"https:\/\/puyapeptide.net\/product\/acetil-octapeptid-3-snap-8-acetil-glutamil-heptapeptide-1-cas-868844-74-0-pentru-antirid\/"},"modified":"2021-12-16T06:50:49","modified_gmt":"2021-12-16T11:50:49","slug":"acetil-octapeptid-3-snap-8-acetil-glutamil-heptapeptide-1-cas-868844-74-0-pentru-antirid","status":"publish","type":"product","link":"https:\/\/puyapeptide.net\/ro\/product\/acetil-octapeptid-3-snap-8-acetil-glutamil-heptapeptide-1-cas-868844-74-0-pentru-antirid\/","title":{"rendered":"Acetil octapeptid-3\/ SNAP-8\/Acetil Glutamil Heptapeptide-1 CAS 868844-74-0 pentru antirid"},"content":{"rendered":"<h2><strong>Acetil octapeptid-3\/ SNAP-8\/ Acetil Glutamil Heptapeptide-1 CAS 868844-74-0 pentru antirid<\/strong><\/h2>\n<p>Nume produs: Acetil octapeptide-3\/ SNAP-8\/ Acetil Glutamil Heptapeptide-1<br \/>\n Sinonime: N-Acetil-L-alfa-glutamil-L-alfa-glutamil-L-metionil-L-glutaminil-L -arginil-L-arginil-L-alanil-L-alfa-asparagin\u0103;SNAP-8(Acetil Glutamil Heptapeptide-3);Acetil GlutaMyl Heptapeptide-3;Acetil Octapeptide-3;Acetil GlutaMyl Octapeptide-3;Acetil GlutaMyl Octapeptide-3; snap-8\/Acetil Octapeptide-3\/Acetil Glutamil Heptapeptide-3;Acetil Octapeptide-8<br \/>\nCAS: 868844-74-0<br \/>\nMF: C41H70N16O16S<br \/>\nMW: 1075,17<br \/>\nEINECS:<br \/>\n Categorii: Cosmetice beauty peptide<br \/>\nMol File: 868844-74-0.mol<\/p>\n<p>Octopeptida antirid SNAP-8 este o alungire a celebrei hexapeptide. SNAP-8 reduce profunzimea ridurilor de pe fata cauzate de contractia muschilor expresiei faciale, in special de pe frunte si din jurul ochilor. SNAP-8 este o alternativ\u0103 mai sigur\u0103, mai ieftin\u0103 \u0219i mai bl\u00e2nd\u0103 la toxina botulin\u0103, \u021bintind topic acela\u0219i mecanism de formare a ridurilor \u00eentr-un mod foarte diferit.<\/p>\n<p> <strong>Acetil octapeptide-3\/ SNAP-8\/ Acetil Glutamil Heptapeptide-1 CAS 868844-74-0 Propriet\u0103\u021bi chimice<\/strong><br \/>\ndensitate 1,56<br \/>\ntemp. A se p\u0103stra \u00eentr-un loc \u00eentunecat, atmosfer\u0103 inert\u0103, 2-8\u00b0C<br \/>\npka 4,07\u00b10,10 (prev\u0103zut)<\/p>\n<p> <strong>Aplicarea \u0219i func\u021bia acetil octapeptidei-3\/ SNAP-8\/ acetil glutamil heptapeptide-1 CAS 868844- 74-0<\/strong><br \/>\nAcetil Glutamil Heptapeptide-3 sau Acetil Octapeptide-1 (sau -3) (SNAP-8) este conceput \u0219tiin\u021bific \u0219i rezonabil din ingrediente active antirid ale polipeptidei. Are un rol similar cu Esen\u021ba de Areginin\u0103 \u0219i a devenit una dintre cele mai populare materii prime din \u00eentreaga lume pentru cosmeticele antirid de lux. &amp;&gt;Snap-8, acest ingredient con\u021bine opt aminoacizi \u0219i (de unde \u201eOcta\u201d) are acelea\u0219i (unii spun c\u0103 mult mai bine) calit\u0103\u021bi antirid ale Argirelinului. Snap-8 a produs o reducere cu aproximativ 35% a ad\u00e2ncimii ridurilor.<br \/>\nSolu\u021bia de peptide Snap-8 con\u021bine o octapeptid\u0103 antirid care este o alungire a peptidei hexapeptidice ARGIRELIN. Prin urmare, reduce ridurile de expresie printr-un mecanism de ac\u021biune asem\u0103n\u0103tor <strong>toxinei<\/strong> botulinice. , riduri netede.<\/p>\n","protected":false},"excerpt":{"rendered":"<p>Nume produs: Acetil octapeptide-3\/ SNAP-8\/ Acetil Glutamil Heptapeptide-1<br \/>\nCAS: 868844-74-0<br \/>\nMF: C41H70N16O16S<br \/>\nMW: 1075,17<br \/>\nMol File: 868844 .mol<\/p>\n","protected":false},"featured_media":2172,"comment_status":"open","ping_status":"closed","template":"","meta":{"om_disable_all_campaigns":false,"_monsterinsights_skip_tracking":false,"_monsterinsights_sitenote_active":false,"_monsterinsights_sitenote_note":"","_monsterinsights_sitenote_category":0,"site-sidebar-layout":"default","site-content-layout":"default","ast-site-content-layout":"default","site-content-style":"default","site-sidebar-style":"default","ast-global-header-display":"","ast-banner-title-visibility":"","ast-main-header-display":"","ast-hfb-above-header-display":"","ast-hfb-below-header-display":"","ast-hfb-mobile-header-display":"","site-post-title":"","ast-breadcrumbs-content":"","ast-featured-img":"","footer-sml-layout":"","ast-disable-related-posts":"","theme-transparent-header-meta":"default","adv-header-id-meta":"","stick-header-meta":"","header-above-stick-meta":"","header-main-stick-meta":"","header-below-stick-meta":"","astra-migrate-meta-layouts":"default","ast-page-background-enabled":"default","ast-page-background-meta":{"desktop":{"background-color":"","background-image":"","background-repeat":"repeat","background-position":"center center","background-size":"auto","background-attachment":"scroll","background-type":"","background-media":"","overlay-type":"","overlay-color":"","overlay-opacity":"","overlay-gradient":""},"tablet":{"background-color":"","background-image":"","background-repeat":"repeat","background-position":"center center","background-size":"auto","background-attachment":"scroll","background-type":"","background-media":"","overlay-type":"","overlay-color":"","overlay-opacity":"","overlay-gradient":""},"mobile":{"background-color":"","background-image":"","background-repeat":"repeat","background-position":"center center","background-size":"auto","background-attachment":"scroll","background-type":"","background-media":"","overlay-type":"","overlay-color":"","overlay-opacity":"","overlay-gradient":""}},"ast-content-background-meta":{"desktop":{"background-color":"var(--ast-global-color-5)","background-image":"","background-repeat":"repeat","background-position":"center center","background-size":"auto","background-attachment":"scroll","background-type":"","background-media":"","overlay-type":"","overlay-color":"","overlay-opacity":"","overlay-gradient":""},"tablet":{"background-color":"var(--ast-global-color-5)","background-image":"","background-repeat":"repeat","background-position":"center center","background-size":"auto","background-attachment":"scroll","background-type":"","background-media":"","overlay-type":"","overlay-color":"","overlay-opacity":"","overlay-gradient":""},"mobile":{"background-color":"var(--ast-global-color-5)","background-image":"","background-repeat":"repeat","background-position":"center center","background-size":"auto","background-attachment":"scroll","background-type":"","background-media":"","overlay-type":"","overlay-color":"","overlay-opacity":"","overlay-gradient":""}}},"product_brand":[],"product_cat":[541],"product_tag":[2667],"class_list":{"0":"post-7155","1":"product","2":"type-product","3":"status-publish","4":"has-post-thumbnail","6":"product_cat-peptida-antirid-si-anti-imbatranire","7":"product_tag-acetyl-octapeptide-3-snap-8-acetyl-glutamyl-heptapeptide-1-cas-868844-74-0-for-anti-wrinkle-ro","8":"desktop-align-left","9":"tablet-align-left","10":"mobile-align-left","12":"first","13":"instock","14":"shipping-taxable","15":"product-type-simple"},"_links":{"self":[{"href":"https:\/\/puyapeptide.net\/ro\/wp-json\/wp\/v2\/product\/7155","targetHints":{"allow":["GET"]}}],"collection":[{"href":"https:\/\/puyapeptide.net\/ro\/wp-json\/wp\/v2\/product"}],"about":[{"href":"https:\/\/puyapeptide.net\/ro\/wp-json\/wp\/v2\/types\/product"}],"replies":[{"embeddable":true,"href":"https:\/\/puyapeptide.net\/ro\/wp-json\/wp\/v2\/comments?post=7155"}],"wp:featuredmedia":[{"embeddable":true,"href":"https:\/\/puyapeptide.net\/ro\/wp-json\/wp\/v2\/media\/2172"}],"wp:attachment":[{"href":"https:\/\/puyapeptide.net\/ro\/wp-json\/wp\/v2\/media?parent=7155"}],"wp:term":[{"taxonomy":"product_brand","embeddable":true,"href":"https:\/\/puyapeptide.net\/ro\/wp-json\/wp\/v2\/product_brand?post=7155"},{"taxonomy":"product_cat","embeddable":true,"href":"https:\/\/puyapeptide.net\/ro\/wp-json\/wp\/v2\/product_cat?post=7155"},{"taxonomy":"product_tag","embeddable":true,"href":"https:\/\/puyapeptide.net\/ro\/wp-json\/wp\/v2\/product_tag?post=7155"}],"curies":[{"name":"wp","href":"https:\/\/api.w.org\/{rel}","templated":true}]}}