{"id":7202,"date":"2021-12-16T07:17:11","date_gmt":"2021-12-16T12:17:11","guid":{"rendered":"https:\/\/puyapeptide.net\/product\/argireline-argreline-acetate-cas-616204-22-9-pentru-indepartarea-ridurilor-din-jurul-fruntii-sau-al-ochilor\/"},"modified":"2021-12-16T07:17:11","modified_gmt":"2021-12-16T12:17:11","slug":"argireline-argreline-acetate-cas-616204-22-9-pentru-indepartarea-ridurilor-din-jurul-fruntii-sau-al-ochilor","status":"publish","type":"product","link":"https:\/\/puyapeptide.net\/ro\/product\/argireline-argreline-acetate-cas-616204-22-9-pentru-indepartarea-ridurilor-din-jurul-fruntii-sau-al-ochilor\/","title":{"rendered":"Argireline\/ Argreline Acetate CAS 616204-22-9 pentru \u00eendep\u0103rtarea ridurilor din jurul frun\u021bii sau al ochilor"},"content":{"rendered":"<h2><strong>Argireline\/ Argreline Acetate CAS 616204-22-9 pentru \u00eendep\u0103rtarea ridurilor din jurul frun\u021bii sau al ochilor<\/strong><\/h2>\n<p>Nume produs: Argireline<br \/>\nSecven\u021b\u0103: N-acetil-Glu-Glu-Met-Gln-Arg-Arg-NH 2.<br \/>\nSinonime: Ac-Glu-Glu-Met-Glu-Arg-Arg- NH2; N-acetil-L-alfa-glutamil-L-alfa-glutamil-L-metionil-L-glutaminil-L-arginil-L-argininamid\u0103; Acetil Hexapeptid-3\/Acetil Hexapeptid-8; Argireline, Acetil hexapeptid-3 , BR;Multipeptide antirid;Reproage;Argireline;Argireline acetat Ac-Glu-Glu-Met-Arg-Arg-NH2<br \/>\nCAS: 616204-22-9<br \/>\nMF: C34H60N14O12S<br \/>\nMW: 889<br \/>\nEINECS: 1592732-453-0<br \/>\nCategorii de produse: Peptide<br \/>\nMol File: 616204-22-9.mol<\/p>\n<p>Argireline este alc\u0103tuit\u0103 din lan\u021buri de aminoacizi. Astfel de lan\u021buri pot afecta modul \u00een care func\u021bioneaz\u0103 celulele noastre, de exemplu relax\u00e2nd mu\u0219chii fe\u021bei. Este derivat din peptida Acetil hexapeptid\u0103-3, un substrat al toxinei botulinice, sau mai frecvent cunoscut\u0103 sub denumirea de Botox.<\/p>\n<p>Acetatul de argirelin\u0103, cunoscut \u0219i sub denumirea de botulinum, este o oligopeptid\u0103 care imit\u0103 6 aminoul N-terminal. acizi ai proteinei SNAP-25. Acirelin este una dintre materiile prime utilizate \u00een mod obi\u0219nuit pentru produsele cosmetice de ultim\u0103 genera\u021bie. Efectul s\u0103u principal este de a reduce ridurile cauzate de contrac\u021bia mu\u0219chilor expresiei faciale \u0219i are un efect ideal asupra ridurilor de pe frunte sau din jurul ochilor. Acirelin este un \u00eenlocuitor de toxin\u0103 din carne mai sigur, mai ieftin \u0219i mai bl\u00e2nd. Akirelin concureaz\u0103 pentru locul SNAP-25 din complexul veziculelor, care afecteaz\u0103 formarea complexului veziculelor, ceea ce duce la incapacitatea veziculelor de a elibera \u00een mod eficient neurotransmi\u021b\u0103torii \u0219i de a sl\u0103bi contrac\u021bia muscular\u0103, relax\u00e2nd astfel mu\u0219chii \u0219i calm\u00e2nd liniile fine. Poate face pielea limpede \u0219i f\u0103r\u0103 cusur \u0219i poate promova, de asemenea, regenerarea celular\u0103 pentru a reda catifelarea \u0219i elasticitatea pielii. Prin urmare, este utilizat pe scar\u0103 larg\u0103 \u00een prepararea produselor cosmetice \u0219i de s\u0103n\u0103tate.<\/p>\n<p> <strong>Argireline\/ Argreline Acetate CAS 616204-22-9 Propriet\u0103\u021bi chimice<\/strong><br \/>\ndensitate 1,54<br \/>\ntemp. -20\u00b0C<br \/>\nform solid liofilizat<br \/>\npka 4,43\u00b10,10(Previzat)<br \/>\nculoare alb\u0103<br \/>\nInChIKey RJZNPROJTJSYLC-LLINQDLYSA-N<\/p>\n<p> <strong>Func\u021bia Argireline\/Argreline Acetate CAS 616204-22 -9<\/strong> <\/p>\n<p>1.Reduce ridurile cauzate de contractia muschilor de expresie faciala. Are efectul ideal de a elimina ridurile de pe frunte sau din jurul ochilor.<br \/>\n2.Promoveaza productia de colagen, care ajuta pielea sa refaca tesutul.<\/p>\n","protected":false},"excerpt":{"rendered":"<p>Nume produs: Argireline<br \/>\nCAS: 616204-22-9<br \/>\nMF: C34H60N14O12S<br \/>\nMW: 889<br \/>\nEINECS: 1592732-453-0<br \/>\nMol File: 616204-22-9.mol<\/p>\n","protected":false},"featured_media":2130,"comment_status":"open","ping_status":"closed","template":"","meta":{"om_disable_all_campaigns":false,"_monsterinsights_skip_tracking":false,"_monsterinsights_sitenote_active":false,"_monsterinsights_sitenote_note":"","_monsterinsights_sitenote_category":0,"site-sidebar-layout":"default","site-content-layout":"default","ast-site-content-layout":"default","site-content-style":"default","site-sidebar-style":"default","ast-global-header-display":"","ast-banner-title-visibility":"","ast-main-header-display":"","ast-hfb-above-header-display":"","ast-hfb-below-header-display":"","ast-hfb-mobile-header-display":"","site-post-title":"","ast-breadcrumbs-content":"","ast-featured-img":"","footer-sml-layout":"","ast-disable-related-posts":"","theme-transparent-header-meta":"default","adv-header-id-meta":"","stick-header-meta":"","header-above-stick-meta":"","header-main-stick-meta":"","header-below-stick-meta":"","astra-migrate-meta-layouts":"default","ast-page-background-enabled":"default","ast-page-background-meta":{"desktop":{"background-color":"","background-image":"","background-repeat":"repeat","background-position":"center center","background-size":"auto","background-attachment":"scroll","background-type":"","background-media":"","overlay-type":"","overlay-color":"","overlay-opacity":"","overlay-gradient":""},"tablet":{"background-color":"","background-image":"","background-repeat":"repeat","background-position":"center center","background-size":"auto","background-attachment":"scroll","background-type":"","background-media":"","overlay-type":"","overlay-color":"","overlay-opacity":"","overlay-gradient":""},"mobile":{"background-color":"","background-image":"","background-repeat":"repeat","background-position":"center center","background-size":"auto","background-attachment":"scroll","background-type":"","background-media":"","overlay-type":"","overlay-color":"","overlay-opacity":"","overlay-gradient":""}},"ast-content-background-meta":{"desktop":{"background-color":"var(--ast-global-color-5)","background-image":"","background-repeat":"repeat","background-position":"center center","background-size":"auto","background-attachment":"scroll","background-type":"","background-media":"","overlay-type":"","overlay-color":"","overlay-opacity":"","overlay-gradient":""},"tablet":{"background-color":"var(--ast-global-color-5)","background-image":"","background-repeat":"repeat","background-position":"center center","background-size":"auto","background-attachment":"scroll","background-type":"","background-media":"","overlay-type":"","overlay-color":"","overlay-opacity":"","overlay-gradient":""},"mobile":{"background-color":"var(--ast-global-color-5)","background-image":"","background-repeat":"repeat","background-position":"center center","background-size":"auto","background-attachment":"scroll","background-type":"","background-media":"","overlay-type":"","overlay-color":"","overlay-opacity":"","overlay-gradient":""}}},"product_brand":[],"product_cat":[541],"product_tag":[2565],"class_list":{"0":"post-7202","1":"product","2":"type-product","3":"status-publish","4":"has-post-thumbnail","6":"product_cat-peptida-antirid-si-anti-imbatranire","7":"product_tag-argireline-argreline-acetate-cas-616204-22-9-for-removing-wrinkles-around-the-forehead-or-eyes-ro","8":"desktop-align-left","9":"tablet-align-left","10":"mobile-align-left","12":"first","13":"instock","14":"shipping-taxable","15":"product-type-simple"},"_links":{"self":[{"href":"https:\/\/puyapeptide.net\/ro\/wp-json\/wp\/v2\/product\/7202","targetHints":{"allow":["GET"]}}],"collection":[{"href":"https:\/\/puyapeptide.net\/ro\/wp-json\/wp\/v2\/product"}],"about":[{"href":"https:\/\/puyapeptide.net\/ro\/wp-json\/wp\/v2\/types\/product"}],"replies":[{"embeddable":true,"href":"https:\/\/puyapeptide.net\/ro\/wp-json\/wp\/v2\/comments?post=7202"}],"wp:featuredmedia":[{"embeddable":true,"href":"https:\/\/puyapeptide.net\/ro\/wp-json\/wp\/v2\/media\/2130"}],"wp:attachment":[{"href":"https:\/\/puyapeptide.net\/ro\/wp-json\/wp\/v2\/media?parent=7202"}],"wp:term":[{"taxonomy":"product_brand","embeddable":true,"href":"https:\/\/puyapeptide.net\/ro\/wp-json\/wp\/v2\/product_brand?post=7202"},{"taxonomy":"product_cat","embeddable":true,"href":"https:\/\/puyapeptide.net\/ro\/wp-json\/wp\/v2\/product_cat?post=7202"},{"taxonomy":"product_tag","embeddable":true,"href":"https:\/\/puyapeptide.net\/ro\/wp-json\/wp\/v2\/product_tag?post=7202"}],"curies":[{"name":"wp","href":"https:\/\/api.w.org\/{rel}","templated":true}]}}