{"id":7224,"date":"2021-12-16T07:18:02","date_gmt":"2021-12-16T12:18:02","guid":{"rendered":"https:\/\/puyapeptide.net\/product\/melanotan-1-melanotan-i-afamelanotide-cas-75921-69-6\/"},"modified":"2021-12-16T07:18:02","modified_gmt":"2021-12-16T12:18:02","slug":"melanotan-1-melanotan-i-afamelanotide-cas-75921-69-6","status":"publish","type":"product","link":"https:\/\/puyapeptide.net\/ro\/product\/melanotan-1-melanotan-i-afamelanotide-cas-75921-69-6\/","title":{"rendered":"Melanotan 1\/ Melanotan I\/ Afamelanotide CAS 75921-69-6"},"content":{"rendered":"<h2><strong>Melanotan 1\/ Melanotan I\/ Afamelanotide CAS 75921-69-6<\/strong><\/h2>\n<p>Numele produsului: Melanotan 1<br \/>\nSecven\u021b\u0103: Ac-Ser-Tyr-Ser-Nle-Glu-His-D-Phe-Arg-Trp-Gly-Lys-Pro-Val-NH2<br \/>\nSinome: [ HORMON DE STIMULARE NLE4,D-PHE]ALFA-MELANOCIT\u0102;(NLE4,D-PHE7)-ALFA-MSH;[Nle4,D-Phe7]\u03b1-MSH;Ac-L-Ser-L-Tyr-L-Ser-L -Nle-L-Glu-L-His-D-Phe-L-Arg-L-Trp-Gly-L-Lys-L-Pro-L-Val-NH2;N-Ac-L-Ser-L-Tyr -L-Ser-L-Nle-L-Glu-L-His-D-Phe-L-Arg-L-Trp-Gly-L-Lys-L-Pro-L-Val-NH2;[Nle4,DPhe7] a-MSH, amid\u0103; [Nle4,DPhe7] a-MSH, amid\u0103: Melanotan \u2160;[Nle4, D-Phe7]-\u03b1-MSH, amid\u0103<br \/>\nCAS: 75921-69-6<br \/>\nMF: C78H111N21O19&lt; &amp;&gt;MW: 1646.85<br \/>\nEINECS: 211-519-9<br \/>\nCategorii de produse: Peptide modulante ale canalului ionic;Hormoni de stimulare a melanocitelor (MSH);ImunomodulatoareHomoni;Cercetare obezitate;Peptide pentru biologie celular\u0103;Hormoni hipofizari;Stimularea melanocitelor; Peptide \u0219i proteine hormonului (MSH);Peptide de hormon de stimulare a melanocitelor (\u03b1-MSH) pentru biologia celular\u0103;Factori de cre\u0219tere a citokinelor \u0219i hormoni (obezitate);Melanotan II A<br \/>\nMol File: 75921-69-6.mol&lt;&amp; &gt;<br \/>\nMelanotan 2 (cunoscut \u0219i ca Melanotan II) este o substan\u021b\u0103 sintetic\u0103 Varianta produs\u0103 complet a unui hormon peptidic produs \u00een mod natural \u00een<br \/>\ncorpul nostru care stimuleaz\u0103 melanogeneza, care este responsabil\u0103 de pigmentarea pielii. Acest hormon peptidic, numit<br \/>\nhormon de stimulare a melanocitelor alfa sau MSH, activeaz\u0103 anumi\u021bi receptori de melanocortin\u0103 \u00een procesul de exercitare a efectelor sale.<br \/>\n\u00centr-adev\u0103r, MSH aduce, de asemenea, beneficii puternice ale metabolismului lipidelor, apetitului \u0219i libidoului sexual prin intermediul acestora. Receptorii de melanocortin\u0103.<br \/>\nDe aceea, \u00een studii s-a demonstrat c\u0103 Melanotan 2 prezint\u0103 efecte de suprimare a poftei de m\u00e2ncare, lipolitice \u0219i de cre\u0219tere a libidoului, \u00een plus<br \/>\nfa\u021b\u0103 de promovarea bronz\u0103rii pielii. Melanotan 2 a fost cercetat pe larg pentru a fi utilizat \u00een protejarea \u00eempotriva efectelor d\u0103un\u0103toare ale radia\u021biilor ultraviolete<br \/>\nde la lumina soarelui datorit\u0103 caracteristicilor sale de stimulare a melanogenezei.<br \/>\n\u00cen plus, Melanotan 2(MT-2) \u0219i o variant\u0103 similar\u0103 produs\u0103 sintetic, , au fost studiate ca un poten\u021bial remediu<br \/>\npentru tratamentul disfunc\u021biei sexuale; \u00een special, disfunc\u021bia erectil\u0103 masculin\u0103.<\/p>\n<p> <strong>Melanotan 1\/ Melanotan I\/ Afamelanotide CAS 75921-69-6 Propriet\u0103\u021bi chimice<\/strong><br \/>\ndensitate 1,46\u00b10,1 g\/cm3(Predic\u021bie)<br \/>\nRTECS OS1830200<br \/>\ntemperatura de stocare . \u221220\u00b0C<br \/>\npka 4,43\u00b10,10(Previzual)<br \/>\nInChIKey UAHFGYDRQSXQEB-LEBBXHLNSA-N<br \/>\nCAS DataBase Reference 75921-69-6(CAS DataBase Reference)<\/p>\n<p> <strong>Utiliz\u0103ri de Melanotan 1\/ Melanotan I\/ Afamelanotide CAS 75921-69-6s<\/strong><br \/>\nOdat\u0103 cu eliberarea Melanotan I, aceast\u0103 peptid\u0103 liniar\u0103 const\u00e2nd din 13 aminoacizi este obligat s\u0103 joace un rol \u0219i mai mare \u00een cercetarea medicamentelor. Principalele nume \u00een limba englez\u0103 ale Melanotan I sunt Melanotan-1 \u0219i Afamelanotide, care apar\u021bin analogilor \u03b1-MSH, Melanotan I poate fi utilizat pentru a trata tulbur\u0103rile de fotosensibilitate cauzate de protoporfiria eritropoetic\u0103.<\/p>\n","protected":false},"excerpt":{"rendered":"<p>Nume produs: Melanotan 1<br \/>\nCAS: 75921-69-6<br \/>\nMF: C78H111N21O19<br \/>\nMW: 1646,85<br \/>\nEINECS: 211-519-9<br \/>\nMol File: 75921-69-6.mol<\/p>\n","protected":false},"featured_media":2214,"comment_status":"open","ping_status":"closed","template":"","meta":{"om_disable_all_campaigns":false,"_monsterinsights_skip_tracking":false,"_monsterinsights_sitenote_active":false,"_monsterinsights_sitenote_note":"","_monsterinsights_sitenote_category":0,"site-sidebar-layout":"default","site-content-layout":"default","ast-site-content-layout":"default","site-content-style":"default","site-sidebar-style":"default","ast-global-header-display":"","ast-banner-title-visibility":"","ast-main-header-display":"","ast-hfb-above-header-display":"","ast-hfb-below-header-display":"","ast-hfb-mobile-header-display":"","site-post-title":"","ast-breadcrumbs-content":"","ast-featured-img":"","footer-sml-layout":"","ast-disable-related-posts":"","theme-transparent-header-meta":"default","adv-header-id-meta":"","stick-header-meta":"","header-above-stick-meta":"","header-main-stick-meta":"","header-below-stick-meta":"","astra-migrate-meta-layouts":"default","ast-page-background-enabled":"default","ast-page-background-meta":{"desktop":{"background-color":"","background-image":"","background-repeat":"repeat","background-position":"center center","background-size":"auto","background-attachment":"scroll","background-type":"","background-media":"","overlay-type":"","overlay-color":"","overlay-opacity":"","overlay-gradient":""},"tablet":{"background-color":"","background-image":"","background-repeat":"repeat","background-position":"center center","background-size":"auto","background-attachment":"scroll","background-type":"","background-media":"","overlay-type":"","overlay-color":"","overlay-opacity":"","overlay-gradient":""},"mobile":{"background-color":"","background-image":"","background-repeat":"repeat","background-position":"center center","background-size":"auto","background-attachment":"scroll","background-type":"","background-media":"","overlay-type":"","overlay-color":"","overlay-opacity":"","overlay-gradient":""}},"ast-content-background-meta":{"desktop":{"background-color":"var(--ast-global-color-5)","background-image":"","background-repeat":"repeat","background-position":"center center","background-size":"auto","background-attachment":"scroll","background-type":"","background-media":"","overlay-type":"","overlay-color":"","overlay-opacity":"","overlay-gradient":""},"tablet":{"background-color":"var(--ast-global-color-5)","background-image":"","background-repeat":"repeat","background-position":"center center","background-size":"auto","background-attachment":"scroll","background-type":"","background-media":"","overlay-type":"","overlay-color":"","overlay-opacity":"","overlay-gradient":""},"mobile":{"background-color":"var(--ast-global-color-5)","background-image":"","background-repeat":"repeat","background-position":"center center","background-size":"auto","background-attachment":"scroll","background-type":"","background-media":"","overlay-type":"","overlay-color":"","overlay-opacity":"","overlay-gradient":""}}},"product_brand":[],"product_cat":[517],"product_tag":[2541],"class_list":{"0":"post-7224","1":"product","2":"type-product","3":"status-publish","4":"has-post-thumbnail","6":"product_cat-alte-peptide","7":"product_tag-melanotan-1-melanotan-i-afamelanotide-cas-75921-69-6-ro","8":"desktop-align-left","9":"tablet-align-left","10":"mobile-align-left","12":"first","13":"instock","14":"shipping-taxable","15":"product-type-simple"},"_links":{"self":[{"href":"https:\/\/puyapeptide.net\/ro\/wp-json\/wp\/v2\/product\/7224","targetHints":{"allow":["GET"]}}],"collection":[{"href":"https:\/\/puyapeptide.net\/ro\/wp-json\/wp\/v2\/product"}],"about":[{"href":"https:\/\/puyapeptide.net\/ro\/wp-json\/wp\/v2\/types\/product"}],"replies":[{"embeddable":true,"href":"https:\/\/puyapeptide.net\/ro\/wp-json\/wp\/v2\/comments?post=7224"}],"wp:featuredmedia":[{"embeddable":true,"href":"https:\/\/puyapeptide.net\/ro\/wp-json\/wp\/v2\/media\/2214"}],"wp:attachment":[{"href":"https:\/\/puyapeptide.net\/ro\/wp-json\/wp\/v2\/media?parent=7224"}],"wp:term":[{"taxonomy":"product_brand","embeddable":true,"href":"https:\/\/puyapeptide.net\/ro\/wp-json\/wp\/v2\/product_brand?post=7224"},{"taxonomy":"product_cat","embeddable":true,"href":"https:\/\/puyapeptide.net\/ro\/wp-json\/wp\/v2\/product_cat?post=7224"},{"taxonomy":"product_tag","embeddable":true,"href":"https:\/\/puyapeptide.net\/ro\/wp-json\/wp\/v2\/product_tag?post=7224"}],"curies":[{"name":"wp","href":"https:\/\/api.w.org\/{rel}","templated":true}]}}