{"id":7291,"date":"2021-12-16T07:20:56","date_gmt":"2021-12-16T12:20:56","guid":{"rendered":"https:\/\/puyapeptide.net\/product\/poziotinib-ara290-cibinetide-cas-1208243-50-8-pentru-cercetare-de-laborator\/"},"modified":"2021-12-16T07:20:56","modified_gmt":"2021-12-16T12:20:56","slug":"poziotinib-ara290-cibinetide-cas-1208243-50-8-pentru-cercetare-de-laborator","status":"publish","type":"product","link":"https:\/\/puyapeptide.net\/ro\/product\/poziotinib-ara290-cibinetide-cas-1208243-50-8-pentru-cercetare-de-laborator\/","title":{"rendered":"Poziotinib\/ ARA290\/ Cibinetide CAS 1208243-50-8 pentru cercetare de laborator"},"content":{"rendered":"<h2><strong>Poziotinib\/ ARA290\/ Cibinetide CAS 1208243-50-8 pentru cercetare de laborator<\/strong><\/h2>\n<p>Nume produs: Poziotinib<br \/>\nSecven\u021b\u0103: Pyr-Glu-Gln-Leu-Glu-Arg-Ala-Leu-Asn-Ser-Ser-OH<br \/>\nSinome: ARA-290 (Cibinetide);ARA290, &gt; 98%;ARA290,Cibinetide, &gt;98%;ARA290;WZTIQQBMSJTRBR-MUZUOSMHSA-N;ara290\/Poziotinib;L-Serina, 5-oxo-L-prolil-L-\u03b1-glutamil-L-glutaminil-L-leucil-L -\u03b1-glutamil-L-arginil-L-alanil-L-leucil-L-asparaginil-L-seril-;ARA-290(Cibinetide) acetat<br \/>\nCAS: 1208243-50-8<br \/>\nMF: C51H84N16O21&lt; &amp;&gt;MW: 1257.31<br \/>\nEINECS:<br \/>\nCategorii de produse:<br \/>\nMol File: 1208243-50-8.mol<\/p>\n<p>ARA290 este o peptid\u0103 format\u0103 din 11 aminoacizi, dintre care N- terminalul este acidul piroglutamic. ARA290 este un derivat de EPO, un agonist al heteroreceptorului eritropoietinei\/CD131 \u0219i este utilizat \u00een mod obi\u0219nuit \u00een studiile clinice pentru tratamentul bolilor neurologice. studii.<\/p>\n<p> <strong>Poziotinib\/ ARA290\/ Cibinetide CAS 1208243-50-8 Propriet\u0103\u021bi chimice<\/strong><br \/>\ndensitate 1,56\u00b10,1 g\/cm3(Prevista)<br \/>\npka 2,90\u00b10,10(Prevista)<\/p>\n<p> <strong>Func\u021bia \u0219i aplicarea Poziotinib\/ ARA290\/ Cibinetide CAS 1208243-50-8<\/strong><br \/>\nCibinetide este o peptid\u0103 sintetic\u0103 de prim\u0103 clas\u0103 conceput\u0103 pentru a activa mecanismele \u00eenn\u0103scute de reparare \u00een cazul leziunilor tisulare ca urmare a cascadei inflamatorii. Se leag\u0103 selectiv de receptorul de reparare \u00eenn\u0103scut\u0103 (IRR) care activeaz\u0103 c\u0103ile de semnalizare de protec\u021bie a \u021besuturilor, reparatoare \u0219i antiinflamatorii.<\/p>\n","protected":false},"excerpt":{"rendered":"<p>Nume produs: Poziotinib<br \/>\nCAS: 1208243-50-8<br \/>\nMF: C51H84N16O21<br \/>\nMW: 1257,31<br \/>\nMol File: 1208243-50-8.mol<\/p>\n","protected":false},"featured_media":2109,"comment_status":"open","ping_status":"closed","template":"","meta":{"om_disable_all_campaigns":false,"_monsterinsights_skip_tracking":false,"_monsterinsights_sitenote_active":false,"_monsterinsights_sitenote_note":"","_monsterinsights_sitenote_category":0,"site-sidebar-layout":"default","site-content-layout":"default","ast-site-content-layout":"default","site-content-style":"default","site-sidebar-style":"default","ast-global-header-display":"","ast-banner-title-visibility":"","ast-main-header-display":"","ast-hfb-above-header-display":"","ast-hfb-below-header-display":"","ast-hfb-mobile-header-display":"","site-post-title":"","ast-breadcrumbs-content":"","ast-featured-img":"","footer-sml-layout":"","ast-disable-related-posts":"","theme-transparent-header-meta":"default","adv-header-id-meta":"","stick-header-meta":"","header-above-stick-meta":"","header-main-stick-meta":"","header-below-stick-meta":"","astra-migrate-meta-layouts":"default","ast-page-background-enabled":"default","ast-page-background-meta":{"desktop":{"background-color":"","background-image":"","background-repeat":"repeat","background-position":"center center","background-size":"auto","background-attachment":"scroll","background-type":"","background-media":"","overlay-type":"","overlay-color":"","overlay-opacity":"","overlay-gradient":""},"tablet":{"background-color":"","background-image":"","background-repeat":"repeat","background-position":"center center","background-size":"auto","background-attachment":"scroll","background-type":"","background-media":"","overlay-type":"","overlay-color":"","overlay-opacity":"","overlay-gradient":""},"mobile":{"background-color":"","background-image":"","background-repeat":"repeat","background-position":"center center","background-size":"auto","background-attachment":"scroll","background-type":"","background-media":"","overlay-type":"","overlay-color":"","overlay-opacity":"","overlay-gradient":""}},"ast-content-background-meta":{"desktop":{"background-color":"var(--ast-global-color-5)","background-image":"","background-repeat":"repeat","background-position":"center center","background-size":"auto","background-attachment":"scroll","background-type":"","background-media":"","overlay-type":"","overlay-color":"","overlay-opacity":"","overlay-gradient":""},"tablet":{"background-color":"var(--ast-global-color-5)","background-image":"","background-repeat":"repeat","background-position":"center center","background-size":"auto","background-attachment":"scroll","background-type":"","background-media":"","overlay-type":"","overlay-color":"","overlay-opacity":"","overlay-gradient":""},"mobile":{"background-color":"var(--ast-global-color-5)","background-image":"","background-repeat":"repeat","background-position":"center center","background-size":"auto","background-attachment":"scroll","background-type":"","background-media":"","overlay-type":"","overlay-color":"","overlay-opacity":"","overlay-gradient":""}}},"product_brand":[],"product_cat":[517],"product_tag":[2535],"class_list":{"0":"post-7291","1":"product","2":"type-product","3":"status-publish","4":"has-post-thumbnail","6":"product_cat-alte-peptide","7":"product_tag-poziotinib-ara290-cibinetide-cas-1208243-50-8-for-lab-research-ro","8":"desktop-align-left","9":"tablet-align-left","10":"mobile-align-left","12":"first","13":"instock","14":"shipping-taxable","15":"product-type-simple"},"_links":{"self":[{"href":"https:\/\/puyapeptide.net\/ro\/wp-json\/wp\/v2\/product\/7291","targetHints":{"allow":["GET"]}}],"collection":[{"href":"https:\/\/puyapeptide.net\/ro\/wp-json\/wp\/v2\/product"}],"about":[{"href":"https:\/\/puyapeptide.net\/ro\/wp-json\/wp\/v2\/types\/product"}],"replies":[{"embeddable":true,"href":"https:\/\/puyapeptide.net\/ro\/wp-json\/wp\/v2\/comments?post=7291"}],"wp:featuredmedia":[{"embeddable":true,"href":"https:\/\/puyapeptide.net\/ro\/wp-json\/wp\/v2\/media\/2109"}],"wp:attachment":[{"href":"https:\/\/puyapeptide.net\/ro\/wp-json\/wp\/v2\/media?parent=7291"}],"wp:term":[{"taxonomy":"product_brand","embeddable":true,"href":"https:\/\/puyapeptide.net\/ro\/wp-json\/wp\/v2\/product_brand?post=7291"},{"taxonomy":"product_cat","embeddable":true,"href":"https:\/\/puyapeptide.net\/ro\/wp-json\/wp\/v2\/product_cat?post=7291"},{"taxonomy":"product_tag","embeddable":true,"href":"https:\/\/puyapeptide.net\/ro\/wp-json\/wp\/v2\/product_tag?post=7291"}],"curies":[{"name":"wp","href":"https:\/\/api.w.org\/{rel}","templated":true}]}}