{"id":7334,"date":"2021-12-16T07:22:40","date_gmt":"2021-12-16T12:22:40","guid":{"rendered":"https:\/\/puyapeptide.net\/product\/pentagastrina-cas-5534-95-2-promoveaza-secretia-de-acid-gastric-si-pepsina\/"},"modified":"2021-12-16T07:22:40","modified_gmt":"2021-12-16T12:22:40","slug":"pentagastrina-cas-5534-95-2-promoveaza-secretia-de-acid-gastric-si-pepsina","status":"publish","type":"product","link":"https:\/\/puyapeptide.net\/ro\/product\/pentagastrina-cas-5534-95-2-promoveaza-secretia-de-acid-gastric-si-pepsina\/","title":{"rendered":"Pentagastrina CAS 5534-95-2 Promoveaz\u0103 secre\u021bia de acid gastric \u0219i pepsin\u0103"},"content":{"rendered":"<h2><strong>Pentagastrina CAS 5534-95-2 Promoveaz\u0103 secre\u021bia de acid gastric \u0219i pepsin\u0103<\/strong><\/h2>\n<p>Nume produs: PENTAGASTRIN<br \/>\nSinome: T-BOC-BETA-ALA-TRP-MET-ASP-PHE-NH2;aspartyl]-l-phenylalaninamide;ay6608;boc-beta-ala-try-met-asp -phe(nh2);gastrodiagnost;ici50123;lanineamid\u0103;l-metionil-l-alfa-aspartil-<br \/>\nCAS: 5534-95-2<br \/>\nMF: C37H49N7O9S<br \/>\nMW: 767,9<br \/>\nEINECS: 226 -889-7<br \/>\nCategorii de produse: MARCAINE;Peptide<br \/>\nMol File: 5534-95-2.mol<\/p>\n<p>Peptavlon, cunoscut \u0219i sub denumirea de pentagastrin\u0103, este o pentagastrin\u0103 sintetic\u0103 care promoveaz\u0103 secre\u021bia de acid gastric , pepsin\u0103 \u0219i endogastrin\u0103. Este utilizat clinic pentru examinarea func\u021biei de secre\u021bie gastric\u0103 \u0219i examinarea func\u021biei pancreatice.<\/p>\n<p> <strong>Pentagastrina CAS 5534-95-2 Propriet\u0103\u021bi chimice<\/strong><br \/>\nPunctul de topire 229-230\u00b0 (dec)<br \/>\nalfa D22 -28,8 \u00b10,5 \u00b0 (DMF)<br \/>\nPunctul de fierbere 1196,6\u00b165,0 \u00b0C(Previzat)<br \/>\ndensitate 1,303\u00b10,06 g\/cm3(Previzuit)<br \/>\ntemp. -20\u00b0C<br \/>\nsolubilitate Practic insolubil \u00een ap\u0103; solubil \u00een amoniac 5M \u0219i \u00een dimetilformamid\u0103; u\u0219or solubil \u00een etanol (96%).<br \/>\npka 4,19\u00b10,10(Predic\u021bie)<br \/>\nform\u0103 pulbere<br \/>\nInChIKey NEYNJQRKHLUJRU-DZUOILHNSA-N<\/p>\n<p> <strong>Utiliz\u0103ri ale Pentagastrinei CAS 5534-95-2<\/strong> &lt;&amp; &gt;1. anestezic (local)<br \/>\n2. agent de diagnostic pentru tulbur\u0103rile de secre\u021bie gastric\u0103<\/p>\n","protected":false},"excerpt":{"rendered":"<p>Nume produs: PENTAGASTRIN<br \/>\nCAS: 5534-95-2<br \/>\nMF: C37H49N7O9S<br \/>\nMW: 767,9<br \/>\nEINECS: 226-889-7<br \/>\nMol File: 5534-95-2.mol<\/p>\n","protected":false},"featured_media":2109,"comment_status":"open","ping_status":"closed","template":"","meta":{"om_disable_all_campaigns":false,"_monsterinsights_skip_tracking":false,"_monsterinsights_sitenote_active":false,"_monsterinsights_sitenote_note":"","_monsterinsights_sitenote_category":0,"site-sidebar-layout":"default","site-content-layout":"default","ast-site-content-layout":"default","site-content-style":"default","site-sidebar-style":"default","ast-global-header-display":"","ast-banner-title-visibility":"","ast-main-header-display":"","ast-hfb-above-header-display":"","ast-hfb-below-header-display":"","ast-hfb-mobile-header-display":"","site-post-title":"","ast-breadcrumbs-content":"","ast-featured-img":"","footer-sml-layout":"","ast-disable-related-posts":"","theme-transparent-header-meta":"default","adv-header-id-meta":"","stick-header-meta":"","header-above-stick-meta":"","header-main-stick-meta":"","header-below-stick-meta":"","astra-migrate-meta-layouts":"default","ast-page-background-enabled":"default","ast-page-background-meta":{"desktop":{"background-color":"","background-image":"","background-repeat":"repeat","background-position":"center center","background-size":"auto","background-attachment":"scroll","background-type":"","background-media":"","overlay-type":"","overlay-color":"","overlay-opacity":"","overlay-gradient":""},"tablet":{"background-color":"","background-image":"","background-repeat":"repeat","background-position":"center center","background-size":"auto","background-attachment":"scroll","background-type":"","background-media":"","overlay-type":"","overlay-color":"","overlay-opacity":"","overlay-gradient":""},"mobile":{"background-color":"","background-image":"","background-repeat":"repeat","background-position":"center center","background-size":"auto","background-attachment":"scroll","background-type":"","background-media":"","overlay-type":"","overlay-color":"","overlay-opacity":"","overlay-gradient":""}},"ast-content-background-meta":{"desktop":{"background-color":"var(--ast-global-color-5)","background-image":"","background-repeat":"repeat","background-position":"center center","background-size":"auto","background-attachment":"scroll","background-type":"","background-media":"","overlay-type":"","overlay-color":"","overlay-opacity":"","overlay-gradient":""},"tablet":{"background-color":"var(--ast-global-color-5)","background-image":"","background-repeat":"repeat","background-position":"center center","background-size":"auto","background-attachment":"scroll","background-type":"","background-media":"","overlay-type":"","overlay-color":"","overlay-opacity":"","overlay-gradient":""},"mobile":{"background-color":"var(--ast-global-color-5)","background-image":"","background-repeat":"repeat","background-position":"center center","background-size":"auto","background-attachment":"scroll","background-type":"","background-media":"","overlay-type":"","overlay-color":"","overlay-opacity":"","overlay-gradient":""}}},"product_brand":[],"product_cat":[451],"product_tag":[2409],"class_list":{"0":"post-7334","1":"product","2":"type-product","3":"status-publish","4":"has-post-thumbnail","6":"product_cat-peptida-sistemului-gastrointestinal","7":"product_tag-pentagastrin-cas-5534-95-2-promotes-the-secretion-of-gastric-acid-and-pepsin-ro","8":"desktop-align-left","9":"tablet-align-left","10":"mobile-align-left","12":"first","13":"instock","14":"shipping-taxable","15":"product-type-simple"},"_links":{"self":[{"href":"https:\/\/puyapeptide.net\/ro\/wp-json\/wp\/v2\/product\/7334","targetHints":{"allow":["GET"]}}],"collection":[{"href":"https:\/\/puyapeptide.net\/ro\/wp-json\/wp\/v2\/product"}],"about":[{"href":"https:\/\/puyapeptide.net\/ro\/wp-json\/wp\/v2\/types\/product"}],"replies":[{"embeddable":true,"href":"https:\/\/puyapeptide.net\/ro\/wp-json\/wp\/v2\/comments?post=7334"}],"wp:featuredmedia":[{"embeddable":true,"href":"https:\/\/puyapeptide.net\/ro\/wp-json\/wp\/v2\/media\/2109"}],"wp:attachment":[{"href":"https:\/\/puyapeptide.net\/ro\/wp-json\/wp\/v2\/media?parent=7334"}],"wp:term":[{"taxonomy":"product_brand","embeddable":true,"href":"https:\/\/puyapeptide.net\/ro\/wp-json\/wp\/v2\/product_brand?post=7334"},{"taxonomy":"product_cat","embeddable":true,"href":"https:\/\/puyapeptide.net\/ro\/wp-json\/wp\/v2\/product_cat?post=7334"},{"taxonomy":"product_tag","embeddable":true,"href":"https:\/\/puyapeptide.net\/ro\/wp-json\/wp\/v2\/product_tag?post=7334"}],"curies":[{"name":"wp","href":"https:\/\/api.w.org\/{rel}","templated":true}]}}