{"id":7378,"date":"2021-12-16T07:24:57","date_gmt":"2021-12-16T12:24:57","guid":{"rendered":"https:\/\/puyapeptide.net\/product\/elcatonin-acetate-elcatonin-cas-60731-46-6-poate-reduce-calciul-seric\/"},"modified":"2021-12-16T07:24:57","modified_gmt":"2021-12-16T12:24:57","slug":"elcatonin-acetate-elcatonin-cas-60731-46-6-poate-reduce-calciul-seric","status":"publish","type":"product","link":"https:\/\/puyapeptide.net\/ro\/product\/elcatonin-acetate-elcatonin-cas-60731-46-6-poate-reduce-calciul-seric\/","title":{"rendered":"Elcatonin Acetate\/ Elcatonin CAS 60731-46-6 Poate reduce calciul seric"},"content":{"rendered":"<h2><strong>Elcatonin Acetate\/ Elcatonin CAS 60731-46-6 Poate reduce calciul seric<\/strong><\/h2>\n<p>Denumire produs: Elcatonin<br \/>\nSinonime: (aminosubericacid1,7)-eelcalcitonina;1-butanoicacid-26-l-asparticacid-27-l-valin-7-dicarbacalcitonina(somon);29-l-alanina-; (ACID L-ALFA-AMINOSUBERIC 1,7)-CALCITONIN\u0102 (EEL);ELCATONIN;ELCATONIN (EEL);(DES CYS1,CYCLO (SER2-ASU7))-CALCITONIN\u0102 (EEL) ACETAT SARE;CYCLO(-SER-ASN-LEU -SER-THR-ASU)-VAL-LEU-GLY-LYS-LEU-SER-GLN-GLU-LEU-HIS-LYS-LEU-GLN-THR-TYR-PRO-ARG-THR-ASP-VAL-GLY- ALA-GLY-THR-PRO-NH2<br \/>\nCAS: 60731-46-6<br \/>\nMF: C148H244N42O47<br \/>\nMW: 3363,83<br \/>\nEINECS: 262-393-7<br \/>\nCategorii de produse:<br \/>\n Mol File: 60731-46-6.mol<\/p>\n<p>Elcatonina este o polipeptid\u0103 cu structur\u0103 secundar\u0103 stabil\u0103. Func\u021bia sa fiziologic\u0103 principal\u0103 este de a inhiba activitatea osteoclastelor, de a reduce resorb\u021bia osoas\u0103, de a preveni pierderea de calciu osos \u0219i de a reduce calciul seric la animalele normale \u0219i la animalele hipercalcemice.<\/p>\n<p>Elcatonina (formula molecular\u0103: C148H244N42O47) este un fel de unic\u0103, non -lant polipeptidic glicozilat format din 31 de aminoacizi. Este un derivat de calcitonin\u0103 \u0219i este folosit ca agent anti-paratiroidian. Este utilizat \u00een principal pentru remiterea \u0219i eliminarea durerii induse de osteoporoz\u0103. Are mai multe efecte fiziologice printre care: (1) inhib\u0103 absorb\u021bia \u0219i autoliza oaselor, duc\u00e2nd astfel la reducerea nivelului de calciu din s\u00e2nge; (2) inhib\u0103 dizolvarea \u0219i transferul s\u0103rurilor osoase, promov\u00e2nd \u00een continuare excre\u021bia de calciu \u0219i fosfor \u00een urin\u0103; (3) inhib\u0103 procesul de reabsorb\u021bie a calciului, fosforului \u0219i sodiului de c\u0103tre <strong>tubulii<\/strong> renali. )<br \/>\nRTECS HS9270000<br \/>\ntemp. -15\u00b0C<\/p>\n<p> <strong>Utiliz\u0103ri de Elcatonin Acetate\/ Elcatonin CAS 60731-46-6<\/strong><br \/>\nOsteoporoza; hipercalcemie; boala Paget<\/p>\n","protected":false},"excerpt":{"rendered":"<p>Nume produs: Elcatonin<br \/>\nCAS: 60731-46-6<br \/>\nMF: C148H244N42O47<br \/>\nMW: 3363,83<br \/>\nEINECS: 262-393-7<br \/>\nMol File: 60731-46-6.mol<\/p>\n","protected":false},"featured_media":2109,"comment_status":"open","ping_status":"closed","template":"","meta":{"om_disable_all_campaigns":false,"_monsterinsights_skip_tracking":false,"_monsterinsights_sitenote_active":false,"_monsterinsights_sitenote_note":"","_monsterinsights_sitenote_category":0,"site-sidebar-layout":"default","site-content-layout":"default","ast-site-content-layout":"default","site-content-style":"default","site-sidebar-style":"default","ast-global-header-display":"","ast-banner-title-visibility":"","ast-main-header-display":"","ast-hfb-above-header-display":"","ast-hfb-below-header-display":"","ast-hfb-mobile-header-display":"","site-post-title":"","ast-breadcrumbs-content":"","ast-featured-img":"","footer-sml-layout":"","ast-disable-related-posts":"","theme-transparent-header-meta":"default","adv-header-id-meta":"","stick-header-meta":"","header-above-stick-meta":"","header-main-stick-meta":"","header-below-stick-meta":"","astra-migrate-meta-layouts":"default","ast-page-background-enabled":"default","ast-page-background-meta":{"desktop":{"background-color":"","background-image":"","background-repeat":"repeat","background-position":"center center","background-size":"auto","background-attachment":"scroll","background-type":"","background-media":"","overlay-type":"","overlay-color":"","overlay-opacity":"","overlay-gradient":""},"tablet":{"background-color":"","background-image":"","background-repeat":"repeat","background-position":"center center","background-size":"auto","background-attachment":"scroll","background-type":"","background-media":"","overlay-type":"","overlay-color":"","overlay-opacity":"","overlay-gradient":""},"mobile":{"background-color":"","background-image":"","background-repeat":"repeat","background-position":"center center","background-size":"auto","background-attachment":"scroll","background-type":"","background-media":"","overlay-type":"","overlay-color":"","overlay-opacity":"","overlay-gradient":""}},"ast-content-background-meta":{"desktop":{"background-color":"var(--ast-global-color-5)","background-image":"","background-repeat":"repeat","background-position":"center center","background-size":"auto","background-attachment":"scroll","background-type":"","background-media":"","overlay-type":"","overlay-color":"","overlay-opacity":"","overlay-gradient":""},"tablet":{"background-color":"var(--ast-global-color-5)","background-image":"","background-repeat":"repeat","background-position":"center center","background-size":"auto","background-attachment":"scroll","background-type":"","background-media":"","overlay-type":"","overlay-color":"","overlay-opacity":"","overlay-gradient":""},"mobile":{"background-color":"var(--ast-global-color-5)","background-image":"","background-repeat":"repeat","background-position":"center center","background-size":"auto","background-attachment":"scroll","background-type":"","background-media":"","overlay-type":"","overlay-color":"","overlay-opacity":"","overlay-gradient":""}}},"product_brand":[],"product_cat":[489],"product_tag":[2447],"class_list":{"0":"post-7378","1":"product","2":"type-product","3":"status-publish","4":"has-post-thumbnail","6":"product_cat-peptida-de-osteoporoza","7":"product_tag-elcatonin-acetate-elcatonin-cas-60731-46-6-can-reduce-the-serum-calcium-ro","8":"desktop-align-left","9":"tablet-align-left","10":"mobile-align-left","12":"first","13":"instock","14":"shipping-taxable","15":"product-type-simple"},"_links":{"self":[{"href":"https:\/\/puyapeptide.net\/ro\/wp-json\/wp\/v2\/product\/7378","targetHints":{"allow":["GET"]}}],"collection":[{"href":"https:\/\/puyapeptide.net\/ro\/wp-json\/wp\/v2\/product"}],"about":[{"href":"https:\/\/puyapeptide.net\/ro\/wp-json\/wp\/v2\/types\/product"}],"replies":[{"embeddable":true,"href":"https:\/\/puyapeptide.net\/ro\/wp-json\/wp\/v2\/comments?post=7378"}],"wp:featuredmedia":[{"embeddable":true,"href":"https:\/\/puyapeptide.net\/ro\/wp-json\/wp\/v2\/media\/2109"}],"wp:attachment":[{"href":"https:\/\/puyapeptide.net\/ro\/wp-json\/wp\/v2\/media?parent=7378"}],"wp:term":[{"taxonomy":"product_brand","embeddable":true,"href":"https:\/\/puyapeptide.net\/ro\/wp-json\/wp\/v2\/product_brand?post=7378"},{"taxonomy":"product_cat","embeddable":true,"href":"https:\/\/puyapeptide.net\/ro\/wp-json\/wp\/v2\/product_cat?post=7378"},{"taxonomy":"product_tag","embeddable":true,"href":"https:\/\/puyapeptide.net\/ro\/wp-json\/wp\/v2\/product_tag?post=7378"}],"curies":[{"name":"wp","href":"https:\/\/api.w.org\/{rel}","templated":true}]}}