{"id":7448,"date":"2021-12-16T08:00:30","date_gmt":"2021-12-16T13:00:30","guid":{"rendered":"https:\/\/puyapeptide.net\/product\/acetat-de-lanreotida-cas-127984-74-1-tratament-pentru-acromegalie-si-tumori-neuroendocrine-simptomatice\/"},"modified":"2021-12-16T08:00:30","modified_gmt":"2021-12-16T13:00:30","slug":"acetat-de-lanreotida-cas-127984-74-1-tratament-pentru-acromegalie-si-tumori-neuroendocrine-simptomatice","status":"publish","type":"product","link":"https:\/\/puyapeptide.net\/ro\/product\/acetat-de-lanreotida-cas-127984-74-1-tratament-pentru-acromegalie-si-tumori-neuroendocrine-simptomatice\/","title":{"rendered":"Acetat de lanreotid\u0103 CAS 127984-74-1 Tratament pentru acromegalie \u0219i tumori neuroendocrine simptomatice"},"content":{"rendered":"<h2><strong>Acetat de lanreotid\u0103 CAS 127984-74-1 Tratament pentru acromegalie \u0219i tumori neuroendocrine simptomatice<\/strong><\/h2>\n<p>Nume produs: Lanreotide Acetate<br \/>\nSinome: 10-(4-aminobutil)-19-[(2-amino-3-naftalen-2-il-propanoil)amino]-N-(1-carbamoil-2) -hidroxi-propil)-16-[(4-hidroxifenil)metil]-13-(1 H-indol-3-ilmetil)-6,9,12,15,18-pentaoxo-7-propan-2-il-1 ,2-ditia-5,8,11,14, 17-pentazacicloicosan-4-carboxamid\u0103;Somatulin\u0103;ACET DE LANREOTIDE;3-(2-Naftalenil)-D-alanil-L-cisteinil-L-tirosil-D-triptofil- L-lizil-L-valil-L-cisteinil-L-treoninamid\u0103 (2\u21927)-disulfur\u0103 acetat ciclic; Acetat de angiopeptin\u0103; 10-(4-aminobutil)-N-(1-amino-3-hidroxi-1-oxobutan -2-il)-19-[(2-amino-3-naftalen-2-ilpropanoil)amino]-16-[(4-hidroxifenil)metil]-13-(1 H-indol-3-ilmetil)-6, 9,12,15,18-pentaoxo-7-propan-2-il-1,2-ditia-5,8,11,14,17-pentazacicloicosan-4-carboxamid\u0103; Acetat de lanreotid\u0103 USP\/EP\/BP<br \/>\n CAS: 127984-74-1<br \/>\nMF: C54H69N11O10S2<br \/>\nMW: 0<br \/>\nEINECS:<br \/>\nCategorii de produse: Aminoacizi \u0219i deriva\u021bi, Farmaceutice, Intermediari \u0219i deriva\u021bi<br \/>\nFi\u0219ier Mol: 127984-74 1.mol<\/p>\n<p>Acetat de lanreotid\u0103, o somatostatina octapeptidic\u0103 analog, a ajuns pe prima pia\u021b\u0103 mondial\u0103 \u00een Fran\u021ba pentru acromegalie, atunci c\u00e2nd interven\u021bia chirurgical\u0103 sau radioterapia nu au reu\u0219it s\u0103 restabileasc\u0103 secre\u021bia normal\u0103 a hormonului de cre\u0219tere. Lanreotida este un inhibitor selectiv al hormonului de cre\u0219tere \u0219i reduce secre\u021bia de hormon de cre\u0219tere, tirotropin\u0103, motilin\u0103 \u0219i polipeptid\u0103 pancreatic\u0103 la om. Lanreotida are propriet\u0103\u021bi antiproliferative \u0219i se pare c\u0103 este \u00een studii clinice pentru prevenirea restenozei dup\u0103 angioplastia arterei coronare, pentru retinopatia diabetic\u0103 \u0219i ca terapie pentru psoriazis. De asemenea, a fost demonstrat poten\u021bialul s\u0103u pentru tumori neuroendocrine \u0219i cancer de prostat\u0103 sensibil la hormoni.<\/p>\n<p> <strong>Lanreotide Acetate CAS 127984-74-1 Propriet\u0103\u021bi chimice<\/strong><br \/>\ntemp. -20\u00b0C<br \/>\nform\u0103 pulbere<br \/>\nculoare alb p\u00e2n\u0103 la aproape alb<\/p>\n<p> <strong>Func\u021bia \u0219i aplicarea acetatului de lanreotid\u0103 CAS 127984-74-1<\/strong><br \/>\nacetatul de lanreotid\u0103, ca \u0219i inhibitorii naturali de cre\u0219tere, lanreotida este un inhibitor peptidic al multor func\u021bii endocrine, neuroendocrine, exocrine \u0219i paracrine. Lanreotida este mai activ\u0103 \u0219i are o durat\u0103 de ac\u021biune mai lung\u0103 dec\u00e2t inhibitorii naturali de cre\u0219tere. Efectul s\u0103u inhibitor asupra secre\u021biei de hormon de cre\u0219tere este semnificativ mai selectiv dec\u00e2t cel asupra secre\u021biei de insulin\u0103, iar \u00een 2017 FDA a aprobat acetatul de lanreotid\u0103 pentru injec\u021bie pentru tratamentul tumorilor neuroendocrine.<\/p>\n","protected":false},"excerpt":{"rendered":"<p>Nume produs: Lanreotide Acetate<br \/>\nCAS: 127984-74-1<br \/>\nMF: C54H69N11O10S2<br \/>\nMol File: 127984-74-1.mol<\/p>\n","protected":false},"featured_media":2109,"comment_status":"open","ping_status":"closed","template":"","meta":{"om_disable_all_campaigns":false,"_monsterinsights_skip_tracking":false,"_monsterinsights_sitenote_active":false,"_monsterinsights_sitenote_note":"","_monsterinsights_sitenote_category":0,"site-sidebar-layout":"default","site-content-layout":"default","ast-site-content-layout":"default","site-content-style":"default","site-sidebar-style":"default","ast-global-header-display":"","ast-banner-title-visibility":"","ast-main-header-display":"","ast-hfb-above-header-display":"","ast-hfb-below-header-display":"","ast-hfb-mobile-header-display":"","site-post-title":"","ast-breadcrumbs-content":"","ast-featured-img":"","footer-sml-layout":"","ast-disable-related-posts":"","theme-transparent-header-meta":"default","adv-header-id-meta":"","stick-header-meta":"","header-above-stick-meta":"","header-main-stick-meta":"","header-below-stick-meta":"","astra-migrate-meta-layouts":"default","ast-page-background-enabled":"default","ast-page-background-meta":{"desktop":{"background-color":"","background-image":"","background-repeat":"repeat","background-position":"center center","background-size":"auto","background-attachment":"scroll","background-type":"","background-media":"","overlay-type":"","overlay-color":"","overlay-opacity":"","overlay-gradient":""},"tablet":{"background-color":"","background-image":"","background-repeat":"repeat","background-position":"center center","background-size":"auto","background-attachment":"scroll","background-type":"","background-media":"","overlay-type":"","overlay-color":"","overlay-opacity":"","overlay-gradient":""},"mobile":{"background-color":"","background-image":"","background-repeat":"repeat","background-position":"center center","background-size":"auto","background-attachment":"scroll","background-type":"","background-media":"","overlay-type":"","overlay-color":"","overlay-opacity":"","overlay-gradient":""}},"ast-content-background-meta":{"desktop":{"background-color":"var(--ast-global-color-5)","background-image":"","background-repeat":"repeat","background-position":"center center","background-size":"auto","background-attachment":"scroll","background-type":"","background-media":"","overlay-type":"","overlay-color":"","overlay-opacity":"","overlay-gradient":""},"tablet":{"background-color":"var(--ast-global-color-5)","background-image":"","background-repeat":"repeat","background-position":"center center","background-size":"auto","background-attachment":"scroll","background-type":"","background-media":"","overlay-type":"","overlay-color":"","overlay-opacity":"","overlay-gradient":""},"mobile":{"background-color":"var(--ast-global-color-5)","background-image":"","background-repeat":"repeat","background-position":"center center","background-size":"auto","background-attachment":"scroll","background-type":"","background-media":"","overlay-type":"","overlay-color":"","overlay-opacity":"","overlay-gradient":""}}},"product_brand":[],"product_cat":[386],"product_tag":[2300],"class_list":{"0":"post-7448","1":"product","2":"type-product","3":"status-publish","4":"has-post-thumbnail","6":"product_cat-peptida-antitumorala","7":"product_tag-lanreotide-acetate-cas-127984-74-1-treat-for-acromegaly-and-symptomatic-neuroendocrine-tumors-ro","8":"desktop-align-left","9":"tablet-align-left","10":"mobile-align-left","12":"first","13":"instock","14":"shipping-taxable","15":"product-type-simple"},"_links":{"self":[{"href":"https:\/\/puyapeptide.net\/ro\/wp-json\/wp\/v2\/product\/7448","targetHints":{"allow":["GET"]}}],"collection":[{"href":"https:\/\/puyapeptide.net\/ro\/wp-json\/wp\/v2\/product"}],"about":[{"href":"https:\/\/puyapeptide.net\/ro\/wp-json\/wp\/v2\/types\/product"}],"replies":[{"embeddable":true,"href":"https:\/\/puyapeptide.net\/ro\/wp-json\/wp\/v2\/comments?post=7448"}],"wp:featuredmedia":[{"embeddable":true,"href":"https:\/\/puyapeptide.net\/ro\/wp-json\/wp\/v2\/media\/2109"}],"wp:attachment":[{"href":"https:\/\/puyapeptide.net\/ro\/wp-json\/wp\/v2\/media?parent=7448"}],"wp:term":[{"taxonomy":"product_brand","embeddable":true,"href":"https:\/\/puyapeptide.net\/ro\/wp-json\/wp\/v2\/product_brand?post=7448"},{"taxonomy":"product_cat","embeddable":true,"href":"https:\/\/puyapeptide.net\/ro\/wp-json\/wp\/v2\/product_cat?post=7448"},{"taxonomy":"product_tag","embeddable":true,"href":"https:\/\/puyapeptide.net\/ro\/wp-json\/wp\/v2\/product_tag?post=7448"}],"curies":[{"name":"wp","href":"https:\/\/api.w.org\/{rel}","templated":true}]}}