{"id":7572,"date":"2021-12-16T08:08:19","date_gmt":"2021-12-16T13:08:19","guid":{"rendered":"https:\/\/puyapeptide.net\/product\/pralmorelin-ghrp-2-cas-158861-67-7-pentru-cercetare-de-laborator\/"},"modified":"2021-12-16T08:08:19","modified_gmt":"2021-12-16T13:08:19","slug":"pralmorelin-ghrp-2-cas-158861-67-7-pentru-cercetare-de-laborator","status":"publish","type":"product","link":"https:\/\/puyapeptide.net\/ro\/product\/pralmorelin-ghrp-2-cas-158861-67-7-pentru-cercetare-de-laborator\/","title":{"rendered":"Pralmorelin\/ GHRP-2 CAS 158861-67-7 pentru cercetare de laborator"},"content":{"rendered":"<h2><strong>Pralmorelin\/ GHRP-2 CAS 158861-67-7 pentru cercetare de laborator<\/strong><\/h2>\n<p>Nume produs: Pralmorelin\/ GHRP-2<br \/>\nSinome: d-ala-\u03b2-(2-naphthyl)-d-ala-trp-d-phe-lys amide;L-Lisinamid\u0103, D-alanil-3 -(2-naftalenil)-D-alanil-L-alanil-L-triptofil-D-fenilalanil-;PRALMORELIN;D-ALA-D-NAL(2)-ALA-TRP-D-PHE-LYS-NH2 ACETAT SARE ;D-ALA-BETA-(2-NAFTIL)-D-ALA-TRP-D-PHE-LYS AMIDE;D-ALA-D-2-NAL-ALA-TRP-D-PHE-LYS-NH2;(DES -ALA3,D-ALA1,D-2-NAL2)-GHRP-6;(DES-ALA3)-GHRP-2<br \/>\nCAS: 158861-67-7<br \/>\nMF: C45H55N9O6<br \/>\nMW: 817,97&lt; &amp;&gt;EINECS: 206-616-8<br \/>\nCategorii de produse: Peptide;Peptide;GHRP2;hgh<br \/>\nMol File: 158861-67-7.mol<\/p>\n<p>GHRP 2 (Releasing Peptide 2) este un secretagog din clasa hexapeptidelor. \u00cemp\u0103rt\u0103\u0219ind multe asem\u0103n\u0103ri cu GHRP 6, GHRP 2 este primul din aceast\u0103 clas\u0103 \u0219i, \u00een multe cercuri, este considerat cea mai bun\u0103 alegere \u00eentre acesta \u0219i GHRP 6. Nu este folosit adesea singur, dar este aproape \u00eentotdeauna folosit cu Releasing (GHRH) . Compusul poate fi g\u0103sit \u00een mod obi\u0219nuit sub denumirile P&#39;ralmorelin sau GHRP Kaken 100. Cu toate acestea, \u00een majoritatea cercurilor farmaceutice \u0219i bazate pe performan\u021b\u0103, \u00een ultimii ani a fost denumit cel mai frecvent GHRP 2.<\/p>\n<p>G&#39; hrelin nu numai pentru a promova eliberarea cre\u0219terii, dar are \u0219i alte efecte biologice, cum ar fi hr\u0103nirea de mediere \u0219i metabolismul energetic, func\u021bia cardiovascular\u0103, controlul func\u021biei gastrointestinale \u0219i inhibarea prolifer\u0103rii celulelor tumorale \u0219i a\u0219a mai departe. Studii recente au ar\u0103tat c\u0103 concentra\u021bia seric\u0103 de g&#39;hrelin a fost corelat\u0103 pozitiv cu DMO, astfel \u00eenc\u00e2t grelina poate fi implicat\u0103 \u00een metabolismul \u021besutului osos, afect\u00e2nd func\u021bia osteoblastelor.<\/p>\n<p> <strong>Pralmorelin\/ GHRP-2 CAS 158861-67- 7 Propriet\u0103\u021bi chimice<\/strong><br \/>\nPunctul de fierbere 1265,3\u00b165,0 \u00b0C(Predic\u021bie)<br \/>\ndensitate 1,270\u00b10,06 g\/cm3(Previzual)<br \/>\ntemp. \u221220\u00b0C<br \/>\nform\u0103 pulbere liofilizat\u0103<br \/>\npka 13,40\u00b10,46(Predic\u021bie)<br \/>\nculoare alb p\u00e2n\u0103 la bej<br \/>\nReferin\u021b\u0103 la baza de date CAS 158861-67-7(Referin\u021b\u0103 la baza de date CAS)<\/p>\n<p> <strong>Utilizare de Pralmorelin\/ GHRP-2 CAS 158861-67-7<\/strong> <\/p>\n<p>1. Timpul de \u00eenjum\u0103t\u0103\u021bire al GHRP 2 este \u00eens\u0103 destul de scurt, v\u00e2rful s\u0103u av\u00e2nd loc la aproximativ 15 minute dup\u0103 administrare sau cel t\u00e2rziu o or\u0103 mai t\u00e2rziu. \u00cen mod ideal, aceast\u0103 terapie ar trebui administrat\u0103 periodic \u00een fiecare zi.<\/p>\n<p>2. Similar cu GHRP 6, GHRP 2 este forma sa sintetizat\u0103 comercial care poate stimula mult mai bine secre\u021bia \u0219i poate stimula pu\u021bin mai bine nivelul de PRL, cortizol \u0219i ACTH. Pentru g&#39;hrelin, pe de alt\u0103 parte, func\u021bioneaz\u0103 ca un agonist sintetic care se poate conecta cu receptorul secretagog al . GHRP 2 poate cre\u0219te, de asemenea, nivelurile de aflux de ioni de calciu \u0219i, la r\u00e2ndul s\u0103u, elibereaz\u0103 \u0219i mai mul\u021bi hormoni.<\/p>\n<p>3. \u00cen afar\u0103 de asta, unele cercet\u0103ri au fost deja f\u0103cute care demonstreaz\u0103 c\u00e2t de asem\u0103n\u0103toare este \u0219i cu eficacitatea GRF. De fapt, s-a dovedit a fi mult mai puternic \u00een compara\u021bie cu orice al\u021bi secretori care elibereaz\u0103 G H cunoscu\u021bi \u00een trecut, inclusiv GHRP 1 \u0219i GHRP 6. Din acest motiv, acest hormon este adesea folosit ca tratament pentru deficien\u021bele catabolice. \u0219i afirm\u0103 \u00een zilele noastre.<\/p>\n","protected":false},"excerpt":{"rendered":"<p>Nume produs: Pralmorelin\/ GHRP-2<br \/>\nCAS: 158861-67-7<br \/>\nMF: C45H55N9O6<br \/>\nMW: 817,97<br \/>\nEINECS: 206-616-8<br \/>\nMol File: 158861-67- 7.mol<\/p>\n","protected":false},"featured_media":2277,"comment_status":"open","ping_status":"closed","template":"","meta":{"om_disable_all_campaigns":false,"_monsterinsights_skip_tracking":false,"_monsterinsights_sitenote_active":false,"_monsterinsights_sitenote_note":"","_monsterinsights_sitenote_category":0,"site-sidebar-layout":"default","site-content-layout":"default","ast-site-content-layout":"default","site-content-style":"default","site-sidebar-style":"default","ast-global-header-display":"","ast-banner-title-visibility":"","ast-main-header-display":"","ast-hfb-above-header-display":"","ast-hfb-below-header-display":"","ast-hfb-mobile-header-display":"","site-post-title":"","ast-breadcrumbs-content":"","ast-featured-img":"","footer-sml-layout":"","ast-disable-related-posts":"","theme-transparent-header-meta":"default","adv-header-id-meta":"","stick-header-meta":"","header-above-stick-meta":"","header-main-stick-meta":"","header-below-stick-meta":"","astra-migrate-meta-layouts":"default","ast-page-background-enabled":"default","ast-page-background-meta":{"desktop":{"background-color":"","background-image":"","background-repeat":"repeat","background-position":"center center","background-size":"auto","background-attachment":"scroll","background-type":"","background-media":"","overlay-type":"","overlay-color":"","overlay-opacity":"","overlay-gradient":""},"tablet":{"background-color":"","background-image":"","background-repeat":"repeat","background-position":"center center","background-size":"auto","background-attachment":"scroll","background-type":"","background-media":"","overlay-type":"","overlay-color":"","overlay-opacity":"","overlay-gradient":""},"mobile":{"background-color":"","background-image":"","background-repeat":"repeat","background-position":"center center","background-size":"auto","background-attachment":"scroll","background-type":"","background-media":"","overlay-type":"","overlay-color":"","overlay-opacity":"","overlay-gradient":""}},"ast-content-background-meta":{"desktop":{"background-color":"var(--ast-global-color-5)","background-image":"","background-repeat":"repeat","background-position":"center center","background-size":"auto","background-attachment":"scroll","background-type":"","background-media":"","overlay-type":"","overlay-color":"","overlay-opacity":"","overlay-gradient":""},"tablet":{"background-color":"var(--ast-global-color-5)","background-image":"","background-repeat":"repeat","background-position":"center center","background-size":"auto","background-attachment":"scroll","background-type":"","background-media":"","overlay-type":"","overlay-color":"","overlay-opacity":"","overlay-gradient":""},"mobile":{"background-color":"var(--ast-global-color-5)","background-image":"","background-repeat":"repeat","background-position":"center center","background-size":"auto","background-attachment":"scroll","background-type":"","background-media":"","overlay-type":"","overlay-color":"","overlay-opacity":"","overlay-gradient":""}}},"product_brand":[],"product_cat":[517],"product_tag":[2193],"class_list":{"0":"post-7572","1":"product","2":"type-product","3":"status-publish","4":"has-post-thumbnail","6":"product_cat-alte-peptide","7":"product_tag-pralmorelin-ghrp-2-cas-158861-67-7-for-lab-research-ro","8":"desktop-align-left","9":"tablet-align-left","10":"mobile-align-left","12":"first","13":"instock","14":"shipping-taxable","15":"product-type-simple"},"_links":{"self":[{"href":"https:\/\/puyapeptide.net\/ro\/wp-json\/wp\/v2\/product\/7572","targetHints":{"allow":["GET"]}}],"collection":[{"href":"https:\/\/puyapeptide.net\/ro\/wp-json\/wp\/v2\/product"}],"about":[{"href":"https:\/\/puyapeptide.net\/ro\/wp-json\/wp\/v2\/types\/product"}],"replies":[{"embeddable":true,"href":"https:\/\/puyapeptide.net\/ro\/wp-json\/wp\/v2\/comments?post=7572"}],"wp:featuredmedia":[{"embeddable":true,"href":"https:\/\/puyapeptide.net\/ro\/wp-json\/wp\/v2\/media\/2277"}],"wp:attachment":[{"href":"https:\/\/puyapeptide.net\/ro\/wp-json\/wp\/v2\/media?parent=7572"}],"wp:term":[{"taxonomy":"product_brand","embeddable":true,"href":"https:\/\/puyapeptide.net\/ro\/wp-json\/wp\/v2\/product_brand?post=7572"},{"taxonomy":"product_cat","embeddable":true,"href":"https:\/\/puyapeptide.net\/ro\/wp-json\/wp\/v2\/product_cat?post=7572"},{"taxonomy":"product_tag","embeddable":true,"href":"https:\/\/puyapeptide.net\/ro\/wp-json\/wp\/v2\/product_tag?post=7572"}],"curies":[{"name":"wp","href":"https:\/\/api.w.org\/{rel}","templated":true}]}}