{"id":7585,"date":"2021-12-16T08:14:17","date_gmt":"2021-12-16T13:14:17","guid":{"rendered":"https:\/\/puyapeptide.net\/product\/ghrp-6-peptida-de-eliberare-a-hormonului-de-crestere-hexapeptida-2-cas-87616-84-0\/"},"modified":"2021-12-16T08:14:17","modified_gmt":"2021-12-16T13:14:17","slug":"ghrp-6-peptida-de-eliberare-a-hormonului-de-crestere-hexapeptida-2-cas-87616-84-0","status":"publish","type":"product","link":"https:\/\/puyapeptide.net\/ro\/product\/ghrp-6-peptida-de-eliberare-a-hormonului-de-crestere-hexapeptida-2-cas-87616-84-0\/","title":{"rendered":"GHRP-6\/ Peptid\u0103 de eliberare a hormonului de cre\u0219tere\/ Hexapeptid\u0103-2 CAS 87616-84-0"},"content":{"rendered":"<h2><strong>GHRP-6\/ Peptid\u0103 de eliberare a hormonului de cre\u0219tere\/ Hexapeptid\u0103-2 CAS 87616-84-0<\/strong><\/h2>\n<p>Numele produsului: Peptida de eliberare a hormonului de cre\u0219tere<br \/>\nSinome: D-TRP7,ALA8,D-PHE10]-A-MELANOCYTESTIMULATINGHORMONEAMIDEFRAGMENT6-11;(2S)-6-amino-2-[[2-[[(2S) )-2-[[(2S)-2-[[(2R)-2-[[(2S)-2-amino-3-(3H-imidazol-4-il)propanoil]amino]-3-(1H -indol-3-il)propanoil]amino]propanoil]amino]-3-(1 H-indol-3-il)propanoil]amino]-3-fenil-propanoil]amino]hexanamid\u0103;Peptid\u0103 de eliberare a hormonului de cre\u0219tere;(D- trp7,ala8,D-phe10)-A-melanocit*ho stimulator;(D-TRP7,ALA8,D-PHE10)-A-MELANOCIT*STIMU LATING HORM;Cre\u0219tere;[d-trp7, ala8, d-phe10]- Fragment 6-11 de amid\u0103 a hormonului de stimulare a \u03b1-melanocitelor; Peptid\u0103 Ghrp-6 de \u00eenalt\u0103 puritate pentru masa muscular\u0103 slab\u0103 NR. CAS 87616-84-0 NR. CAS 87616-84-0<br \/>\nCAS: 87616-84-0<br \/>\n MF: C46H56N12O6<br \/>\nMW: 873.01<br \/>\nEINECS:<br \/>\nCategorii de produse: Peptide;GHRP6;hgh<br \/>\nMol File: 87616-84-0.mol<\/p>\n<p>Este practic un secretagoue, care are poten\u021bialul de a facilita cre\u0219terea efectiv\u0103 a nivelurilor de secre\u021bie natural\u0103 \u00een organismul nostru. \u00cen acela\u0219i timp, acest compus poate facilita \u0219i o cre\u0219tere brusc\u0103 a masei corporale \u0219i poate duce la o reducere masiv\u0103 a gr\u0103simii corporale. GHRP 6 include, de asemenea, d-aminoacizi artificiali care conduc organismul s\u0103 elibereze, de asemenea. Nu se \u0219tie c\u0103 GHRP 6 func\u021bioneaz\u0103 bine, a\u0219a c\u0103 func\u021bioneaz\u0103 la receptor \u00een locul receptorului respectiv.<\/p>\n<p>Este un compus cu un lan\u021b unic format din 6 aminoacizi care este responsabil pentru a spune corpului nostru c\u00e2nd are pentru a \u00eencepe s\u0103 elibereze secre\u021biile. De asemenea, blocheaz\u0103 somatostatina, un or care este \u00een primul r\u00e2nd responsabil pentru oprirea eliber\u0103rii secre\u021biilor.<\/p>\n<p> Principala utilizare a acestuia este promovarea consumului de alimente prin ini\u021bierea senza\u021biei de foame \u0219i pentru a \u00eembun\u0103t\u0103\u021bi starea unei persoane. metabolis energetic. Acest compus a fost, de asemenea, utilizat pe scar\u0103 larg\u0103 pentru a trata deficien\u021ba de hor, \u00eempreun\u0103 cu alte complica\u021bii, cum ar fi obezitatea \u0219i tulbur\u0103rile de alimenta\u021bie. Acesta este pus la dispozi\u021bie pe pia\u021b\u0103 de c\u0103tre c\u00e2teva companii de cercetare.<\/p>\n<p> <strong>GHRP-6\/ Peptid\u0103 de eliberare a hormonului de cre\u0219tere\/ Hexapeptide-2 Propriet\u0103\u021bi chimice CAS 87616-84-0<\/strong><br \/>\nPunctul de fierbere 1407,0\u00b165,0 \u00b0C( Previzual)<br \/>\ndensitate 1,333\u00b10,06 g\/cm3(Predict)<br \/>\ntemp. \u221220\u00b0C<br \/>\npka 13,42\u00b10,46(Predic\u021bie)<br \/>\nReferin\u021b\u0103 la baza de date CAS 87616-84-0 (Referin\u021b\u0103 la baza de date CAS)<\/p>\n<p> <strong>Utilizarea GHRP-6\/Peptida de eliberare a hormonului de cre\u0219tere\/Hexapeptid\u0103-2 CAS 87616-84-0<\/strong><br \/>\nStimuleaz\u0103 direct glanda pituitar\u0103 anterioar\u0103, ceea ce duce ulterior la o cre\u0219tere a eliber\u0103rii \u00een organism. Deoarece GHRP 6 afecteaz\u0103 direct bucla de feedback care declan\u0219eaz\u0103 modific\u0103ri \u00een inhibarea eliber\u0103rii, poate fi utilizat pentru a restabili produc\u021bia natural\u0103 dac\u0103 secre\u021bia natural\u0103 a fost afectat\u0103 din cauza utiliz\u0103rii artificiale pe termen lung. Se pare c\u0103 GHRP 6 are, de asemenea, un impact asupra sistemului nostru nervos. Sunt capabili s\u0103 protejeze neuronii \u0219i s\u0103 creasc\u0103 puterea unei persoane. Func\u021bionarea GHRP 6 este izbitor de similar\u0103 cu func\u021bionarea mai multor pulberi brute din familie.<\/p>\n","protected":false},"excerpt":{"rendered":"<p>Nume produs: Peptid\u0103 de eliberare a hormonului de cre\u0219tere<br \/>\nCAS: 87616-84-0<br \/>\nMF: C46H56N12O6<br \/>\nMW: 873,01<br \/>\nMol Fi\u0219ier: 87616-84-0.mol<\/p>\n","protected":false},"featured_media":2109,"comment_status":"open","ping_status":"closed","template":"","meta":{"om_disable_all_campaigns":false,"_monsterinsights_skip_tracking":false,"_monsterinsights_sitenote_active":false,"_monsterinsights_sitenote_note":"","_monsterinsights_sitenote_category":0,"site-sidebar-layout":"default","site-content-layout":"default","ast-site-content-layout":"default","site-content-style":"default","site-sidebar-style":"default","ast-global-header-display":"","ast-banner-title-visibility":"","ast-main-header-display":"","ast-hfb-above-header-display":"","ast-hfb-below-header-display":"","ast-hfb-mobile-header-display":"","site-post-title":"","ast-breadcrumbs-content":"","ast-featured-img":"","footer-sml-layout":"","ast-disable-related-posts":"","theme-transparent-header-meta":"default","adv-header-id-meta":"","stick-header-meta":"","header-above-stick-meta":"","header-main-stick-meta":"","header-below-stick-meta":"","astra-migrate-meta-layouts":"default","ast-page-background-enabled":"default","ast-page-background-meta":{"desktop":{"background-color":"","background-image":"","background-repeat":"repeat","background-position":"center center","background-size":"auto","background-attachment":"scroll","background-type":"","background-media":"","overlay-type":"","overlay-color":"","overlay-opacity":"","overlay-gradient":""},"tablet":{"background-color":"","background-image":"","background-repeat":"repeat","background-position":"center center","background-size":"auto","background-attachment":"scroll","background-type":"","background-media":"","overlay-type":"","overlay-color":"","overlay-opacity":"","overlay-gradient":""},"mobile":{"background-color":"","background-image":"","background-repeat":"repeat","background-position":"center center","background-size":"auto","background-attachment":"scroll","background-type":"","background-media":"","overlay-type":"","overlay-color":"","overlay-opacity":"","overlay-gradient":""}},"ast-content-background-meta":{"desktop":{"background-color":"var(--ast-global-color-5)","background-image":"","background-repeat":"repeat","background-position":"center center","background-size":"auto","background-attachment":"scroll","background-type":"","background-media":"","overlay-type":"","overlay-color":"","overlay-opacity":"","overlay-gradient":""},"tablet":{"background-color":"var(--ast-global-color-5)","background-image":"","background-repeat":"repeat","background-position":"center center","background-size":"auto","background-attachment":"scroll","background-type":"","background-media":"","overlay-type":"","overlay-color":"","overlay-opacity":"","overlay-gradient":""},"mobile":{"background-color":"var(--ast-global-color-5)","background-image":"","background-repeat":"repeat","background-position":"center center","background-size":"auto","background-attachment":"scroll","background-type":"","background-media":"","overlay-type":"","overlay-color":"","overlay-opacity":"","overlay-gradient":""}}},"product_brand":[],"product_cat":[517],"product_tag":[],"class_list":{"0":"post-7585","1":"product","2":"type-product","3":"status-publish","4":"has-post-thumbnail","6":"product_cat-alte-peptide","7":"desktop-align-left","8":"tablet-align-left","9":"mobile-align-left","11":"first","12":"instock","13":"shipping-taxable","14":"product-type-simple"},"_links":{"self":[{"href":"https:\/\/puyapeptide.net\/ro\/wp-json\/wp\/v2\/product\/7585","targetHints":{"allow":["GET"]}}],"collection":[{"href":"https:\/\/puyapeptide.net\/ro\/wp-json\/wp\/v2\/product"}],"about":[{"href":"https:\/\/puyapeptide.net\/ro\/wp-json\/wp\/v2\/types\/product"}],"replies":[{"embeddable":true,"href":"https:\/\/puyapeptide.net\/ro\/wp-json\/wp\/v2\/comments?post=7585"}],"wp:featuredmedia":[{"embeddable":true,"href":"https:\/\/puyapeptide.net\/ro\/wp-json\/wp\/v2\/media\/2109"}],"wp:attachment":[{"href":"https:\/\/puyapeptide.net\/ro\/wp-json\/wp\/v2\/media?parent=7585"}],"wp:term":[{"taxonomy":"product_brand","embeddable":true,"href":"https:\/\/puyapeptide.net\/ro\/wp-json\/wp\/v2\/product_brand?post=7585"},{"taxonomy":"product_cat","embeddable":true,"href":"https:\/\/puyapeptide.net\/ro\/wp-json\/wp\/v2\/product_cat?post=7585"},{"taxonomy":"product_tag","embeddable":true,"href":"https:\/\/puyapeptide.net\/ro\/wp-json\/wp\/v2\/product_tag?post=7585"}],"curies":[{"name":"wp","href":"https:\/\/api.w.org\/{rel}","templated":true}]}}