{"id":7614,"date":"2021-12-16T10:22:54","date_gmt":"2021-12-16T15:22:54","guid":{"rendered":"https:\/\/puyapeptide.net\/product\/cjc-1295-cas-863288-34-0-cu-pret-bun\/"},"modified":"2021-12-16T10:22:54","modified_gmt":"2021-12-16T15:22:54","slug":"cjc-1295-cas-863288-34-0-cu-pret-bun","status":"publish","type":"product","link":"https:\/\/puyapeptide.net\/ro\/product\/cjc-1295-cas-863288-34-0-cu-pret-bun\/","title":{"rendered":"CJC 1295 CAS 863288-34-0 Cu Pret Bun"},"content":{"rendered":"<h2><strong>CJC 1295 CAS 863288-34-0 Cu Pret Bun<\/strong><\/h2>\n<p>Nume produs: CJC1295<br \/>\nSinome: CJC1295;Y(d -A)DAIFTQSYRKVLAQLSARKLLQDILSR-NH2;L-Tyrosyl-D-alanil-L-alfa-aspartil-L-alanil-L-isoleucillanil-L&#8211; L-treonil-L-glutaminil-L-seril-L-tirosil-L-arginil-L-lisil-L-valil-L-leucil-L-alanil-L-glutaminil-L-seril-L-alanil-L- arginil-L-lizil-L-leucil-L-leucil-L-glutaminil-L-alfa-aspartil-L-izoleucil-L-leucil-L-seril-L-arginil-N6-[3-(2,5- dihidro-2,5-dioxo-1H-pirol-1-il)-1-oxopropil]-L-lizinamid\u0103;CJC-1295 CJC-1295;CJC-1295 Acetat;CJC1295 f\u0103r\u0103 DAC;-L-arginil-L- lizil-L-leucil-L-leucil-L-glutaminil;L-tirosil-D-alanil-L-\u03b1-aspartil-L-alanil-L-izoleucil-L-fenilalanil-L-alotreonil-L-glutaminil-L- seril-L-tirosil-L-arginil-L-lisil-L-valil-L-leucil-L-alanil-L-glutaminil-L-leucil-L-seril-L-alanil<br \/>\nCAS: 863288-34- 0<br \/>\nMF: C152H252N44O42<br \/>\nMW: 3367.89688<br \/>\nEINECS: 206-141-6<br \/>\nCategorii de produse: Peptide;CJC<br \/>\nMol File: 863288-34-0.mol<br \/>\n&lt;&amp; &gt;Cjc-1295 este un analog sintetic GHRH (hormonul de eliberare a hormonului de cre\u0219tere) format din 30 de aminoacizi. S-a descoperit c\u0103 CJC-1295 este foarte eficient \u00een cre\u0219terea secre\u021biei de hormon de cre\u0219tere \u0219i a IGF-1 f\u0103r\u0103 a afecta negativ pulsa\u021bia secre\u021biei de GH. Utilizarea principal\u0103 a CJC-1295 este de a oferi niveluri crescute de GH, ceea ce duce, de asemenea, la niveluri crescute de IGF-1. CJC1295 f\u0103r\u0103 versiunea DAC poate fi numit \u0219i Mod GRF 1-29. Timpul de ac\u021biune este relativ scurt \u0219i va fi metabolizat de organism \u00een cur\u00e2nd.<\/p>\n<p> <strong>Beneficiile CJC1295 CAS 863288-34-0<\/strong><br \/>\nC\u00e2\u0219tigare \u00een greutate<br \/>\nSpore\u0219te cre\u0219terea muscular\u0103<br \/>\nReduce gr\u0103simea&lt;&amp; &gt;Cre\u0219te repararea \u0219i regenerarea celulelor<br \/>\nPromoveaz\u0103 somnul<br \/>\n\u00cent\u0103re\u0219te sistemul imunitar \u0219i densitatea osoas\u0103<br \/>\nCJC-1-&#39;2-&#39;9-&#39;5 promoveaz\u0103, de asemenea, somnul profund cu unde lente, care este responsabil pentru cel mai \u00eenalt nivel de Cre\u0219terea muscular\u0103 \u0219i re\u021binerea \u0219i \u00eentinerirea memoriei <\/p>\n<p> <strong>Utiliz\u0103ri ale CJC1295<\/strong><br \/>\nCJC 1295 Acetat este utilizat \u00een aplicarea agonistului hormonal de eliberare a hormonului de cre\u0219tere la prepararea agentului anti-\u00eemb\u0103tr\u00e2nire.<\/p>\n","protected":false},"excerpt":{"rendered":"<p>Nume produs: CJC1295<br \/>\nCAS: 863288-34-0<br \/>\nMF: C152H252N44O42<br \/>\nMW: 3367,89688<br \/>\nEINECS: 206-141-6<br \/>\nMol File: 863288-34<\/p>\n","protected":false},"featured_media":2298,"comment_status":"open","ping_status":"closed","template":"","meta":{"om_disable_all_campaigns":false,"_monsterinsights_skip_tracking":false,"_monsterinsights_sitenote_active":false,"_monsterinsights_sitenote_note":"","_monsterinsights_sitenote_category":0,"site-sidebar-layout":"default","site-content-layout":"default","ast-site-content-layout":"default","site-content-style":"default","site-sidebar-style":"default","ast-global-header-display":"","ast-banner-title-visibility":"","ast-main-header-display":"","ast-hfb-above-header-display":"","ast-hfb-below-header-display":"","ast-hfb-mobile-header-display":"","site-post-title":"","ast-breadcrumbs-content":"","ast-featured-img":"","footer-sml-layout":"","ast-disable-related-posts":"","theme-transparent-header-meta":"default","adv-header-id-meta":"","stick-header-meta":"","header-above-stick-meta":"","header-main-stick-meta":"","header-below-stick-meta":"","astra-migrate-meta-layouts":"default","ast-page-background-enabled":"default","ast-page-background-meta":{"desktop":{"background-color":"","background-image":"","background-repeat":"repeat","background-position":"center center","background-size":"auto","background-attachment":"scroll","background-type":"","background-media":"","overlay-type":"","overlay-color":"","overlay-opacity":"","overlay-gradient":""},"tablet":{"background-color":"","background-image":"","background-repeat":"repeat","background-position":"center center","background-size":"auto","background-attachment":"scroll","background-type":"","background-media":"","overlay-type":"","overlay-color":"","overlay-opacity":"","overlay-gradient":""},"mobile":{"background-color":"","background-image":"","background-repeat":"repeat","background-position":"center center","background-size":"auto","background-attachment":"scroll","background-type":"","background-media":"","overlay-type":"","overlay-color":"","overlay-opacity":"","overlay-gradient":""}},"ast-content-background-meta":{"desktop":{"background-color":"var(--ast-global-color-5)","background-image":"","background-repeat":"repeat","background-position":"center center","background-size":"auto","background-attachment":"scroll","background-type":"","background-media":"","overlay-type":"","overlay-color":"","overlay-opacity":"","overlay-gradient":""},"tablet":{"background-color":"var(--ast-global-color-5)","background-image":"","background-repeat":"repeat","background-position":"center center","background-size":"auto","background-attachment":"scroll","background-type":"","background-media":"","overlay-type":"","overlay-color":"","overlay-opacity":"","overlay-gradient":""},"mobile":{"background-color":"var(--ast-global-color-5)","background-image":"","background-repeat":"repeat","background-position":"center center","background-size":"auto","background-attachment":"scroll","background-type":"","background-media":"","overlay-type":"","overlay-color":"","overlay-opacity":"","overlay-gradient":""}}},"product_brand":[],"product_cat":[517],"product_tag":[2176],"class_list":{"0":"post-7614","1":"product","2":"type-product","3":"status-publish","4":"has-post-thumbnail","6":"product_cat-alte-peptide","7":"product_tag-cjc-1295-cas-863288-34-0-with-good-price-ro","8":"desktop-align-left","9":"tablet-align-left","10":"mobile-align-left","12":"first","13":"instock","14":"shipping-taxable","15":"product-type-simple"},"_links":{"self":[{"href":"https:\/\/puyapeptide.net\/ro\/wp-json\/wp\/v2\/product\/7614","targetHints":{"allow":["GET"]}}],"collection":[{"href":"https:\/\/puyapeptide.net\/ro\/wp-json\/wp\/v2\/product"}],"about":[{"href":"https:\/\/puyapeptide.net\/ro\/wp-json\/wp\/v2\/types\/product"}],"replies":[{"embeddable":true,"href":"https:\/\/puyapeptide.net\/ro\/wp-json\/wp\/v2\/comments?post=7614"}],"wp:featuredmedia":[{"embeddable":true,"href":"https:\/\/puyapeptide.net\/ro\/wp-json\/wp\/v2\/media\/2298"}],"wp:attachment":[{"href":"https:\/\/puyapeptide.net\/ro\/wp-json\/wp\/v2\/media?parent=7614"}],"wp:term":[{"taxonomy":"product_brand","embeddable":true,"href":"https:\/\/puyapeptide.net\/ro\/wp-json\/wp\/v2\/product_brand?post=7614"},{"taxonomy":"product_cat","embeddable":true,"href":"https:\/\/puyapeptide.net\/ro\/wp-json\/wp\/v2\/product_cat?post=7614"},{"taxonomy":"product_tag","embeddable":true,"href":"https:\/\/puyapeptide.net\/ro\/wp-json\/wp\/v2\/product_tag?post=7614"}],"curies":[{"name":"wp","href":"https:\/\/api.w.org\/{rel}","templated":true}]}}