{"id":7672,"date":"2021-12-16T10:26:34","date_gmt":"2021-12-16T15:26:34","guid":{"rendered":"https:\/\/puyapeptide.net\/product\/seractida-acth-1-39-hormon-adrenocorticotrop-uman-cas-12279-41-3-pentru-cercetare-de-laborator\/"},"modified":"2021-12-16T10:26:34","modified_gmt":"2021-12-16T15:26:34","slug":"seractida-acth-1-39-hormon-adrenocorticotrop-uman-cas-12279-41-3-pentru-cercetare-de-laborator","status":"publish","type":"product","link":"https:\/\/puyapeptide.net\/ro\/product\/seractida-acth-1-39-hormon-adrenocorticotrop-uman-cas-12279-41-3-pentru-cercetare-de-laborator\/","title":{"rendered":"Seractid\u0103\/ ACTH (1-39)\/ Hormon adrenocorticotrop uman CAS 12279-41-3 pentru cercetare de laborator"},"content":{"rendered":"<h2><strong>Seractid\u0103\/ ACTH (1-39)\/ Hormon adrenocorticotrop uman CAS 12279-41-3 pentru cercetare de laborator<\/strong><\/h2>\n<p>Nume produs: Seractide<br \/>\nSinome: CORTICOTROPIN (UMAN);CORTICOTROFIN;CORTICOTROPIN A;H-SER-TYR-SER-MET-GLU-HIS-PHE-ARG-TRP-GLY-LYS-PRO-VAL- GLY-LYS-LYS-ARG-ARG-PRO-VAL-LYS-VAL-TYR-PRO-ASN-GLY-ALA-GLU-ASP-GLU-SER-ALA-GLU-ALA-PHE-PRO-LEU-GLU- PHE-OH;ACTH (1-39) (uman) Corticotropin\u0103; Hormon adrenocorticotrop (ACTH) (1-39); Acetat de seractid; Hormon adrenocorticotrop (ACTH) (1-39), uman<br \/>\nCAS: 12279-41- 3<br \/>\nMF: C207H308N56O58S1<br \/>\nMW: 4541.07<br \/>\nEINECS: 634-154-0<br \/>\nCategorii de produse: Peptide;Receptor de melanocortin\u0103<br \/>\nFi\u0219ier Mol: 12279-41-3.mol<br \/>\n&lt; &amp;&gt;Homonul adrenocorticotrop (ACTH) (1-39), uman este un agonist al receptorului de melanocortin\u0103.<br \/>\nHomonul adrenocorticotrop (ACTH), cunoscut \u0219i sub denumirea de corticotropin\u0103, este un produs de scindare dintr-un precursor mai mare proopiomelanocortin (POMC). Acest hormon peptidic cu 39 de aminoacizi este produs \u00een glanda pituitar\u0103 anterioar\u0103 la stimularea de c\u0103tre hormonul de eliberare a corticotropinei din hipotalamus ca r\u0103spuns la stres. Stimuleaz\u0103 secre\u021bia de hormon steroid, \u00een special glucocorticoizi \u00een cortexul suprarenal, ac\u021bion\u00e2nd printr-un receptor de membran\u0103 celular\u0103 (ACTH-R). La mamifere, ac\u021biunea ACTH este limitat\u0103 la acele zone ale cortexului suprarenal \u00een care se formeaz\u0103 hormonii glucocorticoizi cortizol (hidrocortizon) \u0219i corticosteron. ACTH are pu\u021bin control asupra secre\u021biei de aldosteron, cel\u0103lalt hormon steroid important din cortexul suprarenal.<\/p>\n<p> <strong>Seractide CAS 12279-41-3 Propriet\u0103\u021bi chimice<\/strong><br \/>\ntemperatura de depozitare. A se p\u0103stra la loc \u00eentunecat, Atmosfer\u0103 inert\u0103, A se p\u0103stra la congelator, sub -20\u00b0C<br \/>\nsolubilitate H2O: 1 mg\/mL, limpede, incolor<\/p>\n","protected":false},"excerpt":{"rendered":"<p>Nume produs: Seractide<br \/>\nCAS: 12279-41-3<br \/>\nMF: C207H308N56O58S1<br \/>\nMW: 4541,07<br \/>\nEINECS: 634-154-0<br \/>\nMol File: 12279-41-3.mol<\/p>\n","protected":false},"featured_media":2109,"comment_status":"open","ping_status":"closed","template":"","meta":{"om_disable_all_campaigns":false,"_monsterinsights_skip_tracking":false,"_monsterinsights_sitenote_active":false,"_monsterinsights_sitenote_note":"","_monsterinsights_sitenote_category":0,"site-sidebar-layout":"default","site-content-layout":"default","ast-site-content-layout":"default","site-content-style":"default","site-sidebar-style":"default","ast-global-header-display":"","ast-banner-title-visibility":"","ast-main-header-display":"","ast-hfb-above-header-display":"","ast-hfb-below-header-display":"","ast-hfb-mobile-header-display":"","site-post-title":"","ast-breadcrumbs-content":"","ast-featured-img":"","footer-sml-layout":"","ast-disable-related-posts":"","theme-transparent-header-meta":"default","adv-header-id-meta":"","stick-header-meta":"","header-above-stick-meta":"","header-main-stick-meta":"","header-below-stick-meta":"","astra-migrate-meta-layouts":"default","ast-page-background-enabled":"default","ast-page-background-meta":{"desktop":{"background-color":"","background-image":"","background-repeat":"repeat","background-position":"center center","background-size":"auto","background-attachment":"scroll","background-type":"","background-media":"","overlay-type":"","overlay-color":"","overlay-opacity":"","overlay-gradient":""},"tablet":{"background-color":"","background-image":"","background-repeat":"repeat","background-position":"center center","background-size":"auto","background-attachment":"scroll","background-type":"","background-media":"","overlay-type":"","overlay-color":"","overlay-opacity":"","overlay-gradient":""},"mobile":{"background-color":"","background-image":"","background-repeat":"repeat","background-position":"center center","background-size":"auto","background-attachment":"scroll","background-type":"","background-media":"","overlay-type":"","overlay-color":"","overlay-opacity":"","overlay-gradient":""}},"ast-content-background-meta":{"desktop":{"background-color":"var(--ast-global-color-5)","background-image":"","background-repeat":"repeat","background-position":"center center","background-size":"auto","background-attachment":"scroll","background-type":"","background-media":"","overlay-type":"","overlay-color":"","overlay-opacity":"","overlay-gradient":""},"tablet":{"background-color":"var(--ast-global-color-5)","background-image":"","background-repeat":"repeat","background-position":"center center","background-size":"auto","background-attachment":"scroll","background-type":"","background-media":"","overlay-type":"","overlay-color":"","overlay-opacity":"","overlay-gradient":""},"mobile":{"background-color":"var(--ast-global-color-5)","background-image":"","background-repeat":"repeat","background-position":"center center","background-size":"auto","background-attachment":"scroll","background-type":"","background-media":"","overlay-type":"","overlay-color":"","overlay-opacity":"","overlay-gradient":""}}},"product_brand":[],"product_cat":[517],"product_tag":[2102],"class_list":{"0":"post-7672","1":"product","2":"type-product","3":"status-publish","4":"has-post-thumbnail","6":"product_cat-alte-peptide","7":"product_tag-seractide-acth-1-39-adrenocorticotropic-hormone-human-cas-12279-41-3-for-lab-research-ro","8":"desktop-align-left","9":"tablet-align-left","10":"mobile-align-left","12":"first","13":"instock","14":"shipping-taxable","15":"product-type-simple"},"_links":{"self":[{"href":"https:\/\/puyapeptide.net\/ro\/wp-json\/wp\/v2\/product\/7672","targetHints":{"allow":["GET"]}}],"collection":[{"href":"https:\/\/puyapeptide.net\/ro\/wp-json\/wp\/v2\/product"}],"about":[{"href":"https:\/\/puyapeptide.net\/ro\/wp-json\/wp\/v2\/types\/product"}],"replies":[{"embeddable":true,"href":"https:\/\/puyapeptide.net\/ro\/wp-json\/wp\/v2\/comments?post=7672"}],"wp:featuredmedia":[{"embeddable":true,"href":"https:\/\/puyapeptide.net\/ro\/wp-json\/wp\/v2\/media\/2109"}],"wp:attachment":[{"href":"https:\/\/puyapeptide.net\/ro\/wp-json\/wp\/v2\/media?parent=7672"}],"wp:term":[{"taxonomy":"product_brand","embeddable":true,"href":"https:\/\/puyapeptide.net\/ro\/wp-json\/wp\/v2\/product_brand?post=7672"},{"taxonomy":"product_cat","embeddable":true,"href":"https:\/\/puyapeptide.net\/ro\/wp-json\/wp\/v2\/product_cat?post=7672"},{"taxonomy":"product_tag","embeddable":true,"href":"https:\/\/puyapeptide.net\/ro\/wp-json\/wp\/v2\/product_tag?post=7672"}],"curies":[{"name":"wp","href":"https:\/\/api.w.org\/{rel}","templated":true}]}}