{"id":7689,"date":"2021-12-16T10:27:30","date_gmt":"2021-12-16T15:27:30","guid":{"rendered":"https:\/\/puyapeptide.net\/product\/selank-peptide-cas-129954-34-3-pentru-anti-anxietate\/"},"modified":"2021-12-16T10:27:30","modified_gmt":"2021-12-16T15:27:30","slug":"selank-peptide-cas-129954-34-3-pentru-anti-anxietate","status":"publish","type":"product","link":"https:\/\/puyapeptide.net\/ro\/product\/selank-peptide-cas-129954-34-3-pentru-anti-anxietate\/","title":{"rendered":"Selank peptide CAS 129954-34-3 Pentru anti-anxietate"},"content":{"rendered":"<h2><strong>Selank peptide CAS 129954-34-3 Pentru anti-anxietate<\/strong><\/h2>\n<p>Nume produs: Selank peptide<br \/>\nSinome: Selank peptide;SelankAcetate;PL14736;L-treonil-L-lisil-L-prolil-L-arginil-L-prolilglicil-L-prolina;L-TREONIL-L- LISYL-L-PROLIL-L-ARGINIL-L-PROLILGLICIL-L-PROLIN\u0102; MONOACETAT; H-Thr-Lys-Pro-Arg-Pro-Gly-Pro-OH;SLANK;Peptid Selank<br \/>\nCAS: 129954-34-3<br \/>\nMF: C33H57N11O9<br \/>\nMW: 751,87<br \/>\nEINECS : 232-660-2<br \/>\nCategorii de produse:<br \/>\nFi\u0219ier Mol: 129954-34-3.mol<\/p>\n<p>Peptida Selank a fost etichetat\u0103 ca o peptid\u0103 \u201eanti-anxietate\u201d \u0219i a prezentat, de asemenea, \u00eembun\u0103t\u0103\u021biri \u00een \u00eenv\u0103\u021bare, memorie, cogni\u021bie, depresie, sl\u0103biciune \u0219i energie general\u0103. <\/p>\n<p> <strong>Selank peptide CAS 129954-34-3 Propriet\u0103\u021bi chimice<\/strong><br \/>\nPunctul de topire 134-136 \u00b0C<br \/>\ndensitate 1,53\u00b10,1 g\/cm3(Predic\u021bie)<br \/>\npka 3,43\u00b10,20(Previzual)&lt; &amp;&gt;<br \/>\n <strong>Func\u021bia \u0219i aplicarea peptidei Selank CAS 129954-34-3<\/strong><br \/>\nPoate \u00eembun\u0103t\u0103\u021bi anxietatea<br \/>\nPoate \u00eembun\u0103t\u0103\u021bi \u00eenv\u0103\u021barea<br \/>\nPoate \u00eembun\u0103t\u0103\u021bi memoria<br \/>\nPoate ajuta la recuperarea leziunilor cerebrale: cre\u0219te BDNF (creier- factor neurotrofic derivat), un compus important pentru cre\u0219terea creierului<br \/>\nPoate ajuta la stabilizarea encefalinelor din s\u00e2nge: acestea contracareaz\u0103 r\u0103spunsul la stres<br \/>\nPot ajuta la retragerea alcoolului<br \/>\nPot ajuta la prevenirea cre\u0219terii \u00een greutate \u0219i la reducerea colesterolului<br \/>\nSelank poate \u00eent\u0103ri func\u021bia imunitar\u0103 prin cre\u0219terea IL-6 \u00een celulele sanguine. IL-6 este o protein\u0103 inflamatorie despre care se crede c\u0103 ajut\u0103 la combaterea infec\u021biilor. De asemenea, Selank poate stimula eliberarea de interferoni, care sunt molecule antivirale.<\/p>\n<p> <strong>CE ESTE SELANK?<\/strong><br \/>\nSelank apar\u021bine unei clase de molecule numite peptide sintetice. Selank a fost realizat prin combinarea secven\u021bei unei peptide numite tuftsin cu o alt\u0103 secven\u021b\u0103 care \u00eei \u00eembun\u0103t\u0103\u021be\u0219te stabilitatea molecular\u0103. Tuftsin este o peptid\u0103 str\u00e2ns legat\u0103 de func\u021bia imunitar\u0103. Se g\u0103se\u0219te \u00een mod natural \u0219i formeaz\u0103 o parte din anticorpul natural IgG.<\/p>\n<p>Este o peptid\u0103 mic\u0103 \u00een compara\u021bie cu majoritatea proteinelor care apar \u00een mod natural. Selank a fost dezvoltat la Institutul de Genetic\u0103 Molecular\u0103 \u00een cooperare cu Institutul de Cercetare de Farmacologie VV Zakusov (Academia Rus\u0103 de \u0218tiin\u021be Medicale), \u00eempreun\u0103 cu medicamentul nootrop Semax, numit uneori peptida veri\u0219oar\u0103. <\/p>\n<p>Selank a fost aprobat \u00een Rusia pentru tratamentul tulbur\u0103rii de anxietate generalizat\u0103 (TAG) \u0219i pentru utilizarea sa ca nootropic. \u00cen studiile clinice, medicamentul a demonstrat c\u0103 ofer\u0103 un efect nootrop \u0219i anxiolitic sus\u021binut, care este util pentru tratamentul tulbur\u0103rii de anxietate generalizat\u0103 (TAG).<\/p>\n<p> <strong>CUM UTILIZA\u021aI SELANK?<\/strong><br \/>\nSelank este o peptid\u0103 folosit\u0103 ca spray nazal. Acest lucru se datoreaz\u0103 faptului c\u0103 va fi digerat de stomac dac\u0103 este administrat oral. Inhalarea acestuia este mai eficient\u0103 pentru livrarea \u00een fluxul sanguin \u0219i \u00een creier.<br \/>\nDoza tipic\u0103 este de un spray \u00een fiecare nar\u0103 pe zi.<\/p>\n","protected":false},"excerpt":{"rendered":"<p>Nume produs: Selank peptide<br \/>\nCAS: 129954-34-3<br \/>\nMF: C33H57N11O9<br \/>\nMW: 751,87<br \/>\nEINECS: 232-660-2<br \/>\nMol File: 129954-34-3.mol<\/p>\n","protected":false},"featured_media":2298,"comment_status":"open","ping_status":"closed","template":"","meta":{"om_disable_all_campaigns":false,"_monsterinsights_skip_tracking":false,"_monsterinsights_sitenote_active":false,"_monsterinsights_sitenote_note":"","_monsterinsights_sitenote_category":0,"site-sidebar-layout":"default","site-content-layout":"default","ast-site-content-layout":"default","site-content-style":"default","site-sidebar-style":"default","ast-global-header-display":"","ast-banner-title-visibility":"","ast-main-header-display":"","ast-hfb-above-header-display":"","ast-hfb-below-header-display":"","ast-hfb-mobile-header-display":"","site-post-title":"","ast-breadcrumbs-content":"","ast-featured-img":"","footer-sml-layout":"","ast-disable-related-posts":"","theme-transparent-header-meta":"default","adv-header-id-meta":"","stick-header-meta":"","header-above-stick-meta":"","header-main-stick-meta":"","header-below-stick-meta":"","astra-migrate-meta-layouts":"default","ast-page-background-enabled":"default","ast-page-background-meta":{"desktop":{"background-color":"","background-image":"","background-repeat":"repeat","background-position":"center center","background-size":"auto","background-attachment":"scroll","background-type":"","background-media":"","overlay-type":"","overlay-color":"","overlay-opacity":"","overlay-gradient":""},"tablet":{"background-color":"","background-image":"","background-repeat":"repeat","background-position":"center center","background-size":"auto","background-attachment":"scroll","background-type":"","background-media":"","overlay-type":"","overlay-color":"","overlay-opacity":"","overlay-gradient":""},"mobile":{"background-color":"","background-image":"","background-repeat":"repeat","background-position":"center center","background-size":"auto","background-attachment":"scroll","background-type":"","background-media":"","overlay-type":"","overlay-color":"","overlay-opacity":"","overlay-gradient":""}},"ast-content-background-meta":{"desktop":{"background-color":"var(--ast-global-color-5)","background-image":"","background-repeat":"repeat","background-position":"center center","background-size":"auto","background-attachment":"scroll","background-type":"","background-media":"","overlay-type":"","overlay-color":"","overlay-opacity":"","overlay-gradient":""},"tablet":{"background-color":"var(--ast-global-color-5)","background-image":"","background-repeat":"repeat","background-position":"center center","background-size":"auto","background-attachment":"scroll","background-type":"","background-media":"","overlay-type":"","overlay-color":"","overlay-opacity":"","overlay-gradient":""},"mobile":{"background-color":"var(--ast-global-color-5)","background-image":"","background-repeat":"repeat","background-position":"center center","background-size":"auto","background-attachment":"scroll","background-type":"","background-media":"","overlay-type":"","overlay-color":"","overlay-opacity":"","overlay-gradient":""}}},"product_brand":[],"product_cat":[517],"product_tag":[2081],"class_list":{"0":"post-7689","1":"product","2":"type-product","3":"status-publish","4":"has-post-thumbnail","6":"product_cat-alte-peptide","7":"product_tag-selank-peptide-cas-129954-34-3-for-anti-anxiety-ro","8":"desktop-align-left","9":"tablet-align-left","10":"mobile-align-left","12":"first","13":"instock","14":"shipping-taxable","15":"product-type-simple"},"_links":{"self":[{"href":"https:\/\/puyapeptide.net\/ro\/wp-json\/wp\/v2\/product\/7689","targetHints":{"allow":["GET"]}}],"collection":[{"href":"https:\/\/puyapeptide.net\/ro\/wp-json\/wp\/v2\/product"}],"about":[{"href":"https:\/\/puyapeptide.net\/ro\/wp-json\/wp\/v2\/types\/product"}],"replies":[{"embeddable":true,"href":"https:\/\/puyapeptide.net\/ro\/wp-json\/wp\/v2\/comments?post=7689"}],"wp:featuredmedia":[{"embeddable":true,"href":"https:\/\/puyapeptide.net\/ro\/wp-json\/wp\/v2\/media\/2298"}],"wp:attachment":[{"href":"https:\/\/puyapeptide.net\/ro\/wp-json\/wp\/v2\/media?parent=7689"}],"wp:term":[{"taxonomy":"product_brand","embeddable":true,"href":"https:\/\/puyapeptide.net\/ro\/wp-json\/wp\/v2\/product_brand?post=7689"},{"taxonomy":"product_cat","embeddable":true,"href":"https:\/\/puyapeptide.net\/ro\/wp-json\/wp\/v2\/product_cat?post=7689"},{"taxonomy":"product_tag","embeddable":true,"href":"https:\/\/puyapeptide.net\/ro\/wp-json\/wp\/v2\/product_tag?post=7689"}],"curies":[{"name":"wp","href":"https:\/\/api.w.org\/{rel}","templated":true}]}}