{"id":7753,"date":"2021-12-16T10:31:05","date_gmt":"2021-12-16T15:31:05","guid":{"rendered":"https:\/\/puyapeptide.net\/product\/vanzare-calda-buserelin-cas-57982-77-1-pentru-tratarea-cancerului-de-prostata-si-a-cancerului-de-san\/"},"modified":"2021-12-16T10:31:05","modified_gmt":"2021-12-16T15:31:05","slug":"vanzare-calda-buserelin-cas-57982-77-1-pentru-tratarea-cancerului-de-prostata-si-a-cancerului-de-san","status":"publish","type":"product","link":"https:\/\/puyapeptide.net\/ro\/product\/vanzare-calda-buserelin-cas-57982-77-1-pentru-tratarea-cancerului-de-prostata-si-a-cancerului-de-san\/","title":{"rendered":"V\u00e2nzare cald\u0103 Buserelin CAS 57982-77-1 pentru tratarea cancerului de prostat\u0103 \u0219i a cancerului de s\u00e2n"},"content":{"rendered":"<h2><strong>V\u00e2nzare cald\u0103 Buserelin CAS 57982-77-1 pentru tratarea cancerului de prostat\u0103 \u0219i a cancerului de s\u00e2n<\/strong><\/h2>\n<p>Nume produs: BUSERELIN<br \/>\nSinonime: (d-ser(bu(supt)(sup6)))-lh-rh(1-9)nonapeptide-etilamid\u0103;(d-ser(tbu)(sup6)- ea(sup10))-lhrh;(d-ser(tbu)(sup6)-ea(sup10))-hormon de eliberare a hormonului luteinizant;(d-ser(tbu)(sup6)-ea(sup10))-hormon de eliberare a hormonului luteinizant; BUSERELIN;Factor de eliberare a hormonului 1-9-luteinizant (porcin), 6-[O-(1,1-dimetiletil)-D-serin\u0103]-9-(N-etil-L-prolinamid\u0103)-;Buserilin;BUSERELIN PH . EUR.<br \/>\nCAS: 57982-77-1<br \/>\nMF: C60H86N16O13<br \/>\nMW: 1239,42<br \/>\nEINECS: 261-061-9<br \/>\nCategorii de produse: hormoni<br \/>\nMol File: 57982-77 -1.mol<\/p>\n<p>Buserelin, un analog GnRH. Poate induce o cre\u0219tere a secre\u021biei de LH, FSH \u0219i hormon sexual la \u00eenceputul utiliz\u0103rii, iar dup\u0103 1 p\u00e2n\u0103 la 2 s\u0103pt\u0103m\u00e2ni \u00eencepe s\u0103 produc\u0103 efectul opus, iar secre\u021bia de hormon sexual poate fi redus\u0103 la nivel de depozit. Este utilizat \u00een principal clinic pentru cancerul de prostat\u0103 \u0219i cancerul de s\u00e2n. Se injecteaz\u0103 subcutanat la \u00eenceput [la b\u0103rba\u021bii cu Flutamid\u0103] \u0219i spray nazal este utilizat pentru tratamentul de \u00eentre\u021binere.<\/p>\n<p> <strong>Buserelin CAS 57982-77-1 Propriet\u0103\u021bi chimice<\/strong><br \/>\nalpha D20 -40,4\u00b0 (c = 1 \u00een dimetilacetamid\u0103)<br \/>\nPunctul de fierbere 845,19\u00b0C (estimare aproximativ\u0103)<br \/>\ndensitate 1,0711 (estimare aproximativ\u0103)<br \/>\nindice de refrac\u021bie 1,6200 (estimare)<br \/>\nsolubilitate Pu\u021bin solubil\u0103 \u00een ap\u0103 \u0219i \u00een acizi dilua\u021bi.&lt;&amp; &gt;pka 9,82\u00b10,15(Predic\u021bie)<\/p>\n<p> <strong>Func\u021bia \u0219i aplicarea Buserelinului CAS 57982-77-1<\/strong><br \/>\nAnalogi GnRH. Poate induce o cre\u0219tere a secre\u021biei de I. H, FSH \u0219i hormon sexual la \u00eenceputul utiliz\u0103rii, iar dup\u0103 1 p\u00e2n\u0103 la 2 s\u0103pt\u0103m\u00e2ni \u00eencepe s\u0103 produc\u0103 efectul opus, iar secre\u021bia de hormon sexual poate fi redus\u0103 la nivel de depozit. Este utilizat \u00een principal clinic pentru cancerul de prostat\u0103 \u0219i cancerul de s\u00e2n. Se injecteaz\u0103 subcutanat la \u00eenceput (la b\u0103rba\u021bii cu flutamid\u0103), iar tratamentul de \u00eentre\u021binere se administreaz\u0103 prin spray nazal.<\/p>\n","protected":false},"excerpt":{"rendered":"<p>Nume produs: BUSERELIN<br \/>\nCAS: 57982-77-1<br \/>\nMF: C60H86N16O13<br \/>\nMW: 1239,42<br \/>\nEINECS: 261-061-9<br \/>\nMol File: 57982-77-1.mol<\/p>\n","protected":false},"featured_media":2130,"comment_status":"open","ping_status":"closed","template":"","meta":{"om_disable_all_campaigns":false,"_monsterinsights_skip_tracking":false,"_monsterinsights_sitenote_active":false,"_monsterinsights_sitenote_note":"","_monsterinsights_sitenote_category":0,"site-sidebar-layout":"default","site-content-layout":"default","ast-site-content-layout":"default","site-content-style":"default","site-sidebar-style":"default","ast-global-header-display":"","ast-banner-title-visibility":"","ast-main-header-display":"","ast-hfb-above-header-display":"","ast-hfb-below-header-display":"","ast-hfb-mobile-header-display":"","site-post-title":"","ast-breadcrumbs-content":"","ast-featured-img":"","footer-sml-layout":"","ast-disable-related-posts":"","theme-transparent-header-meta":"default","adv-header-id-meta":"","stick-header-meta":"","header-above-stick-meta":"","header-main-stick-meta":"","header-below-stick-meta":"","astra-migrate-meta-layouts":"default","ast-page-background-enabled":"default","ast-page-background-meta":{"desktop":{"background-color":"","background-image":"","background-repeat":"repeat","background-position":"center center","background-size":"auto","background-attachment":"scroll","background-type":"","background-media":"","overlay-type":"","overlay-color":"","overlay-opacity":"","overlay-gradient":""},"tablet":{"background-color":"","background-image":"","background-repeat":"repeat","background-position":"center center","background-size":"auto","background-attachment":"scroll","background-type":"","background-media":"","overlay-type":"","overlay-color":"","overlay-opacity":"","overlay-gradient":""},"mobile":{"background-color":"","background-image":"","background-repeat":"repeat","background-position":"center center","background-size":"auto","background-attachment":"scroll","background-type":"","background-media":"","overlay-type":"","overlay-color":"","overlay-opacity":"","overlay-gradient":""}},"ast-content-background-meta":{"desktop":{"background-color":"var(--ast-global-color-5)","background-image":"","background-repeat":"repeat","background-position":"center center","background-size":"auto","background-attachment":"scroll","background-type":"","background-media":"","overlay-type":"","overlay-color":"","overlay-opacity":"","overlay-gradient":""},"tablet":{"background-color":"var(--ast-global-color-5)","background-image":"","background-repeat":"repeat","background-position":"center center","background-size":"auto","background-attachment":"scroll","background-type":"","background-media":"","overlay-type":"","overlay-color":"","overlay-opacity":"","overlay-gradient":""},"mobile":{"background-color":"var(--ast-global-color-5)","background-image":"","background-repeat":"repeat","background-position":"center center","background-size":"auto","background-attachment":"scroll","background-type":"","background-media":"","overlay-type":"","overlay-color":"","overlay-opacity":"","overlay-gradient":""}}},"product_brand":[],"product_cat":[386],"product_tag":[2012],"class_list":{"0":"post-7753","1":"product","2":"type-product","3":"status-publish","4":"has-post-thumbnail","6":"product_cat-peptida-antitumorala","7":"product_tag-hot-sale-buserelin-cas-57982-77-1-for-treat-prostate-cancer-and-breast-cancer-ro","8":"desktop-align-left","9":"tablet-align-left","10":"mobile-align-left","12":"first","13":"instock","14":"shipping-taxable","15":"product-type-simple"},"_links":{"self":[{"href":"https:\/\/puyapeptide.net\/ro\/wp-json\/wp\/v2\/product\/7753","targetHints":{"allow":["GET"]}}],"collection":[{"href":"https:\/\/puyapeptide.net\/ro\/wp-json\/wp\/v2\/product"}],"about":[{"href":"https:\/\/puyapeptide.net\/ro\/wp-json\/wp\/v2\/types\/product"}],"replies":[{"embeddable":true,"href":"https:\/\/puyapeptide.net\/ro\/wp-json\/wp\/v2\/comments?post=7753"}],"wp:featuredmedia":[{"embeddable":true,"href":"https:\/\/puyapeptide.net\/ro\/wp-json\/wp\/v2\/media\/2130"}],"wp:attachment":[{"href":"https:\/\/puyapeptide.net\/ro\/wp-json\/wp\/v2\/media?parent=7753"}],"wp:term":[{"taxonomy":"product_brand","embeddable":true,"href":"https:\/\/puyapeptide.net\/ro\/wp-json\/wp\/v2\/product_brand?post=7753"},{"taxonomy":"product_cat","embeddable":true,"href":"https:\/\/puyapeptide.net\/ro\/wp-json\/wp\/v2\/product_cat?post=7753"},{"taxonomy":"product_tag","embeddable":true,"href":"https:\/\/puyapeptide.net\/ro\/wp-json\/wp\/v2\/product_tag?post=7753"}],"curies":[{"name":"wp","href":"https:\/\/api.w.org\/{rel}","templated":true}]}}