{"id":7766,"date":"2021-12-16T10:32:00","date_gmt":"2021-12-16T15:32:00","guid":{"rendered":"https:\/\/puyapeptide.net\/product\/puya-supply-cilengitide-cas-188968-51-6-pentru-cercetare-de-laborator\/"},"modified":"2021-12-16T10:32:00","modified_gmt":"2021-12-16T15:32:00","slug":"puya-supply-cilengitide-cas-188968-51-6-pentru-cercetare-de-laborator","status":"publish","type":"product","link":"https:\/\/puyapeptide.net\/ro\/product\/puya-supply-cilengitide-cas-188968-51-6-pentru-cercetare-de-laborator\/","title":{"rendered":"Puya Supply Cilengitide CAS 188968-51-6 pentru cercetare de laborator"},"content":{"rendered":"<h2><strong>Puya Supply Cilengitide CAS 188968-51-6 pentru cercetare de laborator<\/strong><\/h2>\n<p>Nume produs: cilengitide<br \/>\nSecven\u021b\u0103: cyclo(Arg-Gly-Asp-D-Phe-N-Me-Val)<br \/>\nSinonime: 2-[(2S,5R,8S,11S)-5- benzil-11-[3-(diaminometilideneamino)propil]-7-metil-3,6,9,12,15-pentaoxo-8-propan-2-il-1,4,7,10,13-pentazaciclopentadec-2 acid -il]acetic;Ciclo(L-arginilglicil-L-aspartil-D-fenilalanil-N-metil-L-valil);Cilengitide(EMD121974,NSC-707544);Cilengitide;C(RGDf-Me-V);EMD 121974;EMD-121974;EMD121974;CS-1500;CS-2674<br \/>\nCAS: 188968-51-6<br \/>\nMF: C27H40N8O7<br \/>\nMW: 588,66<br \/>\nEINECS:<br \/>\nCategoriile de produse<br \/>\nInhibi &amp;&gt;Mol File: 188968-51-6.mol<\/p>\n<p>Cilengitide este o peptid\u0103 ciclic\u0103 care con\u021bine secven\u021ba RGD. Peptida se bazeaz\u0103 pe ligandul integrinei \u03b1v \u03b23 in vivo \u0219i a fost ob\u021binut\u0103 printr-o combina\u021bie de ciclizare, screening spa\u021bial \u0219i scanare de metilare, cu afinitate \u0219i selectivitate ridicate pentru integrinele \u03b1v \u03b23. Testele au ar\u0103tat c\u0103 peptida nu numai c\u0103 poate inhiba mai bine cre\u0219terea melanomului \u0219i a glioblastomului, dar poate, de asemenea, s\u0103 \u00eembun\u0103t\u0103\u021beasc\u0103 rata de vindecare a altor tumori, cum ar fi tumorile cu celule scuamoase ale capului \u0219i g\u00e2tului \u00een combina\u021bie cu terapia cu radia\u021bii, care are o perspectiv\u0103 \u0219i un poten\u021bial bun pe pia\u021b\u0103. . \u00cen sinteza peptidelor, <strong>Cilengitide<\/strong> a fost produs\u0103 prin combinarea tehnologiei de sintez\u0103 a peptidelor \u00een faz\u0103 solid\u0103 cu tehnologia de sintez\u0103 a peptidelor \u00een faz\u0103 lichid\u0103. &amp;&gt;temp. -20\u00b0C<br \/>\nform\u0103 pulbere<br \/>\npka 4,01\u00b10,10(Previzat\u0103)<br \/>\nculoare alb p\u00e2n\u0103 la bej<\/p>\n<p> <strong>Utiliz\u0103ri de cilengitide CAS 188968-51-6<\/strong><br \/>\nInhibitor de angiogenez\u0103.<\/p>\n","protected":false},"excerpt":{"rendered":"<p>Nume produs: cilengitide<br \/>\nCAS: 188968-51-6<br \/>\nMF: C27H40N8O7<br \/>\nMW: 588,66<br \/>\nMol File: 188968-51-6.mol<\/p>\n","protected":false},"featured_media":2214,"comment_status":"open","ping_status":"closed","template":"","meta":{"om_disable_all_campaigns":false,"_monsterinsights_skip_tracking":false,"_monsterinsights_sitenote_active":false,"_monsterinsights_sitenote_note":"","_monsterinsights_sitenote_category":0,"site-sidebar-layout":"default","site-content-layout":"default","ast-site-content-layout":"default","site-content-style":"default","site-sidebar-style":"default","ast-global-header-display":"","ast-banner-title-visibility":"","ast-main-header-display":"","ast-hfb-above-header-display":"","ast-hfb-below-header-display":"","ast-hfb-mobile-header-display":"","site-post-title":"","ast-breadcrumbs-content":"","ast-featured-img":"","footer-sml-layout":"","ast-disable-related-posts":"","theme-transparent-header-meta":"default","adv-header-id-meta":"","stick-header-meta":"","header-above-stick-meta":"","header-main-stick-meta":"","header-below-stick-meta":"","astra-migrate-meta-layouts":"default","ast-page-background-enabled":"default","ast-page-background-meta":{"desktop":{"background-color":"","background-image":"","background-repeat":"repeat","background-position":"center center","background-size":"auto","background-attachment":"scroll","background-type":"","background-media":"","overlay-type":"","overlay-color":"","overlay-opacity":"","overlay-gradient":""},"tablet":{"background-color":"","background-image":"","background-repeat":"repeat","background-position":"center center","background-size":"auto","background-attachment":"scroll","background-type":"","background-media":"","overlay-type":"","overlay-color":"","overlay-opacity":"","overlay-gradient":""},"mobile":{"background-color":"","background-image":"","background-repeat":"repeat","background-position":"center center","background-size":"auto","background-attachment":"scroll","background-type":"","background-media":"","overlay-type":"","overlay-color":"","overlay-opacity":"","overlay-gradient":""}},"ast-content-background-meta":{"desktop":{"background-color":"var(--ast-global-color-5)","background-image":"","background-repeat":"repeat","background-position":"center center","background-size":"auto","background-attachment":"scroll","background-type":"","background-media":"","overlay-type":"","overlay-color":"","overlay-opacity":"","overlay-gradient":""},"tablet":{"background-color":"var(--ast-global-color-5)","background-image":"","background-repeat":"repeat","background-position":"center center","background-size":"auto","background-attachment":"scroll","background-type":"","background-media":"","overlay-type":"","overlay-color":"","overlay-opacity":"","overlay-gradient":""},"mobile":{"background-color":"var(--ast-global-color-5)","background-image":"","background-repeat":"repeat","background-position":"center center","background-size":"auto","background-attachment":"scroll","background-type":"","background-media":"","overlay-type":"","overlay-color":"","overlay-opacity":"","overlay-gradient":""}}},"product_brand":[],"product_cat":[386],"product_tag":[2050],"class_list":{"0":"post-7766","1":"product","2":"type-product","3":"status-publish","4":"has-post-thumbnail","6":"product_cat-peptida-antitumorala","7":"product_tag-puya-supply-cilengitide-cas-188968-51-6-for-lab-research-ro","8":"desktop-align-left","9":"tablet-align-left","10":"mobile-align-left","12":"first","13":"instock","14":"shipping-taxable","15":"product-type-simple"},"_links":{"self":[{"href":"https:\/\/puyapeptide.net\/ro\/wp-json\/wp\/v2\/product\/7766","targetHints":{"allow":["GET"]}}],"collection":[{"href":"https:\/\/puyapeptide.net\/ro\/wp-json\/wp\/v2\/product"}],"about":[{"href":"https:\/\/puyapeptide.net\/ro\/wp-json\/wp\/v2\/types\/product"}],"replies":[{"embeddable":true,"href":"https:\/\/puyapeptide.net\/ro\/wp-json\/wp\/v2\/comments?post=7766"}],"wp:featuredmedia":[{"embeddable":true,"href":"https:\/\/puyapeptide.net\/ro\/wp-json\/wp\/v2\/media\/2214"}],"wp:attachment":[{"href":"https:\/\/puyapeptide.net\/ro\/wp-json\/wp\/v2\/media?parent=7766"}],"wp:term":[{"taxonomy":"product_brand","embeddable":true,"href":"https:\/\/puyapeptide.net\/ro\/wp-json\/wp\/v2\/product_brand?post=7766"},{"taxonomy":"product_cat","embeddable":true,"href":"https:\/\/puyapeptide.net\/ro\/wp-json\/wp\/v2\/product_cat?post=7766"},{"taxonomy":"product_tag","embeddable":true,"href":"https:\/\/puyapeptide.net\/ro\/wp-json\/wp\/v2\/product_tag?post=7766"}],"curies":[{"name":"wp","href":"https:\/\/api.w.org\/{rel}","templated":true}]}}