{"id":7792,"date":"2021-12-16T10:33:30","date_gmt":"2021-12-16T15:33:30","guid":{"rendered":"https:\/\/puyapeptide.net\/product\/epitalon-epithalon-acetat-cas-307297-39-8-pentru-anti-imbatranire\/"},"modified":"2021-12-16T10:33:30","modified_gmt":"2021-12-16T15:33:30","slug":"epitalon-epithalon-acetat-cas-307297-39-8-pentru-anti-imbatranire","status":"publish","type":"product","link":"https:\/\/puyapeptide.net\/ro\/product\/epitalon-epithalon-acetat-cas-307297-39-8-pentru-anti-imbatranire\/","title":{"rendered":"Epitalon\/Epithalon acetat CAS 307297-39-8 pentru anti-\u00eemb\u0103tr\u00e2nire"},"content":{"rendered":"<h2><strong>Epitalon\/Epithalon acetat CAS 307297-39-8 pentru anti-\u00eemb\u0103tr\u00e2nire<\/strong><\/h2>\n<p>Nume produs: Epitalon<br \/>\nSinome: Epitalon;Epithalon;Glicina, L-alanil-La-glutamil-La-aspartyl-;L-alanil-L-alfa-glutamil-L-alfa-aspartilglicin\u0103;9: PN : WO02090380 PAGINA: 55 protein\u0103 revendicat\u0103; L-Alanil-L-a-glutamil-L-a-aspartilglicin\u0103;Epithalon, Epithalon Tetra Peptide;EpithalonAcetate<br \/>\nCAS: 307297-39-8<br \/>\nMF: C14H2&amp;N&amp;&gt; MW: 390,35<br \/>\nEINECS: 211-519-9<br \/>\nCategorii de produse:<br \/>\nMol File: 307297-39-8.mol<\/p>\n<p>Epithalon este o peptid\u0103 folosit\u0103 pentru a regla ciclul celular p\u00e2n\u0103 la -reglarea activitatii telomerazei. Secven\u021ba de aminoacizi din peptid\u0103 este alanin\u0103-glutamat-asparagin\u0103-glicin\u0103. Au fost efectuate studii la animale privind efectele Epithalonului asupra suprim\u0103rii tumorilor mamare spontane \u0219i a carcinogenezei spontane. Studiile au ar\u0103tat c\u0103 modul de ac\u021biune al Epithalonului implic\u0103 suprimarea exprim\u0103rii oncogenei \u0219i modificarea activit\u0103\u021bii telomerazei.<\/p>\n<p>Epitalon (cunoscut \u0219i ca Epithalon sau Epithalon) este versiunea sintetic\u0103 a polipeptidei Epithalamin care este produs\u0103 \u00een mod natural \u00een glanda pineala. A fost sintetizat de Vladimir Khavinson, profesor \u0219i gerontolog rus, ale c\u0103rui cercet\u0103ri s-au concentrat pe dezvoltarea preparatelor peptidice folosite pentru a restabili func\u021bia \u00een diferite organe pentru a preveni \u0219i inversa procesul de \u00eemb\u0103tr\u00e2nire. \u00cen prezent, este directorul Institutului de Bioreglare \u0219i Gerontologie din Sankt Petersburg.<br \/>\nEpitalonul este considerat peptida \u201ef\u00e2nt\u00e2na tinere\u021bii\u201d. Este o tetra-peptid\u0103, ceea ce \u00eenseamn\u0103 c\u0103 este compus\u0103 din patru lan\u021buri de aminoacizi. Peptida este utilizat\u0103 pentru a regla ciclul celular \u00een timpul activit\u0103\u021bii telomerazei. Telomeraza, numit\u0103 \u0219i transferaz\u0103 terminal\u0103 a telomerelor, este o enzim\u0103 format\u0103 din subunit\u0103\u021bi de proteine \u0219i ARN care alunge\u0219te cromozomii. C\u00e2nd activitatea telomerazei nu este prezent\u0103 (c\u00e2nd \u00eemb\u0103tr\u00e2nim), celulele noastre \u00eemb\u0103tr\u00e2nesc. Telomerii no\u0219tri se scurteaz\u0103 \u0219i \u00eencep s\u0103 moar\u0103. Dac\u0103 telomeraza este activat\u0103 \u00een celulele noastre, telomerii no\u0219tri se lungesc, celula continu\u0103 s\u0103 creasc\u0103 \u0219i s\u0103 se divid\u0103, \u00eent\u00e2rziind procesul de \u00eemb\u0103tr\u00e2nire. (UT Southwestern Medical Lab)<br \/>\nhttps:\/\/www.amisantabarbara.com\/epitalon<\/p>\n<p> <strong>Epitalon\/Epithalon acetat CAS 307297-39-8 Propriet\u0103\u021bi chimice<\/strong><br \/>\nPropriet\u0103\u021bi chimice Epitalon<br \/>\nPunctul de fierbere 959,8 \u00b165,0 \u00b0C (Predic\u021bie)<br \/>\ndensitate 1,466\u00b10,06 g\/cm3(Predic\u021bie)<br \/>\npka 3,16\u00b10,10 (Previzual)<br \/>\nReferin\u021ba bazei de date CAS 307297-39-8<\/p>\n<p> <strong>Func\u021bii \u0219i aplica\u021bii de Epitalon\/Epithalon acetat CAS 307297-39-8<\/strong><br \/>\nEpitalon a fost descoperit de omul de \u0219tiin\u021b\u0103 rus, profesorul Vladimir Khavinson. El a cercetat aceast\u0103 peptid\u0103 de peste 35 de ani \u00een studii clinice at\u00e2t pe animale, c\u00e2t \u0219i pe oameni. Rezultatele au fost uluitoare. Pentru prima dat\u0103, studiile clinice pe oameni au dovedit f\u0103r\u0103 \u00eendoial\u0103 c\u0103 substan\u021ba consta \u00een extinderea vie\u021bii puternice \u0219i posibilit\u0103\u021bi anti-\u00eemb\u0103tr\u00e2nire. ating\u00e2nd \u0219i includ:<br \/>\nO cre\u0219tere a duratei de via\u021b\u0103 umane prin prelungirea telomerilor \u00een celulele umane<br \/>\nPromovarea unui somn mai profund<br \/>\n\u00cent\u00e2rzierea \u0219i prevenirea bolilor legate de v\u00e2rst\u0103, cum ar fi cancerul, bolile de inim\u0103 \u0219i demen\u021ba<br \/>\nAc\u0163ioneaz\u0103 ca un antioxidant prin reducerea oxid\u0103rii lipidelor \u0219i a ROS (specii reactive de oxigen) \u00eempreun\u0103 cu normalizarea func\u021biei celulelor T.<br \/>\n\u00cembun\u0103t\u0103\u021birea s\u0103n\u0103t\u0103\u021bii \u0219i aspectului pielii<br \/>\nVidecarea celulelor musculare r\u0103nite \u0219i deteriorate<br \/>\nRestaureaz\u0103 \u0219i normalizeaz\u0103 nivelurile de melatonin\u0103 \u00een persoanele \u00een v\u00e2rst\u0103 care \u0219i-au pierdut o anumit\u0103 func\u021bie pineal\u0103 din cauza \u00eemb\u0103tr\u00e2nirii<br \/>\nPoate cre\u0219te rezisten\u021ba la stresul emo\u021bional<\/p>\n","protected":false},"excerpt":{"rendered":"<p>Nume produs: Epitalon<br \/>\nCAS: 307297-39-8<br \/>\nMF: C14H22N4O9<br \/>\nMW: 390,35<br \/>\nEINECS: 211-519-9<br \/>\nMol File: 307297-39-8.mol<\/p>\n","protected":false},"featured_media":2214,"comment_status":"open","ping_status":"closed","template":"","meta":{"om_disable_all_campaigns":false,"_monsterinsights_skip_tracking":false,"_monsterinsights_sitenote_active":false,"_monsterinsights_sitenote_note":"","_monsterinsights_sitenote_category":0,"site-sidebar-layout":"default","site-content-layout":"default","ast-site-content-layout":"default","site-content-style":"default","site-sidebar-style":"default","ast-global-header-display":"","ast-banner-title-visibility":"","ast-main-header-display":"","ast-hfb-above-header-display":"","ast-hfb-below-header-display":"","ast-hfb-mobile-header-display":"","site-post-title":"","ast-breadcrumbs-content":"","ast-featured-img":"","footer-sml-layout":"","ast-disable-related-posts":"","theme-transparent-header-meta":"default","adv-header-id-meta":"","stick-header-meta":"","header-above-stick-meta":"","header-main-stick-meta":"","header-below-stick-meta":"","astra-migrate-meta-layouts":"default","ast-page-background-enabled":"default","ast-page-background-meta":{"desktop":{"background-color":"","background-image":"","background-repeat":"repeat","background-position":"center center","background-size":"auto","background-attachment":"scroll","background-type":"","background-media":"","overlay-type":"","overlay-color":"","overlay-opacity":"","overlay-gradient":""},"tablet":{"background-color":"","background-image":"","background-repeat":"repeat","background-position":"center center","background-size":"auto","background-attachment":"scroll","background-type":"","background-media":"","overlay-type":"","overlay-color":"","overlay-opacity":"","overlay-gradient":""},"mobile":{"background-color":"","background-image":"","background-repeat":"repeat","background-position":"center center","background-size":"auto","background-attachment":"scroll","background-type":"","background-media":"","overlay-type":"","overlay-color":"","overlay-opacity":"","overlay-gradient":""}},"ast-content-background-meta":{"desktop":{"background-color":"var(--ast-global-color-5)","background-image":"","background-repeat":"repeat","background-position":"center center","background-size":"auto","background-attachment":"scroll","background-type":"","background-media":"","overlay-type":"","overlay-color":"","overlay-opacity":"","overlay-gradient":""},"tablet":{"background-color":"var(--ast-global-color-5)","background-image":"","background-repeat":"repeat","background-position":"center center","background-size":"auto","background-attachment":"scroll","background-type":"","background-media":"","overlay-type":"","overlay-color":"","overlay-opacity":"","overlay-gradient":""},"mobile":{"background-color":"var(--ast-global-color-5)","background-image":"","background-repeat":"repeat","background-position":"center center","background-size":"auto","background-attachment":"scroll","background-type":"","background-media":"","overlay-type":"","overlay-color":"","overlay-opacity":"","overlay-gradient":""}}},"product_brand":[],"product_cat":[750],"product_tag":[2001],"class_list":{"0":"post-7792","1":"product","2":"type-product","3":"status-publish","4":"has-post-thumbnail","6":"product_cat-alte-peptide-cosmetice","7":"product_tag-epitalon-epithalon-acetate-cas-307297-39-8-for-anti-aging-ro","8":"desktop-align-left","9":"tablet-align-left","10":"mobile-align-left","12":"first","13":"instock","14":"shipping-taxable","15":"product-type-simple"},"_links":{"self":[{"href":"https:\/\/puyapeptide.net\/ro\/wp-json\/wp\/v2\/product\/7792","targetHints":{"allow":["GET"]}}],"collection":[{"href":"https:\/\/puyapeptide.net\/ro\/wp-json\/wp\/v2\/product"}],"about":[{"href":"https:\/\/puyapeptide.net\/ro\/wp-json\/wp\/v2\/types\/product"}],"replies":[{"embeddable":true,"href":"https:\/\/puyapeptide.net\/ro\/wp-json\/wp\/v2\/comments?post=7792"}],"wp:featuredmedia":[{"embeddable":true,"href":"https:\/\/puyapeptide.net\/ro\/wp-json\/wp\/v2\/media\/2214"}],"wp:attachment":[{"href":"https:\/\/puyapeptide.net\/ro\/wp-json\/wp\/v2\/media?parent=7792"}],"wp:term":[{"taxonomy":"product_brand","embeddable":true,"href":"https:\/\/puyapeptide.net\/ro\/wp-json\/wp\/v2\/product_brand?post=7792"},{"taxonomy":"product_cat","embeddable":true,"href":"https:\/\/puyapeptide.net\/ro\/wp-json\/wp\/v2\/product_cat?post=7792"},{"taxonomy":"product_tag","embeddable":true,"href":"https:\/\/puyapeptide.net\/ro\/wp-json\/wp\/v2\/product_tag?post=7792"}],"curies":[{"name":"wp","href":"https:\/\/api.w.org\/{rel}","templated":true}]}}