{"id":7862,"date":"2021-12-16T11:17:54","date_gmt":"2021-12-16T16:17:54","guid":{"rendered":"https:\/\/puyapeptide.net\/product\/etelcalcetida-cas-1262780-97-1-dezvoltat-pentru-utilizare-la-pacientii-cu-boala-renala-cronica-irc-care-urmeaza-tratament-cu-hemodializa\/"},"modified":"2021-12-16T11:17:54","modified_gmt":"2021-12-16T16:17:54","slug":"etelcalcetida-cas-1262780-97-1-dezvoltat-pentru-utilizare-la-pacientii-cu-boala-renala-cronica-irc-care-urmeaza-tratament-cu-hemodializa","status":"publish","type":"product","link":"https:\/\/puyapeptide.net\/ro\/product\/etelcalcetida-cas-1262780-97-1-dezvoltat-pentru-utilizare-la-pacientii-cu-boala-renala-cronica-irc-care-urmeaza-tratament-cu-hemodializa\/","title":{"rendered":"Etelcalcetida CAS 1262780-97-1 Dezvoltat pentru utilizare la pacien\u021bii cu boal\u0103 renal\u0103 cronic\u0103 (IRC) care urmeaz\u0103 tratament cu hemodializ\u0103"},"content":{"rendered":"<h2><strong>Etelcalcetida CAS 1262780-97-1 Dezvoltat pentru utilizare la pacien\u021bii cu boal\u0103 renal\u0103 cronic\u0103 (IRC) care urmeaz\u0103 tratament cu hemodializ\u0103<\/strong><\/h2>\n<p>Nume produs: Etelcalcetida<br \/>\nSinome: Etelcalcetid\u0103;D-Argininamid\u0103, N-acetil-D-cisteinil-D-alanil-D-arginil-D-arginil-D-arginil-D-alanil-, disulfur\u0103 cu L -cistein\u0103;AMG-416 (Velcalcetid\u0103)<br \/>\nCAS: 1262780-97-1<br \/>\nMF: C38H73N21O10S2<br \/>\nMW: 1048,25<br \/>\nEINECS:<br \/>\nCategorii de produse:<br \/>\nFi\u0219ier Mol: 126278 97-1.mol<\/p>\n<p>Etelcalcetida este un nou CalcimimeticAgent (CalcimimeticAgent). Se administreaz\u0103 intravenos \u0219i este dezvoltat pentru pacien\u021bii cu boal\u0103 renal\u0103 cronic\u0103 (IRC) care urmeaz\u0103 un tratament de hemodializ\u0103. AMG416 se leag\u0103 \u0219i activeaz\u0103 receptorii sensibili la calciu de pe glandele paratiroide, rezult\u00e2nd o reducere a nivelului de hormon paratiroidian (PTH).<br \/>\n&lt;&amp; &gt; <strong>Etelcalcetida CAS 1262780-97-1 Propriet\u0103\u021bi chimice<\/strong><br \/>\ndensitate 1,58\u00b10,1 g\/cm3(Predic\u021bie)<br \/>\npka 2,01\u00b10,10(Prevista)<\/p>\n<p> <strong>Func\u021bia \u0219i aplicarea Etelcalcetidei CAS 1262780-97-1 Propriet\u0103\u021bi chimice<\/strong><br \/>\nEtelcalcetida activeaz\u0103 receptorul de detectare a calciului de pe glandele paratiroide reduc\u00e2nd sinteza \u0219i secre\u021bia PTH. Poate fi utilizat pentru hiperparatiroidismul secundar asociat cu cercetarea bolilor renale cronice.<\/p>\n","protected":false},"excerpt":{"rendered":"<p>Nume produs: Etelcalcetide<br \/>\nCAS: 1262780-97-1<br \/>\nMF: C38H73N21O10S2<br \/>\nMW: 1048,25<br \/>\nMol Fi\u0219ier: 1262780-97-1.mol<\/p>\n","protected":false},"featured_media":2214,"comment_status":"open","ping_status":"closed","template":"","meta":{"om_disable_all_campaigns":false,"_monsterinsights_skip_tracking":false,"_monsterinsights_sitenote_active":false,"_monsterinsights_sitenote_note":"","_monsterinsights_sitenote_category":0,"site-sidebar-layout":"default","site-content-layout":"default","ast-site-content-layout":"default","site-content-style":"default","site-sidebar-style":"default","ast-global-header-display":"","ast-banner-title-visibility":"","ast-main-header-display":"","ast-hfb-above-header-display":"","ast-hfb-below-header-display":"","ast-hfb-mobile-header-display":"","site-post-title":"","ast-breadcrumbs-content":"","ast-featured-img":"","footer-sml-layout":"","ast-disable-related-posts":"","theme-transparent-header-meta":"default","adv-header-id-meta":"","stick-header-meta":"","header-above-stick-meta":"","header-main-stick-meta":"","header-below-stick-meta":"","astra-migrate-meta-layouts":"default","ast-page-background-enabled":"default","ast-page-background-meta":{"desktop":{"background-color":"","background-image":"","background-repeat":"repeat","background-position":"center center","background-size":"auto","background-attachment":"scroll","background-type":"","background-media":"","overlay-type":"","overlay-color":"","overlay-opacity":"","overlay-gradient":""},"tablet":{"background-color":"","background-image":"","background-repeat":"repeat","background-position":"center center","background-size":"auto","background-attachment":"scroll","background-type":"","background-media":"","overlay-type":"","overlay-color":"","overlay-opacity":"","overlay-gradient":""},"mobile":{"background-color":"","background-image":"","background-repeat":"repeat","background-position":"center center","background-size":"auto","background-attachment":"scroll","background-type":"","background-media":"","overlay-type":"","overlay-color":"","overlay-opacity":"","overlay-gradient":""}},"ast-content-background-meta":{"desktop":{"background-color":"var(--ast-global-color-5)","background-image":"","background-repeat":"repeat","background-position":"center center","background-size":"auto","background-attachment":"scroll","background-type":"","background-media":"","overlay-type":"","overlay-color":"","overlay-opacity":"","overlay-gradient":""},"tablet":{"background-color":"var(--ast-global-color-5)","background-image":"","background-repeat":"repeat","background-position":"center center","background-size":"auto","background-attachment":"scroll","background-type":"","background-media":"","overlay-type":"","overlay-color":"","overlay-opacity":"","overlay-gradient":""},"mobile":{"background-color":"var(--ast-global-color-5)","background-image":"","background-repeat":"repeat","background-position":"center center","background-size":"auto","background-attachment":"scroll","background-type":"","background-media":"","overlay-type":"","overlay-color":"","overlay-opacity":"","overlay-gradient":""}}},"product_brand":[],"product_cat":[517],"product_tag":[1941],"class_list":{"0":"post-7862","1":"product","2":"type-product","3":"status-publish","4":"has-post-thumbnail","6":"product_cat-alte-peptide","7":"product_tag-etelcalcetide-cas-1262780-97-1-developed-for-use-in-patients-with-chronic-kidney-disease-ckd-who-are-on-hemodialysis-treatment-ro","8":"desktop-align-left","9":"tablet-align-left","10":"mobile-align-left","12":"first","13":"instock","14":"shipping-taxable","15":"product-type-simple"},"_links":{"self":[{"href":"https:\/\/puyapeptide.net\/ro\/wp-json\/wp\/v2\/product\/7862","targetHints":{"allow":["GET"]}}],"collection":[{"href":"https:\/\/puyapeptide.net\/ro\/wp-json\/wp\/v2\/product"}],"about":[{"href":"https:\/\/puyapeptide.net\/ro\/wp-json\/wp\/v2\/types\/product"}],"replies":[{"embeddable":true,"href":"https:\/\/puyapeptide.net\/ro\/wp-json\/wp\/v2\/comments?post=7862"}],"wp:featuredmedia":[{"embeddable":true,"href":"https:\/\/puyapeptide.net\/ro\/wp-json\/wp\/v2\/media\/2214"}],"wp:attachment":[{"href":"https:\/\/puyapeptide.net\/ro\/wp-json\/wp\/v2\/media?parent=7862"}],"wp:term":[{"taxonomy":"product_brand","embeddable":true,"href":"https:\/\/puyapeptide.net\/ro\/wp-json\/wp\/v2\/product_brand?post=7862"},{"taxonomy":"product_cat","embeddable":true,"href":"https:\/\/puyapeptide.net\/ro\/wp-json\/wp\/v2\/product_cat?post=7862"},{"taxonomy":"product_tag","embeddable":true,"href":"https:\/\/puyapeptide.net\/ro\/wp-json\/wp\/v2\/product_tag?post=7862"}],"curies":[{"name":"wp","href":"https:\/\/api.w.org\/{rel}","templated":true}]}}