{"id":7885,"date":"2021-12-16T11:18:55","date_gmt":"2021-12-16T16:18:55","guid":{"rendered":"https:\/\/puyapeptide.net\/product\/sermorelin-acetat-de-sermorelin-grf-1-29-amida-umana-cas-86168-78-7\/"},"modified":"2021-12-16T11:18:55","modified_gmt":"2021-12-16T16:18:55","slug":"sermorelin-acetat-de-sermorelin-grf-1-29-amida-umana-cas-86168-78-7","status":"publish","type":"product","link":"https:\/\/puyapeptide.net\/ro\/product\/sermorelin-acetat-de-sermorelin-grf-1-29-amida-umana-cas-86168-78-7\/","title":{"rendered":"Sermorelin\/ Acetat de Sermorelin\/ GRF (1-29) amid\u0103 (uman\u0103) CAS 86168-78-7"},"content":{"rendered":"<h2><strong>Sermorelin\/ Acetat de Sermorelin\/ GRF (1-29) amid\u0103 (uman\u0103) CAS 86168-78-7<\/strong><\/h2>\n<p>Nume produs: Sermorelin<br \/>\nSinome: SERMORELIN;SERMORELIN ACETATE;YADAIFTNSYRKVLGQLSARKLLQDIMSR-NH2;TYR-ALA-ASP-ALA-ILE-PHE-THR-ASN-SER-TYR-ARG-LYS-VAL-LEU-GLY -GLN-LEU-SER-ALA-ARG-LYS-LEU-LEU-GLN-ASP-ILE-MET-SER-ARG-NH2;TYR-ALA-ASP-ALA-ILE-PHE-THR-ASN-SER-TYR -ARG-LYS-VAL-LEU-GLY-GLN-LEU-SER-ALA-ARG-LYS-LEU-LEU-GLN-ASP-ILE-MET-SER-ARG-NH2 UMAN;factor de eliberare a hormonului de crestere*fragment 1- 29 ami;H-TYR-ALA-ASP-ALA-ILE-PHE-THR-ASN-SER-TYR-ARG-LYS-VAL-LEU-GLY-GLN-LEU-SER-ALA-ARG-LYS-LEU-LEU -GLN-ASP-ILE-MET-SER-ARG-NH2;FACTOR DE ELIBERARE A HORMONULUI DE CRE\u0218TERE (1-29), AMIDA, UMAN<br \/>\nCAS: 86168-78-7<br \/>\nMF: C149H246N44O42S<br \/>\nMW: 3357,93<br \/>\nEINECS: 1312995-182-4<br \/>\nCategorii de produse: Peptide;Deriva\u021bi de aminoacizi;Cercetare asupra obezit\u0103\u021bii GH-RH;Peptide GH-RH pentru biologie celular\u0103;Factori de eliberare a hormonului de cre\u0219tere;Neuropeptide;Neurotransmisie (obezitate);Factori de eliberare;Sermorelin\u0103<br \/>\nMol File: 86168-78-7.mol<\/p>\n<p>Serm&#39;orelin acetat este un analog activ biologic al factorului de eliberare a cre\u0219terii (GRF 1-44), care este un eliberat hormonul inginer (GHRH) care este produs \u00een mod natural de creierul uman pentru a stimula produc\u021bia \u0219i secre\u021bia de c\u0103tre glanda pituitar\u0103. Serm&#39;orelin nu este ae; este un secretagog, ceea ce \u00eenseamn\u0103 c\u0103 stimuleaz\u0103 glanda pituitar\u0103 prin legarea de receptori specifici pentru a cre\u0219te produc\u021bia \u0219i secre\u021bia de<\/p>\n<p>\u00cen timpul \u00eemb\u0103tr\u00e2nirii, GHRH scade, provoc\u00e2nd reducerea produc\u021biei \u0219i secre\u021biei hipofizare \u0219i, prin urmare, cre\u0219terea insuficien\u021belor hormonului de cre\u0219tere. care erodeaz\u0103 s\u0103n\u0103tatea, rezisten\u021ba \u0219i vitalitatea \u00een timpul vie\u021bii ulterioare. Serm&#39;orelin este considerat un supliment anti-\u00eemb\u0103tr\u00e2nire care poate ajuta organismul s\u0103 repare celulele deteriorate \u0219i sistemele sl\u0103bite cauzate de insuficienta . <\/p>\n<p>Serm&#39;orelin este un analog peptidic GHRH. Secven\u021ba sa de peptide este compus\u0103 din 29 de aminoacizi. Aceast\u0103 secven\u021b\u0103 este o parte a GHRH a persoanei endogene \u0219i este \u00een prezent considerat\u0103 a fi cea mai scurt\u0103 peptid\u0103 sintetic\u0103 care posed\u0103 \u00eentreaga gam\u0103 de activitate func\u021bional\u0103 a GHRH. Datorit\u0103 acestui fapt, sermor&#39;elin este considerat a fi secretagog.<\/p>\n<p>Serm&#39;orelin a fost folosit \u00een timpul cercet\u0103rilor pentru a stimula secre\u021bia din adenohipofiz\u0103 (numit\u0103 \u0219i hipofiz\u0103 anterioar\u0103). Hipofiza anterioar\u0103 secret\u0103 trofic . <strong>Serm&#39;orelin<\/strong> a fost, de asemenea, utilizat \u00een testele de stimulare de cercetare pentru a evalua suficien\u021ba hipofizar\u0103 \u00een leg\u0103tur\u0103 cu secre\u021bia. <strong>Propriet\u0103\u021bi<\/strong><br \/>\nalfa D20 -63,1\u00b0 (c = 1 \u00een 30% acid acetic)<br \/>\ndensitate 1,45\u00b10,1 g\/cm3(Predic\u021bie)<br \/>\ntemp. \u221220\u00b0C<br \/>\nInChIKey BVLCEKWPOSAKSZ-YQMCHIOTSA-N<br \/>\nCAS Database Reference 86168-78-7(CAS Database Reference)<\/p>\n<p> <strong>Func\u021biile Sermorelin\/ Sermorelin Acetate\/ GRF (1-29) amide ( uman) CAS 86168-78-7<\/strong><br \/>\n1. Cre\u0219te energia, vitalitatea, for\u021ba \u0219i rezisten\u021ba.<br \/>\n2. Cre\u0219terea masei musculare slabe\/reducerea gr\u0103simii, Cre\u0219terea masei musculare slabe.<br \/>\n3. Descompune gr\u0103simea corporal\u0103 \u0219i acizii gra\u0219i.<br \/>\n4. \u00cembun\u0103t\u0103\u021be\u0219te func\u021bia inimii.<br \/>\n5. Cre\u0219te reten\u021bia de calciu care \u00eent\u0103re\u0219te \u0219i cre\u0219te densitatea osoas\u0103.<br \/>\n6. \u00cent\u0103re\u0219te sistemul imunitar \u0219i accelereaz\u0103 vindecarea r\u0103nilor sau a interven\u021biilor chirurgicale.<br \/>\n7. Promoveaz\u0103 somnul cu unde lente non-REM, o calitate \u00eembun\u0103t\u0103\u021bit\u0103 a somnului.<br \/>\n8. Cre\u0219te sinteza proteinelor \u0219i stimuleaz\u0103 cre\u0219terea tuturor organelor interne, cu excep\u021bia creierului.<br \/>\n9. S\u0103n\u0103tatea pielii \u0219i a unghiilor (piele mai str\u00e2ns\u0103, unghii mai groase).<br \/>\n10. Sc\u0103derea durerilor corporale, cum ar fi durerile articulare \u0219i musculare.<\/p>\n<p> <strong>Aplica\u021bii de Sermorelin\/ Sermorelin Acetate\/ GRF (1-29) amid\u0103 (uman\u0103) CAS 86168-78-7<\/strong><br \/>\nSerm&#39;orelin are o gam\u0103 larg\u0103 de efecte pozitive. Datorit\u0103 naturii sale ca GHRH, sermo&#39;relinul nu face dec\u00e2t s\u0103 m\u0103reasc\u0103 capacitatea organismului de a produce mai mult; nu este o injec\u021bie \u00een sine. At\u00e2t \u00een sensul \u00eembun\u0103t\u0103\u021birii performan\u021bei, c\u00e2t \u0219i al bun\u0103st\u0103rii generale, sermo&#39;relin are o gam\u0103 larg\u0103 de beneficii care o fac o substan\u021b\u0103 puternic\u0103 \u0219i valoroas\u0103.<\/p>\n<p>Acetatul de sermo&#39;relin este un hormon uman care elibereaz\u0103 hormoni (GHRH sau GRF) utilizat pentru evaluarea diagnostic\u0103 a func\u021biei hipofizare \u0219i, de asemenea, pentru cre\u0219terea cre\u0219terii la copii.<\/p>\n","protected":false},"excerpt":{"rendered":"<p>Nume produs: Sermorelin<br \/>\nCAS: 86168-78-7<br \/>\nMF: C149H246N44O42S<br \/>\nMW: 3357,93<br \/>\nEINECS: 1312995-182-4<br \/>\nMol File: 86168-78-7mol.<\/p>\n","protected":false},"featured_media":2130,"comment_status":"open","ping_status":"closed","template":"","meta":{"om_disable_all_campaigns":false,"_monsterinsights_skip_tracking":false,"_monsterinsights_sitenote_active":false,"_monsterinsights_sitenote_note":"","_monsterinsights_sitenote_category":0,"site-sidebar-layout":"default","site-content-layout":"default","ast-site-content-layout":"default","site-content-style":"default","site-sidebar-style":"default","ast-global-header-display":"","ast-banner-title-visibility":"","ast-main-header-display":"","ast-hfb-above-header-display":"","ast-hfb-below-header-display":"","ast-hfb-mobile-header-display":"","site-post-title":"","ast-breadcrumbs-content":"","ast-featured-img":"","footer-sml-layout":"","ast-disable-related-posts":"","theme-transparent-header-meta":"default","adv-header-id-meta":"","stick-header-meta":"","header-above-stick-meta":"","header-main-stick-meta":"","header-below-stick-meta":"","astra-migrate-meta-layouts":"default","ast-page-background-enabled":"default","ast-page-background-meta":{"desktop":{"background-color":"","background-image":"","background-repeat":"repeat","background-position":"center center","background-size":"auto","background-attachment":"scroll","background-type":"","background-media":"","overlay-type":"","overlay-color":"","overlay-opacity":"","overlay-gradient":""},"tablet":{"background-color":"","background-image":"","background-repeat":"repeat","background-position":"center center","background-size":"auto","background-attachment":"scroll","background-type":"","background-media":"","overlay-type":"","overlay-color":"","overlay-opacity":"","overlay-gradient":""},"mobile":{"background-color":"","background-image":"","background-repeat":"repeat","background-position":"center center","background-size":"auto","background-attachment":"scroll","background-type":"","background-media":"","overlay-type":"","overlay-color":"","overlay-opacity":"","overlay-gradient":""}},"ast-content-background-meta":{"desktop":{"background-color":"var(--ast-global-color-5)","background-image":"","background-repeat":"repeat","background-position":"center center","background-size":"auto","background-attachment":"scroll","background-type":"","background-media":"","overlay-type":"","overlay-color":"","overlay-opacity":"","overlay-gradient":""},"tablet":{"background-color":"var(--ast-global-color-5)","background-image":"","background-repeat":"repeat","background-position":"center center","background-size":"auto","background-attachment":"scroll","background-type":"","background-media":"","overlay-type":"","overlay-color":"","overlay-opacity":"","overlay-gradient":""},"mobile":{"background-color":"var(--ast-global-color-5)","background-image":"","background-repeat":"repeat","background-position":"center center","background-size":"auto","background-attachment":"scroll","background-type":"","background-media":"","overlay-type":"","overlay-color":"","overlay-opacity":"","overlay-gradient":""}}},"product_brand":[],"product_cat":[517],"product_tag":[1916],"class_list":{"0":"post-7885","1":"product","2":"type-product","3":"status-publish","4":"has-post-thumbnail","6":"product_cat-alte-peptide","7":"product_tag-sermorelin-sermorelin-acetate-grf-1-29-amide-human-cas-86168-78-7-ro","8":"desktop-align-left","9":"tablet-align-left","10":"mobile-align-left","12":"first","13":"instock","14":"shipping-taxable","15":"product-type-simple"},"_links":{"self":[{"href":"https:\/\/puyapeptide.net\/ro\/wp-json\/wp\/v2\/product\/7885","targetHints":{"allow":["GET"]}}],"collection":[{"href":"https:\/\/puyapeptide.net\/ro\/wp-json\/wp\/v2\/product"}],"about":[{"href":"https:\/\/puyapeptide.net\/ro\/wp-json\/wp\/v2\/types\/product"}],"replies":[{"embeddable":true,"href":"https:\/\/puyapeptide.net\/ro\/wp-json\/wp\/v2\/comments?post=7885"}],"wp:featuredmedia":[{"embeddable":true,"href":"https:\/\/puyapeptide.net\/ro\/wp-json\/wp\/v2\/media\/2130"}],"wp:attachment":[{"href":"https:\/\/puyapeptide.net\/ro\/wp-json\/wp\/v2\/media?parent=7885"}],"wp:term":[{"taxonomy":"product_brand","embeddable":true,"href":"https:\/\/puyapeptide.net\/ro\/wp-json\/wp\/v2\/product_brand?post=7885"},{"taxonomy":"product_cat","embeddable":true,"href":"https:\/\/puyapeptide.net\/ro\/wp-json\/wp\/v2\/product_cat?post=7885"},{"taxonomy":"product_tag","embeddable":true,"href":"https:\/\/puyapeptide.net\/ro\/wp-json\/wp\/v2\/product_tag?post=7885"}],"curies":[{"name":"wp","href":"https:\/\/api.w.org\/{rel}","templated":true}]}}