{"id":7921,"date":"2021-12-16T11:20:51","date_gmt":"2021-12-16T16:20:51","guid":{"rendered":"https:\/\/puyapeptide.net\/product\/deslorelin-deslorelin-acetate-cas-57773-65-6-tratamentul-cancerului-de-prostata\/"},"modified":"2021-12-16T11:20:51","modified_gmt":"2021-12-16T16:20:51","slug":"deslorelin-deslorelin-acetate-cas-57773-65-6-tratamentul-cancerului-de-prostata","status":"publish","type":"product","link":"https:\/\/puyapeptide.net\/ro\/product\/deslorelin-deslorelin-acetate-cas-57773-65-6-tratamentul-cancerului-de-prostata\/","title":{"rendered":"Deslorelin\/ Deslorelin Acetate CAS 57773-65-6 Tratamentul cancerului de prostat\u0103"},"content":{"rendered":"<h2><strong>Deslorelin\/ Deslorelin Acetate CAS 57773-65-6 Tratamentul cancerului de prostat\u0103<\/strong><\/h2>\n<p>Nume produs: Deslorelin<br \/>\nSinome: GLP-HIS-TRP-SER-TYR-D-TRP-LEU-ARG-PRO-NHET;[D-TRP6, DES-GLY10]-LH-RH ETILAMIDA;DESORELIN ;DESLORELIN;acetat de deslorelin;DESLORELIN (UMAN);DES-GLY10,[D-TRP6]-LH-RH ETILAMID\u0102;(DES-GLY10,D-TRP6,PRO-NHET9)-HORMON DE ELIBERARE A GONADOTROPIN\u0102<br \/>\nCAS: 57773 -65-6<br \/>\nMF: C64H83N17O12<br \/>\nMW: 1282,48<br \/>\nEINECS: 637-335-2<br \/>\nCategorii de produse: hormoni;Peptide<br \/>\nMol File: 57773-65-6.mol&lt;&amp; &gt;<br \/>\nAcetatul de Deslorelin\/Dehydronandrolon este un intermediar cheie pentru sinteza (faslodex), \u00een timp ce primul a fost un medicament anti-cancer mamar dezvoltat de Compania AstraZeneca, iar cel din urm\u0103 a fost un steroid sintetic comercializat de Compania Organon pentru pl\u00e2ngerile post-climaterice. Este un compus eficient care produce c\u00e2\u0219tiguri musculare de calitate \u0219i de lung\u0103 durat\u0103. Acest lucru se datoreaz\u0103 timpului de \u00eenjum\u0103t\u0103\u021bire relativ lung al medicamentului. Utilizatorii raporteaz\u0103 efecte secundare u\u0219oare, cel mai mare efect secundar fiind reten\u021bia de ap\u0103. este un intermediar cheie pentru sinteza (faslodex), \u00een timp ce primul a fost un medicament \u00eempotriva cancerului de s\u00e2n dezvoltat de Compania AstraZeneca, iar cel de-al doilea a fost un steroid sintetic comercializat de Compania Organon pentru pl\u00e2ngerile post-climaterice. Este un compus eficient care produce c\u00e2\u0219tiguri musculare de calitate \u0219i de lung\u0103 durat\u0103. Acest lucru se datoreaz\u0103 timpului de \u00eenjum\u0103t\u0103\u021bire relativ lung al medicamentului. Utilizatorii raporteaz\u0103 efecte secundare u\u0219oare, cel mai mare efect secundar fiind reten\u021bia de ap\u0103. este un intermediar cheie pentru sinteza (faslodex), \u00een timp ce primul a fost un medicament \u00eempotriva cancerului de s\u00e2n dezvoltat de Compania AstraZeneca, iar cel de-al doilea a fost un steroid sintetic comercializat de Compania Organon pentru pl\u00e2ngerile post-climaterice. Este un compus eficient care produce c\u00e2\u0219tiguri musculare de calitate \u0219i de lung\u0103 durat\u0103. Acest lucru se datoreaz\u0103 timpului de \u00eenjum\u0103t\u0103\u021bire relativ lung al medicamentului. Utilizatorii raporteaz\u0103 efecte secundare u\u0219oare, cel mai mare efect secundar fiind reten\u021bia de ap\u0103.<\/p>\n<p> <strong>Deslorelin\/ Acetat de Deslorelin CAS 57773-65-6 Propriet\u0103\u021bi chimice<\/strong><br \/>\nalpha D24 -61\u00b0 (c = 0,37 \u00een acid acetic 0,1M )<br \/>\ndensitate 1,48\u00b10,1 g\/cm3(Prevista)<br \/>\ntemp. \u221220\u00b0C<br \/>\npka 9,82\u00b10,15(Predic\u021bie)<br \/>\nCAS DataBase Reference 57773-65-6(CAS DataBase Reference)<\/p>\n<p> <strong>Func\u021bia \u0219i aplicarea Deslorelin\/Deslorelin Acetate CAS 57773-65-6<\/strong><br \/>\nDeslorelin a fost testat cu succes \u00een SUA \u0219i a fost aprobat pentru uz veterinar \u00een anumite circumstan\u021be. \u00cen Europa, a fost aprobat pentru utilizare \u00een reproducerea asistat\u0103 ecvin\u0103.<br \/>\nEste, de asemenea, testat la om pentru a studia eficacitatea sa \u00een tratamentul cancerului de s\u00e2n la femei \u0219i \u00een tratarea pubert\u0103\u021bii precoce \u0219i a hiperplaziei suprarenale congenitale la copiii de sex masculin \u0219i feminin.<\/p>\n","protected":false},"excerpt":{"rendered":"<p>Nume produs: Deslorelin<br \/>\nCAS: 57773-65-6<br \/>\nMF: C64H83N17O12<br \/>\nMW: 1282,48<br \/>\nEINECS: 637-335-2<br \/>\nMol File: 57773-65-6.mol<\/p>\n","protected":false},"featured_media":2109,"comment_status":"open","ping_status":"closed","template":"","meta":{"om_disable_all_campaigns":false,"_monsterinsights_skip_tracking":false,"_monsterinsights_sitenote_active":false,"_monsterinsights_sitenote_note":"","_monsterinsights_sitenote_category":0,"site-sidebar-layout":"default","site-content-layout":"default","ast-site-content-layout":"default","site-content-style":"default","site-sidebar-style":"default","ast-global-header-display":"","ast-banner-title-visibility":"","ast-main-header-display":"","ast-hfb-above-header-display":"","ast-hfb-below-header-display":"","ast-hfb-mobile-header-display":"","site-post-title":"","ast-breadcrumbs-content":"","ast-featured-img":"","footer-sml-layout":"","ast-disable-related-posts":"","theme-transparent-header-meta":"default","adv-header-id-meta":"","stick-header-meta":"","header-above-stick-meta":"","header-main-stick-meta":"","header-below-stick-meta":"","astra-migrate-meta-layouts":"default","ast-page-background-enabled":"default","ast-page-background-meta":{"desktop":{"background-color":"","background-image":"","background-repeat":"repeat","background-position":"center center","background-size":"auto","background-attachment":"scroll","background-type":"","background-media":"","overlay-type":"","overlay-color":"","overlay-opacity":"","overlay-gradient":""},"tablet":{"background-color":"","background-image":"","background-repeat":"repeat","background-position":"center center","background-size":"auto","background-attachment":"scroll","background-type":"","background-media":"","overlay-type":"","overlay-color":"","overlay-opacity":"","overlay-gradient":""},"mobile":{"background-color":"","background-image":"","background-repeat":"repeat","background-position":"center center","background-size":"auto","background-attachment":"scroll","background-type":"","background-media":"","overlay-type":"","overlay-color":"","overlay-opacity":"","overlay-gradient":""}},"ast-content-background-meta":{"desktop":{"background-color":"var(--ast-global-color-5)","background-image":"","background-repeat":"repeat","background-position":"center center","background-size":"auto","background-attachment":"scroll","background-type":"","background-media":"","overlay-type":"","overlay-color":"","overlay-opacity":"","overlay-gradient":""},"tablet":{"background-color":"var(--ast-global-color-5)","background-image":"","background-repeat":"repeat","background-position":"center center","background-size":"auto","background-attachment":"scroll","background-type":"","background-media":"","overlay-type":"","overlay-color":"","overlay-opacity":"","overlay-gradient":""},"mobile":{"background-color":"var(--ast-global-color-5)","background-image":"","background-repeat":"repeat","background-position":"center center","background-size":"auto","background-attachment":"scroll","background-type":"","background-media":"","overlay-type":"","overlay-color":"","overlay-opacity":"","overlay-gradient":""}}},"product_brand":[],"product_cat":[386],"product_tag":[1867],"class_list":{"0":"post-7921","1":"product","2":"type-product","3":"status-publish","4":"has-post-thumbnail","6":"product_cat-peptida-antitumorala","7":"product_tag-deslorelin-deslorelin-acetate-cas-57773-65-6-treatment-of-prostate-cancer-ro","8":"desktop-align-left","9":"tablet-align-left","10":"mobile-align-left","12":"first","13":"instock","14":"shipping-taxable","15":"product-type-simple"},"_links":{"self":[{"href":"https:\/\/puyapeptide.net\/ro\/wp-json\/wp\/v2\/product\/7921","targetHints":{"allow":["GET"]}}],"collection":[{"href":"https:\/\/puyapeptide.net\/ro\/wp-json\/wp\/v2\/product"}],"about":[{"href":"https:\/\/puyapeptide.net\/ro\/wp-json\/wp\/v2\/types\/product"}],"replies":[{"embeddable":true,"href":"https:\/\/puyapeptide.net\/ro\/wp-json\/wp\/v2\/comments?post=7921"}],"wp:featuredmedia":[{"embeddable":true,"href":"https:\/\/puyapeptide.net\/ro\/wp-json\/wp\/v2\/media\/2109"}],"wp:attachment":[{"href":"https:\/\/puyapeptide.net\/ro\/wp-json\/wp\/v2\/media?parent=7921"}],"wp:term":[{"taxonomy":"product_brand","embeddable":true,"href":"https:\/\/puyapeptide.net\/ro\/wp-json\/wp\/v2\/product_brand?post=7921"},{"taxonomy":"product_cat","embeddable":true,"href":"https:\/\/puyapeptide.net\/ro\/wp-json\/wp\/v2\/product_cat?post=7921"},{"taxonomy":"product_tag","embeddable":true,"href":"https:\/\/puyapeptide.net\/ro\/wp-json\/wp\/v2\/product_tag?post=7921"}],"curies":[{"name":"wp","href":"https:\/\/api.w.org\/{rel}","templated":true}]}}