{"id":7962,"date":"2021-12-16T11:23:17","date_gmt":"2021-12-16T16:23:17","guid":{"rendered":"https:\/\/puyapeptide.net\/product\/puya-supply-ipamorelin-acetat-de-ipamorelin-cas-170851-70-4\/"},"modified":"2021-12-16T11:23:17","modified_gmt":"2021-12-16T16:23:17","slug":"puya-supply-ipamorelin-acetat-de-ipamorelin-cas-170851-70-4","status":"publish","type":"product","link":"https:\/\/puyapeptide.net\/ro\/product\/puya-supply-ipamorelin-acetat-de-ipamorelin-cas-170851-70-4\/","title":{"rendered":"Puya Supply Ipamorelin\/ Acetat de Ipamorelin CAS 170851-70-4"},"content":{"rendered":"<h2><strong>Puya Supply Ipamorelin\/ Acetat de Ipamorelin CAS 170851-70-4<\/strong><\/h2>\n<p>Nume produs: Ipamorelin<br \/>\nSinome: IpoMarelin;IpaMorelin Acetate;Aib-His-D-2-Nal-D-Phe-Lys-NH2;IPAMORELIN(1MG);IPAMORELIN(5MG);2-Methylalanyl-L -histidil-3-(2-naftil)-D-alanil-D-fenilalanil-L-lizinamid\u0103;L-lizinamid\u0103,2-metilalanil-L-histidil-3-(2-naftalenil)-D-alanil-D-fenilalanil -;NNC-26-0161<br \/>\nCAS: 170851-70-4<br \/>\nMF: C38H49N9O5<br \/>\nMW: 711,85<br \/>\nEINECS:<br \/>\nCategorii de produse: Peptide<br \/>\nMol File: 170851-70 -4.mol<\/p>\n<p>Ipamorelinul este o GHRP (peptid\u0103 de eliberare a hormonului de cre\u0219tere), care este considerat\u0103 a fi cea mai bl\u00e2nd\u0103, deoarece este eliberat\u0103 stabil \u0219i lent, f\u0103r\u0103 desensibilizare puternic\u0103. Ipamorelinul are o func\u021bie simpl\u0103 \u0219i poate cre\u0219te produc\u021bia de GH natural\u0103 \u00een organism. Ajut\u0103-ne s\u0103 construim \u021besut sub\u021bire nou \u0219i s\u0103 protej\u0103m \u021besutul sub\u021bire existent. Este bun pentru somn \u0219i are efect anti-\u00eemb\u0103tr\u00e2nire. Printre variet\u0103\u021bile de peptide secretagogi ale hormonului de cre\u0219tere.<\/p>\n<p> <strong>Ipamorelin\/ Acetat de Ipamorelin CAS 170851-70-4 Propriet\u0103\u021bi chimice<\/strong><br \/>\nPunctul de fierbere 1185,5\u00b165,0 \u00b0C (Previzual)&lt; &amp;&gt;densitate 1,263\u00b10,06 g\/cm3(Prevista)<br \/>\npka 13,04\u00b10,46(Previzat\u0103)<\/p>\n<p> <strong>Func\u021bia \u0219i aplicarea Ipamorelinului\/Acetatul de Ipamorelin\u0103 CAS 170851-70-4<\/strong><br \/>\nIpomorelinul este o noutate fascinant\u0103 descoperire de construc\u021bie muscular\u0103 care atrage mult\u0103 aten\u021bie \u00een lumea culturismului. La fel ca peptida GHRP\/6 (hexapeptid\u0103 de eliberare), este o peptid\u0103 sintetic\u0103 care are propriet\u0103\u021bi puternice de eliberare. \u0218i aceste propriet\u0103\u021bi de eliberare sunt cele care intereseaz\u0103 sportivii \u0219i culturistii, deoarece pot face o diferen\u021b\u0103 enorm\u0103 \u00een cantitatea de mu\u0219chi pe care o pute\u021bi cre\u0219te \u0219i c\u00e2t de repede arde\u021bi gr\u0103simea.<\/p>\n","protected":false},"excerpt":{"rendered":"<p>Nume produs: Ipamorelin<br \/>\nCAS: 170851-70-4<br \/>\nMF: C38H49N9O5<br \/>\nMW: 711,85<br \/>\nMol Fi\u0219ier: 170851-70-4.mol<\/p>\n","protected":false},"featured_media":2214,"comment_status":"open","ping_status":"closed","template":"","meta":{"om_disable_all_campaigns":false,"_monsterinsights_skip_tracking":false,"_monsterinsights_sitenote_active":false,"_monsterinsights_sitenote_note":"","_monsterinsights_sitenote_category":0,"site-sidebar-layout":"default","site-content-layout":"default","ast-site-content-layout":"default","site-content-style":"default","site-sidebar-style":"default","ast-global-header-display":"","ast-banner-title-visibility":"","ast-main-header-display":"","ast-hfb-above-header-display":"","ast-hfb-below-header-display":"","ast-hfb-mobile-header-display":"","site-post-title":"","ast-breadcrumbs-content":"","ast-featured-img":"","footer-sml-layout":"","ast-disable-related-posts":"","theme-transparent-header-meta":"default","adv-header-id-meta":"","stick-header-meta":"","header-above-stick-meta":"","header-main-stick-meta":"","header-below-stick-meta":"","astra-migrate-meta-layouts":"default","ast-page-background-enabled":"default","ast-page-background-meta":{"desktop":{"background-color":"","background-image":"","background-repeat":"repeat","background-position":"center center","background-size":"auto","background-attachment":"scroll","background-type":"","background-media":"","overlay-type":"","overlay-color":"","overlay-opacity":"","overlay-gradient":""},"tablet":{"background-color":"","background-image":"","background-repeat":"repeat","background-position":"center center","background-size":"auto","background-attachment":"scroll","background-type":"","background-media":"","overlay-type":"","overlay-color":"","overlay-opacity":"","overlay-gradient":""},"mobile":{"background-color":"","background-image":"","background-repeat":"repeat","background-position":"center center","background-size":"auto","background-attachment":"scroll","background-type":"","background-media":"","overlay-type":"","overlay-color":"","overlay-opacity":"","overlay-gradient":""}},"ast-content-background-meta":{"desktop":{"background-color":"var(--ast-global-color-5)","background-image":"","background-repeat":"repeat","background-position":"center center","background-size":"auto","background-attachment":"scroll","background-type":"","background-media":"","overlay-type":"","overlay-color":"","overlay-opacity":"","overlay-gradient":""},"tablet":{"background-color":"var(--ast-global-color-5)","background-image":"","background-repeat":"repeat","background-position":"center center","background-size":"auto","background-attachment":"scroll","background-type":"","background-media":"","overlay-type":"","overlay-color":"","overlay-opacity":"","overlay-gradient":""},"mobile":{"background-color":"var(--ast-global-color-5)","background-image":"","background-repeat":"repeat","background-position":"center center","background-size":"auto","background-attachment":"scroll","background-type":"","background-media":"","overlay-type":"","overlay-color":"","overlay-opacity":"","overlay-gradient":""}}},"product_brand":[],"product_cat":[517],"product_tag":[1820],"class_list":{"0":"post-7962","1":"product","2":"type-product","3":"status-publish","4":"has-post-thumbnail","6":"product_cat-alte-peptide","7":"product_tag-puya-supply-ipamorelin-ipamorelin-acetate-cas-170851-70-4-ro","8":"desktop-align-left","9":"tablet-align-left","10":"mobile-align-left","12":"first","13":"instock","14":"shipping-taxable","15":"product-type-simple"},"_links":{"self":[{"href":"https:\/\/puyapeptide.net\/ro\/wp-json\/wp\/v2\/product\/7962","targetHints":{"allow":["GET"]}}],"collection":[{"href":"https:\/\/puyapeptide.net\/ro\/wp-json\/wp\/v2\/product"}],"about":[{"href":"https:\/\/puyapeptide.net\/ro\/wp-json\/wp\/v2\/types\/product"}],"replies":[{"embeddable":true,"href":"https:\/\/puyapeptide.net\/ro\/wp-json\/wp\/v2\/comments?post=7962"}],"wp:featuredmedia":[{"embeddable":true,"href":"https:\/\/puyapeptide.net\/ro\/wp-json\/wp\/v2\/media\/2214"}],"wp:attachment":[{"href":"https:\/\/puyapeptide.net\/ro\/wp-json\/wp\/v2\/media?parent=7962"}],"wp:term":[{"taxonomy":"product_brand","embeddable":true,"href":"https:\/\/puyapeptide.net\/ro\/wp-json\/wp\/v2\/product_brand?post=7962"},{"taxonomy":"product_cat","embeddable":true,"href":"https:\/\/puyapeptide.net\/ro\/wp-json\/wp\/v2\/product_cat?post=7962"},{"taxonomy":"product_tag","embeddable":true,"href":"https:\/\/puyapeptide.net\/ro\/wp-json\/wp\/v2\/product_tag?post=7962"}],"curies":[{"name":"wp","href":"https:\/\/api.w.org\/{rel}","templated":true}]}}