{"id":8005,"date":"2021-12-16T11:25:51","date_gmt":"2021-12-16T16:25:51","guid":{"rendered":"https:\/\/puyapeptide.net\/product\/puya-supply-eledoisin-acetate-eledoisin-cas-69-25-0\/"},"modified":"2021-12-16T11:25:51","modified_gmt":"2021-12-16T16:25:51","slug":"puya-supply-eledoisin-acetate-eledoisin-cas-69-25-0","status":"publish","type":"product","link":"https:\/\/puyapeptide.net\/ro\/product\/puya-supply-eledoisin-acetate-eledoisin-cas-69-25-0\/","title":{"rendered":"Puya Supply Eledoisin Acetate\/ Eledoisin CAS 69-25-0"},"content":{"rendered":"<h2><strong>Puya Supply Eledoisin Acetate\/ Eledoisin CAS 69-25-0<\/strong><\/h2>\n<p>Nume produs: Eledoisin<br \/>\nSinome: eledonepeptide;ELEDOISIN;GLP-PRO-SER-LYS-ASP-ALA-PHE-ILE-GLY-LEU-MET-NH2;5-oxo-l-prolil-l- prolil-l-seril-l-lisil-l-aspartil-l-alanil-l-fenilalanil-l-izoleucilglicil-l-leucil-l-metioninamida;PYR-PRO-SER-LYS-ASP-ALA-PHE-ILE- GLY-LEU-MET-NH2;PYR-PSKDAFIGLM-NH2;PGLU-PRO-SER-LYS-ASP-ALA-PHE-ILE-GLY-LEU-MET-NH2;ELEDOSIN<br \/>\nCAS: 69-25-0&lt; &amp;&gt;MF: C54H85N13O15S<br \/>\nMW: 1188.4<br \/>\nEINECS:<br \/>\nCategorii de produse: proteine;Peptide<br \/>\nMol File: 69-25-0.mol<\/p>\n<p>Eledoisin Acetate, a member of familia tahikininelor, este o peptid\u0103 activ\u0103 care excit\u0103 neuronii \u0219i declan\u0219eaz\u0103 r\u0103spunsuri comportamentale. Este un vasodilatator \u0219i secretagog puternic care intr\u0103 \u00een contact cu mul\u021bi mu\u0219chi netezi.<\/p>\n<p> <strong>Eledoisin Acetate\/ Eledoisin CAS 69-25-0 Propriet\u0103\u021bi chimice<\/strong><br \/>\nPunctul de topire 230 \u00b0C (decomp)<br \/>\nPunctul de fierbere 1618,1\u00b165,0 \u00b0C (Previzuit\u0103)<br \/>\ndensitate 1,289\u00b10,06 g\/cm3(Previzuit\u0103)<br \/>\ntemp. \u221220\u00b0C<br \/>\npka 4,19\u00b10,10(Previzual)<\/p>\n<p> <strong>Func\u021bia \u0219i aplicarea Eledoisin Acetate\/ Eledoisin CAS 69-25-0<\/strong><br \/>\nAre \u00een principal o puternic\u0103 vasoconstric\u021bie a angiotensinei II \u0219i cre\u0219terea tensiunii arteriale. Mecanismul este: 1. Astfel \u00eenc\u00e2t corpul arteriola contrac\u021bie muscular\u0103 neted\u0103, a crescut rezisten\u021ba periferic\u0103; 2. Deci cre\u0219te eliberarea de aldosteron suprarenal, provoc\u00e2nd reten\u021bie de sodiu, cre\u0219terea volumului sanguin; 3. Contribuie direct la reabsorb\u021bia tubular\u0103 renal\u0103 de sodiu \u0219i ap\u0103; 4. Deci activitatea vasoconstrictoare simpatic\u0103 a creierului nervos central, determin\u00e2nd rezisten\u021b\u0103 vascular\u0103 periferic\u0103 crescut\u0103; 5. Stimula\u021bi medula suprarenal\u0103 pentru a elibera epinefrin\u0103 \u0219i norepinefrin\u0103<\/p>\n","protected":false},"excerpt":{"rendered":"<p>Nume produs: Eledoisin<br \/>\nCAS: 69-25-0<br \/>\nMF: C54H85N13O15S<br \/>\nMW: 1188,4<br \/>\nMol Fi\u0219ier: 69-25-0.mol<\/p>\n","protected":false},"featured_media":2277,"comment_status":"open","ping_status":"closed","template":"","meta":{"om_disable_all_campaigns":false,"_monsterinsights_skip_tracking":false,"_monsterinsights_sitenote_active":false,"_monsterinsights_sitenote_note":"","_monsterinsights_sitenote_category":0,"site-sidebar-layout":"default","site-content-layout":"default","ast-site-content-layout":"default","site-content-style":"default","site-sidebar-style":"default","ast-global-header-display":"","ast-banner-title-visibility":"","ast-main-header-display":"","ast-hfb-above-header-display":"","ast-hfb-below-header-display":"","ast-hfb-mobile-header-display":"","site-post-title":"","ast-breadcrumbs-content":"","ast-featured-img":"","footer-sml-layout":"","ast-disable-related-posts":"","theme-transparent-header-meta":"default","adv-header-id-meta":"","stick-header-meta":"","header-above-stick-meta":"","header-main-stick-meta":"","header-below-stick-meta":"","astra-migrate-meta-layouts":"default","ast-page-background-enabled":"default","ast-page-background-meta":{"desktop":{"background-color":"","background-image":"","background-repeat":"repeat","background-position":"center center","background-size":"auto","background-attachment":"scroll","background-type":"","background-media":"","overlay-type":"","overlay-color":"","overlay-opacity":"","overlay-gradient":""},"tablet":{"background-color":"","background-image":"","background-repeat":"repeat","background-position":"center center","background-size":"auto","background-attachment":"scroll","background-type":"","background-media":"","overlay-type":"","overlay-color":"","overlay-opacity":"","overlay-gradient":""},"mobile":{"background-color":"","background-image":"","background-repeat":"repeat","background-position":"center center","background-size":"auto","background-attachment":"scroll","background-type":"","background-media":"","overlay-type":"","overlay-color":"","overlay-opacity":"","overlay-gradient":""}},"ast-content-background-meta":{"desktop":{"background-color":"var(--ast-global-color-5)","background-image":"","background-repeat":"repeat","background-position":"center center","background-size":"auto","background-attachment":"scroll","background-type":"","background-media":"","overlay-type":"","overlay-color":"","overlay-opacity":"","overlay-gradient":""},"tablet":{"background-color":"var(--ast-global-color-5)","background-image":"","background-repeat":"repeat","background-position":"center center","background-size":"auto","background-attachment":"scroll","background-type":"","background-media":"","overlay-type":"","overlay-color":"","overlay-opacity":"","overlay-gradient":""},"mobile":{"background-color":"var(--ast-global-color-5)","background-image":"","background-repeat":"repeat","background-position":"center center","background-size":"auto","background-attachment":"scroll","background-type":"","background-media":"","overlay-type":"","overlay-color":"","overlay-opacity":"","overlay-gradient":""}}},"product_brand":[],"product_cat":[517],"product_tag":[1666],"class_list":{"0":"post-8005","1":"product","2":"type-product","3":"status-publish","4":"has-post-thumbnail","6":"product_cat-alte-peptide","7":"product_tag-puya-supply-eledoisin-acetate-eledoisin-cas-69-25-0-ro","8":"desktop-align-left","9":"tablet-align-left","10":"mobile-align-left","12":"first","13":"instock","14":"shipping-taxable","15":"product-type-simple"},"_links":{"self":[{"href":"https:\/\/puyapeptide.net\/ro\/wp-json\/wp\/v2\/product\/8005","targetHints":{"allow":["GET"]}}],"collection":[{"href":"https:\/\/puyapeptide.net\/ro\/wp-json\/wp\/v2\/product"}],"about":[{"href":"https:\/\/puyapeptide.net\/ro\/wp-json\/wp\/v2\/types\/product"}],"replies":[{"embeddable":true,"href":"https:\/\/puyapeptide.net\/ro\/wp-json\/wp\/v2\/comments?post=8005"}],"wp:featuredmedia":[{"embeddable":true,"href":"https:\/\/puyapeptide.net\/ro\/wp-json\/wp\/v2\/media\/2277"}],"wp:attachment":[{"href":"https:\/\/puyapeptide.net\/ro\/wp-json\/wp\/v2\/media?parent=8005"}],"wp:term":[{"taxonomy":"product_brand","embeddable":true,"href":"https:\/\/puyapeptide.net\/ro\/wp-json\/wp\/v2\/product_brand?post=8005"},{"taxonomy":"product_cat","embeddable":true,"href":"https:\/\/puyapeptide.net\/ro\/wp-json\/wp\/v2\/product_cat?post=8005"},{"taxonomy":"product_tag","embeddable":true,"href":"https:\/\/puyapeptide.net\/ro\/wp-json\/wp\/v2\/product_tag?post=8005"}],"curies":[{"name":"wp","href":"https:\/\/api.w.org\/{rel}","templated":true}]}}