{"id":8063,"date":"2021-12-16T12:16:33","date_gmt":"2021-12-16T17:16:33","guid":{"rendered":"https:\/\/puyapeptide.net\/product\/antide-acetat-antide-cas-112568-12-4-tratament-pentru-surditatea-senila\/"},"modified":"2021-12-16T12:16:33","modified_gmt":"2021-12-16T17:16:33","slug":"antide-acetat-antide-cas-112568-12-4-tratament-pentru-surditatea-senila","status":"publish","type":"product","link":"https:\/\/puyapeptide.net\/ro\/product\/antide-acetat-antide-cas-112568-12-4-tratament-pentru-surditatea-senila\/","title":{"rendered":"Antide Acetat\/ Antide CAS 112568-12-4 Tratament pentru surditatea senil\u0103"},"content":{"rendered":"<h2><strong>Antide Acetat\/ Antide CAS 112568-12-4 Tratament pentru surditatea senil\u0103<\/strong><\/h2>\n<p>Nume produs: Antide<br \/>\nSinome: iturelix;Ac-D-2-Nal-4-cloro-D-Phe-beta-(3-piridil)-D-Ala-Ser-Lys(nicotinoil)-D -Lys(nicotinoil)-Leu-Lys(izopropil)-Pro-D-Ala-NH2;AC-DNAL-D: P-CLPHE-DPAL-SER-LYS: NICOTINOYL-DLYS: NICOTINOYL-LEU-LYS: ISOPROPYL-PRO -DALA-NH2;Brn 4866881;D-alaninamid\u0103, N-acetil-3-(2-naftalenil)-D-alanil-4-clor-D-fenilalanil-3-(3-piridinil)-D-alanil-L- seril-N(sup 6)-(3-piridinilcarbonil)-L-lisil-N(sup 6)-(3-piridinilcarbonil)-D-lizil-L-leucil-N(sup 6)-(1-metiletil)- L-lizil-L-prolil-;D-alaninamid\u0103, N-acetil-3-(2-naftalenil)-D-alanil-4-clor-D-fenilalanil-3-(3-piridinil)-D-alanil-L -seril-N6-(3-piridinilcarbonil)-L-lisil-N6-(3-piridinilcarbonil)-D-lisil-L-leucil-N6-(1-metiletil)-L-lisil-L-prolil-;Orf 23541 Ac-D-2-Nal-4-clor-D-Phe-b-(3-piridil)-D-Ala-Ser-Lys(nicotinoil)-D-Lys(nicotinoil)-Leu-Lys(izopropil)- Pro-D-Ala-NH2<br \/>\nCAS: 112568-12-4<br \/>\nMF: C82H108ClN17O14<br \/>\nMW: 1591,29<br \/>\nEINECS:<br \/>\nCategorii de produse: hormoni;Peptide;LH-RH;LH- RHPeptide pentru biologie celular\u0103;Ne uropeptide; Factori de eliberare<br \/>\nMol File: 112568-12-4.mol<\/p>\n<p>Acetatul de antide este un antagonist GnRH, o peptid\u0103 sintetic\u0103 care concureaz\u0103 cu neurohormonul endogen GnRH (cunoscut \u0219i ca hormon de eliberare a hormonului luteinizant, ChemicalbookLHRH) pentru legarea la receptorul s\u0103u din glanda pituitar\u0103 anterioar\u0103. Prin reducerea sau blocarea ac\u021biunii GnRH, antagoni\u0219tii GnRH inhib\u0103 eliberarea de gonadotropine, cum ar fi hormonul foliculostimulant (FSH) \u0219i hormonul luteinizant (LH) din hipofiza anterioar\u0103.<\/p>\n<p> <strong>Antide Acetat\/ Antide CAS 112568-12 -4 Propriet\u0103\u021bi chimice<\/strong><br \/>\nPropriet\u0103\u021bi chimice antizide<br \/>\nPunctul de fierbere 1798,0\u00b165,0 \u00b0C(Predic\u021bie)<br \/>\ndensitate 1,258\u00b10,06 g\/cm3(Predic\u021bie)<br \/>\ntemp. \u221220\u00b0C<br \/>\nform\u0103 solid\u0103<br \/>\npka 12,78\u00b10,46(prev\u0103zut\u0103)<br \/>\nculoare Alb p\u00e2n\u0103 la aproape alb<\/p>\n<p> <strong>Utiliz\u0103ri de acetat de antide\/antid\u0103 CAS 112568-12-4<\/strong><br \/>\nreversibil\u0103 inhibarea secre\u021biei de gonadotropin\u0103 \u0219i suprimarea ulterioar\u0103 a secre\u021biei steroizilor <strong>ovariene<\/strong> \u0219i testiculare (antagonist al hormonului de eliberare a gonadotropinei). de 14-17:1 poate preveni \u00een mod semnificativ dezvoltarea hiperreactivit\u0103\u021bii mucoasei nazale, poate elimina eficient eozinofilia nazal\u0103 \u0219i activarea mastocitelor \u0219i poate inhiba direct producerea de inhibare a IL-5. Are un bun efect terapeutic pentru prevenirea \u0219i tratarea surdit\u0103\u021bii senile.<\/p>\n","protected":false},"excerpt":{"rendered":"<p>Nume produs: Antide<br \/>\nCAS: 112568-12-4<br \/>\nMF: C82H108ClN17O14<br \/>\nMW: 1591,29<br \/>\nMol Fi\u0219ier: 112568-12-4.mol<\/p>\n","protected":false},"featured_media":2172,"comment_status":"open","ping_status":"closed","template":"","meta":{"om_disable_all_campaigns":false,"_monsterinsights_skip_tracking":false,"_monsterinsights_sitenote_active":false,"_monsterinsights_sitenote_note":"","_monsterinsights_sitenote_category":0,"site-sidebar-layout":"default","site-content-layout":"default","ast-site-content-layout":"default","site-content-style":"default","site-sidebar-style":"default","ast-global-header-display":"","ast-banner-title-visibility":"","ast-main-header-display":"","ast-hfb-above-header-display":"","ast-hfb-below-header-display":"","ast-hfb-mobile-header-display":"","site-post-title":"","ast-breadcrumbs-content":"","ast-featured-img":"","footer-sml-layout":"","ast-disable-related-posts":"","theme-transparent-header-meta":"default","adv-header-id-meta":"","stick-header-meta":"","header-above-stick-meta":"","header-main-stick-meta":"","header-below-stick-meta":"","astra-migrate-meta-layouts":"default","ast-page-background-enabled":"default","ast-page-background-meta":{"desktop":{"background-color":"","background-image":"","background-repeat":"repeat","background-position":"center center","background-size":"auto","background-attachment":"scroll","background-type":"","background-media":"","overlay-type":"","overlay-color":"","overlay-opacity":"","overlay-gradient":""},"tablet":{"background-color":"","background-image":"","background-repeat":"repeat","background-position":"center center","background-size":"auto","background-attachment":"scroll","background-type":"","background-media":"","overlay-type":"","overlay-color":"","overlay-opacity":"","overlay-gradient":""},"mobile":{"background-color":"","background-image":"","background-repeat":"repeat","background-position":"center center","background-size":"auto","background-attachment":"scroll","background-type":"","background-media":"","overlay-type":"","overlay-color":"","overlay-opacity":"","overlay-gradient":""}},"ast-content-background-meta":{"desktop":{"background-color":"var(--ast-global-color-5)","background-image":"","background-repeat":"repeat","background-position":"center center","background-size":"auto","background-attachment":"scroll","background-type":"","background-media":"","overlay-type":"","overlay-color":"","overlay-opacity":"","overlay-gradient":""},"tablet":{"background-color":"var(--ast-global-color-5)","background-image":"","background-repeat":"repeat","background-position":"center center","background-size":"auto","background-attachment":"scroll","background-type":"","background-media":"","overlay-type":"","overlay-color":"","overlay-opacity":"","overlay-gradient":""},"mobile":{"background-color":"var(--ast-global-color-5)","background-image":"","background-repeat":"repeat","background-position":"center center","background-size":"auto","background-attachment":"scroll","background-type":"","background-media":"","overlay-type":"","overlay-color":"","overlay-opacity":"","overlay-gradient":""}}},"product_brand":[],"product_cat":[517],"product_tag":[1593],"class_list":{"0":"post-8063","1":"product","2":"type-product","3":"status-publish","4":"has-post-thumbnail","6":"product_cat-alte-peptide","7":"product_tag-antide-acetate-antide-cas-112568-12-4-treat-for-senile-deafness-ro","8":"desktop-align-left","9":"tablet-align-left","10":"mobile-align-left","12":"first","13":"instock","14":"shipping-taxable","15":"product-type-simple"},"_links":{"self":[{"href":"https:\/\/puyapeptide.net\/ro\/wp-json\/wp\/v2\/product\/8063","targetHints":{"allow":["GET"]}}],"collection":[{"href":"https:\/\/puyapeptide.net\/ro\/wp-json\/wp\/v2\/product"}],"about":[{"href":"https:\/\/puyapeptide.net\/ro\/wp-json\/wp\/v2\/types\/product"}],"replies":[{"embeddable":true,"href":"https:\/\/puyapeptide.net\/ro\/wp-json\/wp\/v2\/comments?post=8063"}],"wp:featuredmedia":[{"embeddable":true,"href":"https:\/\/puyapeptide.net\/ro\/wp-json\/wp\/v2\/media\/2172"}],"wp:attachment":[{"href":"https:\/\/puyapeptide.net\/ro\/wp-json\/wp\/v2\/media?parent=8063"}],"wp:term":[{"taxonomy":"product_brand","embeddable":true,"href":"https:\/\/puyapeptide.net\/ro\/wp-json\/wp\/v2\/product_brand?post=8063"},{"taxonomy":"product_cat","embeddable":true,"href":"https:\/\/puyapeptide.net\/ro\/wp-json\/wp\/v2\/product_cat?post=8063"},{"taxonomy":"product_tag","embeddable":true,"href":"https:\/\/puyapeptide.net\/ro\/wp-json\/wp\/v2\/product_tag?post=8063"}],"curies":[{"name":"wp","href":"https:\/\/api.w.org\/{rel}","templated":true}]}}