{"id":8121,"date":"2021-12-16T12:19:49","date_gmt":"2021-12-16T17:19:49","guid":{"rendered":"https:\/\/puyapeptide.net\/product\/oferta-fierbinte-vasopresina-cas-11000-17-2-pentru-cercetare-de-laborator\/"},"modified":"2021-12-16T12:19:49","modified_gmt":"2021-12-16T17:19:49","slug":"oferta-fierbinte-vasopresina-cas-11000-17-2-pentru-cercetare-de-laborator","status":"publish","type":"product","link":"https:\/\/puyapeptide.net\/ro\/product\/oferta-fierbinte-vasopresina-cas-11000-17-2-pentru-cercetare-de-laborator\/","title":{"rendered":"Oferta fierbinte Vasopresin\u0103 CAS 11000-17-2 pentru cercetare de laborator"},"content":{"rendered":"<h2><strong>Oferta fierbinte Vasopresin\u0103 CAS 11000-17-2 pentru cercetare de laborator<\/strong><\/h2>\n<p>Nume produs: Vasopresin\u0103<br \/>\n Sinonime: adh(hormon);leiormon;pitressin;pituitrin;tonefin;vasophysin;1-[19-amino-13-butan-2-il-10-(2-carbamoiletil)- 7-(carbamoilmetil)-16-[(4-hidroxifenil)metil]-6,9,12,15,18-pentaoxo-1,2-ditia-5,8,11,14,17-pentazacicloicosan-4-carbonil ]-N-[1-(carbamoilmetilcarbamoil)-4-(diaminometilideneamino)butil]pirolidin-2-carboxamid\u0103;ACETAT DE VASOPRESIN\u0102<br \/>\nCAS: 11000-17-2<br \/>\nMF: C46H65N13O12S2<br \/>\nMW.21056. &gt;EINECS: 234-236-2<br \/>\nCategorii de produse:<br \/>\nMol File: 11000-17-2.mol<\/p>\n<p>Homonul antidiuretic, cunoscut \u0219i sub numele de vasopresin\u0103, este o peptid\u0103 cu nou\u0103 aminoacizi secretat\u0103 de hipofiza posterioar\u0103. Hormonul antidiuretic se leag\u0103 de receptorii din tubii distali sau colectori ai rinichilor \u0219i promoveaz\u0103 reabsorb\u021bia apei \u00eenapoi \u00een circula\u021bie.<\/p>\n<p> <strong>Vasopresina CAS 11000-17-2 Propriet\u0103\u021bi chimice<\/strong><br \/>\nform\u0103 pulbere liofilizat\u0103<br \/>\nculoare alb<br \/>\n Solubilitate \u00een ap\u0103 Solubil \u00een ap\u0103 (Miscibil).<br \/>\nReferin\u021b\u0103 la baza de date CAS 11000-17-2 (Referin\u021b\u0103 la baza de date CAS)<\/p>\n<p> <strong>Func\u021bia \u0219i aplicarea vasopresinei CAS 11000-17-2<\/strong><br \/>\nVasopresina ac\u021bioneaz\u0103 pe trei receptori diferi\u021bi, receptorul de vasopresin\u0103 V1a (care ini\u021biaz\u0103 vasoconstric\u021bia, gluconeogeneza hepatic\u0103, agregarea trombocitar\u0103 \u0219i eliberarea factorului VIII), receptorul de vasopresin\u0103 V1b (care mediaz\u0103 secre\u021bia de corticotrofin\u0103 din hipofizar) \u0219i receptorul de vasopresin\u0103 V2 care controleaz\u0103 reabsorb\u021bia liber\u0103 a apei la nivelul medularului renal. . Legarea vasopresinei de receptorul V2 activeaz\u0103 adenilat ciclaza care determin\u0103 eliberarea canalelor de acvaporin\u0103 2 \u00een celulele care c\u0103ptu\u0219esc ductul medular renal. Acest lucru permite reabsorb\u021biei apei pe un gradient osmotic, astfel \u00eenc\u00e2t urina s\u0103 fie mai concentrat\u0103.<\/p>\n<p>\u00cen medicina uman\u0103, vasopresina a fost folosit\u0103 pentru a trata hemoragia gastrointestinal\u0103 acut\u0103 \u0219i pentru a stimula peristaltismul gastrointestinal. Vasopresina CRI este, de asemenea, utilizat\u0103 pentru tratamentul pacien\u021bilor septici hipotensivi care nu r\u0103spund la vasopresorul conven\u021bional. \u00cenainte de procedurile radiografice, a fost folosit pentru a elimina umbrele de gaz interferente sau pentru a ajuta la concentrarea substan\u021belor de contrast.<\/p>\n","protected":false},"excerpt":{"rendered":"<p>Nume produs: Vasopresin\u0103<br \/>\nCAS: 11000-17-2<br \/>\nMF: C46H65N13O12S2<br \/>\nMW: 1056,22<br \/>\nEINECS: 234-236-2<br \/>\nMol File: 11000-17-2.mol<\/p>\n","protected":false},"featured_media":2214,"comment_status":"open","ping_status":"closed","template":"","meta":{"om_disable_all_campaigns":false,"_monsterinsights_skip_tracking":false,"_monsterinsights_sitenote_active":false,"_monsterinsights_sitenote_note":"","_monsterinsights_sitenote_category":0,"site-sidebar-layout":"default","site-content-layout":"default","ast-site-content-layout":"default","site-content-style":"default","site-sidebar-style":"default","ast-global-header-display":"","ast-banner-title-visibility":"","ast-main-header-display":"","ast-hfb-above-header-display":"","ast-hfb-below-header-display":"","ast-hfb-mobile-header-display":"","site-post-title":"","ast-breadcrumbs-content":"","ast-featured-img":"","footer-sml-layout":"","ast-disable-related-posts":"","theme-transparent-header-meta":"default","adv-header-id-meta":"","stick-header-meta":"","header-above-stick-meta":"","header-main-stick-meta":"","header-below-stick-meta":"","astra-migrate-meta-layouts":"default","ast-page-background-enabled":"default","ast-page-background-meta":{"desktop":{"background-color":"","background-image":"","background-repeat":"repeat","background-position":"center center","background-size":"auto","background-attachment":"scroll","background-type":"","background-media":"","overlay-type":"","overlay-color":"","overlay-opacity":"","overlay-gradient":""},"tablet":{"background-color":"","background-image":"","background-repeat":"repeat","background-position":"center center","background-size":"auto","background-attachment":"scroll","background-type":"","background-media":"","overlay-type":"","overlay-color":"","overlay-opacity":"","overlay-gradient":""},"mobile":{"background-color":"","background-image":"","background-repeat":"repeat","background-position":"center center","background-size":"auto","background-attachment":"scroll","background-type":"","background-media":"","overlay-type":"","overlay-color":"","overlay-opacity":"","overlay-gradient":""}},"ast-content-background-meta":{"desktop":{"background-color":"var(--ast-global-color-5)","background-image":"","background-repeat":"repeat","background-position":"center center","background-size":"auto","background-attachment":"scroll","background-type":"","background-media":"","overlay-type":"","overlay-color":"","overlay-opacity":"","overlay-gradient":""},"tablet":{"background-color":"var(--ast-global-color-5)","background-image":"","background-repeat":"repeat","background-position":"center center","background-size":"auto","background-attachment":"scroll","background-type":"","background-media":"","overlay-type":"","overlay-color":"","overlay-opacity":"","overlay-gradient":""},"mobile":{"background-color":"var(--ast-global-color-5)","background-image":"","background-repeat":"repeat","background-position":"center center","background-size":"auto","background-attachment":"scroll","background-type":"","background-media":"","overlay-type":"","overlay-color":"","overlay-opacity":"","overlay-gradient":""}}},"product_brand":[],"product_cat":[415],"product_tag":[1563],"class_list":{"0":"post-8121","1":"product","2":"type-product","3":"status-publish","4":"has-post-thumbnail","6":"product_cat-sange-si-peptide-vasculare","7":"product_tag-hot-sale-vasopressin-cas-11000-17-2-for-lab-research-ro","8":"desktop-align-left","9":"tablet-align-left","10":"mobile-align-left","12":"first","13":"instock","14":"shipping-taxable","15":"product-type-simple"},"_links":{"self":[{"href":"https:\/\/puyapeptide.net\/ro\/wp-json\/wp\/v2\/product\/8121","targetHints":{"allow":["GET"]}}],"collection":[{"href":"https:\/\/puyapeptide.net\/ro\/wp-json\/wp\/v2\/product"}],"about":[{"href":"https:\/\/puyapeptide.net\/ro\/wp-json\/wp\/v2\/types\/product"}],"replies":[{"embeddable":true,"href":"https:\/\/puyapeptide.net\/ro\/wp-json\/wp\/v2\/comments?post=8121"}],"wp:featuredmedia":[{"embeddable":true,"href":"https:\/\/puyapeptide.net\/ro\/wp-json\/wp\/v2\/media\/2214"}],"wp:attachment":[{"href":"https:\/\/puyapeptide.net\/ro\/wp-json\/wp\/v2\/media?parent=8121"}],"wp:term":[{"taxonomy":"product_brand","embeddable":true,"href":"https:\/\/puyapeptide.net\/ro\/wp-json\/wp\/v2\/product_brand?post=8121"},{"taxonomy":"product_cat","embeddable":true,"href":"https:\/\/puyapeptide.net\/ro\/wp-json\/wp\/v2\/product_cat?post=8121"},{"taxonomy":"product_tag","embeddable":true,"href":"https:\/\/puyapeptide.net\/ro\/wp-json\/wp\/v2\/product_tag?post=8121"}],"curies":[{"name":"wp","href":"https:\/\/api.w.org\/{rel}","templated":true}]}}