{"id":8195,"date":"2021-12-16T12:23:31","date_gmt":"2021-12-16T17:23:31","guid":{"rendered":"https:\/\/puyapeptide.net\/product\/timozina-beta-4-acetat-timozina-%ce%b24-acetat-cas-77591-33-4-pentru-cercetare-de-laborator\/"},"modified":"2021-12-16T12:23:31","modified_gmt":"2021-12-16T17:23:31","slug":"timozina-beta-4-acetat-timozina-%ce%b24-acetat-cas-77591-33-4-pentru-cercetare-de-laborator","status":"publish","type":"product","link":"https:\/\/puyapeptide.net\/ro\/product\/timozina-beta-4-acetat-timozina-%ce%b24-acetat-cas-77591-33-4-pentru-cercetare-de-laborator\/","title":{"rendered":"Timozin\u0103 beta 4 acetat\/ Timozin\u0103 \u03b24 acetat CAS 77591-33-4 pentru cercetare de laborator"},"content":{"rendered":"<h2><strong>Timozin\u0103 beta 4 acetat\/ Timozin\u0103 \u03b24 acetat CAS 77591-33-4 pentru cercetare de laborator<\/strong><\/h2>\n<p>Numele produsului: Thymosin beta 4 acetate<br \/>\nSinome: AC-SER-ASP-LYS-PRO-ASP-MET-ALA-GLU-ILE-GLU-LYS-PHE-ASP-LYS-SER-LYS-LEU -LYS-LYS-THR-GLU-THR-GLN-GLU-LYS-ASN-PRO-LEU-PRO-SER-LYS-GLU-THR-ILE-GLU-GLN-GLU-LYS-GLN-ALA-GLY-GLU -SER-OH;FX (UMAN, BOVIN, CAL, \u0218OOL); timozin beta 4 acetat; THYMOSIN BETA4 (UMAN, BOVIN, HORSE, \u0218obolan); Timozin beta4; Timozin Beta4 Beta4 Acetat; Timozin \u03b24 acetat; TIMOSIN\u0102&lt; SS4 ACETATE &gt;CAS: 77591-33-4<br \/>\nMF: C212H350N56O78S<br \/>\nMW: 4963.4408<br \/>\nEINECS: 1592732-453-0<br \/>\nCategorii de produse: Peptide generice;Peptide<br \/>\nFi\u0219ier Mol:-377-591 4.mol<\/p>\n<p>Tymosin \u03b2-4 este o peptid\u0103 endogen\u0103 pro-angiogen\u0103, activatoare de fibroblaste, care este implicat\u0103 \u00een reglarea hormonal\u0103. Timozina \u03b2-4 prezint\u0103, de asemenea, activit\u0103\u021bi imunomodulatoare \u0219i cardioprotectoare. Timozina \u03b2-4 \u00eembun\u0103t\u0103\u021be\u0219te vindecarea \u00een problemele cardiace \u0219i \u00eembun\u0103t\u0103\u021be\u0219te func\u021bia cardiac\u0103 in vivo. Thymosin \u03b2-4 leag\u0103 filamentele de G-actin\u0103, prevenind polimerizarea actinei.<\/p>\n<p> <strong>Beneficiile Thymosin beta 4 acetate\/ Thymosin \u03b24 Acetate CAS 77591-33-4<\/strong><br \/>\nThymosin Beta-4 este un 43- peptid\u0103 de aminoacizi care promoveaz\u0103 vindecarea \u00een \u00eentregul corp. Are \u0219i propriet\u0103\u021bi antiinflamatorii. G\u0103sit\u0103 \u00een mod natural \u00een concentra\u021bii mai mari la locurile de leziune, proteina solubil\u0103 \u00een ap\u0103 poate repara deteriorarea \u021besuturilor \u0219i poate regla migrarea celulelor c\u0103tre un loc. Poate \u00eembun\u0103t\u0103\u021bi vindecarea r\u0103nilor \u0219i poate repara nu numai pielea, ci \u0219i creierul, m\u0103duva spin\u0103rii \u0219i inima. Profesioni\u0219tii din domeniul medical consider\u0103 Thymosin Beta-4 o substan\u021b\u0103 sigur\u0103 \u0219i puternic\u0103 \u00een forma sa natural\u0103 sau sintetic\u0103 cunoscut\u0103 sub numele de TB-500.<br \/>\n\u00cen plus, TB4 are o greutate molecular\u0103 mic\u0103 \u0219i nu se leag\u0103 de matricea extracelular\u0103. Acest lucru \u00eei permite s\u0103 c\u0103l\u0103toreasc\u0103 cu u\u0219urin\u021b\u0103 prin \u021besuturile corpului, ceea ce promoveaz\u0103 o rat\u0103 mai rapid\u0103 de vindecare. Peptida parcurge distan\u021be lungi, astfel \u00eenc\u00e2t de obicei nu trebuie s\u0103 fie injectat\u0103 direct la locul leziunii. De\u0219i unii cred c\u0103 injectarea acestuia mai aproape de o zon\u0103 <strong>r\u0103nit\u0103<\/strong> d\u0103 rezultate mai bune, dovezile clinice sugereaz\u0103 contrariul. studiile au ar\u0103tat c\u0103 acetatul de timus \u03b24 este asociat cu o varietate de tumori, inclusiv cancerul de colon, melanomul, fibrosarcomul, cancerul de s\u00e2n, cancerul pancreatic \u0219i cancerul pulmonar, etc. Se poate sinergiza cu o varietate de factori pentru a promova invazia tumoral\u0103 Chemicalbook \u0219i metastaze.<br \/>\n2. Timusul \u03b24 \u00een repararea leziunilor cardiace \u00cen faza acut\u0103 a infarctului miocardic, un num\u0103r mare de miocite cardiace necroz\u0103 ischemic\u0103, duc\u00e2nd la afectarea func\u021biei cardiace \u0219i eventual progresia c\u0103tre insuficien\u021b\u0103 cardiac\u0103. Studiile au confirmat c\u0103 acetatul de timus \u03b24 are un efect protector asupra cardiomiocitelor.<\/p>\n","protected":false},"excerpt":{"rendered":"<p>Nume produs: Thymosin beta 4 acetat<br \/>\nCAS: 77591-33-4<br \/>\nMF: C212H350N56O78S<br \/>\nMW: 4963.4408<br \/>\nEINECS: 1592732-453-0<br \/>\nMol File:-37-591 .mol<\/p>\n","protected":false},"featured_media":2214,"comment_status":"open","ping_status":"closed","template":"","meta":{"om_disable_all_campaigns":false,"_monsterinsights_skip_tracking":false,"_monsterinsights_sitenote_active":false,"_monsterinsights_sitenote_note":"","_monsterinsights_sitenote_category":0,"site-sidebar-layout":"default","site-content-layout":"default","ast-site-content-layout":"default","site-content-style":"default","site-sidebar-style":"default","ast-global-header-display":"","ast-banner-title-visibility":"","ast-main-header-display":"","ast-hfb-above-header-display":"","ast-hfb-below-header-display":"","ast-hfb-mobile-header-display":"","site-post-title":"","ast-breadcrumbs-content":"","ast-featured-img":"","footer-sml-layout":"","ast-disable-related-posts":"","theme-transparent-header-meta":"default","adv-header-id-meta":"","stick-header-meta":"","header-above-stick-meta":"","header-main-stick-meta":"","header-below-stick-meta":"","astra-migrate-meta-layouts":"default","ast-page-background-enabled":"default","ast-page-background-meta":{"desktop":{"background-color":"","background-image":"","background-repeat":"repeat","background-position":"center center","background-size":"auto","background-attachment":"scroll","background-type":"","background-media":"","overlay-type":"","overlay-color":"","overlay-opacity":"","overlay-gradient":""},"tablet":{"background-color":"","background-image":"","background-repeat":"repeat","background-position":"center center","background-size":"auto","background-attachment":"scroll","background-type":"","background-media":"","overlay-type":"","overlay-color":"","overlay-opacity":"","overlay-gradient":""},"mobile":{"background-color":"","background-image":"","background-repeat":"repeat","background-position":"center center","background-size":"auto","background-attachment":"scroll","background-type":"","background-media":"","overlay-type":"","overlay-color":"","overlay-opacity":"","overlay-gradient":""}},"ast-content-background-meta":{"desktop":{"background-color":"var(--ast-global-color-5)","background-image":"","background-repeat":"repeat","background-position":"center center","background-size":"auto","background-attachment":"scroll","background-type":"","background-media":"","overlay-type":"","overlay-color":"","overlay-opacity":"","overlay-gradient":""},"tablet":{"background-color":"var(--ast-global-color-5)","background-image":"","background-repeat":"repeat","background-position":"center center","background-size":"auto","background-attachment":"scroll","background-type":"","background-media":"","overlay-type":"","overlay-color":"","overlay-opacity":"","overlay-gradient":""},"mobile":{"background-color":"var(--ast-global-color-5)","background-image":"","background-repeat":"repeat","background-position":"center center","background-size":"auto","background-attachment":"scroll","background-type":"","background-media":"","overlay-type":"","overlay-color":"","overlay-opacity":"","overlay-gradient":""}}},"product_brand":[],"product_cat":[517],"product_tag":[1498],"class_list":{"0":"post-8195","1":"product","2":"type-product","3":"status-publish","4":"has-post-thumbnail","6":"product_cat-alte-peptide","7":"product_tag-thymosin-beta-4-acetate-thymosin-4-acetate-cas-77591-33-4-for-lab-research-ro","8":"desktop-align-left","9":"tablet-align-left","10":"mobile-align-left","12":"first","13":"instock","14":"shipping-taxable","15":"product-type-simple"},"_links":{"self":[{"href":"https:\/\/puyapeptide.net\/ro\/wp-json\/wp\/v2\/product\/8195","targetHints":{"allow":["GET"]}}],"collection":[{"href":"https:\/\/puyapeptide.net\/ro\/wp-json\/wp\/v2\/product"}],"about":[{"href":"https:\/\/puyapeptide.net\/ro\/wp-json\/wp\/v2\/types\/product"}],"replies":[{"embeddable":true,"href":"https:\/\/puyapeptide.net\/ro\/wp-json\/wp\/v2\/comments?post=8195"}],"wp:featuredmedia":[{"embeddable":true,"href":"https:\/\/puyapeptide.net\/ro\/wp-json\/wp\/v2\/media\/2214"}],"wp:attachment":[{"href":"https:\/\/puyapeptide.net\/ro\/wp-json\/wp\/v2\/media?parent=8195"}],"wp:term":[{"taxonomy":"product_brand","embeddable":true,"href":"https:\/\/puyapeptide.net\/ro\/wp-json\/wp\/v2\/product_brand?post=8195"},{"taxonomy":"product_cat","embeddable":true,"href":"https:\/\/puyapeptide.net\/ro\/wp-json\/wp\/v2\/product_cat?post=8195"},{"taxonomy":"product_tag","embeddable":true,"href":"https:\/\/puyapeptide.net\/ro\/wp-json\/wp\/v2\/product_tag?post=8195"}],"curies":[{"name":"wp","href":"https:\/\/api.w.org\/{rel}","templated":true}]}}