{"id":8246,"date":"2021-12-16T12:26:49","date_gmt":"2021-12-16T17:26:49","guid":{"rendered":"https:\/\/puyapeptide.net\/product\/abaloparatida-de-grad-superior-cas-247062-33-5-pentru-rata-redusa-a-fracturilor-si-incidenta-hipercalcemiei\/"},"modified":"2021-12-16T12:26:49","modified_gmt":"2021-12-16T17:26:49","slug":"abaloparatida-de-grad-superior-cas-247062-33-5-pentru-rata-redusa-a-fracturilor-si-incidenta-hipercalcemiei","status":"publish","type":"product","link":"https:\/\/puyapeptide.net\/ro\/product\/abaloparatida-de-grad-superior-cas-247062-33-5-pentru-rata-redusa-a-fracturilor-si-incidenta-hipercalcemiei\/","title":{"rendered":"Abaloparatid\u0103 de grad superior CAS 247062-33-5 pentru rata redus\u0103 a fracturilor \u0219i inciden\u021ba hipercalcemiei"},"content":{"rendered":"<h2><strong>Abaloparatid\u0103 de grad superior CAS 247062-33-5 pentru rata redus\u0103 a fracturilor \u0219i inciden\u021ba hipercalcemiei<\/strong><\/h2>\n<p>Nume produs: Abaloparatide<br \/>\nSecven\u021b\u0103: H-Ala-Val-Ser-Glu-His-Gln-Leu-Leu-His-Asp-Lys-Gly-Lys-Ser-Ile-Gln-Asp-Leu- Arg-Arg-Arg-Glu-Leu-Leu-Glu-Lys-Leu-Leu-N-Me-Ala-Lys- Leu-His-Thr-Ala-NH2<br \/>\nSinome: Abaloparatide<br \/>\nCAS: 247062- 33-5<br \/>\nMF: C174H300N56O49<br \/>\nMW: 3960.5896<br \/>\nEINECS:<br \/>\nCategorii de produse:<br \/>\nMol File: 247062-33-5.mol<\/p>\n<p>Abaloparatide, un activator selectiv a receptorului hormonului paratiroidian (receptor PTH1), a fost avansat \u00een dezvoltarea clinic\u0103 pentru tratamentul osteoporozei la femeile aflate \u00een postmenopauz\u0103 cu risc crescut de fractur\u0103 datorit\u0103 bunei sale activit\u0103\u021bi osteogene, realizat\u0103 din abaloparatid\u0103.<\/p>\n<p> <strong>Index tehnic Of Abaloparatida CAS 247062-33-5<\/strong><br \/>\nAspect: pulbere alb\u0103<br \/>\nPuritate (HPLC) \u226598,0%<br \/>\nCon\u021binut de acetat 5,0%~12,0%<br \/>\nCon\u021binut de ap\u0103 \u22648,0%<br \/>\nCon\u021binut de peptide\u226580,0%<br \/>\nAmbalare \u0219i transport:<br \/>\nTemperatura joas\u0103, ambalat \u00een vid, cu o precizie de mg la cerere.<\/p>\n<p> <strong>Func\u021bia \u0219i aplicarea Abaloparatidei CAS 247062-33-5<\/strong><br \/>\nAbaparatida, o peptid\u0103 const\u00e2nd \u00een de 34 de reziduuri de aminoacizi, este o nou\u0103 peptid\u0103 legat\u0103 de hormonul paratiroidian (PTHrP) dezvoltat\u0103 de RadiusHealth, care este un activator puternic \u0219i selectiv al receptorului PTH-I pentru a cre\u0219te con\u021binutul de minerale osoase, densitatea oaselor \u0219i rezisten\u021ba oaselor \u0219i pentru a promova formarea oaselor. , \u0219i a fost aprobat pentru comercializare de FDA pe April Chemicalbook28, 2017. aprobat pentru comercializare de FDA pe 28 aprilie 2017 sub denumirea comercial\u0103 Tymlos.Abapatide se administreaz\u0103 subcutanat pentru tratamentul osteoporozei la femeile aflate \u00een postmenopauz\u0103 care prezint\u0103 risc de fractur\u0103 sau care nu au r\u0103spuns la al\u021bi agen\u021bi terapeutici \u0219i este eficient \u00een reducerea ratei noilor fracturi vertebrale \u0219i non-vertebrale. Abapatida este mai capabil\u0103 s\u0103 reduc\u0103 ratele de fracturi \u0219i ratele de hipercalcemie \u00een compara\u021bie cu teriparatida.<\/p>\n","protected":false},"excerpt":{"rendered":"<p>Nume produs: Abaloparatide<br \/>\nCAS: 247062-33-5<br \/>\nMF: C174H300N56O49<br \/>\nMW: 3960.5896<br \/>\nMol File: 247062-33-5.mol<\/p>\n","protected":false},"featured_media":2172,"comment_status":"open","ping_status":"closed","template":"","meta":{"om_disable_all_campaigns":false,"_monsterinsights_skip_tracking":false,"_monsterinsights_sitenote_active":false,"_monsterinsights_sitenote_note":"","_monsterinsights_sitenote_category":0,"site-sidebar-layout":"default","site-content-layout":"default","ast-site-content-layout":"default","site-content-style":"default","site-sidebar-style":"default","ast-global-header-display":"","ast-banner-title-visibility":"","ast-main-header-display":"","ast-hfb-above-header-display":"","ast-hfb-below-header-display":"","ast-hfb-mobile-header-display":"","site-post-title":"","ast-breadcrumbs-content":"","ast-featured-img":"","footer-sml-layout":"","ast-disable-related-posts":"","theme-transparent-header-meta":"default","adv-header-id-meta":"","stick-header-meta":"","header-above-stick-meta":"","header-main-stick-meta":"","header-below-stick-meta":"","astra-migrate-meta-layouts":"default","ast-page-background-enabled":"default","ast-page-background-meta":{"desktop":{"background-color":"","background-image":"","background-repeat":"repeat","background-position":"center center","background-size":"auto","background-attachment":"scroll","background-type":"","background-media":"","overlay-type":"","overlay-color":"","overlay-opacity":"","overlay-gradient":""},"tablet":{"background-color":"","background-image":"","background-repeat":"repeat","background-position":"center center","background-size":"auto","background-attachment":"scroll","background-type":"","background-media":"","overlay-type":"","overlay-color":"","overlay-opacity":"","overlay-gradient":""},"mobile":{"background-color":"","background-image":"","background-repeat":"repeat","background-position":"center center","background-size":"auto","background-attachment":"scroll","background-type":"","background-media":"","overlay-type":"","overlay-color":"","overlay-opacity":"","overlay-gradient":""}},"ast-content-background-meta":{"desktop":{"background-color":"var(--ast-global-color-5)","background-image":"","background-repeat":"repeat","background-position":"center center","background-size":"auto","background-attachment":"scroll","background-type":"","background-media":"","overlay-type":"","overlay-color":"","overlay-opacity":"","overlay-gradient":""},"tablet":{"background-color":"var(--ast-global-color-5)","background-image":"","background-repeat":"repeat","background-position":"center center","background-size":"auto","background-attachment":"scroll","background-type":"","background-media":"","overlay-type":"","overlay-color":"","overlay-opacity":"","overlay-gradient":""},"mobile":{"background-color":"var(--ast-global-color-5)","background-image":"","background-repeat":"repeat","background-position":"center center","background-size":"auto","background-attachment":"scroll","background-type":"","background-media":"","overlay-type":"","overlay-color":"","overlay-opacity":"","overlay-gradient":""}}},"product_brand":[],"product_cat":[489],"product_tag":[1428],"class_list":{"0":"post-8246","1":"product","2":"type-product","3":"status-publish","4":"has-post-thumbnail","6":"product_cat-peptida-de-osteoporoza","7":"product_tag-top-grade-abaloparatide-cas-247062-33-5-for-reduced-fracture-rate-and-hypercalcemia-incidence-ro","8":"desktop-align-left","9":"tablet-align-left","10":"mobile-align-left","12":"first","13":"instock","14":"shipping-taxable","15":"product-type-simple"},"_links":{"self":[{"href":"https:\/\/puyapeptide.net\/ro\/wp-json\/wp\/v2\/product\/8246","targetHints":{"allow":["GET"]}}],"collection":[{"href":"https:\/\/puyapeptide.net\/ro\/wp-json\/wp\/v2\/product"}],"about":[{"href":"https:\/\/puyapeptide.net\/ro\/wp-json\/wp\/v2\/types\/product"}],"replies":[{"embeddable":true,"href":"https:\/\/puyapeptide.net\/ro\/wp-json\/wp\/v2\/comments?post=8246"}],"wp:featuredmedia":[{"embeddable":true,"href":"https:\/\/puyapeptide.net\/ro\/wp-json\/wp\/v2\/media\/2172"}],"wp:attachment":[{"href":"https:\/\/puyapeptide.net\/ro\/wp-json\/wp\/v2\/media?parent=8246"}],"wp:term":[{"taxonomy":"product_brand","embeddable":true,"href":"https:\/\/puyapeptide.net\/ro\/wp-json\/wp\/v2\/product_brand?post=8246"},{"taxonomy":"product_cat","embeddable":true,"href":"https:\/\/puyapeptide.net\/ro\/wp-json\/wp\/v2\/product_cat?post=8246"},{"taxonomy":"product_tag","embeddable":true,"href":"https:\/\/puyapeptide.net\/ro\/wp-json\/wp\/v2\/product_tag?post=8246"}],"curies":[{"name":"wp","href":"https:\/\/api.w.org\/{rel}","templated":true}]}}