{"id":8279,"date":"2021-12-16T13:20:53","date_gmt":"2021-12-16T18:20:53","guid":{"rendered":"https:\/\/puyapeptide.net\/product\/puya-supply-teriparatide-acetat-cas-52232-67-4-tratament-pentru-osteoporoza\/"},"modified":"2021-12-16T13:20:53","modified_gmt":"2021-12-16T18:20:53","slug":"puya-supply-teriparatide-acetat-cas-52232-67-4-tratament-pentru-osteoporoza","status":"publish","type":"product","link":"https:\/\/puyapeptide.net\/ro\/product\/puya-supply-teriparatide-acetat-cas-52232-67-4-tratament-pentru-osteoporoza\/","title":{"rendered":"Puya Supply Teriparatide Acetat CAS 52232-67-4 Tratament pentru osteoporoz\u0103"},"content":{"rendered":"<h2><strong>Puya Supply Teriparatide Acetat CAS 52232-67-4 Tratament pentru osteoporoz\u0103<\/strong><\/h2>\n<p>Denumire produs: Acetat de teriparatid\u0103<br \/>\n Sinonime: HORMON PARATIROID UMAN: FRAGMENT 1-34;HORMON PARATIROID (UMAN, 1-34);HORMON PARATIROID (1-34), UMAN;PTH (1-34) (UMAN) );PTH (UMAN, 1-34);TERIPARATIDE;Acetat de teriparatid\u0103;SVSEIQLMHNLGKHLNSMERVEWLRKKLQDVHNF<br \/>\nCAS: 52232-67-4<br \/>\nMF: C172H278N52O47S2<br \/>\nMW:&amp;&gt;497920<br \/>\nMW.:-49792<br \/>\n &amp;&gt;Categorii de produse: Deriva\u021bi de aminoacizi;Endocrinologie \u0219i Hormoni;Peptide;Homoni;Al\u021bi hormoni proteici\/peptidici;proteine;Peptide \u0219i proteine ale hormonului paratiroidian (PTH);Fragmente de hormoni paratiroidieni;Peptide pentru biologie celular\u0103;Peptide \u0219i proteine;Diferite peptide<br \/>\n Mol File: 52232-67-4.mol<\/p>\n<p>Teriparatida este un produs recombinant care reprezint\u0103 primii 34 de aminoacizi din hormonul paratiroidian uman. Teriparatida cre\u0219te formarea osului, rata de remodelare osoas\u0103 \u0219i num\u0103rul \u0219i activitatea osteoblastelor. At\u00e2t masa osoas\u0103, c\u00e2t \u0219i arhitectura sunt \u00eembun\u0103t\u0103\u021bite.<br \/>\nTeriparatida este aprobat\u0103 de FDA pentru femeile \u0219i b\u0103rba\u021bii aflati \u00een postmenopauz\u0103 care prezint\u0103 un risc ridicat de fractur\u0103.<\/p>\n<p> <strong>Acetat de teriparatid\u0103 CAS 52232-67-4 Propriet\u0103\u021bi chimice<\/strong><br \/>\nRTECS SQ7770000&lt; &amp;&gt;temp. \u221220\u00b0C<br \/>\nform\u0103 pulbere<br \/>\nCAS DataBase Reference 52232-67-4(CAS DataBase Reference)<\/p>\n<p> <strong>Utiliz\u0103ri ale acetatului de teriparatid CAS 52232-67-4<\/strong><br \/>\nTeriparatida este o form\u0103 recombinat\u0103 de paratiroid\u0103 hormon, care este utilizat pentru tratamentul osteoporozei la b\u0103rba\u021bi \u0219i femei \u00een postmenopauz\u0103. Regiunea N-terminal\u0103 posed\u0103 34 de aminoacizi, care sunt identici cu regiunea biologic activ\u0103 a secven\u021bei de 84 de aminoacizi a hormonului paratiroidian uman. S-a demonstrat c\u0103 ac\u021bioneaz\u0103 asupra osteoblastelor pentru a stimula cre\u0219terea osoas\u0103 nou\u0103 \u0219i pentru a \u00eembun\u0103t\u0103\u021bi densitatea osoas\u0103.<\/p>\n","protected":false},"excerpt":{"rendered":"<p>Nume produs: Acetat de teriparatid\u0103<br \/>\nCAS: 52232-67-4<br \/>\nMF: C172H278N52O47S2<br \/>\nMW: 3890,49792<br \/>\nEINECS: 640-978-1<br \/>\nMol File: 527-432-mol<\/p>\n","protected":false},"featured_media":2130,"comment_status":"open","ping_status":"closed","template":"","meta":{"om_disable_all_campaigns":false,"_monsterinsights_skip_tracking":false,"_monsterinsights_sitenote_active":false,"_monsterinsights_sitenote_note":"","_monsterinsights_sitenote_category":0,"site-sidebar-layout":"default","site-content-layout":"default","ast-site-content-layout":"default","site-content-style":"default","site-sidebar-style":"default","ast-global-header-display":"","ast-banner-title-visibility":"","ast-main-header-display":"","ast-hfb-above-header-display":"","ast-hfb-below-header-display":"","ast-hfb-mobile-header-display":"","site-post-title":"","ast-breadcrumbs-content":"","ast-featured-img":"","footer-sml-layout":"","ast-disable-related-posts":"","theme-transparent-header-meta":"default","adv-header-id-meta":"","stick-header-meta":"","header-above-stick-meta":"","header-main-stick-meta":"","header-below-stick-meta":"","astra-migrate-meta-layouts":"default","ast-page-background-enabled":"default","ast-page-background-meta":{"desktop":{"background-color":"","background-image":"","background-repeat":"repeat","background-position":"center center","background-size":"auto","background-attachment":"scroll","background-type":"","background-media":"","overlay-type":"","overlay-color":"","overlay-opacity":"","overlay-gradient":""},"tablet":{"background-color":"","background-image":"","background-repeat":"repeat","background-position":"center center","background-size":"auto","background-attachment":"scroll","background-type":"","background-media":"","overlay-type":"","overlay-color":"","overlay-opacity":"","overlay-gradient":""},"mobile":{"background-color":"","background-image":"","background-repeat":"repeat","background-position":"center center","background-size":"auto","background-attachment":"scroll","background-type":"","background-media":"","overlay-type":"","overlay-color":"","overlay-opacity":"","overlay-gradient":""}},"ast-content-background-meta":{"desktop":{"background-color":"var(--ast-global-color-5)","background-image":"","background-repeat":"repeat","background-position":"center center","background-size":"auto","background-attachment":"scroll","background-type":"","background-media":"","overlay-type":"","overlay-color":"","overlay-opacity":"","overlay-gradient":""},"tablet":{"background-color":"var(--ast-global-color-5)","background-image":"","background-repeat":"repeat","background-position":"center center","background-size":"auto","background-attachment":"scroll","background-type":"","background-media":"","overlay-type":"","overlay-color":"","overlay-opacity":"","overlay-gradient":""},"mobile":{"background-color":"var(--ast-global-color-5)","background-image":"","background-repeat":"repeat","background-position":"center center","background-size":"auto","background-attachment":"scroll","background-type":"","background-media":"","overlay-type":"","overlay-color":"","overlay-opacity":"","overlay-gradient":""}}},"product_brand":[],"product_cat":[489],"product_tag":[1405],"class_list":{"0":"post-8279","1":"product","2":"type-product","3":"status-publish","4":"has-post-thumbnail","6":"product_cat-peptida-de-osteoporoza","7":"product_tag-puya-supply-teriparatide-acetate-cas-52232-67-4-treat-for-osteoporosis-ro","8":"desktop-align-left","9":"tablet-align-left","10":"mobile-align-left","12":"first","13":"instock","14":"shipping-taxable","15":"product-type-simple"},"_links":{"self":[{"href":"https:\/\/puyapeptide.net\/ro\/wp-json\/wp\/v2\/product\/8279","targetHints":{"allow":["GET"]}}],"collection":[{"href":"https:\/\/puyapeptide.net\/ro\/wp-json\/wp\/v2\/product"}],"about":[{"href":"https:\/\/puyapeptide.net\/ro\/wp-json\/wp\/v2\/types\/product"}],"replies":[{"embeddable":true,"href":"https:\/\/puyapeptide.net\/ro\/wp-json\/wp\/v2\/comments?post=8279"}],"wp:featuredmedia":[{"embeddable":true,"href":"https:\/\/puyapeptide.net\/ro\/wp-json\/wp\/v2\/media\/2130"}],"wp:attachment":[{"href":"https:\/\/puyapeptide.net\/ro\/wp-json\/wp\/v2\/media?parent=8279"}],"wp:term":[{"taxonomy":"product_brand","embeddable":true,"href":"https:\/\/puyapeptide.net\/ro\/wp-json\/wp\/v2\/product_brand?post=8279"},{"taxonomy":"product_cat","embeddable":true,"href":"https:\/\/puyapeptide.net\/ro\/wp-json\/wp\/v2\/product_cat?post=8279"},{"taxonomy":"product_tag","embeddable":true,"href":"https:\/\/puyapeptide.net\/ro\/wp-json\/wp\/v2\/product_tag?post=8279"}],"curies":[{"name":"wp","href":"https:\/\/api.w.org\/{rel}","templated":true}]}}