{"id":8322,"date":"2021-12-16T13:23:23","date_gmt":"2021-12-16T18:23:23","guid":{"rendered":"https:\/\/puyapeptide.net\/product\/sincalide-de-inalta-calitate-cck-8-cas-25126-32-3-folosit-in-principal-pentru-a-promova-contractia-vezicii-biliare-reactiv-de-diagnosticare-a-vezicii-biliare\/"},"modified":"2021-12-16T13:23:23","modified_gmt":"2021-12-16T18:23:23","slug":"sincalide-de-inalta-calitate-cck-8-cas-25126-32-3-folosit-in-principal-pentru-a-promova-contractia-vezicii-biliare-reactiv-de-diagnosticare-a-vezicii-biliare","status":"publish","type":"product","link":"https:\/\/puyapeptide.net\/ro\/product\/sincalide-de-inalta-calitate-cck-8-cas-25126-32-3-folosit-in-principal-pentru-a-promova-contractia-vezicii-biliare-reactiv-de-diagnosticare-a-vezicii-biliare\/","title":{"rendered":"Sincalide de \u00eenalt\u0103 calitate\/ CCK-8 CAS 25126-32-3 Folosit \u00een principal pentru a promova contrac\u021bia vezicii biliare, reactiv de diagnosticare a vezicii biliare"},"content":{"rendered":"<h2><strong>Sincalide de \u00eenalt\u0103 calitate\/ CCK-8 CAS 25126-32-3 Folosit \u00een principal pentru a promova contrac\u021bia vezicii biliare, reactiv de diagnosticare a vezicii biliare<\/strong><\/h2>\n<p>Nume produs: Sincalida<br \/>\nSinome: [27-TYR(SO3H)]COLECYSTOKININ-FRAGMENT (26-33)-AMIDE;PANCREOZYMIN C-TERMINAL OCTAPEPTIDE;SINCALIDE;(Tyr[SO3H]27)colecystokin fragment 33 Amida;Sincalid(CCK-8);(tir(so3H)27)-fragment de colecistochinin\u0103*26-33 amid;H-ASP-TYR(SO3H)-MET-GLY-TRP-MET-ASP-PHE-NH2;H -ASP-TYR(SO3H)-MET-GLY-TRP-MET-ASP-PHE-NH2 SARE DE AMONIU<br \/>\nCAS: 25126-32-3<br \/>\nMF: C49H62N10O16S3<br \/>\nMW: 1143,27<br \/>\nEINECS: 246-639-0<br \/>\nCategorii de produse: API;hormoni;Peptide;Receptor de colecistokinin\u0103 (CCK);Receptori de peptide<br \/>\nFi\u0219ier Mol: 25126-32-3.mol<\/p>\n<p>Sincalid\/Colecystokinin (CCK- 8) este o peptid\u0103 intestinal\u0103 cerebral\u0103 cu forme moleculare multiple \u0219i o distribu\u021bie dual\u0103, format\u0103 din 33 de aminoacizi, cu efecte hormonale \u0219i neurotransmi\u021b\u0103toare. Sincalida este o molecul\u0103 octapeptidic\u0103, un fragment de colecistokinin\u0103, Chemicalbook are toate activit\u0103\u021bile biologice ale colecistokininei, o octapeptid\u0103 colecistokinin\u0103 sintetic\u0103 (Octapeptide), utilizat\u0103 \u00een principal pentru a promova contrac\u021bia vezicii biliare, reactiv de diagnostic al vezicii biliare, utilizare clinic\u0103 \u00een tratamentul pancreatitei cronice, func\u021bia de secre\u021bie pancreatic\u0103 s-a \u00eembun\u0103t\u0103\u021bit semnificativ, simptomele s-au redus semnificativ. Simptomele au fost semnificativ reduse.<\/p>\n<p> <strong>Sincalida\/ CCK-8 CAS 25126-32-3 Propriet\u0103\u021bi chimice<\/strong><br \/>\nalfa D23 -18,4\u00b0 (c = 0,7 \u00een NH3 1N)<br \/>\ndensitate 1,440\u00b10,06 g\/ cm3(Previzual)<br \/>\ntemp. -20\u00b0C<br \/>\nsolubilitate 0,05 M hidroxid de amoniu: 1 mg\/mL, limpede, incolor<br \/>\npka -4,17\u00b10,18(Previzual)<br \/>\nform\u0103 pulbere<br \/>\nSolubilitate \u00een ap\u0103 Solubil \u00een ap\u0103 1 g\/L la 10\u00b0C.<br \/>\nMerck 13,8617<br \/>\nBRN 5231801<\/p>\n<p> <strong>Sincalida\/ CCK-8 CAS 25126-32-3 Propriet\u0103\u021bi chimice<\/strong><br \/>\nSincalida\/Colecistokinina (CCK-8) este adesea folosit\u0103 clinic s\u0103 coopereze \u0219i s\u0103 \u00eembun\u0103t\u0103\u021beasc\u0103 examinarea func\u021biei de secre\u021bie pancreatic\u0103 cu secre\u021bia pancreatic\u0103; CCK este utilizat pentru a \u00eenlocui f\u0103ina gras\u0103 \u00een timpul colangiografiei, care poate promova peristaltismul intestinal \u0219i poate scurta timpul de examinare a mesei cu bariu. Poate fi folosit \u0219i pentru a trata paralizia intestinal\u0103.<\/p>\n","protected":false},"excerpt":{"rendered":"<p>Nume produs: Sincalide<br \/>\nMF: C49H62N10O16S3<br \/>\nMW: 1143,27<br \/>\nEINECS: 246-639-0<br \/>\nMol File: 25126-32-3.mol<\/p>\n","protected":false},"featured_media":2130,"comment_status":"open","ping_status":"closed","template":"","meta":{"om_disable_all_campaigns":false,"_monsterinsights_skip_tracking":false,"_monsterinsights_sitenote_active":false,"_monsterinsights_sitenote_note":"","_monsterinsights_sitenote_category":0,"site-sidebar-layout":"default","site-content-layout":"default","ast-site-content-layout":"default","site-content-style":"default","site-sidebar-style":"default","ast-global-header-display":"","ast-banner-title-visibility":"","ast-main-header-display":"","ast-hfb-above-header-display":"","ast-hfb-below-header-display":"","ast-hfb-mobile-header-display":"","site-post-title":"","ast-breadcrumbs-content":"","ast-featured-img":"","footer-sml-layout":"","ast-disable-related-posts":"","theme-transparent-header-meta":"default","adv-header-id-meta":"","stick-header-meta":"","header-above-stick-meta":"","header-main-stick-meta":"","header-below-stick-meta":"","astra-migrate-meta-layouts":"default","ast-page-background-enabled":"default","ast-page-background-meta":{"desktop":{"background-color":"","background-image":"","background-repeat":"repeat","background-position":"center center","background-size":"auto","background-attachment":"scroll","background-type":"","background-media":"","overlay-type":"","overlay-color":"","overlay-opacity":"","overlay-gradient":""},"tablet":{"background-color":"","background-image":"","background-repeat":"repeat","background-position":"center center","background-size":"auto","background-attachment":"scroll","background-type":"","background-media":"","overlay-type":"","overlay-color":"","overlay-opacity":"","overlay-gradient":""},"mobile":{"background-color":"","background-image":"","background-repeat":"repeat","background-position":"center center","background-size":"auto","background-attachment":"scroll","background-type":"","background-media":"","overlay-type":"","overlay-color":"","overlay-opacity":"","overlay-gradient":""}},"ast-content-background-meta":{"desktop":{"background-color":"var(--ast-global-color-5)","background-image":"","background-repeat":"repeat","background-position":"center center","background-size":"auto","background-attachment":"scroll","background-type":"","background-media":"","overlay-type":"","overlay-color":"","overlay-opacity":"","overlay-gradient":""},"tablet":{"background-color":"var(--ast-global-color-5)","background-image":"","background-repeat":"repeat","background-position":"center center","background-size":"auto","background-attachment":"scroll","background-type":"","background-media":"","overlay-type":"","overlay-color":"","overlay-opacity":"","overlay-gradient":""},"mobile":{"background-color":"var(--ast-global-color-5)","background-image":"","background-repeat":"repeat","background-position":"center center","background-size":"auto","background-attachment":"scroll","background-type":"","background-media":"","overlay-type":"","overlay-color":"","overlay-opacity":"","overlay-gradient":""}}},"product_brand":[],"product_cat":[517],"product_tag":[1389,1367],"class_list":{"0":"post-8322","1":"product","2":"type-product","3":"status-publish","4":"has-post-thumbnail","6":"product_cat-alte-peptide","7":"product_tag-gallbladder-diagnostic-reagent-ro","8":"product_tag-high-quality-sincalide-cck-8-cas-25126-32-3-mainly-used-to-promote-gallbladder-contraction-ro","9":"desktop-align-left","10":"tablet-align-left","11":"mobile-align-left","13":"first","14":"instock","15":"shipping-taxable","16":"product-type-simple"},"_links":{"self":[{"href":"https:\/\/puyapeptide.net\/ro\/wp-json\/wp\/v2\/product\/8322","targetHints":{"allow":["GET"]}}],"collection":[{"href":"https:\/\/puyapeptide.net\/ro\/wp-json\/wp\/v2\/product"}],"about":[{"href":"https:\/\/puyapeptide.net\/ro\/wp-json\/wp\/v2\/types\/product"}],"replies":[{"embeddable":true,"href":"https:\/\/puyapeptide.net\/ro\/wp-json\/wp\/v2\/comments?post=8322"}],"wp:featuredmedia":[{"embeddable":true,"href":"https:\/\/puyapeptide.net\/ro\/wp-json\/wp\/v2\/media\/2130"}],"wp:attachment":[{"href":"https:\/\/puyapeptide.net\/ro\/wp-json\/wp\/v2\/media?parent=8322"}],"wp:term":[{"taxonomy":"product_brand","embeddable":true,"href":"https:\/\/puyapeptide.net\/ro\/wp-json\/wp\/v2\/product_brand?post=8322"},{"taxonomy":"product_cat","embeddable":true,"href":"https:\/\/puyapeptide.net\/ro\/wp-json\/wp\/v2\/product_cat?post=8322"},{"taxonomy":"product_tag","embeddable":true,"href":"https:\/\/puyapeptide.net\/ro\/wp-json\/wp\/v2\/product_tag?post=8322"}],"curies":[{"name":"wp","href":"https:\/\/api.w.org\/{rel}","templated":true}]}}