{"id":8331,"date":"2021-12-16T13:23:27","date_gmt":"2021-12-16T18:23:27","guid":{"rendered":"https:\/\/puyapeptide.net\/product\/acetat-de-alarelina-gnrh-a-cas-79561-22-1-pentru-promovarea-ovulatiei-si-tratarea-infertilitatii-cauzate-de-functia-ovariana-anormala\/"},"modified":"2021-12-16T13:23:27","modified_gmt":"2021-12-16T18:23:27","slug":"acetat-de-alarelina-gnrh-a-cas-79561-22-1-pentru-promovarea-ovulatiei-si-tratarea-infertilitatii-cauzate-de-functia-ovariana-anormala","status":"publish","type":"product","link":"https:\/\/puyapeptide.net\/ro\/product\/acetat-de-alarelina-gnrh-a-cas-79561-22-1-pentru-promovarea-ovulatiei-si-tratarea-infertilitatii-cauzate-de-functia-ovariana-anormala\/","title":{"rendered":"Acetat de alarelin\u0103\/GnRH-A CAS 79561-22-1 Pentru promovarea ovula\u021biei \u0219i tratarea infertilit\u0103\u021bii cauzate de func\u021bia ovarian\u0103 anormal\u0103"},"content":{"rendered":"<h2><strong>Acetat de alarelin\u0103\/GnRH-A CAS 79561-22-1 Pentru promovarea ovula\u021biei \u0219i tratarea infertilit\u0103\u021bii cauzate de func\u021bia ovarian\u0103 anormal\u0103<\/strong><\/h2>\n<p>Nume produs: Alarelin<br \/>\nSecven\u021b\u0103: Pyr-His-Trp-Ser-Tyr-D-Ala-Leu-Arg-Pro-NHEt<br \/>\nSinome: ALARELIN;PYR-HIS-TRP-SER-TYR- D-ALA-LEU-ARG-PRO-NHET;(DES-GLY10,D-ALA6,PRO-NHET9)-HORMON DE ELIBERARE DE GONADOTROPIN\u0102 (DORAD\u0102);(DES-GLY10,D-ALA6,PRO-NHET9)-GONADOTROPIN\u0102 -HORMON DE ELIBERARE;(DES-GLY10,D-ALA6,PRO-NHET9)-FACTORUL DE ELIBERARE A HORMONULUI LUTEINIZANT (DURAD\u0102);(DES-GLY10,D-ALA6,PRO-NHET9)-FACTORUL DE ELIBERARE A HORMONULUI LUTEINIZANT;(DES) -GLY10,D-ALA6,PRO-NHET9)-LHRH (DORAD\u0102);[DES-GLY10, D-ALA6, PRO-NHET9]-LH-RH (UM)<br \/>\nCAS: 79561-22-1&lt;&amp; &gt;MF: C56H78N16O12<br \/>\nMW: 1167,32<br \/>\nEINECS: 635-974-1<br \/>\nCategorii de produse: API;Peptide;LH-RH;LH-RHPeptide pentru biologie celular\u0103;Neuropeptide;Factori de eliberare;Deriva\u021bi de aminoacizi&lt; &amp;&gt;Mol File: 79561-22-1.mol<\/p>\n<p>Alaralina (analogul hormonal de eliberare a gonadotropinei (GnRH-A), cunoscut \u0219i sub numele de albuterol, este un analog sintetic de nou\u0103 peptide al hormonului de eliberare a gonadotropinei (GnRH), care este de 15 ori mai puternic dec\u00e2t p\u0103rintele.Poate stimula glanda pituitar\u0103 s\u0103 elibereze l hormonul uteinizant (LH) \u0219i hormonul de stimulare a foliculilor (FSH) la \u00eenceputul medicamentului, provoc\u00e2nd o cre\u0219tere tranzitorie a hormonului steroidian derivat din chemicalbook ovarian; administrarea repetat\u0103 poate inhiba eliberarea LH \u0219i FSH din glanda pituitar\u0103, determin\u00e2nd sc\u0103derea nivelului de estradiol din s\u00e2nge, realiz\u00e2nd efectul de-ovula\u021biei medicamentului \u0219i, \u00een acela\u0219i timp, are un efect de reglare asupra expresiei oncogenelor. ras, neu \u0219i myc legate de cancerul endometrial. De asemenea, are efecte reglatoare asupra expresiei ras, neu \u0219i myc, care sunt legate de cancerul endometrial. Clinic, este utilizat \u00een principal pentru a promova ovula\u021bia, pentru a trata infertilitatea cauzat\u0103 de func\u021bia ovarian\u0103 anormal\u0103, endometrioza \u0219i <strong>fibromul<\/strong> uterin \u0219i pentru a \u00eembun\u0103t\u0103\u021bi rata sarcinii. &gt; Este utilizat \u00een principal clinic pentru a promova ovula\u021bia, a trata infertilitatea cauzat\u0103 de func\u021bia ovarian\u0103 anormal\u0103, endometrioza \u0219i fibromul uterin \u0219i pentru a \u00eembun\u0103t\u0103\u021bi rata sarcinii.<\/p>\n","protected":false},"excerpt":{"rendered":"<p>Nume produs: Alarelin<br \/>\nCAS: 79561-22-1<br \/>\nMF: C56H78N16O12<br \/>\nMW: 1167,32<br \/>\nEINECS: 635-974-1<br \/>\nMol File: 79561-22-1.mol<\/p>\n","protected":false},"featured_media":2130,"comment_status":"open","ping_status":"closed","template":"","meta":{"om_disable_all_campaigns":false,"_monsterinsights_skip_tracking":false,"_monsterinsights_sitenote_active":false,"_monsterinsights_sitenote_note":"","_monsterinsights_sitenote_category":0,"site-sidebar-layout":"default","site-content-layout":"default","ast-site-content-layout":"default","site-content-style":"default","site-sidebar-style":"default","ast-global-header-display":"","ast-banner-title-visibility":"","ast-main-header-display":"","ast-hfb-above-header-display":"","ast-hfb-below-header-display":"","ast-hfb-mobile-header-display":"","site-post-title":"","ast-breadcrumbs-content":"","ast-featured-img":"","footer-sml-layout":"","ast-disable-related-posts":"","theme-transparent-header-meta":"default","adv-header-id-meta":"","stick-header-meta":"","header-above-stick-meta":"","header-main-stick-meta":"","header-below-stick-meta":"","astra-migrate-meta-layouts":"default","ast-page-background-enabled":"default","ast-page-background-meta":{"desktop":{"background-color":"","background-image":"","background-repeat":"repeat","background-position":"center center","background-size":"auto","background-attachment":"scroll","background-type":"","background-media":"","overlay-type":"","overlay-color":"","overlay-opacity":"","overlay-gradient":""},"tablet":{"background-color":"","background-image":"","background-repeat":"repeat","background-position":"center center","background-size":"auto","background-attachment":"scroll","background-type":"","background-media":"","overlay-type":"","overlay-color":"","overlay-opacity":"","overlay-gradient":""},"mobile":{"background-color":"","background-image":"","background-repeat":"repeat","background-position":"center center","background-size":"auto","background-attachment":"scroll","background-type":"","background-media":"","overlay-type":"","overlay-color":"","overlay-opacity":"","overlay-gradient":""}},"ast-content-background-meta":{"desktop":{"background-color":"var(--ast-global-color-5)","background-image":"","background-repeat":"repeat","background-position":"center center","background-size":"auto","background-attachment":"scroll","background-type":"","background-media":"","overlay-type":"","overlay-color":"","overlay-opacity":"","overlay-gradient":""},"tablet":{"background-color":"var(--ast-global-color-5)","background-image":"","background-repeat":"repeat","background-position":"center center","background-size":"auto","background-attachment":"scroll","background-type":"","background-media":"","overlay-type":"","overlay-color":"","overlay-opacity":"","overlay-gradient":""},"mobile":{"background-color":"var(--ast-global-color-5)","background-image":"","background-repeat":"repeat","background-position":"center center","background-size":"auto","background-attachment":"scroll","background-type":"","background-media":"","overlay-type":"","overlay-color":"","overlay-opacity":"","overlay-gradient":""}}},"product_brand":[],"product_cat":[429],"product_tag":[1334],"class_list":{"0":"post-8331","1":"product","2":"type-product","3":"status-publish","4":"has-post-thumbnail","6":"product_cat-peptida-urogenitala","7":"product_tag-alarelin-acetate-gnrh-a-cas-79561-22-1-for-promote-ovulation-and-treat-infertility-caused-by-abnormal-ovarian-function-ro","8":"desktop-align-left","9":"tablet-align-left","10":"mobile-align-left","12":"first","13":"instock","14":"shipping-taxable","15":"product-type-simple"},"_links":{"self":[{"href":"https:\/\/puyapeptide.net\/ro\/wp-json\/wp\/v2\/product\/8331","targetHints":{"allow":["GET"]}}],"collection":[{"href":"https:\/\/puyapeptide.net\/ro\/wp-json\/wp\/v2\/product"}],"about":[{"href":"https:\/\/puyapeptide.net\/ro\/wp-json\/wp\/v2\/types\/product"}],"replies":[{"embeddable":true,"href":"https:\/\/puyapeptide.net\/ro\/wp-json\/wp\/v2\/comments?post=8331"}],"wp:featuredmedia":[{"embeddable":true,"href":"https:\/\/puyapeptide.net\/ro\/wp-json\/wp\/v2\/media\/2130"}],"wp:attachment":[{"href":"https:\/\/puyapeptide.net\/ro\/wp-json\/wp\/v2\/media?parent=8331"}],"wp:term":[{"taxonomy":"product_brand","embeddable":true,"href":"https:\/\/puyapeptide.net\/ro\/wp-json\/wp\/v2\/product_brand?post=8331"},{"taxonomy":"product_cat","embeddable":true,"href":"https:\/\/puyapeptide.net\/ro\/wp-json\/wp\/v2\/product_cat?post=8331"},{"taxonomy":"product_tag","embeddable":true,"href":"https:\/\/puyapeptide.net\/ro\/wp-json\/wp\/v2\/product_tag?post=8331"}],"curies":[{"name":"wp","href":"https:\/\/api.w.org\/{rel}","templated":true}]}}