{"id":8451,"date":"2021-12-16T13:30:19","date_gmt":"2021-12-16T18:30:19","guid":{"rendered":"https:\/\/puyapeptide.net\/product\/oxitocina-%ce%b1-hipofamina-hormon-oxitocic-cas-50-56-6-este-o-peptida-hipotalamica-pleiotropa-care-contribuie-la-nastere-lactatie-si-comportament-pro-social\/"},"modified":"2021-12-16T13:30:19","modified_gmt":"2021-12-16T18:30:19","slug":"oxitocina-%ce%b1-hipofamina-hormon-oxitocic-cas-50-56-6-este-o-peptida-hipotalamica-pleiotropa-care-contribuie-la-nastere-lactatie-si-comportament-pro-social","status":"publish","type":"product","link":"https:\/\/puyapeptide.net\/ro\/product\/oxitocina-%ce%b1-hipofamina-hormon-oxitocic-cas-50-56-6-este-o-peptida-hipotalamica-pleiotropa-care-contribuie-la-nastere-lactatie-si-comportament-pro-social\/","title":{"rendered":"Oxitocina (\u03b1-hipofamin\u0103; hormon oxitocic) CAS 50-56-6 este o peptid\u0103 hipotalamic\u0103 pleiotrop\u0103 care contribuie la na\u0219tere, lacta\u021bie \u0219i comportament pro-social."},"content":{"rendered":"<h2><strong>Oxitocina (\u03b1-hipofamin\u0103; hormon oxitocic) CAS 50-56-6 este o peptid\u0103 hipotalamic\u0103 pleiotrop\u0103 care contribuie la na\u0219tere, lacta\u021bie \u0219i comportament pro-social<\/strong><\/h2>\n<p>Denumire produs: Oxitocin\u0103<br \/>\nSinome: (1-hemicistin\u0103)-oxitocin\u0103;3-izoleucin\u0103-8-leucinevasopresin\u0103;atonino;ciclic(1-6)-di\/\/\/;di-sipidin;endopituitrina;glicinamid\u0103, l-cisteinil-l-tirosil-l-izoleucil-l-glutaminil-l-asparaginil-l-cis;nobitocine<br \/>\nCAS: 50-56-6<br \/>\nMF: C43H66N12O12S2<br \/>\nMW: 1007,19<br \/>\n EINECS: 200-048-4<br \/>\nCategorii de produse: Deriva\u021bi de aminoacizi;Organice;Aminoacizi 13C, 2H, 15N;Peptide;Aminoacizi \u0219i deriva\u021bi;Intermediari \u0219i produse chimice fine;Farmaceutice;Receptori vasopresini \u0219i oxitohormoni; ;peptide pentru utilizare la na\u0219tere;Medicamente veterinare<br \/>\nMol File: 50-56-6.mol<\/p>\n<p>Oxitocina (OT) este un tip de medicament pentru contrac\u021bia uterului \u0219i poate fi derivat din hipofiza posterioar\u0103 a animalelor sau sintetizat chimic.<br \/>\nOxitocina este un medicament pentru contrac\u021bia uterului, care este utilizat mai ales \u00een inducerea sarcinii t\u00e2rzii \u0219i na\u0219terea stagnant\u0103 din cauza contrac\u021biilor uterine slabe. Potrivit pentru inducerea travaliului \u0219i atenuarea durerii. Folosit \u00een mod obi\u0219nuit cu preparate de ergot pentru a fi utilizate \u00een inducerea travaliului, accelerarea travaliului \u0219i \u00een s\u00e2nger\u0103rile uterine din cauza contrac\u021biilor uterine slabe dup\u0103 na\u0219tere sau na\u0219tere mort. Pic\u0103turile pentru nas pot fi folosite pentru a promova lacta\u021bia.<\/p>\n<p> <strong>Oxitocin\u0103 CAS 50-56-6 Propriet\u0103\u021bi chimice<\/strong><br \/>\nPropriet\u0103\u021bi chimice oxitocinei<br \/>\nPunctul de topire 192-194\u00b0C<br \/>\nalfa D22 -26,2\u00b0 (c = 0,53)<br \/>\ndensitate 1,1086 (estimare aproximativ\u0103)<br \/>\nindice de refrac\u021bie 1,6700 (estimare)<br \/>\ntemp. 2-8\u00b0C<br \/>\nsolubilitate Foarte solubil \u00een ap\u0103. Se dizolv\u0103 \u00een solu\u021bii diluate de acid acetic \u0219i etanol (96 la sut\u0103).<br \/>\nform\u0103 pulbere liofilizat\u0103<br \/>\npka pKa \uff5e6,1 (grupare amino liber\u0103 pe Cys) (Ocazional);\uff5e10 (fenol liber pe Tyr) ( Ocazional)<br \/>\nculoare alb<br \/>\nsolubilitate \u00een ap\u0103 Solubil \u00een ap\u0103.<br \/>\nMerck 13,7049<br \/>\nBRN 3586108<br \/>\nInChIKey DSZOEVVLZMNAEH-BXUJZNQYSA-N<br \/>\nCAS DataBase Reference 50-56 Baza de date de referin\u021b\u0103)<\/p>\n<p> <strong>Utiliz\u0103ri ale oxitocinei CAS 50-56-6<\/strong><br \/>\n1.Oxitocina este principalul hormon de contractare a uterului \u0219i de stimulare a lacta\u021biei al glandei pituitare posterioare.<br \/>\n2. Oxitocina este un hormon nonapeptidic sintetizat \u00een principal \u00een neuronii magnocelulari ai nucleilor paraventriculari \u0219i supraoptici ai hipotalamusului. Este cunoscut cel mai bine pentru rolul s\u0103u \u00een stimularea contrac\u021biei uterine \u0219i a lacta\u021biei \u0219i este important pentru memoria social\u0103 \u0219i ata\u0219ament, comportamentul sexual \u0219i matern \u0219i agresivitate. De asemenea, a fost implicat \u00een diferite comportamente non-sociale, inclusiv \u00eenv\u0103\u021barea, anxietatea, hr\u0103nirea \u0219i percep\u021bia durerii.<\/p>\n","protected":false},"excerpt":{"rendered":"<p>Nume produs: Oxitocin\u0103<br \/>\nCAS: 50-56-6<br \/>\nMF: C43H66N12O12S2<br \/>\nMW: 1007,19<br \/>\nEINECS: 200-048-4<br \/>\nMol File: 50-56-6.mol<\/p>\n","protected":false},"featured_media":2172,"comment_status":"open","ping_status":"closed","template":"","meta":{"om_disable_all_campaigns":false,"_monsterinsights_skip_tracking":false,"_monsterinsights_sitenote_active":false,"_monsterinsights_sitenote_note":"","_monsterinsights_sitenote_category":0,"site-sidebar-layout":"default","site-content-layout":"default","ast-site-content-layout":"default","site-content-style":"default","site-sidebar-style":"default","ast-global-header-display":"","ast-banner-title-visibility":"","ast-main-header-display":"","ast-hfb-above-header-display":"","ast-hfb-below-header-display":"","ast-hfb-mobile-header-display":"","site-post-title":"","ast-breadcrumbs-content":"","ast-featured-img":"","footer-sml-layout":"","ast-disable-related-posts":"","theme-transparent-header-meta":"default","adv-header-id-meta":"","stick-header-meta":"","header-above-stick-meta":"","header-main-stick-meta":"","header-below-stick-meta":"","astra-migrate-meta-layouts":"default","ast-page-background-enabled":"default","ast-page-background-meta":{"desktop":{"background-color":"","background-image":"","background-repeat":"repeat","background-position":"center center","background-size":"auto","background-attachment":"scroll","background-type":"","background-media":"","overlay-type":"","overlay-color":"","overlay-opacity":"","overlay-gradient":""},"tablet":{"background-color":"","background-image":"","background-repeat":"repeat","background-position":"center center","background-size":"auto","background-attachment":"scroll","background-type":"","background-media":"","overlay-type":"","overlay-color":"","overlay-opacity":"","overlay-gradient":""},"mobile":{"background-color":"","background-image":"","background-repeat":"repeat","background-position":"center center","background-size":"auto","background-attachment":"scroll","background-type":"","background-media":"","overlay-type":"","overlay-color":"","overlay-opacity":"","overlay-gradient":""}},"ast-content-background-meta":{"desktop":{"background-color":"var(--ast-global-color-5)","background-image":"","background-repeat":"repeat","background-position":"center center","background-size":"auto","background-attachment":"scroll","background-type":"","background-media":"","overlay-type":"","overlay-color":"","overlay-opacity":"","overlay-gradient":""},"tablet":{"background-color":"var(--ast-global-color-5)","background-image":"","background-repeat":"repeat","background-position":"center center","background-size":"auto","background-attachment":"scroll","background-type":"","background-media":"","overlay-type":"","overlay-color":"","overlay-opacity":"","overlay-gradient":""},"mobile":{"background-color":"var(--ast-global-color-5)","background-image":"","background-repeat":"repeat","background-position":"center center","background-size":"auto","background-attachment":"scroll","background-type":"","background-media":"","overlay-type":"","overlay-color":"","overlay-opacity":"","overlay-gradient":""}}},"product_brand":[],"product_cat":[429],"product_tag":[],"class_list":{"0":"post-8451","1":"product","2":"type-product","3":"status-publish","4":"has-post-thumbnail","6":"product_cat-peptida-urogenitala","7":"desktop-align-left","8":"tablet-align-left","9":"mobile-align-left","11":"first","12":"instock","13":"shipping-taxable","14":"product-type-simple"},"_links":{"self":[{"href":"https:\/\/puyapeptide.net\/ro\/wp-json\/wp\/v2\/product\/8451","targetHints":{"allow":["GET"]}}],"collection":[{"href":"https:\/\/puyapeptide.net\/ro\/wp-json\/wp\/v2\/product"}],"about":[{"href":"https:\/\/puyapeptide.net\/ro\/wp-json\/wp\/v2\/types\/product"}],"replies":[{"embeddable":true,"href":"https:\/\/puyapeptide.net\/ro\/wp-json\/wp\/v2\/comments?post=8451"}],"wp:featuredmedia":[{"embeddable":true,"href":"https:\/\/puyapeptide.net\/ro\/wp-json\/wp\/v2\/media\/2172"}],"wp:attachment":[{"href":"https:\/\/puyapeptide.net\/ro\/wp-json\/wp\/v2\/media?parent=8451"}],"wp:term":[{"taxonomy":"product_brand","embeddable":true,"href":"https:\/\/puyapeptide.net\/ro\/wp-json\/wp\/v2\/product_brand?post=8451"},{"taxonomy":"product_cat","embeddable":true,"href":"https:\/\/puyapeptide.net\/ro\/wp-json\/wp\/v2\/product_cat?post=8451"},{"taxonomy":"product_tag","embeddable":true,"href":"https:\/\/puyapeptide.net\/ro\/wp-json\/wp\/v2\/product_tag?post=8451"}],"curies":[{"name":"wp","href":"https:\/\/api.w.org\/{rel}","templated":true}]}}