{"id":8495,"date":"2021-12-17T01:42:58","date_gmt":"2021-12-17T06:42:58","guid":{"rendered":"https:\/\/puyapeptide.net\/product\/puya-furnizeaza-lipresina-de-inalta-calitate-cas-50-57-7\/"},"modified":"2021-12-17T01:42:58","modified_gmt":"2021-12-17T06:42:58","slug":"puya-furnizeaza-lipresina-de-inalta-calitate-cas-50-57-7","status":"publish","type":"product","link":"https:\/\/puyapeptide.net\/ro\/product\/puya-furnizeaza-lipresina-de-inalta-calitate-cas-50-57-7\/","title":{"rendered":"Puya furnizeaz\u0103 lipresin\u0103 de \u00eenalt\u0103 calitate CAS 50-57-7"},"content":{"rendered":"<h2><strong>Puya furnizeaz\u0103 lipresin\u0103 de \u00eenalt\u0103 calitate CAS 50-57-7<\/strong><\/h2>\n<p>Nume produs: Lipresin\u0103<br \/>\nSinome: Lisipresin\u0103;Acetat de lispesin\u0103;(8-lizin\u0103)vasopresin\u0103;8-l-lizin\u0103-vasopresin\u0103;CYFQNCPKG-NH2; VASOPRESIN\u0102 DE LIZIN\u0102;[LYS8]-VASOPRESIN\u0102;LIPRESIN\u0102<br \/>\nCAS: 50-57-7<br \/>\nMF: C46H65N13O12S2<br \/>\nMW: 1056.22<br \/>\nEINECS: 200-050-5<br \/>\nCategorii de produse: hormoni;Alte API;Deriva\u021bi de aminoacizi;Peptide<br \/>\nFi\u0219ier Mol: 50 -57-7.mol<\/p>\n<p>Lipresina este vasopresin\u0103 8-L-lizin\u0103 sintetic\u0103, o polipeptid\u0103 asem\u0103n\u0103toare cu ADH. Analogul de lizin\u0103 este considerat mai stabil \u0219i este absorbit rapid din mucoasa nazal\u0103. Lipresina (Diapid) este disponibil\u0103 farmaceutic sub form\u0103 de solu\u021bie topic\u0103, spray, 50 de unit\u0103\u021bi presoare (185 g)\/mL \u00een recipiente de 5 ml. Doza obi\u0219nuit\u0103, topic (intranazal), unul sau mai multe spray-uri aplicate pe una sau ambele narine, sau de mai multe ori pe zi.<\/p>\n<p> <strong>Lipresin\u0103 CAS 50-57-7 Propriet\u0103\u021bi chimice<\/strong><br \/>\ndensitate 1,1080 (estimare aproximativ\u0103)<br \/>\n indice de refrac\u021bie 1,6700 (estimare)<br \/>\ntemp. -20\u00b0C<br \/>\nInChIKey NKWAIKZITYLOMT-DHSVNZEYSA-N<\/p>\n<p> <strong>Utilizarea lipresinei CAS 50-57-7<\/strong><br \/>\nFunc\u021bia fiziologic\u0103 principal\u0103 a vasopresinei este de a regla volumul lichidului extracelular, de a promova reabsorb\u021bia ap\u0103 prin tubii renali, \u00eengusteaz\u0103 vasele de s\u00e2nge \u0219i cre\u0219te tensiunea arterial\u0103. Vasopresina (acetat de lisfenol) este un derivat sintetic al vasopresinei. Efectele sale antidiuretice \u0219i vasoconstrictive sunt relativ u\u0219oare \u0219i poate fi utilizat ca intermediar de sintez\u0103 farmaceutic.<\/p>\n","protected":false},"excerpt":{"rendered":"<p>Nume produs: Lypressin<br \/>\nCAS: 50-57-7<br \/>\nMF: C46H65N13O12S2<br \/>\nMW: 1056,22<br \/>\nEINECS: 200-050-5<br \/>\nMol File: 50-57-7.mol<\/p>\n","protected":false},"featured_media":2172,"comment_status":"open","ping_status":"closed","template":"","meta":{"om_disable_all_campaigns":false,"_monsterinsights_skip_tracking":false,"_monsterinsights_sitenote_active":false,"_monsterinsights_sitenote_note":"","_monsterinsights_sitenote_category":0,"site-sidebar-layout":"default","site-content-layout":"default","ast-site-content-layout":"default","site-content-style":"default","site-sidebar-style":"default","ast-global-header-display":"","ast-banner-title-visibility":"","ast-main-header-display":"","ast-hfb-above-header-display":"","ast-hfb-below-header-display":"","ast-hfb-mobile-header-display":"","site-post-title":"","ast-breadcrumbs-content":"","ast-featured-img":"","footer-sml-layout":"","ast-disable-related-posts":"","theme-transparent-header-meta":"default","adv-header-id-meta":"","stick-header-meta":"","header-above-stick-meta":"","header-main-stick-meta":"","header-below-stick-meta":"","astra-migrate-meta-layouts":"default","ast-page-background-enabled":"default","ast-page-background-meta":{"desktop":{"background-color":"","background-image":"","background-repeat":"repeat","background-position":"center center","background-size":"auto","background-attachment":"scroll","background-type":"","background-media":"","overlay-type":"","overlay-color":"","overlay-opacity":"","overlay-gradient":""},"tablet":{"background-color":"","background-image":"","background-repeat":"repeat","background-position":"center center","background-size":"auto","background-attachment":"scroll","background-type":"","background-media":"","overlay-type":"","overlay-color":"","overlay-opacity":"","overlay-gradient":""},"mobile":{"background-color":"","background-image":"","background-repeat":"repeat","background-position":"center center","background-size":"auto","background-attachment":"scroll","background-type":"","background-media":"","overlay-type":"","overlay-color":"","overlay-opacity":"","overlay-gradient":""}},"ast-content-background-meta":{"desktop":{"background-color":"var(--ast-global-color-5)","background-image":"","background-repeat":"repeat","background-position":"center center","background-size":"auto","background-attachment":"scroll","background-type":"","background-media":"","overlay-type":"","overlay-color":"","overlay-opacity":"","overlay-gradient":""},"tablet":{"background-color":"var(--ast-global-color-5)","background-image":"","background-repeat":"repeat","background-position":"center center","background-size":"auto","background-attachment":"scroll","background-type":"","background-media":"","overlay-type":"","overlay-color":"","overlay-opacity":"","overlay-gradient":""},"mobile":{"background-color":"var(--ast-global-color-5)","background-image":"","background-repeat":"repeat","background-position":"center center","background-size":"auto","background-attachment":"scroll","background-type":"","background-media":"","overlay-type":"","overlay-color":"","overlay-opacity":"","overlay-gradient":""}}},"product_brand":[],"product_cat":[415],"product_tag":[],"class_list":{"0":"post-8495","1":"product","2":"type-product","3":"status-publish","4":"has-post-thumbnail","6":"product_cat-sange-si-peptide-vasculare","7":"desktop-align-left","8":"tablet-align-left","9":"mobile-align-left","11":"first","12":"instock","13":"shipping-taxable","14":"product-type-simple"},"_links":{"self":[{"href":"https:\/\/puyapeptide.net\/ro\/wp-json\/wp\/v2\/product\/8495","targetHints":{"allow":["GET"]}}],"collection":[{"href":"https:\/\/puyapeptide.net\/ro\/wp-json\/wp\/v2\/product"}],"about":[{"href":"https:\/\/puyapeptide.net\/ro\/wp-json\/wp\/v2\/types\/product"}],"replies":[{"embeddable":true,"href":"https:\/\/puyapeptide.net\/ro\/wp-json\/wp\/v2\/comments?post=8495"}],"wp:featuredmedia":[{"embeddable":true,"href":"https:\/\/puyapeptide.net\/ro\/wp-json\/wp\/v2\/media\/2172"}],"wp:attachment":[{"href":"https:\/\/puyapeptide.net\/ro\/wp-json\/wp\/v2\/media?parent=8495"}],"wp:term":[{"taxonomy":"product_brand","embeddable":true,"href":"https:\/\/puyapeptide.net\/ro\/wp-json\/wp\/v2\/product_brand?post=8495"},{"taxonomy":"product_cat","embeddable":true,"href":"https:\/\/puyapeptide.net\/ro\/wp-json\/wp\/v2\/product_cat?post=8495"},{"taxonomy":"product_tag","embeddable":true,"href":"https:\/\/puyapeptide.net\/ro\/wp-json\/wp\/v2\/product_tag?post=8495"}],"curies":[{"name":"wp","href":"https:\/\/api.w.org\/{rel}","templated":true}]}}