{"id":8606,"date":"2021-12-17T01:49:37","date_gmt":"2021-12-17T06:49:37","guid":{"rendered":"https:\/\/puyapeptide.net\/product\/vanzare-fierbinte-anti-cancer-peptide-lanreotide-cas-108736-35-2\/"},"modified":"2021-12-17T01:49:37","modified_gmt":"2021-12-17T06:49:37","slug":"vanzare-fierbinte-anti-cancer-peptide-lanreotide-cas-108736-35-2","status":"publish","type":"product","link":"https:\/\/puyapeptide.net\/ro\/product\/vanzare-fierbinte-anti-cancer-peptide-lanreotide-cas-108736-35-2\/","title":{"rendered":"V\u00e2nzare fierbinte Anti-Cancer Peptide Lanreotide CAS 108736-35-2"},"content":{"rendered":"<h2><strong>V\u00e2nzare fierbinte Anti-Cancer Peptide Lanreotide CAS 108736-35-2<\/strong><\/h2>\n<p>Nume produs: Lanreotide<br \/>\nSinome: LANREOTIDE;AUTOGEL;BETA-(2-NAPHTHYL)-D-ALA-CYS-TYR-D-TRP-LYS-VAL-CYS-THR AMIDE;BIM-23014;ANGIOPEPTIN ;HD-2-NAL-CYS-TYR-D-TRP-LYS-VAL-CYS-THR-NH2;HD-2-NAL-CYS-TYR-D-TRP-LYS-VAL-CYS-THR-NH2, ( LEG\u0102TURA DISULFID\u0102);IPSTYL<br \/>\nCAS: 108736-35-2<br \/>\nMF: C54 H69 N11 O10 S2<br \/>\nMW: 1096,32<br \/>\nEINECS: 689-178-4<br \/>\nCategorii de produse: hormoni&lt;&amp; &gt;Mol File: 108736-35-2.mol<\/p>\n<p>Lanreotide (INN) ca \u0219i inhibitorii naturali de cre\u0219tere, lanreotida este un inhibitor peptidic al multor func\u021bii endocrine, neuroendocrine, exocrine \u0219i paracrine. Lanreotida este mai activ\u0103 \u0219i are o durat\u0103 de ac\u021biune mai lung\u0103 dec\u00e2t inhibitorii naturali de cre\u0219tere. Efectul s\u0103u inhibitor asupra secre\u021biei de hormon de cre\u0219tere este semnificativ mai selectiv dec\u00e2t cel asupra secre\u021biei de insulin\u0103, iar \u00een 2017 FDA a aprobat acetatul de lanreotid\u0103 pentru injectare pentru tratamentul tumorilor neuroendocrine.<\/p>\n<p>Lanreotida (INN) este un medicament utilizat \u00een managementul acromegaliei \u0219i simptomelor cauzate de tumorile neuroendocrine, \u00een special sindromul carcinoid.<\/p>\n<p>Lanreotida este utilizat\u0103 \u00een tratamentul acromegaliei, din cauza tumorilor care secret\u0103 hormon de cre\u0219tere at\u00e2t hipofizari, c\u00e2t \u0219i non-hipofizari, precum \u0219i gestion\u0103rii simptomelor cauzate. de tumori neuroendocrine, \u00een special tumori carcinoide \u0219i VIPoame. \u00cen Statele Unite \u0219i Canada, lanreotida este indicat\u0103 numai pentru tratamentul acromegaliei. \u00cen Regatul Unit, este, de asemenea, indicat \u00een tratamentul adenomului tirotrofic, o tumoare rar\u0103 a glandei pituitare care secret\u0103 TSH.<\/p>\n<p>Lanreotida prezint\u0103, de asemenea, activitate \u00eempotriva tumorilor non-endocrine \u0219i, \u00eempreun\u0103 cu al\u021bi analogi ai somatostatinei. , este studiat ca un posibil agent antitumoral general.<\/p>\n<p> <strong>Lanreotide CAS 108736-35-2 Propriet\u0103\u021bi chimice<\/strong><br \/>\nPunctul de fierbere 1508,2\u00b165,0 \u00b0C(Predic\u021bie)<br \/>\ndensitate 1,40\u00b10,1 g\/cm3( Prev\u0103zut\u0103)<br \/>\ntemp. A se p\u0103stra la loc \u00eentunecat, Sigilat \u00een uscat, A se p\u0103stra la congelator, sub -20\u00b0C<br \/>\npka 9,90\u00b10,15(Previzual)<\/p>\n<p> <strong>Func\u021bia \u0219i aplicarea Lanreotidei CAS 108736-35-2<\/strong><br \/>\nLanreotida este utilizat \u00een tratamentul acromegaliei, din cauza at\u00e2t tumorilor hipofizare, c\u00e2t \u0219i non-hipofizare secretoare de hormon de cre\u0219tere, precum \u0219i \u00een gestionarea simptomelor cauzate de tumorile neuroendocrine, \u00een special tumorile carcinoide \u0219i VIPoamele. \u00cen Statele Unite \u0219i Canada, lanreotida este indicat\u0103 numai pentru tratamentul acromegaliei. \u00cen Marea Britanie, este indicat \u0219i \u00een tratamentul adenomului tirotrofic, o tumoare rar\u0103 a glandei pituitare care secret\u0103.<\/p>\n<p>Lanreotida prezint\u0103, de asemenea, activitate \u00eempotriva tumorilor non-endocrine \u0219i, \u00eempreun\u0103 cu al\u021bi analogi ai somatostatinei, este studiat ca un posibil agent antitumoral general.<\/p>\n<p>Lanreotide ,\u00cen decembrie 2014, FDA din SUA a aprobat lanreotida pentru tratamentul pacien\u021bilor cu tumori neuroendocrine gastroenteropancreatice nerezecabile, bine sau moderat diferen\u021biate, local avansate sau metastatice (GEP-NETs). ).<\/p>\n","protected":false},"excerpt":{"rendered":"<p>Nume produs: Lanreotide<br \/>\nCAS: 108736-35-2<br \/>\nMF: C54 H69 N11 O10 S2<br \/>\nMW: 1096,32<br \/>\nEINECS: 689-178-4<br \/>\nCategorii de produse: hormoni<br \/>\n Dosar Mol: 108736-35-2.mol<\/p>\n","protected":false},"featured_media":2109,"comment_status":"open","ping_status":"closed","template":"","meta":{"om_disable_all_campaigns":false,"_monsterinsights_skip_tracking":false,"_monsterinsights_sitenote_active":false,"_monsterinsights_sitenote_note":"","_monsterinsights_sitenote_category":0,"site-sidebar-layout":"default","site-content-layout":"default","ast-site-content-layout":"default","site-content-style":"default","site-sidebar-style":"default","ast-global-header-display":"","ast-banner-title-visibility":"","ast-main-header-display":"","ast-hfb-above-header-display":"","ast-hfb-below-header-display":"","ast-hfb-mobile-header-display":"","site-post-title":"","ast-breadcrumbs-content":"","ast-featured-img":"","footer-sml-layout":"","ast-disable-related-posts":"","theme-transparent-header-meta":"default","adv-header-id-meta":"","stick-header-meta":"","header-above-stick-meta":"","header-main-stick-meta":"","header-below-stick-meta":"","astra-migrate-meta-layouts":"default","ast-page-background-enabled":"default","ast-page-background-meta":{"desktop":{"background-color":"","background-image":"","background-repeat":"repeat","background-position":"center center","background-size":"auto","background-attachment":"scroll","background-type":"","background-media":"","overlay-type":"","overlay-color":"","overlay-opacity":"","overlay-gradient":""},"tablet":{"background-color":"","background-image":"","background-repeat":"repeat","background-position":"center center","background-size":"auto","background-attachment":"scroll","background-type":"","background-media":"","overlay-type":"","overlay-color":"","overlay-opacity":"","overlay-gradient":""},"mobile":{"background-color":"","background-image":"","background-repeat":"repeat","background-position":"center center","background-size":"auto","background-attachment":"scroll","background-type":"","background-media":"","overlay-type":"","overlay-color":"","overlay-opacity":"","overlay-gradient":""}},"ast-content-background-meta":{"desktop":{"background-color":"var(--ast-global-color-5)","background-image":"","background-repeat":"repeat","background-position":"center center","background-size":"auto","background-attachment":"scroll","background-type":"","background-media":"","overlay-type":"","overlay-color":"","overlay-opacity":"","overlay-gradient":""},"tablet":{"background-color":"var(--ast-global-color-5)","background-image":"","background-repeat":"repeat","background-position":"center center","background-size":"auto","background-attachment":"scroll","background-type":"","background-media":"","overlay-type":"","overlay-color":"","overlay-opacity":"","overlay-gradient":""},"mobile":{"background-color":"var(--ast-global-color-5)","background-image":"","background-repeat":"repeat","background-position":"center center","background-size":"auto","background-attachment":"scroll","background-type":"","background-media":"","overlay-type":"","overlay-color":"","overlay-opacity":"","overlay-gradient":""}}},"product_brand":[],"product_cat":[386],"product_tag":[],"class_list":{"0":"post-8606","1":"product","2":"type-product","3":"status-publish","4":"has-post-thumbnail","6":"product_cat-peptida-antitumorala","7":"desktop-align-left","8":"tablet-align-left","9":"mobile-align-left","11":"first","12":"instock","13":"shipping-taxable","14":"product-type-simple"},"_links":{"self":[{"href":"https:\/\/puyapeptide.net\/ro\/wp-json\/wp\/v2\/product\/8606","targetHints":{"allow":["GET"]}}],"collection":[{"href":"https:\/\/puyapeptide.net\/ro\/wp-json\/wp\/v2\/product"}],"about":[{"href":"https:\/\/puyapeptide.net\/ro\/wp-json\/wp\/v2\/types\/product"}],"replies":[{"embeddable":true,"href":"https:\/\/puyapeptide.net\/ro\/wp-json\/wp\/v2\/comments?post=8606"}],"wp:featuredmedia":[{"embeddable":true,"href":"https:\/\/puyapeptide.net\/ro\/wp-json\/wp\/v2\/media\/2109"}],"wp:attachment":[{"href":"https:\/\/puyapeptide.net\/ro\/wp-json\/wp\/v2\/media?parent=8606"}],"wp:term":[{"taxonomy":"product_brand","embeddable":true,"href":"https:\/\/puyapeptide.net\/ro\/wp-json\/wp\/v2\/product_brand?post=8606"},{"taxonomy":"product_cat","embeddable":true,"href":"https:\/\/puyapeptide.net\/ro\/wp-json\/wp\/v2\/product_cat?post=8606"},{"taxonomy":"product_tag","embeddable":true,"href":"https:\/\/puyapeptide.net\/ro\/wp-json\/wp\/v2\/product_tag?post=8606"}],"curies":[{"name":"wp","href":"https:\/\/api.w.org\/{rel}","templated":true}]}}