{"id":8625,"date":"2021-12-17T01:50:39","date_gmt":"2021-12-17T06:50:39","guid":{"rendered":"https:\/\/puyapeptide.net\/product\/icatibant-acetat-cas-30308-48-4-utilizare-pentru-tratarea-angioedemului-ereditar\/"},"modified":"2021-12-17T01:50:39","modified_gmt":"2021-12-17T06:50:39","slug":"icatibant-acetat-cas-30308-48-4-utilizare-pentru-tratarea-angioedemului-ereditar","status":"publish","type":"product","link":"https:\/\/puyapeptide.net\/ro\/product\/icatibant-acetat-cas-30308-48-4-utilizare-pentru-tratarea-angioedemului-ereditar\/","title":{"rendered":"Icatibant Acetat CAS 30308-48-4 Utilizare pentru tratarea angioedemului ereditar"},"content":{"rendered":"<h2><strong>Icatibant Acetat CAS 30308-48-4 Utilizare pentru tratarea angioedemului ereditar<\/strong><\/h2>\n<p>Nume produs: Icatibant Acetate<br \/>\nSinoime: Icatibant Acetate;Icatibant Impurity;Itibantide Acetate<br \/>\nCAS: 130308-48-4<br \/>\nSecven\u021b\u0103: HD-Arg-Arg-Pro-Hyp-Gly-Thi- Ser-D-Tic-Oic-Arg-OH<br \/>\nFormul\u0103 molecular\u0103: C59H89N19O13S<br \/>\nGreutate molecular\u0103: 1304,54<\/p>\n<p>Eltebante, un antagonist competitiv selectiv la receptorul bradikininei de tip 2 (B2), este o decapeptid\u0103 cu o structur\u0103 asem\u0103n\u0103toare bradikininei cu cinci aminoacizi nederiva\u021bi din proteine. Eltebante a fost aprobat pentru comercializare \u00een UE \u00eenc\u0103 de la 1 noiembrie 2010 pentru tratamentul atacurilor acute de angioedem ereditar (HAE).<\/p>\n<p> <strong>Func\u021bia \u0219i aplicarea Icatibant Acetate CAS 30308-48-4<\/strong><br \/>\nEltebante acetatul este un antagonist competitiv puternic \u0219i selectiv al receptorilor bradikininei de tip 2 (B2) care trateaz\u0103 umflarea local\u0103 a embolilor \u00een AEE acut\u0103 prin inhibarea efectelor bradikininei asociate cu umflarea local\u0103 embolic\u0103, inflama\u021bia \u0219i simptomele dureroase ale AEE. AEE este doar prima dintre c\u00e2teva indica\u021bii care pot fi tratate cu acetat de eltebante; alte indica\u021bii poten\u021biale sunt astmul, ciroza \u0219i alte tipuri de angioedem.<\/p>\n","protected":false},"excerpt":{"rendered":"<p>Nume produs: Icatibant Acetate<br \/>\nCAS: 130308-48-4<br \/>\nSecven\u021b\u0103: HD-Arg-Arg-Pro-Hyp-Gly-Thi-Ser-D-Tic-Oic-Arg-OH<br \/>\nFormul\u0103 molecular\u0103 : C59H89N19O13S<br \/>\nGreutate molecular\u0103: 1304,54<\/p>\n","protected":false},"featured_media":2130,"comment_status":"open","ping_status":"closed","template":"","meta":{"om_disable_all_campaigns":false,"_monsterinsights_skip_tracking":false,"_monsterinsights_sitenote_active":false,"_monsterinsights_sitenote_note":"","_monsterinsights_sitenote_category":0,"site-sidebar-layout":"default","site-content-layout":"default","ast-site-content-layout":"default","site-content-style":"default","site-sidebar-style":"default","ast-global-header-display":"","ast-banner-title-visibility":"","ast-main-header-display":"","ast-hfb-above-header-display":"","ast-hfb-below-header-display":"","ast-hfb-mobile-header-display":"","site-post-title":"","ast-breadcrumbs-content":"","ast-featured-img":"","footer-sml-layout":"","ast-disable-related-posts":"","theme-transparent-header-meta":"default","adv-header-id-meta":"","stick-header-meta":"","header-above-stick-meta":"","header-main-stick-meta":"","header-below-stick-meta":"","astra-migrate-meta-layouts":"default","ast-page-background-enabled":"default","ast-page-background-meta":{"desktop":{"background-color":"","background-image":"","background-repeat":"repeat","background-position":"center center","background-size":"auto","background-attachment":"scroll","background-type":"","background-media":"","overlay-type":"","overlay-color":"","overlay-opacity":"","overlay-gradient":""},"tablet":{"background-color":"","background-image":"","background-repeat":"repeat","background-position":"center center","background-size":"auto","background-attachment":"scroll","background-type":"","background-media":"","overlay-type":"","overlay-color":"","overlay-opacity":"","overlay-gradient":""},"mobile":{"background-color":"","background-image":"","background-repeat":"repeat","background-position":"center center","background-size":"auto","background-attachment":"scroll","background-type":"","background-media":"","overlay-type":"","overlay-color":"","overlay-opacity":"","overlay-gradient":""}},"ast-content-background-meta":{"desktop":{"background-color":"var(--ast-global-color-5)","background-image":"","background-repeat":"repeat","background-position":"center center","background-size":"auto","background-attachment":"scroll","background-type":"","background-media":"","overlay-type":"","overlay-color":"","overlay-opacity":"","overlay-gradient":""},"tablet":{"background-color":"var(--ast-global-color-5)","background-image":"","background-repeat":"repeat","background-position":"center center","background-size":"auto","background-attachment":"scroll","background-type":"","background-media":"","overlay-type":"","overlay-color":"","overlay-opacity":"","overlay-gradient":""},"mobile":{"background-color":"var(--ast-global-color-5)","background-image":"","background-repeat":"repeat","background-position":"center center","background-size":"auto","background-attachment":"scroll","background-type":"","background-media":"","overlay-type":"","overlay-color":"","overlay-opacity":"","overlay-gradient":""}}},"product_brand":[],"product_cat":[415],"product_tag":[1119],"class_list":{"0":"post-8625","1":"product","2":"type-product","3":"status-publish","4":"has-post-thumbnail","6":"product_cat-sange-si-peptide-vasculare","7":"product_tag-icatibant-acetate-cas-30308-48-4-use-for-treat-hereditary-angioedema-ro","8":"desktop-align-left","9":"tablet-align-left","10":"mobile-align-left","12":"first","13":"instock","14":"shipping-taxable","15":"product-type-simple"},"_links":{"self":[{"href":"https:\/\/puyapeptide.net\/ro\/wp-json\/wp\/v2\/product\/8625","targetHints":{"allow":["GET"]}}],"collection":[{"href":"https:\/\/puyapeptide.net\/ro\/wp-json\/wp\/v2\/product"}],"about":[{"href":"https:\/\/puyapeptide.net\/ro\/wp-json\/wp\/v2\/types\/product"}],"replies":[{"embeddable":true,"href":"https:\/\/puyapeptide.net\/ro\/wp-json\/wp\/v2\/comments?post=8625"}],"wp:featuredmedia":[{"embeddable":true,"href":"https:\/\/puyapeptide.net\/ro\/wp-json\/wp\/v2\/media\/2130"}],"wp:attachment":[{"href":"https:\/\/puyapeptide.net\/ro\/wp-json\/wp\/v2\/media?parent=8625"}],"wp:term":[{"taxonomy":"product_brand","embeddable":true,"href":"https:\/\/puyapeptide.net\/ro\/wp-json\/wp\/v2\/product_brand?post=8625"},{"taxonomy":"product_cat","embeddable":true,"href":"https:\/\/puyapeptide.net\/ro\/wp-json\/wp\/v2\/product_cat?post=8625"},{"taxonomy":"product_tag","embeddable":true,"href":"https:\/\/puyapeptide.net\/ro\/wp-json\/wp\/v2\/product_tag?post=8625"}],"curies":[{"name":"wp","href":"https:\/\/api.w.org\/{rel}","templated":true}]}}