{"id":8693,"date":"2021-12-17T01:54:01","date_gmt":"2021-12-17T06:54:01","guid":{"rendered":"https:\/\/puyapeptide.net\/product\/puya-supply-abarelix-cas-183552-38-7-utilizare-pentru-cancerul-de-prostata\/"},"modified":"2021-12-17T01:54:01","modified_gmt":"2021-12-17T06:54:01","slug":"puya-supply-abarelix-cas-183552-38-7-utilizare-pentru-cancerul-de-prostata","status":"publish","type":"product","link":"https:\/\/puyapeptide.net\/ro\/product\/puya-supply-abarelix-cas-183552-38-7-utilizare-pentru-cancerul-de-prostata\/","title":{"rendered":"Puya Supply Abarelix CAS 183552-38-7 Utilizare pentru cancerul de prostat\u0103"},"content":{"rendered":"<h2><strong>Puya Supply Abarelix CAS 183552-38-7 Utilizare pentru cancerul de prostat\u0103<\/strong><\/h2>\n<p>Nume produs: Abarelix<br \/>\nSinome: PPI-149;Abarelix Acetate;Plenaxis;R 3827;Ac-DNal-DCpa-DPal-Ser-N\u03b1MeTyr-DAsp-Leu-Ilys-Pro-DAl-NH2;Abarelix; Acetat de Abarelix (Plenaxis); D-alaninamid\u0103, N-acetil-3-(2-naftalenil)-D-alanil-4-clor-D-fenilalanil-3-(3-piridinil)-D-alanil-L-seril- N-metil-L-tirosil-D-asparaginil-L-leucil-N6-(1-metiletil)-L-lisil-L-prolil-<br \/>\nCAS: 183552-38-7<br \/>\nMF: C72H95ClN14O14&lt;&amp; &gt;MW: 1416.06<br \/>\nEINECS: 1592732-453-0<br \/>\nCategorii de produse:<br \/>\nFi\u0219ier Mol: 183552-38-7.mol<\/p>\n<p>Abarelix reduce produc\u021bia de testosteron \u00een testicule prin inhibarea direct\u0103 a secre\u021bia hormonului luteinizant (LH) \u0219i a hormonului foliculostimulant (FSH). Din cauza inhib\u0103rii directe a secre\u021biei de LH de c\u0103tre Chemicalbook, concentra\u021bia de testosteron \u00een plasm\u0103 nu cre\u0219te \u0219i apoi scade. Rezultatele studiului au ar\u0103tat c\u0103 acetatul de <strong>abarelix<\/strong> are o afinitate mare pentru receptorii LHRH hipofizari la \u0219obolani. \u00b0C(Predivizat)<br \/>\ndensitate 1,286\u00b10,06 g\/cm3(Previzat)<br \/>\npka 9,82\u00b10,15(Predict)<br \/>\nCAS DataBase Reference 183552-38-7<\/p>\n<p> <strong>Func\u021bia \u0219i aplicarea Abarelix CAS 183552-38-7<\/strong><br \/>\nAbarelix, un agent antineoplazic, este prima formulare stocabil\u0103 de antagonist al hormonului eliberator de gonadotropin\u0103 aprobat\u0103 \u00een prezent \u0219i primul tip nou de medicament pentru cancerul de prostat\u0103.<\/p>\n<p>Abarelix CAS 183552-38-7 Utilizare pentru cancerul de prostat\u0103<\/p>\n","protected":false},"excerpt":{"rendered":"<p>Nume produs: Abarelix<br \/>\nCAS: 183552-38-7<br \/>\nMF: C72H95ClN14O14<br \/>\nMW: 1416,06<br \/>\nEINECS: 1592732-453-0<br \/>\nMol File: 183552-38-7mol.<\/p>\n","protected":false},"featured_media":2130,"comment_status":"open","ping_status":"closed","template":"","meta":{"om_disable_all_campaigns":false,"_monsterinsights_skip_tracking":false,"_monsterinsights_sitenote_active":false,"_monsterinsights_sitenote_note":"","_monsterinsights_sitenote_category":0,"site-sidebar-layout":"default","site-content-layout":"default","ast-site-content-layout":"default","site-content-style":"default","site-sidebar-style":"default","ast-global-header-display":"","ast-banner-title-visibility":"","ast-main-header-display":"","ast-hfb-above-header-display":"","ast-hfb-below-header-display":"","ast-hfb-mobile-header-display":"","site-post-title":"","ast-breadcrumbs-content":"","ast-featured-img":"","footer-sml-layout":"","ast-disable-related-posts":"","theme-transparent-header-meta":"default","adv-header-id-meta":"","stick-header-meta":"","header-above-stick-meta":"","header-main-stick-meta":"","header-below-stick-meta":"","astra-migrate-meta-layouts":"default","ast-page-background-enabled":"default","ast-page-background-meta":{"desktop":{"background-color":"","background-image":"","background-repeat":"repeat","background-position":"center center","background-size":"auto","background-attachment":"scroll","background-type":"","background-media":"","overlay-type":"","overlay-color":"","overlay-opacity":"","overlay-gradient":""},"tablet":{"background-color":"","background-image":"","background-repeat":"repeat","background-position":"center center","background-size":"auto","background-attachment":"scroll","background-type":"","background-media":"","overlay-type":"","overlay-color":"","overlay-opacity":"","overlay-gradient":""},"mobile":{"background-color":"","background-image":"","background-repeat":"repeat","background-position":"center center","background-size":"auto","background-attachment":"scroll","background-type":"","background-media":"","overlay-type":"","overlay-color":"","overlay-opacity":"","overlay-gradient":""}},"ast-content-background-meta":{"desktop":{"background-color":"var(--ast-global-color-5)","background-image":"","background-repeat":"repeat","background-position":"center center","background-size":"auto","background-attachment":"scroll","background-type":"","background-media":"","overlay-type":"","overlay-color":"","overlay-opacity":"","overlay-gradient":""},"tablet":{"background-color":"var(--ast-global-color-5)","background-image":"","background-repeat":"repeat","background-position":"center center","background-size":"auto","background-attachment":"scroll","background-type":"","background-media":"","overlay-type":"","overlay-color":"","overlay-opacity":"","overlay-gradient":""},"mobile":{"background-color":"var(--ast-global-color-5)","background-image":"","background-repeat":"repeat","background-position":"center center","background-size":"auto","background-attachment":"scroll","background-type":"","background-media":"","overlay-type":"","overlay-color":"","overlay-opacity":"","overlay-gradient":""}}},"product_brand":[],"product_cat":[386],"product_tag":[1055],"class_list":{"0":"post-8693","1":"product","2":"type-product","3":"status-publish","4":"has-post-thumbnail","6":"product_cat-peptida-antitumorala","7":"product_tag-puya-supply-abarelix-cas-183552-38-7-use-for-prostate-cancer-ro","8":"desktop-align-left","9":"tablet-align-left","10":"mobile-align-left","12":"first","13":"instock","14":"shipping-taxable","15":"product-type-simple"},"_links":{"self":[{"href":"https:\/\/puyapeptide.net\/ro\/wp-json\/wp\/v2\/product\/8693","targetHints":{"allow":["GET"]}}],"collection":[{"href":"https:\/\/puyapeptide.net\/ro\/wp-json\/wp\/v2\/product"}],"about":[{"href":"https:\/\/puyapeptide.net\/ro\/wp-json\/wp\/v2\/types\/product"}],"replies":[{"embeddable":true,"href":"https:\/\/puyapeptide.net\/ro\/wp-json\/wp\/v2\/comments?post=8693"}],"wp:featuredmedia":[{"embeddable":true,"href":"https:\/\/puyapeptide.net\/ro\/wp-json\/wp\/v2\/media\/2130"}],"wp:attachment":[{"href":"https:\/\/puyapeptide.net\/ro\/wp-json\/wp\/v2\/media?parent=8693"}],"wp:term":[{"taxonomy":"product_brand","embeddable":true,"href":"https:\/\/puyapeptide.net\/ro\/wp-json\/wp\/v2\/product_brand?post=8693"},{"taxonomy":"product_cat","embeddable":true,"href":"https:\/\/puyapeptide.net\/ro\/wp-json\/wp\/v2\/product_cat?post=8693"},{"taxonomy":"product_tag","embeddable":true,"href":"https:\/\/puyapeptide.net\/ro\/wp-json\/wp\/v2\/product_tag?post=8693"}],"curies":[{"name":"wp","href":"https:\/\/api.w.org\/{rel}","templated":true}]}}